{"id":3376,"date":"2021-01-29T11:48:41","date_gmt":"2021-01-29T10:48:41","guid":{"rendered":"https:\/\/saifrance.com\/?page_id=3376"},"modified":"2021-02-26T10:22:54","modified_gmt":"2021-02-26T09:22:54","slug":"mentions-legales","status":"publish","type":"page","link":"https:\/\/saifrance.com\/fr\/mentions-legales\/","title":{"rendered":"Mentions l\u00e9gales"},"content":{"rendered":"\n<h4 class=\"wp-block-heading\">1 &#8211; Propri\u00e9t\u00e9 du Site<\/h4>\n\n\n\n<p>Le pr\u00e9sent site SAI (le Site) est la propri\u00e9t\u00e9 de Soci\u00e9t\u00e9 d&rsquo;Acoustique Industrielle, SAS, au capital de 152 500 Euros, inscrite au registre du commerce et des soci\u00e9t\u00e9s d&rsquo;Evry, sous le num\u00e9ro RCS 304 307 713, dont le si\u00e8ge social est situ\u00e9 Palaiseau<br>Le Pr\u00e9sident de la soci\u00e9t\u00e9 et directeur de la publication du Site Web est Monsieur Jean-Luc Alison, en qualit\u00e9 de Pr\u00e9sident de la soci\u00e9t\u00e9 SAI.<\/p>\n\n\n\n<h4 class=\"wp-block-heading\">2 &#8211; Contenu du Site<\/h4>\n\n\n\n<p>On entend par Contenu du Site la structure g\u00e9n\u00e9rale, les textes, les images anim\u00e9es ou non, et les sons dont le Site est compos\u00e9. Toute repr\u00e9sentation totale ou partielle de ce Site et de son Contenu, par quelques proc\u00e9d\u00e9s que ce soient, sans autorisation pr\u00e9alable expresse de Soci\u00e9t\u00e9 d&rsquo;Acoustique Industrielle, est interdite et constituerait une contrefa\u00e7on sanctionn\u00e9e par les articles L335-2 et suivants du Code de la Propri\u00e9t\u00e9 intellectuelle.<\/p>\n\n\n\n<h4 class=\"wp-block-heading\">3 &#8211; Licence d&rsquo;utilisation du Contenu du Site SAI<\/h4>\n\n\n\n<p>Du seul fait de sa connexion au site SAI sai-acoustique.fr ou saifrance.com, l&rsquo;utilisateur reconna\u00eet accepter de Soci\u00e9t\u00e9 d&rsquo;Acoustique Industrielle une licence d&rsquo;usage du Contenu du Site strictement limit\u00e9e aux conditions imp\u00e9ratives suivantes :<br>&#8211; La pr\u00e9sente licence accord\u00e9e \u00e0 titre non exclusif n&rsquo;est pas transmissible.<br>&#8211; Le droit d&rsquo;usage conf\u00e9r\u00e9 \u00e0 l&rsquo;utilisateur est personnel et priv\u00e9 : c&rsquo;est-\u00e0-dire que toute reproduction du Contenu du Site sur un quelconque support pour un usage collectif ou professionnel, m\u00eame en interne dans l&rsquo;entreprise, est prohib\u00e9e. Il en est de m\u00eame pour toute communication de ce contenu par voie \u00e9lectronique, m\u00eame diffus\u00e9 en Intranet ou en Extranet d&rsquo;entreprises.<br>&#8211; Cet usage comprend seulement l&rsquo;autorisation de reproduire pour stockage aux fins de repr\u00e9sentation sur \u00e9cran monoposte et de reproduction en un exemplaire, pour copie de sauvegarde et tirage papier.<br>&#8211; Tout autre usage est soumis \u00e0 l&rsquo;autorisation expresse pr\u00e9alable de Soci\u00e9t\u00e9 d&rsquo;Acoustique Industrielle. La violation de ces dispositions soumet le contrevenant et toutes personnes responsables aux peines p\u00e9nales et civiles pr\u00e9vues par la loi fran\u00e7aise. Pour toute information et demande de reproduction sur support papier ou \u00e9lectronique : commercial@saifrance.com<\/p>\n\n\n\n<h4 class=\"wp-block-heading\">4 &#8211; Autorisation de reproduction de contenus sur support \u00e9lectronique<\/h4>\n\n\n\n<p>Pour mettre en place un lien avec le site sai-acoustique.fr ou saifrance.com : commercial@saifrance.com<br>Pour reproduire un contenu (textes, graphiques, illustrations) sur support \u00e9lectronique (Web, Intranet, CD-ROM&#8230;) paru sur le site sai-acoustique.fr ou saifrance.com, adressez votre demande par courrier, fax ou e-mail \u00e0 : commercial@saifrance.com<br>SAI<br>Immeuble Le Ph\u00e9nix 1<br>24, Rue Emile Baudot<br>91120 PALAISEAU \u2013 FRANCE<br><br>Nous vous demandons de bien vouloir nous pr\u00e9ciser le contexte, la dur\u00e9e de reproduction souhait\u00e9e, la nature du site, la pr\u00e9sentation envisag\u00e9e&#8230; N&rsquo;oubliez pas de nous pr\u00e9ciser \u00e9galement votre nom, le nom de votre association ou de votre entreprise, l&rsquo;adresse URL de votre site, ainsi que vos coordonn\u00e9es incluant votre e-mail.<\/p>\n\n\n\n<p><strong> Vous disposez d&rsquo;un droit d&rsquo;acc\u00e8s, de modification, de rectification et de suppression des donn\u00e9es qui vous concernent (article 34 de la loi \u00ab\u00a0informatique et libert\u00e9s\u00a0\u00bb). Pour l&rsquo;exercer, adressez-vous \u00e0 <a href=\"mailto:commercial@saifrance.com\">commercial@saifrance.com<\/a><\/strong><\/p>\n","protected":false},"excerpt":{"rendered":"<p>1 &#8211; Propri\u00e9t\u00e9 du Site Le pr\u00e9sent site SAI (le Site) est la propri\u00e9t\u00e9 de Soci\u00e9t\u00e9 d&rsquo;Acoustique Industrielle, SAS, au capital de 152 500 Euros, inscrite au registre du commerce et des soci\u00e9t\u00e9s d&rsquo;Evry, sous le num\u00e9ro RCS 304 307 713, dont le si\u00e8ge social est situ\u00e9 PalaiseauLe Pr\u00e9sident de la soci\u00e9t\u00e9 et directeur de [&hellip;]<\/p>\n","protected":false},"author":1,"featured_media":0,"parent":0,"menu_order":0,"comment_status":"closed","ping_status":"closed","template":"","meta":{"_seopress_robots_primary_cat":"","_seopress_titles_title":"","_seopress_titles_desc":"","_seopress_robots_index":"","footnotes":""},"class_list":["post-3376","page","type-page","status-publish","hentry"],"meta_box":[],"_links":{"self":[{"href":"https:\/\/saifrance.com\/fr\/wp-json\/wp\/v2\/pages\/3376","targetHints":{"allow":["GET"]}}],"collection":[{"href":"https:\/\/saifrance.com\/fr\/wp-json\/wp\/v2\/pages"}],"about":[{"href":"https:\/\/saifrance.com\/fr\/wp-json\/wp\/v2\/types\/page"}],"author":[{"embeddable":true,"href":"https:\/\/saifrance.com\/fr\/wp-json\/wp\/v2\/users\/1"}],"replies":[{"embeddable":true,"href":"https:\/\/saifrance.com\/fr\/wp-json\/wp\/v2\/comments?post=3376"}],"version-history":[{"count":2,"href":"https:\/\/saifrance.com\/fr\/wp-json\/wp\/v2\/pages\/3376\/revisions"}],"predecessor-version":[{"id":3782,"href":"https:\/\/saifrance.com\/fr\/wp-json\/wp\/v2\/pages\/3376\/revisions\/3782"}],"wp:attachment":[{"href":"https:\/\/saifrance.com\/fr\/wp-json\/wp\/v2\/media?parent=3376"}],"curies":[{"name":"wp","href":"https:\/\/api.w.org\/{rel}","templated":true}]}}