{"id":3362,"date":"2021-01-29T11:42:26","date_gmt":"2021-01-29T10:42:26","guid":{"rendered":"https:\/\/saifrance.com\/?page_id=3362"},"modified":"2021-05-27T16:30:39","modified_gmt":"2021-05-27T14:30:39","slug":"solutions-pour-lindustrie","status":"publish","type":"page","link":"https:\/\/saifrance.com\/fr\/solutions-pour-lindustrie\/","title":{"rendered":"Solutions pour l&rsquo;industrie"},"content":{"rendered":"\n<blockquote class=\"wp-block-quote is-layout-flow wp-block-quote-is-layout-flow\"><p>De nombreuses industries doivent r\u00e9soudre des probl\u00e8mes acoustiques ou ont des besoins de ventilation et de filtration. SAI dispose d\u2019un ensemble complet de produits et de solutions pour y r\u00e9pondre avec le souci constant d\u2019une qualit\u00e9 exemplaire.<\/p><\/blockquote>\n\n\n\n<p>SAI a acquis une solide exp\u00e9rience dans la mise en \u0153uvre&nbsp; de solutions tr\u00e8s adapt\u00e9es pour r\u00e9pondre aux besoins tr\u00e8s vari\u00e9s des applications industriels dans de nombreux domaines:<\/p>\n\n\n\n<ul class=\"wp-block-list\"><li>Industrie mini\u00e8re <\/li><li>Cimenteries <\/li><li>Industrie parap\u00e9troli\u00e8re <\/li><li>Industrie des m\u00e9taux <\/li><li>Usine de s\u00e9paration d\u2019air <\/li><li>Industrie agro-alimentaire <\/li><li>Industrie de traitement des d\u00e9chets<\/li><\/ul>\n\n\n\n<div class=\"wp-block-image\"><figure class=\"aligncenter size-large is-resized\"><img alt=\"\" loading=\"lazy\" decoding=\"async\" src=\"https:\/\/saifrance.com\/wp-content\/uploads\/2020\/11\/Image1-1.jpg\" alt=\"\" class=\"wp-image-1938\" width=\"677\" height=\"637\" srcset=\"https:\/\/saifrance.com\/wp-content\/uploads\/2020\/11\/Image1-1.jpg 903w, https:\/\/saifrance.com\/wp-content\/uploads\/2020\/11\/Image1-1-638x600.jpg 638w, https:\/\/saifrance.com\/wp-content\/uploads\/2020\/11\/Image1-1-768x722.jpg 768w\" sizes=\"auto, (max-width: 677px) 100vw, 677px\" \/><\/figure><\/div>\n\n\n\n<h2 class=\"wp-block-heading\">Une offre compl\u00e8te pour tous les applications de production \u00e9lectrique<\/h2>\n\n\n\n<p>SAI con\u00e7oit et optimise des solutions en proposant&nbsp;: <\/p>\n\n\n\n<ul class=\"wp-block-list\"><li>des &nbsp;<a href=\"https:\/\/saifrance.com\/enceintes-monoblocs\/\">enceintes<\/a>&nbsp;et&nbsp;<a href=\"https:\/\/saifrance.com\/fr\/enceintes-acoustiques\/\">capots acoustiques<\/a> qui limitent la propagation du bruit g\u00e9n\u00e9r\u00e9 par les \u00e9quipements industriels <\/li><li>une gamme compl\u00e8te de silencieux, de toutes natures et de toutes tailles dont font partie les <a href=\"https:\/\/saifrance.com\/silencieux-de-decharge\/\">silencieux d&rsquo;\u00e9chappement<\/a>, les&nbsp;<a href=\"https:\/\/saifrance.com\/fr\/diffuseurs-en-ligne\/\">diffuseurs en ligne<\/a>, les&nbsp;<a href=\"https:\/\/saifrance.com\/fr\/silencieux-de-decharge\/\">silencieux d\u2019absorption<\/a>, les&nbsp;<a href=\"https:\/\/saifrance.com\/silencieux-reactifs\/\">silencieux r\u00e9actifs<\/a>&nbsp;et les&nbsp;<a href=\"https:\/\/saifrance.com\/fr\/silencieux-de-decharge-haute-pression\/\">silencieux de d\u00e9charge faible d\u00e9bit<\/a>. <\/li><li>des ensembles de &nbsp;<a href=\"https:\/\/saifrance.com\/fr\/ventilation-pour-turbines-a-gaz\/\">ventilation<\/a>&nbsp; en assurant un d\u00e9bit d\u2019air adapt\u00e9 pour maintenir une temp\u00e9rature acceptable et raisonnable dans les b\u00e2timents compte-tenu des conditions ext\u00e9rieures de temp\u00e9rature, d\u2019humidit\u00e9 mais aussi de qualit\u00e9 d\u2019air en terme de poussi\u00e8re, d\u2019ambiance marine, etc \u2026 <\/li><li>des syst\u00e8mes de&nbsp;<a href=\"https:\/\/saifrance.com\/les-solutions-de-filtration\/\">filtration d\u2019air comburant<\/a>&nbsp; pour alimenter turbines, compresseurs,&nbsp; moteurs. Il est alors n\u00e9cessaire de minimiser les pertes de charge tout en garantissant une qualit\u00e9 d\u2019air optimale parfaitement filtr\u00e9e pour le bon fonctionnement des machines, dans des ambiances climatiques les plus variables, avec des \u00e9quipements install\u00e9s dans des zones aux conditions climatiques pouvant \u00eatre extr\u00eames.<\/li><\/ul>\n\n\n\n<p>Dans la conception des \u00e9quipements, SAI a acquis une solide exp\u00e9rience pour prendre en compte les conditions particuli\u00e8res de fonctionnement dans des zones g\u00e9ographiques les plus variables sur tous les continents.<\/p>\n\n\n\n<h2 class=\"wp-block-heading\">Une assistance technique d\u00e8s la phase d\u2019\u00e9tudes pour optimiser les solutions<\/h2>\n\n\n\n<p>Les exploitants doivent respecter les r\u00e9glementations qui limitent les nuisances sonores aussi bien \u00e0 l\u2019int\u00e9rieur des b\u00e2timents qu\u2019\u00e0 l\u2019ext\u00e9rieur de fa\u00e7on \u00e0 ne pas g\u00eaner le voisinage.<\/p>\n\n\n\n<p>SAI dispose d\u2019<a href=\"https:\/\/saifrance.com\/ingenierie\/\">acousticiens<\/a> exp\u00e9riment\u00e9s pour fournir une prestation d\u2019assistance en phase de pr\u00e9-\u00e9tude ou phase d\u2019ing\u00e9nierie. Au travers de simulation via des mod\u00e8les \u00e9prouv\u00e9s ou d\u2019\u00e9ventuelles campagnes de relev\u00e9s sur site, SAI peut aider \u00e0 la d\u00e9finition des solutions les plus efficaces et \u00e9conomiques pour r\u00e9duire la g\u00eane afin de s\u2019assurer que les op\u00e9rateurs auront l\u2019autorisation d\u2019exploiter le moment venu.<\/p>\n\n\n\n<p>SAI dispose \u00e9galement d\u2019une expertise en mati\u00e8re <a href=\"https:\/\/saifrance.com\/aeraulique\/\">a\u00e9raulique<\/a> et&nbsp; peut conduire des \u00e9tudes CFD afin de d\u00e9terminer le d\u00e9bit et la circulation du flux d\u2019air ainsi que le type de filtration&nbsp; n\u00e9cessaires et optimales&nbsp; \u00e0 la ventilation des b\u00e2timents ou au bon fonctionnement des \u00e9quipements.<\/p>\n\n\n\n<h2 class=\"wp-block-heading\">Des missions d\u2019expertise sur site pour moderniser les installations<\/h2>\n\n\n\n<p>Les \u00e9quipements d\u2019\u00e9chappement, les syst\u00e8mes de ventilation et de filtration sont soumis \u00e0 des conditions de fonctionnement tr\u00e8s exigeantes. Au fil du temps, les performances de ces \u00e9quipements peuvent \u00eatre moindres que celles d\u00e9finies initialement.<\/p>\n\n\n\n<p>SAI dispose de personnels exp\u00e9riment\u00e9s pouvant se rendre sur les sites de production d\u2019\u00e9nergie pour \u00e9tablir via une mission d\u2019expertise un diagnostic sur l\u2019\u00e9tat des \u00e9quipements et proposer des <a href=\"https:\/\/saifrance.com\/fr\/modernisation-dinstallation\/\">solutions d\u2019am\u00e9lioration<\/a> en concertation avec les exploitants pour identifier et mettre en place un plan d\u2019actions \u00e0 la fois efficace et \u00e9conomique.<\/p>\n\n\n\n<h2 class=\"wp-block-heading\">Des capacit\u00e9s de supervision et d\u2019assistance au montage des \u00e9quipements<\/h2>\n\n\n\n<p>SAI dispose d\u2019intervenants qualifi\u00e9s pour effectuer un travail de supervision lors du montage et de la mise en service des \u00e9quipements sur le site de l\u2019exploitant.<\/p>\n\n\n\n<p>Ces superviseurs assurent une coordination des travaux et une interface avec les bureaux d\u2019\u00e9tudes de SAI afin d\u2019assurer une r\u00e9activit\u00e9 forte face \u00e0 d\u2019\u00e9ventuelles difficult\u00e9s ou adaptations rencontr\u00e9es lors de la mise en place des \u00e9quipements.<\/p>\n\n\n\n<p>Les superviseurs de SAI sont d\u00fbment qualifi\u00e9s et disposent des accr\u00e9ditations indispensables pour satisfaire les exigences de s\u00e9curit\u00e9 sur les sites industriels<\/p>\n","protected":false},"excerpt":{"rendered":"<p>De nombreuses industries doivent r\u00e9soudre des probl\u00e8mes acoustiques ou ont des besoins de ventilation et de filtration. SAI dispose d\u2019un ensemble complet de produits et de solutions pour y r\u00e9pondre avec le souci constant d\u2019une qualit\u00e9 exemplaire. SAI a acquis une solide exp\u00e9rience dans la mise en \u0153uvre&nbsp; de solutions tr\u00e8s adapt\u00e9es pour r\u00e9pondre aux [&hellip;]<\/p>\n","protected":false},"author":1,"featured_media":2932,"parent":0,"menu_order":0,"comment_status":"closed","ping_status":"closed","template":"","meta":{"_seopress_robots_primary_cat":"","_seopress_titles_title":"","_seopress_titles_desc":"","_seopress_robots_index":"","footnotes":""},"class_list":["post-3362","page","type-page","status-publish","has-post-thumbnail","hentry"],"meta_box":[],"_links":{"self":[{"href":"https:\/\/saifrance.com\/fr\/wp-json\/wp\/v2\/pages\/3362","targetHints":{"allow":["GET"]}}],"collection":[{"href":"https:\/\/saifrance.com\/fr\/wp-json\/wp\/v2\/pages"}],"about":[{"href":"https:\/\/saifrance.com\/fr\/wp-json\/wp\/v2\/types\/page"}],"author":[{"embeddable":true,"href":"https:\/\/saifrance.com\/fr\/wp-json\/wp\/v2\/users\/1"}],"replies":[{"embeddable":true,"href":"https:\/\/saifrance.com\/fr\/wp-json\/wp\/v2\/comments?post=3362"}],"version-history":[{"count":4,"href":"https:\/\/saifrance.com\/fr\/wp-json\/wp\/v2\/pages\/3362\/revisions"}],"predecessor-version":[{"id":3851,"href":"https:\/\/saifrance.com\/fr\/wp-json\/wp\/v2\/pages\/3362\/revisions\/3851"}],"wp:featuredmedia":[{"embeddable":true,"href":"https:\/\/saifrance.com\/fr\/wp-json\/wp\/v2\/media\/2932"}],"wp:attachment":[{"href":"https:\/\/saifrance.com\/fr\/wp-json\/wp\/v2\/media?parent=3362"}],"curies":[{"name":"wp","href":"https:\/\/api.w.org\/{rel}","templated":true}]}}