{"id":3360,"date":"2021-01-29T11:41:52","date_gmt":"2021-01-29T10:41:52","guid":{"rendered":"https:\/\/saifrance.com\/?page_id=3360"},"modified":"2021-05-27T16:25:39","modified_gmt":"2021-05-27T14:25:39","slug":"production-delectricite","status":"publish","type":"page","link":"https:\/\/saifrance.com\/fr\/production-delectricite\/","title":{"rendered":"Production d\u2019\u00e9lectricit\u00e9"},"content":{"rendered":"\n<blockquote class=\"wp-block-quote is-layout-flow wp-block-quote-is-layout-flow\"><p><strong>Depuis sa cr\u00e9ation, SAI n\u2019a cess\u00e9 de d\u00e9velopper produits et solutions pour r\u00e9duire les nuisances sonores dans les centrales de production d\u2019\u00e9lectricit\u00e9 et am\u00e9liorer la performance globale de la centrale en proposant des syst\u00e8mes de filtration et ventilation tr\u00e8s performants.<\/strong><\/p><\/blockquote>\n\n\n\n<p>SAI a acquis une exp\u00e9rience de premier rang dans la mise en \u0153uvre&nbsp; de solutions tr\u00e8s adapt\u00e9es pour traiter tous les probl\u00e8mes acoustiques, de ventilation et de filtration que l\u2019on rencontre dans les divers types de centrales de production d\u2019\u00e9nergie&nbsp;:<\/p>\n\n\n\n<ul class=\"wp-block-list\"><li>Centrales \u00e0 turbines \u00e0 gaz <\/li><li>Centrales nucl\u00e9aires <\/li><li>Centrales de cog\u00e9n\u00e9ration <\/li><li>Centrales \u00e0 moteurs diesel, gaz, biogaz.<\/li><\/ul>\n\n\n\n<h2 class=\"wp-block-heading\">Une offre compl\u00e8te pour tous les applications de production \u00e9lectrique<\/h2>\n\n\n\n<p>SAI con\u00e7oit et optimise des solutions en proposant&nbsp;:<\/p>\n\n\n\n<ul class=\"wp-block-list\"><li>des <a href=\"https:\/\/saifrance.com\/fr\/enceintes-monoblocs\/\">enceintes<\/a> et <a href=\"https:\/\/saifrance.com\/fr\/enceintes-acoustiques\/\">capots acoustiques<\/a> qui limitent la propagation du bruit g\u00e9n\u00e9r\u00e9 par les turbines, alternateurs, transformateurs, pompes et tous les nombreux \u00e9quipements qui se trouvent dans une centrale <\/li><li>des <a href=\"https:\/\/saifrance.com\/fr\/systeme-dechappement\/\">syst\u00e8mes d\u2019\u00e9chappemen<\/a><a href=\"https:\/\/saifrance.com\/fr\/cheminees-dechappement\/\">t<\/a> \u00e0 la fois performant en terme acoustique mais aussi robuste pour supporter la corrosivit\u00e9 des gaz d\u2019\u00e9chappement, des temp\u00e9ratures \u00a0tr\u00e8s \u00e9lev\u00e9es, <\/li><li>des ensembles de <a href=\"https:\/\/saifrance.com\/fr\/ventilation-des-centrales-thermiques\/\">ventilation<\/a> en assurant un d\u00e9bit d\u2019air adapt\u00e9 pour maintenir une temp\u00e9rature acceptable et raisonnable dans les b\u00e2timents compte-tenu des conditions ext\u00e9rieures de temp\u00e9rature, d\u2019humidit\u00e9 mais aussi de qualit\u00e9 d\u2019air en terme de poussi\u00e8re, d\u2019ambiance marine, etc \u2026 <\/li><li>des syst\u00e8mes de <a href=\"https:\/\/saifrance.com\/fr\/les-solutions-de-filtration\/\">filtration d\u2019air comburan<\/a><a href=\"https:\/\/saifrance.com\/les-solutions-de-filtration\/\">t<\/a> pour alimenter turbines ou moteurs. Il est alors n\u00e9cessaire de minimiser les pertes de charge tout en garantissant une qualit\u00e9 d\u2019air optimale parfaitement filtr\u00e9e pour le bon fonctionnement des machines, dans des ambiances climatiques les plus variables, avec des \u00e9quipements install\u00e9s dans des zones d\u00e9sertiques, des zones extr\u00eamement froides ou maritimes, <\/li><li>une gamme compl\u00e8te de silencieux, dont font partie les <a href=\"https:\/\/saifrance.com\/fr\/silencieux-de-decharge\/\">silencieux d&rsquo;\u00e9chappement<\/a>, les <a href=\"https:\/\/saifrance.com\/fr\/diffuseurs-en-ligne\/\">diffuseurs en ligne<\/a>, les <a href=\"https:\/\/saifrance.com\/fr\/silencieux-dissipatif\/\">silencieux d&rsquo;absorption<\/a>, les <a href=\"https:\/\/saifrance.com\/fr\/silencieux-reactifs\/\">silencieux r\u00e9actifs <\/a>et les <a href=\"https:\/\/saifrance.com\/fr\/silencieux-de-decharge-haute-pression\/\">silencieux de d\u00e9charge faible d\u00e9bit<\/a>.<\/li><\/ul>\n\n\n\n<h2 class=\"wp-block-heading\"><strong>Une assistance technique d\u00e8s la phase d\u2019\u00e9tudes pour optimiser les solutions<\/strong><\/h2>\n\n\n\n<p>&nbsp;Les exploitants et les op\u00e9rateurs de centrales doivent respecter les r\u00e9glementations qui limitent les nuisances sonores aussi bien \u00e0 l\u2019int\u00e9rieur des b\u00e2timents qu\u2019\u00e0 l\u2019ext\u00e9rieur de fa\u00e7on \u00e0 ne pas g\u00eaner le voisinage.<\/p>\n\n\n\n<p>SAI dispose d\u2019<a href=\"https:\/\/saifrance.com\/fr\/ingenierie-2\/\">acousticiens exp\u00e9riment\u00e9s<\/a> pour fournir une prestation d\u2019assistance en phase de pr\u00e9-\u00e9tude ou phase d\u2019ing\u00e9nierie. Au travers de simulation via des mod\u00e8les \u00e9prouv\u00e9s ou d\u2019\u00e9ventuelles campagnes de relev\u00e9s sur site, SAI peut aider \u00e0 la d\u00e9finition des solutions les plus efficaces et \u00e9conomiques pour r\u00e9duire la g\u00eane afin de s\u2019assurer que les op\u00e9rateurs auront l\u2019autorisation d\u2019exploiter le moment venu.<\/p>\n\n\n\n<p>SAI dispose \u00e9galement d\u2019une expertise en mati\u00e8re <a href=\"https:\/\/saifrance.com\/fr\/aeraulique\/\">a\u00e9raulique<\/a> et\u00a0 peut conduire des \u00e9tudes CFD afin de d\u00e9terminer le d\u00e9bit et la circulation du flux d\u2019air ainsi que le type de filtration\u00a0 n\u00e9cessaires et optimales\u00a0 \u00e0 la ventilation des b\u00e2timents ou au bon fonctionnement des \u00e9quipements de production d\u2019\u00e9nergie (turbines, moteurs et g\u00e9n\u00e9rateurs).<\/p>\n\n\n\n<p>&nbsp;Ce savoir-faire est le r\u00e9sultat d\u2019une tr\u00e8s longue et \u00e9troite collaboration avec tous les \u00e9quipementiers de renomm\u00e9es internationale ainsi qu\u2019avec les soci\u00e9t\u00e9s d\u2019ing\u00e9nierie en charge de la fourniture cl\u00e9 en main de centrales \u00e9lectriques centralis\u00e9es ou d\u00e9centralis\u00e9es.<\/p>\n\n\n\n<h2 class=\"wp-block-heading\">Des missions d\u2019expertise sur site pour moderniser les installations<\/h2>\n\n\n\n<p>Les \u00e9quipements d\u2019\u00e9chappement, les syst\u00e8mes de ventilation et de filtration sont soumis \u00e0 des conditions de fonctionnement tr\u00e8s exigeantes. Au fil du temps, les performances de ces \u00e9quipements peuvent \u00eatre moindres que celles d\u00e9finies initialement.<\/p>\n\n\n\n<p>SAI dispose de personnels exp\u00e9riment\u00e9s pouvant se rendre sur les sites de production d\u2019\u00e9nergie pour \u00e9tablir via une mission d\u2019expertise un diagnostic sur l\u2019\u00e9tat des \u00e9quipements, proposer des <a href=\"https:\/\/saifrance.com\/fr\/modernisation-dinstallation\/\">solutions d\u2019am\u00e9lioration<\/a> en concertation avec les exploitants pour identifier et mettre en place un plan d\u2019actions \u00e0 la fois efficace et \u00e9conomique.<\/p>\n\n\n\n<h2 class=\"wp-block-heading\">Des capacit\u00e9s de supervision et d\u2019assistance au montage des \u00e9quipements<\/h2>\n\n\n\n<p>&nbsp;SAI dispose d\u2019intervenants qualifi\u00e9s pour effectuer un travail de supervision lors du montage et de la mise en service des \u00e9quipements sur le site de l\u2019exploitant.<\/p>\n\n\n\n<p>Ces superviseurs assurent une coordination des travaux et une interface avec les bureaux d\u2019\u00e9tudes de SAI afin d\u2019assurer une r\u00e9activit\u00e9 forte face \u00e0 d\u2019\u00e9ventuelles difficult\u00e9s ou adaptations rencontr\u00e9es lors de la mise en place des \u00e9quipements.<\/p>\n\n\n\n<p>Les superviseurs de SAI sont d\u00fbment qualifi\u00e9s et disposent des accr\u00e9ditations indispensables pour satisfaire les exigences de s\u00e9curit\u00e9 sur les sites industriels.<\/p>\n","protected":false},"excerpt":{"rendered":"<p>Depuis sa cr\u00e9ation, SAI n\u2019a cess\u00e9 de d\u00e9velopper produits et solutions pour r\u00e9duire les nuisances sonores dans les centrales de production d\u2019\u00e9lectricit\u00e9 et am\u00e9liorer la performance globale de la centrale en proposant des syst\u00e8mes de filtration et ventilation tr\u00e8s performants. SAI a acquis une exp\u00e9rience de premier rang dans la mise en \u0153uvre&nbsp; de solutions [&hellip;]<\/p>\n","protected":false},"author":1,"featured_media":1560,"parent":0,"menu_order":0,"comment_status":"closed","ping_status":"closed","template":"","meta":{"_seopress_robots_primary_cat":"","_seopress_titles_title":"","_seopress_titles_desc":"","_seopress_robots_index":"","footnotes":""},"class_list":["post-3360","page","type-page","status-publish","has-post-thumbnail","hentry"],"meta_box":[],"_links":{"self":[{"href":"https:\/\/saifrance.com\/fr\/wp-json\/wp\/v2\/pages\/3360","targetHints":{"allow":["GET"]}}],"collection":[{"href":"https:\/\/saifrance.com\/fr\/wp-json\/wp\/v2\/pages"}],"about":[{"href":"https:\/\/saifrance.com\/fr\/wp-json\/wp\/v2\/types\/page"}],"author":[{"embeddable":true,"href":"https:\/\/saifrance.com\/fr\/wp-json\/wp\/v2\/users\/1"}],"replies":[{"embeddable":true,"href":"https:\/\/saifrance.com\/fr\/wp-json\/wp\/v2\/comments?post=3360"}],"version-history":[{"count":2,"href":"https:\/\/saifrance.com\/fr\/wp-json\/wp\/v2\/pages\/3360\/revisions"}],"predecessor-version":[{"id":3850,"href":"https:\/\/saifrance.com\/fr\/wp-json\/wp\/v2\/pages\/3360\/revisions\/3850"}],"wp:featuredmedia":[{"embeddable":true,"href":"https:\/\/saifrance.com\/fr\/wp-json\/wp\/v2\/media\/1560"}],"wp:attachment":[{"href":"https:\/\/saifrance.com\/fr\/wp-json\/wp\/v2\/media?parent=3360"}],"curies":[{"name":"wp","href":"https:\/\/api.w.org\/{rel}","templated":true}]}}