{"id":3341,"date":"2021-01-29T11:25:30","date_gmt":"2021-01-29T10:25:30","guid":{"rendered":"https:\/\/saifrance.com\/?page_id=3341"},"modified":"2025-07-17T18:50:50","modified_gmt":"2025-07-17T16:50:50","slug":"nos-realisations","status":"publish","type":"page","link":"https:\/\/saifrance.com\/fr\/nos-realisations\/","title":{"rendered":"Nos r\u00e9alisations"},"content":{"rendered":"\n<div style=\"height:50px\" aria-hidden=\"true\" class=\"wp-block-spacer\"><\/div>\n\n\n\n<div class=\"wp-block-columns is-layout-flex wp-container-core-columns-is-layout-9d6595d7 wp-block-columns-is-layout-flex\">\n<div class=\"wp-block-column is-layout-flow wp-block-column-is-layout-flow\"><!-- Gridbuilder \u1d42\u1d3e Plugin (https:\/\/wpgridbuilder.com) -->\n<div class=\"wp-grid-builder wpgb-grid-4\" data-options=\"{&quot;id&quot;:4,&quot;type&quot;:&quot;metro&quot;,&quot;source&quot;:&quot;post_type&quot;,&quot;loader&quot;:true,&quot;layout&quot;:&quot;vertical&quot;,&quot;reveal&quot;:1,&quot;isMainQuery&quot;:0,&quot;lazyLoad&quot;:true,&quot;cardSizes&quot;:{&quot;9999&quot;:{&quot;columns&quot;:2,&quot;height&quot;:240,&quot;gutter&quot;:36,&quot;ratio&quot;:&quot;1.33333&quot;},&quot;1200&quot;:{&quot;columns&quot;:2,&quot;height&quot;:240,&quot;gutter&quot;:36,&quot;ratio&quot;:&quot;1.33333&quot;},&quot;992&quot;:{&quot;columns&quot;:2,&quot;height&quot;:220,&quot;gutter&quot;:36,&quot;ratio&quot;:&quot;1.33333&quot;},&quot;768&quot;:{&quot;columns&quot;:2,&quot;height&quot;:220,&quot;gutter&quot;:36,&quot;ratio&quot;:&quot;1.33333&quot;},&quot;576&quot;:{&quot;columns&quot;:1,&quot;height&quot;:200,&quot;gutter&quot;:16,&quot;ratio&quot;:&quot;1.33333&quot;},&quot;320&quot;:{&quot;columns&quot;:1,&quot;height&quot;:200,&quot;gutter&quot;:16,&quot;ratio&quot;:&quot;1.33333&quot;}},&quot;fitRows&quot;:0,&quot;equalRows&quot;:0,&quot;equalColumns&quot;:0,&quot;fillLastRow&quot;:0,&quot;centerLastRow&quot;:0,&quot;horizontalOrder&quot;:0,&quot;fullWidth&quot;:false,&quot;transitionDelay&quot;:60,&quot;gallerySlideshow&quot;:false,&quot;rowsNumber&quot;:1,&quot;slideAlign&quot;:&quot;left&quot;,&quot;groupCells&quot;:1,&quot;draggable&quot;:true,&quot;initialIndex&quot;:0,&quot;contain&quot;:false,&quot;freeScroll&quot;:false,&quot;freeFriction&quot;:&quot;0.075&quot;,&quot;friction&quot;:&quot;0.285&quot;,&quot;attraction&quot;:&quot;0.025&quot;,&quot;autoPlay&quot;:0,&quot;pageDotAriaLabel&quot;:&quot;Point de page %d&quot;,&quot;isPreview&quot;:false,&quot;isGutenberg&quot;:false,&quot;rightToLeft&quot;:false}\"><div class=\"wpgb-svg-icons\" hidden>\n\t<svg viewBox=\"0 0 120 24\" width=\"0\" height=\"0\">\n\t<defs>\n        <polygon id=\"wpgb-star-svg\" points=\"12 2.5 15.1 8.8 22 9.8 17 14.6 18.2 21.5 12 18.3 5.8 21.5 7 14.6 2 9.8 8.9 8.8\"><\/polygon>\n    <\/defs>\n    <symbol id=\"wpgb-rating-stars-svg\">\n        <use xlink:href=\"#wpgb-star-svg\"><\/use>\n        <use xlink:href=\"#wpgb-star-svg\" x=\"24\"><\/use>\n        <use xlink:href=\"#wpgb-star-svg\" x=\"48\"><\/use>\n        <use xlink:href=\"#wpgb-star-svg\" x=\"72\"><\/use>\n        <use xlink:href=\"#wpgb-star-svg\" x=\"96\"><\/use>\n    <\/symbol>\n<\/svg>\n<\/div>\n<div class=\"wpgb-wrapper\">\n\t<div class=\"wpgb-main\">\n\t<div class=\"wpgb-layout\">\n\t<div class=\"wpgb-viewport\">\n\t\t<div class=\"wpgb-metro\">\n\t\t\t<article class=\"wpgb-card wpgb-card-22 wpgb-post-4588 wpgb-card-hidden\" data-col=\"1\" data-row=\"1\" data-format=\"standard\"><div class=\"wpgb-card-wrapper\"><div class=\"wpgb-card-inner\"><div class=\"wpgb-card-media wpgb-scheme-light\"><div class=\"wpgb-card-media-thumbnail\"><a href=\"https:\/\/saifrance.com\/wp-content\/uploads\/2025\/11\/vent_silencers_installation_fonctionnel.png\" tabindex=\"-1\" class=\"wpgb-handle-lb wpgb-lightbox\" data-type=\"image\" data-rel=\"4\" data-title=\"vent_silencers_installation_fonctionnel\" title=\"Agrandir la photo\"><div class=\"wpgb-lazy-load wpgb-lazy-spinner\" data-wpgb-thumb=\"\" data-wpgb-src=\"https:\/\/saifrance.com\/wp-content\/uploads\/2025\/11\/vent_silencers_installation_fonctionnel-768x432.png\"><\/div><noscript><img loading=\"lazy\" decoding=\"async\" class=\"wpgb-noscript-img\" src=\"https:\/\/saifrance.com\/wp-content\/uploads\/2025\/11\/vent_silencers_installation_fonctionnel-768x432.png\" alt=\"mise en service silencieux de mise \u00e0 l&#039;atmosph\u00e8re\" height=\"432\" width=\"768\"><\/noscript><\/a><\/div><div class=\"wpgb-card-media-overlay\"><\/div><div class=\"wpgb-card-media-content\"><div class=\"wpgb-card-media-content-top\"><div class=\"wpgb-block-4\"><a class=\"wpgb-block-2 fleche-cta\" href=\"https:\/\/saifrance.com\/realisation\/sai-biomass-plant-noise-reduction\/\"><svg><use xlink:href=\"https:\/\/saifrance.com\/wp-content\/plugins\/wp-grid-builder\/public\/svg\/arrows\/tail-right.svg#wpgb-icon\"\/><\/svg><\/a><\/div><\/div><div class=\"wpgb-card-media-content-bottom\"><h3 class=\"wpgb-block-1\"><a href=\"https:\/\/saifrance.com\/realisation\/sai-biomass-plant-noise-reduction\/\">Noise Reduction for a biomass plant, a turnkey solution by SAI<\/a><\/h3><\/div><\/div><\/div><\/div><\/div><\/article><article class=\"wpgb-card wpgb-card-22 wpgb-post-4555 wpgb-card-hidden\" data-col=\"1\" data-row=\"1\" data-format=\"standard\"><div class=\"wpgb-card-wrapper\"><div class=\"wpgb-card-inner\"><div class=\"wpgb-card-media wpgb-scheme-light\"><div class=\"wpgb-card-media-thumbnail\"><a href=\"https:\/\/saifrance.com\/wp-content\/uploads\/2025\/11\/TEREOS-1920-x-1080-px-1-1.png\" tabindex=\"-1\" class=\"wpgb-handle-lb wpgb-lightbox\" data-type=\"image\" data-rel=\"4\" data-title=\"acoustic_enclosure\" data-desc=\"acoustic enclosure\" title=\"Agrandir la photo\"><div class=\"wpgb-lazy-load wpgb-lazy-spinner\" data-wpgb-thumb=\"\" data-wpgb-src=\"https:\/\/saifrance.com\/wp-content\/uploads\/2025\/11\/TEREOS-1920-x-1080-px-1-1-768x432.png\"><\/div><noscript><img loading=\"lazy\" decoding=\"async\" class=\"wpgb-noscript-img\" src=\"https:\/\/saifrance.com\/wp-content\/uploads\/2025\/11\/TEREOS-1920-x-1080-px-1-1-768x432.png\" alt=\"\" height=\"432\" width=\"768\"><\/noscript><\/a><\/div><div class=\"wpgb-card-media-overlay\"><\/div><div class=\"wpgb-card-media-content\"><div class=\"wpgb-card-media-content-top\"><div class=\"wpgb-block-4\"><a class=\"wpgb-block-2 fleche-cta\" href=\"https:\/\/saifrance.com\/fr\/realisation\/sai-traitement-du-bruit-dans-un-environnement-industriel-complexe\/\"><svg><use xlink:href=\"https:\/\/saifrance.com\/wp-content\/plugins\/wp-grid-builder\/public\/svg\/arrows\/tail-right.svg#wpgb-icon\"\/><\/svg><\/a><\/div><\/div><div class=\"wpgb-card-media-content-bottom\"><h3 class=\"wpgb-block-1\"><a href=\"https:\/\/saifrance.com\/fr\/realisation\/sai-traitement-du-bruit-dans-un-environnement-industriel-complexe\/\">Projet cl\u00e9s en main de traitement du bruit dans un environnement industriel complexe<\/a><\/h3><\/div><\/div><\/div><\/div><\/div><\/article><article class=\"wpgb-card wpgb-card-22 wpgb-post-4495 wpgb-card-hidden\" data-col=\"1\" data-row=\"1\" data-format=\"standard\"><div class=\"wpgb-card-wrapper\"><div class=\"wpgb-card-inner\"><div class=\"wpgb-card-media wpgb-scheme-light\"><div class=\"wpgb-card-media-thumbnail\"><a href=\"https:\/\/saifrance.com\/wp-content\/uploads\/2025\/10\/2-2-1.png\" tabindex=\"-1\" class=\"wpgb-handle-lb wpgb-lightbox\" data-type=\"image\" data-rel=\"4\" data-title=\"centrale_electrique_kivu\" title=\"Agrandir la photo\"><div class=\"wpgb-lazy-load wpgb-lazy-spinner\" data-wpgb-thumb=\"\" data-wpgb-src=\"https:\/\/saifrance.com\/wp-content\/uploads\/2025\/10\/2-2-1-768x432.png\"><\/div><noscript><img loading=\"lazy\" decoding=\"async\" class=\"wpgb-noscript-img\" src=\"https:\/\/saifrance.com\/wp-content\/uploads\/2025\/10\/2-2-1-768x432.png\" alt=\"\" height=\"432\" width=\"768\"><\/noscript><\/a><\/div><div class=\"wpgb-card-media-overlay\"><\/div><div class=\"wpgb-card-media-content\"><div class=\"wpgb-card-media-content-top\"><div class=\"wpgb-block-4\"><a class=\"wpgb-block-2 fleche-cta\" href=\"https:\/\/saifrance.com\/fr\/realisation\/sai-centrale-electrique-methane-lac-kiv\/\"><svg><use xlink:href=\"https:\/\/saifrance.com\/wp-content\/plugins\/wp-grid-builder\/public\/svg\/arrows\/tail-right.svg#wpgb-icon\"\/><\/svg><\/a><\/div><\/div><div class=\"wpgb-card-media-content-bottom\"><h3 class=\"wpgb-block-1\"><a href=\"https:\/\/saifrance.com\/fr\/realisation\/sai-centrale-electrique-methane-lac-kiv\/\">Centrale \u00c9lectrique au M\u00e9thane du Lac Kivu<\/a><\/h3><\/div><\/div><\/div><\/div><\/div><\/article><article class=\"wpgb-card wpgb-card-22 wpgb-post-4357 wpgb-card-hidden\" data-col=\"1\" data-row=\"1\" data-format=\"standard\"><div class=\"wpgb-card-wrapper\"><div class=\"wpgb-card-inner\"><div class=\"wpgb-card-media wpgb-scheme-light\"><div class=\"wpgb-card-media-thumbnail\"><a href=\"https:\/\/saifrance.com\/wp-content\/uploads\/2025\/09\/COVER.png\" tabindex=\"-1\" class=\"wpgb-handle-lb wpgb-lightbox\" data-type=\"image\" data-rel=\"4\" data-title=\"COVER\" title=\"Agrandir la photo\"><div class=\"wpgb-lazy-load wpgb-lazy-spinner\" data-wpgb-thumb=\"\" data-wpgb-src=\"https:\/\/saifrance.com\/wp-content\/uploads\/2025\/09\/COVER-768x432.png\"><\/div><noscript><img loading=\"lazy\" decoding=\"async\" class=\"wpgb-noscript-img\" src=\"https:\/\/saifrance.com\/wp-content\/uploads\/2025\/09\/COVER-768x432.png\" alt=\"prise de mesure et audit sur site\" height=\"432\" width=\"768\"><\/noscript><\/a><\/div><div class=\"wpgb-card-media-overlay\"><\/div><div class=\"wpgb-card-media-content\"><div class=\"wpgb-card-media-content-top\"><div class=\"wpgb-block-4\"><a class=\"wpgb-block-2 fleche-cta\" href=\"https:\/\/saifrance.com\/fr\/realisation\/filtration-a-bain-huile-stockholm-exergi\/\"><svg><use xlink:href=\"https:\/\/saifrance.com\/wp-content\/plugins\/wp-grid-builder\/public\/svg\/arrows\/tail-right.svg#wpgb-icon\"\/><\/svg><\/a><\/div><\/div><div class=\"wpgb-card-media-content-bottom\"><h3 class=\"wpgb-block-1\"><a href=\"https:\/\/saifrance.com\/fr\/realisation\/filtration-a-bain-huile-stockholm-exergi\/\">Revamping d\u2019un syst\u00e8me de filtration \u00e0 bain d\u2019huile, un projet sur-mesure pour Stockholm Exergi<\/a><\/h3><\/div><\/div><\/div><\/div><\/div><\/article><article class=\"wpgb-card wpgb-card-22 wpgb-post-4334 wpgb-card-hidden\" data-col=\"1\" data-row=\"1\" data-format=\"standard\"><div class=\"wpgb-card-wrapper\"><div class=\"wpgb-card-inner\"><div class=\"wpgb-card-media wpgb-scheme-light\"><div class=\"wpgb-card-media-thumbnail\"><a href=\"https:\/\/saifrance.com\/wp-content\/uploads\/2025\/07\/6.png\" tabindex=\"-1\" class=\"wpgb-handle-lb wpgb-lightbox\" data-type=\"image\" data-rel=\"4\" data-title=\"6\" title=\"Agrandir la photo\"><div class=\"wpgb-lazy-load wpgb-lazy-spinner\" data-wpgb-thumb=\"\" data-wpgb-src=\"https:\/\/saifrance.com\/wp-content\/uploads\/2025\/07\/6-768x432.png\"><\/div><noscript><img loading=\"lazy\" decoding=\"async\" class=\"wpgb-noscript-img\" src=\"https:\/\/saifrance.com\/wp-content\/uploads\/2025\/07\/6-768x432.png\" alt=\"Entr\u00e9e de la centrale EDF de \" height=\"432\" width=\"768\"><\/noscript><\/a><\/div><div class=\"wpgb-card-media-overlay\"><\/div><div class=\"wpgb-card-media-content\"><div class=\"wpgb-card-media-content-top\"><div class=\"wpgb-block-4\"><a class=\"wpgb-block-2 fleche-cta\" href=\"https:\/\/saifrance.com\/fr\/realisation\/renovation-turbine-centrale-edf-pointe-jarry-guadeloupe\/\"><svg><use xlink:href=\"https:\/\/saifrance.com\/wp-content\/plugins\/wp-grid-builder\/public\/svg\/arrows\/tail-right.svg#wpgb-icon\"\/><\/svg><\/a><\/div><\/div><div class=\"wpgb-card-media-content-bottom\"><h3 class=\"wpgb-block-1\"><a href=\"https:\/\/saifrance.com\/fr\/realisation\/renovation-turbine-centrale-edf-pointe-jarry-guadeloupe\/\">R\u00e9novation de turbines sur la centrale EDF de Pointe Jarry en Guadeloupe<\/a><\/h3><\/div><\/div><\/div><\/div><\/div><\/article><article class=\"wpgb-card wpgb-card-22 wpgb-post-4250 wpgb-card-hidden\" data-col=\"1\" data-row=\"1\" data-format=\"standard\"><div class=\"wpgb-card-wrapper\"><div class=\"wpgb-card-inner\"><div class=\"wpgb-card-media wpgb-scheme-light\"><div class=\"wpgb-card-media-thumbnail\"><a href=\"https:\/\/saifrance.com\/wp-content\/uploads\/2020\/11\/Terminal-LNG-copie.png\" tabindex=\"-1\" class=\"wpgb-handle-lb wpgb-lightbox\" data-type=\"image\" data-rel=\"4\" data-title=\"Terminal LNG copie\" title=\"Agrandir la photo\"><div class=\"wpgb-lazy-load wpgb-lazy-spinner\" data-wpgb-thumb=\"\" data-wpgb-src=\"https:\/\/saifrance.com\/wp-content\/uploads\/2020\/11\/Terminal-LNG-copie-768x591.png\"><\/div><noscript><img loading=\"lazy\" decoding=\"async\" class=\"wpgb-noscript-img\" src=\"https:\/\/saifrance.com\/wp-content\/uploads\/2020\/11\/Terminal-LNG-copie-768x591.png\" alt=\"Unit\u00e9s de ventilation SCADA MCC Contr\u00f4le-commande Unit\u00e9s de ventilation Automate SIEMENS Cartographie acoustique Etude acoustique pr\u00e9dictive Etude d\u2019impact Etude acoustique Etude environnementale Niveau de bruit L\u00e9gislation Norme niveau de bruit Respect des contraintes acoustiques 85 dB(A) \u00e0 1 m\u00e8tre Groupe moto-ventilateur acier galvanis\u00e9 \u00e0 chaud Unit\u00e9 de ventilation Soufflage Salle des machines Centrale \u00e9lectrique Moteurs gaz ATEX H\u00e9lice aluminium marin Virole en acier galvanis\u00e9 \u00e0 chaud Grilles en inox plots anti-vibratiles Manchettes acoustiques Terminal LNG Oman LNG MAN 18V51\/60G Moteur gaz Filtre \u00e0 bain d&#039;huile Unit\u00e9s de ventilation salle des machines ATEX Viscosine AAF Multiduty Filtre autonettoyant\" height=\"591\" width=\"768\"><\/noscript><\/a><\/div><div class=\"wpgb-card-media-overlay\"><\/div><div class=\"wpgb-card-media-content\"><div class=\"wpgb-card-media-content-top\"><div class=\"wpgb-block-4\"><a class=\"wpgb-block-2 fleche-cta\" href=\"https:\/\/saifrance.com\/fr\/realisation\/systeme-de-ventilation-pour-centrale-a-moteurs-gaz-terminal-lng\/\"><svg><use xlink:href=\"https:\/\/saifrance.com\/wp-content\/plugins\/wp-grid-builder\/public\/svg\/arrows\/tail-right.svg#wpgb-icon\"\/><\/svg><\/a><\/div><\/div><div class=\"wpgb-card-media-content-bottom\"><div class=\"wpgb-block-3\"><span class=\"wpgb-block-term\" data-id=\"20\">March\u00e9 1<\/span><\/div><h3 class=\"wpgb-block-1\"><a href=\"https:\/\/saifrance.com\/fr\/realisation\/systeme-de-ventilation-pour-centrale-a-moteurs-gaz-terminal-lng\/\">Syst\u00e8me de ventilation pour centrale \u00e0 moteurs gaz &#8211; Terminal LNG<\/a><\/h3><\/div><\/div><\/div><\/div><\/div><\/article><article class=\"wpgb-card wpgb-card-22 wpgb-post-4245 wpgb-card-hidden\" data-col=\"1\" data-row=\"1\" data-format=\"standard\"><div class=\"wpgb-card-wrapper\"><div class=\"wpgb-card-inner\"><div class=\"wpgb-card-media wpgb-scheme-light\"><div class=\"wpgb-card-media-thumbnail\"><a href=\"https:\/\/saifrance.com\/wp-content\/uploads\/2020\/12\/News-snow-copie.jpg\" tabindex=\"-1\" class=\"wpgb-handle-lb wpgb-lightbox\" data-type=\"image\" data-rel=\"4\" data-title=\"News snow copie\" title=\"Agrandir la photo\"><div class=\"wpgb-lazy-load wpgb-lazy-spinner\" data-wpgb-thumb=\"\" data-wpgb-src=\"https:\/\/saifrance.com\/wp-content\/uploads\/2020\/12\/News-snow-copie-768x576.jpg\"><\/div><noscript><img loading=\"lazy\" decoding=\"async\" class=\"wpgb-noscript-img\" src=\"https:\/\/saifrance.com\/wp-content\/uploads\/2020\/12\/News-snow-copie-768x576.jpg\" alt=\"Station de compression Turbine \u00e0 gaz Solar Mars 90 Solar Mars 100 Solar Taurus 70 Bulgartrangaz Silencieux d&#039;admission Filtre autonettoyant D\u00e9givrage Lozenets Ithiman Petrich Strandja Nova Provadia Rasovo Neige Froid Artique Russie D\u00e9givrage Anti-icing R\u00e9chauffage par air chaud compresseur Buses acoustiques\" height=\"576\" width=\"768\"><\/noscript><\/a><\/div><div class=\"wpgb-card-media-overlay\"><\/div><div class=\"wpgb-card-media-content\"><div class=\"wpgb-card-media-content-top\"><div class=\"wpgb-block-4\"><a class=\"wpgb-block-2 fleche-cta\" href=\"https:\/\/saifrance.com\/fr\/realisation\/caissons-de-filtration-jet-pulse-pour-turbines-a-gaz-sur-une-station-de-compression\/\"><svg><use xlink:href=\"https:\/\/saifrance.com\/wp-content\/plugins\/wp-grid-builder\/public\/svg\/arrows\/tail-right.svg#wpgb-icon\"\/><\/svg><\/a><\/div><\/div><div class=\"wpgb-card-media-content-bottom\"><div class=\"wpgb-block-3\"><span class=\"wpgb-block-term\" data-id=\"21\">March\u00e9 2<\/span><\/div><h3 class=\"wpgb-block-1\"><a href=\"https:\/\/saifrance.com\/fr\/realisation\/caissons-de-filtration-jet-pulse-pour-turbines-a-gaz-sur-une-station-de-compression\/\">Caissons de filtration Jet-Pulse pour turbines \u00e0 gaz sur une station de compression<\/a><\/h3><\/div><\/div><\/div><\/div><\/div><\/article>\t\t<\/div>\n\t<\/div>\n\t<div class=\"wpgb-loader\">\n\t<div class=\"wpgb-loader-18\">\n\t\t<div><\/div><div><\/div><div><\/div><div><\/div>\t<\/div>\n<\/div>\n<\/div>\n\t<\/div>\n\t\t<\/div>\n<\/div>\n\n<\/div>\n<\/div>\n","protected":false},"excerpt":{"rendered":"","protected":false},"author":1,"featured_media":0,"parent":0,"menu_order":0,"comment_status":"closed","ping_status":"closed","template":"page-sans-image-en-avant.php","meta":{"_seopress_robots_primary_cat":"","_seopress_titles_title":"","_seopress_titles_desc":"","_seopress_robots_index":"","footnotes":""},"class_list":["post-3341","page","type-page","status-publish","hentry"],"meta_box":[],"_links":{"self":[{"href":"https:\/\/saifrance.com\/fr\/wp-json\/wp\/v2\/pages\/3341","targetHints":{"allow":["GET"]}}],"collection":[{"href":"https:\/\/saifrance.com\/fr\/wp-json\/wp\/v2\/pages"}],"about":[{"href":"https:\/\/saifrance.com\/fr\/wp-json\/wp\/v2\/types\/page"}],"author":[{"embeddable":true,"href":"https:\/\/saifrance.com\/fr\/wp-json\/wp\/v2\/users\/1"}],"replies":[{"embeddable":true,"href":"https:\/\/saifrance.com\/fr\/wp-json\/wp\/v2\/comments?post=3341"}],"version-history":[{"count":5,"href":"https:\/\/saifrance.com\/fr\/wp-json\/wp\/v2\/pages\/3341\/revisions"}],"predecessor-version":[{"id":4296,"href":"https:\/\/saifrance.com\/fr\/wp-json\/wp\/v2\/pages\/3341\/revisions\/4296"}],"wp:attachment":[{"href":"https:\/\/saifrance.com\/fr\/wp-json\/wp\/v2\/media?parent=3341"}],"curies":[{"name":"wp","href":"https:\/\/api.w.org\/{rel}","templated":true}]}}