{"id":3334,"date":"2021-01-29T11:23:57","date_gmt":"2021-01-29T10:23:57","guid":{"rendered":"https:\/\/saifrance.com\/?page_id=3334"},"modified":"2021-01-29T11:24:01","modified_gmt":"2021-01-29T10:24:01","slug":"modernisation-dinstallation","status":"publish","type":"page","link":"https:\/\/saifrance.com\/fr\/modernisation-dinstallation\/","title":{"rendered":"Modernisation d\u2019installation"},"content":{"rendered":"\n<blockquote class=\"wp-block-quote is-layout-flow wp-block-quote-is-layout-flow\"><p><strong><strong>SAI est en mesure d\u2019assister les op\u00e9rateurs et les exploitants industriels avec une expertise sur site pour \u00e9tablir un diagnostic pr\u00e9cis et complet de l\u2019\u00e9tat de leur installation, de pr\u00e9coniser des mesures qu\u2019il conviendrait de prendre \u00e0 court et moyen terme de fa\u00e7on \u00e0 garantir une poursuite sereine de l\u2019exploitation.<\/strong><\/strong><\/p><\/blockquote>\n\n\n\n<p>Depuis plus de 40 ans, SAI fournit des \u00e9quipements pour traiter les nuisances sonores et traiter l\u2019air aux constructeurs de turbines \u00e0 gaz, de moteurs diesels ou gaz ainsi qu\u2019\u00e0 d\u2019autres soci\u00e9t\u00e9s pour des applications industrielles diverses. La base install\u00e9e de SAI est le r\u00e9sultat de plus de 7000 projets diss\u00e9min\u00e9s dans toutes les zones g\u00e9ographiques.<\/p>\n\n\n\n<p>Les \u00e9quipements et syst\u00e8mes que SAI a fourni au cours de son histoire sont souvent soumis \u00e0 de fortes contraintes d\u2019exploitation (temp\u00e9rature et pression \u00e9lev\u00e9es, pr\u00e9sence de poussi\u00e8re, etc \u2026 ) qui acc\u00e9l\u00e8rent leur vieillissement naturel et g\u00e9n\u00e8rent fuites, vibrations anormales, perforations &nbsp;qui ont un impact sur la performance de l\u2019installation: augmentation des pertes de charge, baisse de rendement des machines, r\u00e9duction des performances acoustiques, etc \u2026<\/p>\n\n\n\n<p>Par ailleurs, les normes environnementales ainsi que les conditions d\u2019exploitation \u00e9voluent dans le temps.<\/p>\n\n\n\n<h2 class=\"wp-block-heading\">Une offre de modernisation apr\u00e8s un diagnostic d&rsquo;experts<\/h2>\n\n\n\n<div class=\"wp-block-media-text alignwide has-media-on-the-right is-stacked-on-mobile is-image-fill\"><figure class=\"wp-block-media-text__media\" style=\"background-image:url(https:\/\/saifrance.com\/wp-content\/uploads\/2020\/12\/Retrofit-ventilation-Photoshop.jpg);background-position:50% 50%\"><img alt=\"\" loading=\"lazy\" decoding=\"async\" width=\"408\" height=\"640\" src=\"https:\/\/saifrance.com\/wp-content\/uploads\/2020\/12\/Retrofit-ventilation-Photoshop.jpg\" alt=\"Mise en conformit\u00e9\nRemise en \u00e9tat\nTurbines \u00e0 gaz\nCapotage acoustique\nSyst\u00e8me de ventilation \nVentilateur\nGroupe moto-ventilateur\nExtraction d'air chaud\nATEX\nGE\nALSTOM\nSIEMENS\" class=\"wp-image-2536\" srcset=\"https:\/\/saifrance.com\/wp-content\/uploads\/2020\/12\/Retrofit-ventilation-Photoshop.jpg 408w, https:\/\/saifrance.com\/wp-content\/uploads\/2020\/12\/Retrofit-ventilation-Photoshop-383x600.jpg 383w\" sizes=\"auto, (max-width: 408px) 100vw, 408px\" \/><\/figure><div class=\"wp-block-media-text__content\">\n<p>SAI dispose d\u2019experts de grande exp\u00e9rience pour \u00e9tablir un diagnostic sur des installations existantes apr\u00e8s une visite d\u2019inspection. Ils pr\u00e9conisent les solutions les plus adapt\u00e9es allant d\u2019une r\u00e9habilitation partielle jusqu\u2019\u00e0 un r\u00e9trofit complet.<\/p>\n\n\n\n<p>Dans son approche, SAI propose des solutions tr\u00e8s personnalis\u00e9es afin de retrouver des performances op\u00e9rationnelles satisfaisantes dans le respect des normes en vigueur sur le lieu d\u2019exploitation des machines. Quelques exemples de solutions&nbsp;:<\/p>\n\n\n\n<ul class=\"wp-block-list\"><li>Am\u00e9lioration des admissions d\u2019air par r\u00e9habilitation totale ou partielle des \u00e9l\u00e9ments filtrants <\/li><li>Remplacement des \u00e9l\u00e9ments endommag\u00e9s sur les chemin\u00e9es ou les diff\u00e9rentes gaines <\/li><li>Remplacement de baffles acoustiques ou de joints d\u2019expansion pour att\u00e9nuer le bruit <\/li><li>Ajout d\u2019\u00e9l\u00e9ments&nbsp;: \u00e9liminateur d\u2019humidit\u00e9, instrumentation compl\u00e9mentaire <\/li><li>Ajout de catalyseur HCR <\/li><li>Mise en conformit\u00e9 HSE.<\/li><\/ul>\n\n\n\n<p><\/p>\n<\/div><\/div>\n\n\n\n<p>Les interventions de SAI sur des installations existantes se font en totale coordination avec les exploitants des machines, g\u00e9n\u00e9ralement durant les p\u00e9riodes de maintenance planifi\u00e9e.<\/p>\n\n\n\n<p> Avec le souci de r\u00e9duire au maximum les temps d\u2019intervention, SAI supervise les travaux sur site et le red\u00e9marrage de l\u2019installation afin de s\u2019assurer de son bon fonctionnement et de v\u00e9rifier les garanties de performance.<\/p>\n\n\n\n<div class=\"wp-block-image\"><figure class=\"aligncenter size-large\"><img alt=\"\" loading=\"lazy\" decoding=\"async\" width=\"1003\" height=\"268\" src=\"https:\/\/saifrance.com\/wp-content\/uploads\/2020\/10\/Image1-5.png\" alt=\"Turbines \u00e0 gaz\nCapotage acoustique\nSyst\u00e8me de ventilation \nVentilateur\nGroupe moto-ventilateur\nExtraction d'air chaud\nATEX\nGE\nALSTOM\nSIEMENS\" class=\"wp-image-1325\" srcset=\"https:\/\/saifrance.com\/wp-content\/uploads\/2020\/10\/Image1-5.png 1003w, https:\/\/saifrance.com\/wp-content\/uploads\/2020\/10\/Image1-5-800x214.png 800w, https:\/\/saifrance.com\/wp-content\/uploads\/2020\/10\/Image1-5-768x205.png 768w\" sizes=\"auto, (max-width: 1003px) 100vw, 1003px\" \/><\/figure><\/div>\n","protected":false},"excerpt":{"rendered":"<p>SAI est en mesure d\u2019assister les op\u00e9rateurs et les exploitants industriels avec une expertise sur site pour \u00e9tablir un diagnostic pr\u00e9cis et complet de l\u2019\u00e9tat de leur installation, de pr\u00e9coniser des mesures qu\u2019il conviendrait de prendre \u00e0 court et moyen terme de fa\u00e7on \u00e0 garantir une poursuite sereine de l\u2019exploitation. Depuis plus de 40 ans, [&hellip;]<\/p>\n","protected":false},"author":1,"featured_media":2526,"parent":0,"menu_order":0,"comment_status":"closed","ping_status":"closed","template":"","meta":{"_seopress_robots_primary_cat":"","_seopress_titles_title":"","_seopress_titles_desc":"","_seopress_robots_index":"","footnotes":""},"class_list":["post-3334","page","type-page","status-publish","has-post-thumbnail","hentry"],"meta_box":[],"_links":{"self":[{"href":"https:\/\/saifrance.com\/fr\/wp-json\/wp\/v2\/pages\/3334","targetHints":{"allow":["GET"]}}],"collection":[{"href":"https:\/\/saifrance.com\/fr\/wp-json\/wp\/v2\/pages"}],"about":[{"href":"https:\/\/saifrance.com\/fr\/wp-json\/wp\/v2\/types\/page"}],"author":[{"embeddable":true,"href":"https:\/\/saifrance.com\/fr\/wp-json\/wp\/v2\/users\/1"}],"replies":[{"embeddable":true,"href":"https:\/\/saifrance.com\/fr\/wp-json\/wp\/v2\/comments?post=3334"}],"version-history":[{"count":2,"href":"https:\/\/saifrance.com\/fr\/wp-json\/wp\/v2\/pages\/3334\/revisions"}],"predecessor-version":[{"id":3336,"href":"https:\/\/saifrance.com\/fr\/wp-json\/wp\/v2\/pages\/3334\/revisions\/3336"}],"wp:featuredmedia":[{"embeddable":true,"href":"https:\/\/saifrance.com\/fr\/wp-json\/wp\/v2\/media\/2526"}],"wp:attachment":[{"href":"https:\/\/saifrance.com\/fr\/wp-json\/wp\/v2\/media?parent=3334"}],"curies":[{"name":"wp","href":"https:\/\/api.w.org\/{rel}","templated":true}]}}