{"id":3331,"date":"2021-01-29T11:23:26","date_gmt":"2021-01-29T10:23:26","guid":{"rendered":"https:\/\/saifrance.com\/?page_id=3331"},"modified":"2021-03-01T09:48:02","modified_gmt":"2021-03-01T08:48:02","slug":"services-sur-site","status":"publish","type":"page","link":"https:\/\/saifrance.com\/fr\/services-sur-site\/","title":{"rendered":"Services sur site"},"content":{"rendered":"\n<blockquote class=\"wp-block-quote is-layout-flow wp-block-quote-is-layout-flow\"><p><strong>SAI offre des services multiples d\u2019assistance \u00e0 ses clients et aux op\u00e9rateurs d\u2019exploitation durant toute la dur\u00e9e de vie des \u00e9quipements afin de garantir une exploitation avec des performances optimales.&nbsp;<\/strong><\/p><p><\/p><\/blockquote>\n\n\n\n<h2 class=\"wp-block-heading\">Expertise et audit sur site<\/h2>\n\n\n\n<p>SAI est en mesure d\u2019envoyer des techniciens ou des ing\u00e9nieurs sur site pour v\u00e9rifier le bon fonctionnement des \u00e9quipements&nbsp;: caissons de filtration d\u2019air, &nbsp;silencieux d\u2019admission d\u2019air comburant, syst\u00e8mes de ventilation, syst\u00e8mes d\u2019\u00e9chappement, chemin\u00e9es, compensateurs, capotages acoustiques \u2026. SAI intervient sur site pour r\u00e9aliser des expertises, \u00e9tablir des diagnostiques sur l\u2019\u00e9tat des \u00e9quipements &nbsp;et proposer des r\u00e9parations ou des solutions d\u2019optimisation. Nos \u00e9quipes de techniciens et d\u2019ing\u00e9nieurs qualifi\u00e9s peuvent \u00e9galement \u00eatre envoy\u00e9s sur place pour :<\/p>\n\n\n\n<div class=\"wp-block-columns is-layout-flex wp-container-core-columns-is-layout-9d6595d7 wp-block-columns-is-layout-flex\">\n<div class=\"wp-block-column is-layout-flow wp-block-column-is-layout-flow\">\n<ul class=\"wp-block-list\"><li>La supervision pendant le montage sur site<\/li><li>Le d\u00e9pannage d\u2019installations d\u00e9fectueuses<\/li><\/ul>\n<\/div>\n\n\n\n<div class=\"wp-block-column is-layout-flow wp-block-column-is-layout-flow\">\n<ul class=\"wp-block-list\"><li>La mise en service ou pr\u00e9d\u00e9marrage d\u2019installation<\/li><li>Des audits de performances<\/li><\/ul>\n<\/div>\n<\/div>\n\n\n\n<p><\/p>\n\n\n\n<h2 class=\"wp-block-heading\"><span class=\"has-inline-color has-violet-color\">Maintenance pr\u00e9ventive<\/span><\/h2>\n\n\n\n<p>Sur les syst\u00e8mes d&rsquo;admission d&rsquo;air pour les turbines de forte puissance, le remplacement des filtres n\u00e9cessite beaucoup de personnel. SAI peut mettre \u00e0 disposition de ses clients des \u00e9quipes exp\u00e9riment\u00e9es d&rsquo;ouvriers et de superviseurs pour effectuer une vari\u00e9t\u00e9 de services de maintenance:<\/p>\n\n\n\n<div class=\"wp-block-columns is-layout-flex wp-container-core-columns-is-layout-9d6595d7 wp-block-columns-is-layout-flex\">\n<div class=\"wp-block-column is-layout-flow wp-block-column-is-layout-flow\">\n<ul class=\"wp-block-list\"><li>Enl\u00e8vement et destruction des filtres usag\u00e9s<\/li><li>Lavage et nettoyage des caissons de filtration<\/li><li>Remplacement de pi\u00e8ces m\u00e9caniques d\u00e9fectueuses<\/li><\/ul>\n<\/div>\n\n\n\n<div class=\"wp-block-column is-layout-flow wp-block-column-is-layout-flow\">\n<ul class=\"wp-block-list\"><li>Installation de nouveaux \u00e9l\u00e9ments filtrants<\/li><li>Inspection des syst\u00e8mes d&rsquo;admission d&rsquo;air comburant<\/li><li>V\u00e9rification des syst\u00e8mes de d\u00e9colmatage automatique<\/li><\/ul>\n<\/div>\n<\/div>\n\n\n\n<h2 class=\"wp-block-heading\">Fourniture d\u2019\u00e9l\u00e9ments filtrants et pi\u00e8ces de rechanges<\/h2>\n\n\n\n<p>SAI dispose d\u2019un service apr\u00e8s-vente en charge de remplacer des pi\u00e8ces usag\u00e9es, us\u00e9es ou d\u00e9fectueuses ou de fournir des <a href=\"https:\/\/saifrance.com\/fr\/pieces-de-rechange\/\">pi\u00e8ces de rechanges<\/a>. Afin de garantir un fonctionnement optimal, SAI recommande de n\u2019utiliser que des \u00e9l\u00e9ments originaux.<\/p>\n\n\n\n<div class=\"wp-block-image\"><figure class=\"aligncenter size-large is-resized\"><img alt=\"\" loading=\"lazy\" decoding=\"async\" src=\"https:\/\/saifrance.com\/wp-content\/uploads\/2020\/10\/Image2-3.png\" alt=\"Turbines \u00e0 gaz\nFiltres auto-nettoyants\nCartouches de filtration d'air\nMandrins support\nTripode\nDonaldson\nAAF\nCamfil\nFreudenberg\nDeltrian\nParker\nNordic Air Filtration \nHengst filtration \nEMW\" class=\"wp-image-1181\" width=\"994\" height=\"387\" srcset=\"https:\/\/saifrance.com\/wp-content\/uploads\/2020\/10\/Image2-3.png 917w, https:\/\/saifrance.com\/wp-content\/uploads\/2020\/10\/Image2-3-800x311.png 800w, https:\/\/saifrance.com\/wp-content\/uploads\/2020\/10\/Image2-3-768x299.png 768w\" sizes=\"auto, (max-width: 994px) 100vw, 994px\" \/><\/figure><\/div>\n","protected":false},"excerpt":{"rendered":"<p>SAI offre des services multiples d\u2019assistance \u00e0 ses clients et aux op\u00e9rateurs d\u2019exploitation durant toute la dur\u00e9e de vie des \u00e9quipements afin de garantir une exploitation avec des performances optimales.&nbsp; Expertise et audit sur site SAI est en mesure d\u2019envoyer des techniciens ou des ing\u00e9nieurs sur site pour v\u00e9rifier le bon fonctionnement des \u00e9quipements&nbsp;: caissons [&hellip;]<\/p>\n","protected":false},"author":1,"featured_media":2390,"parent":0,"menu_order":0,"comment_status":"closed","ping_status":"closed","template":"","meta":{"_seopress_robots_primary_cat":"","_seopress_titles_title":"","_seopress_titles_desc":"","_seopress_robots_index":"","footnotes":""},"class_list":["post-3331","page","type-page","status-publish","has-post-thumbnail","hentry"],"meta_box":[],"_links":{"self":[{"href":"https:\/\/saifrance.com\/fr\/wp-json\/wp\/v2\/pages\/3331","targetHints":{"allow":["GET"]}}],"collection":[{"href":"https:\/\/saifrance.com\/fr\/wp-json\/wp\/v2\/pages"}],"about":[{"href":"https:\/\/saifrance.com\/fr\/wp-json\/wp\/v2\/types\/page"}],"author":[{"embeddable":true,"href":"https:\/\/saifrance.com\/fr\/wp-json\/wp\/v2\/users\/1"}],"replies":[{"embeddable":true,"href":"https:\/\/saifrance.com\/fr\/wp-json\/wp\/v2\/comments?post=3331"}],"version-history":[{"count":3,"href":"https:\/\/saifrance.com\/fr\/wp-json\/wp\/v2\/pages\/3331\/revisions"}],"predecessor-version":[{"id":3794,"href":"https:\/\/saifrance.com\/fr\/wp-json\/wp\/v2\/pages\/3331\/revisions\/3794"}],"wp:featuredmedia":[{"embeddable":true,"href":"https:\/\/saifrance.com\/fr\/wp-json\/wp\/v2\/media\/2390"}],"wp:attachment":[{"href":"https:\/\/saifrance.com\/fr\/wp-json\/wp\/v2\/media?parent=3331"}],"curies":[{"name":"wp","href":"https:\/\/api.w.org\/{rel}","templated":true}]}}