{"id":3321,"date":"2021-01-29T11:21:19","date_gmt":"2021-01-29T10:21:19","guid":{"rendered":"https:\/\/saifrance.com\/?page_id=3321"},"modified":"2023-01-19T14:38:33","modified_gmt":"2023-01-19T13:38:33","slug":"portes","status":"publish","type":"page","link":"https:\/\/saifrance.com\/fr\/portes\/","title":{"rendered":"Portes acoustiques &#038; portes \u00e9tanches"},"content":{"rendered":"\n<h2 class=\"wp-block-heading\">Le portes acoustiques<\/h2>\n\n\n\n<blockquote class=\"wp-block-quote is-layout-flow wp-block-quote-is-layout-flow\">\n<p>Les portes acoustiques font partie de la large gamme de produits que SAI est en mesure de fournir.<\/p>\n<\/blockquote>\n\n\n\n<div class=\"wp-block-media-text alignwide has-media-on-the-right is-stacked-on-mobile is-image-fill\" style=\"grid-template-columns:auto 31%\"><div class=\"wp-block-media-text__content\">\n<p>SAI fabrique des portes acoustiques de haute qualit\u00e9 destin\u00e9es \u00e0 \u00eatre utilis\u00e9es dans les b\u00e2timents o\u00f9 il est n\u00e9cessaire de limiter le transfert de bruit d&rsquo;une zone \u00e0 une autre.<\/p>\n\n\n\n<p>Les portes sont personnalis\u00e9es afin de r\u00e9pondre aux besoins de leur utilisation future. Elles sont notamment utilis\u00e9es dans des salles des machines, des enceintes acoustiques de turbines \u00e0 gaz, des bancs d&rsquo;essai de moteurs, des h\u00f4pitaux, des bureaux, des amphith\u00e9\u00e2tres, des salles de concert, des laboratoires acoustiques, des salles d&rsquo;audiom\u00e9trie, des salles de conf\u00e9rence, des studios de diffusion.<\/p>\n\n\n\n<p>Nos portes acoustiques standards sont produites dans notre usine en r\u00e9gion parisienne. Ils sont donn\u00e9s pour Rw = 30 dB. Nous fournissons \u00e9galement des portes acoustiques sur mesure pour r\u00e9pondre aux exigences sp\u00e9cifiques du client avec des portes acoustiques haute performance avec Rw&gt; 50 dB. Avec plus de 5 000 portes livr\u00e9es au cours des 30 derni\u00e8res ann\u00e9es, nous avons des r\u00e9f\u00e9rences partout dans le monde dans tout type d&rsquo;environnement.<\/p>\n<\/div><figure class=\"wp-block-media-text__media\" style=\"background-image:url(https:\/\/saifrance.com\/wp-content\/uploads\/2021\/02\/Porte-double-copie-2.png);background-position:50% 50%\"><img alt=\"\" loading=\"lazy\" decoding=\"async\" width=\"479\" height=\"791\" src=\"https:\/\/saifrance.com\/wp-content\/uploads\/2021\/02\/Porte-double-copie-2.png\" alt=\"\" class=\"wp-image-3651 size-full\" srcset=\"https:\/\/saifrance.com\/wp-content\/uploads\/2021\/02\/Porte-double-copie-2.png 479w, https:\/\/saifrance.com\/wp-content\/uploads\/2021\/02\/Porte-double-copie-2-363x600.png 363w\" sizes=\"auto, (max-width: 479px) 100vw, 479px\" \/><\/figure><\/div>\n\n\n\n<h2 class=\"wp-block-heading\">Les portes \u00e9tanches<br><\/h2>\n\n\n\n<div class=\"wp-block-media-text alignwide is-stacked-on-mobile\" style=\"grid-template-columns:29% auto\"><figure class=\"wp-block-media-text__media\"><img alt=\"\" loading=\"lazy\" decoding=\"async\" width=\"362\" height=\"507\" src=\"https:\/\/saifrance.com\/wp-content\/uploads\/2021\/01\/Image3.jpg\" alt=\"Gibraltar Electricity Authority\nMAN 14V51\/60G\nCentrale \u00e0 moteur\nBouygues \u00e9nergies et services\nUnit\u00e9 de ventilation salle des machines\ns\u00e9parateur de gouttes\nFiltres pliss\u00e9s G4\nTerminal LNG\nPorte \u00e9tanche\nEnvironnement marin\nEnvironnement corrosif\nAAF AmerShield\nFreudenberg MP45\nRemise en \u00e9tat \nAm\u00e9lioration des performances\nBord de mer\" class=\"wp-image-2825 size-full\"\/><\/figure><div class=\"wp-block-media-text__content\">\n<p>SAI a d\u00e9velopp\u00e9 une gamme de portes \u00e9tanches \u00e0 l&rsquo;air adapt\u00e9es pour \u00e9quiper le bo\u00eetier de filtration d&rsquo;admission d&rsquo;air de combustion sur une application de turbine \u00e0 gaz. Nos portes \u00e9tanches \u00e0 l&rsquo;air sont disponibles en acier inoxydable pour les environnements marins ou corrosifs. Elles sont \u00e9galement disponibles en acier au carbone peint avec tout syst\u00e8me de peinture RAL et de C3M \u00e0 C5VH.<\/p>\n\n\n\n<p>SAI a fourni des centaines de portes \u00e9tanches pour les utilisations les plus exigeantes telles que les prises d&rsquo;air des turbines \u00e0 gaz, les unit\u00e9s de ventilation, les locaux \u00e9lectriques\u2026 Gr\u00e2ce \u00e0 leur construction robuste, les portes SAI restent \u00e9tanches m\u00eame avec une pression positive allant jusqu&rsquo;\u00e0 1 500 Pa ou une pression n\u00e9gative allant jusqu&rsquo;\u00e0 2 500 Pa.<\/p>\n<\/div><\/div>\n","protected":false},"excerpt":{"rendered":"<p>Le portes acoustiques Les portes acoustiques font partie de la large gamme de produits que SAI est en mesure de fournir. SAI fabrique des portes acoustiques de haute qualit\u00e9 destin\u00e9es \u00e0 \u00eatre utilis\u00e9es dans les b\u00e2timents o\u00f9 il est n\u00e9cessaire de limiter le transfert de bruit d&rsquo;une zone \u00e0 une autre. Les portes sont personnalis\u00e9es [&hellip;]<\/p>\n","protected":false},"author":1,"featured_media":2833,"parent":0,"menu_order":0,"comment_status":"closed","ping_status":"closed","template":"","meta":{"_seopress_robots_primary_cat":"","_seopress_titles_title":"","_seopress_titles_desc":"","_seopress_robots_index":"","footnotes":""},"class_list":["post-3321","page","type-page","status-publish","has-post-thumbnail","hentry"],"meta_box":[],"_links":{"self":[{"href":"https:\/\/saifrance.com\/fr\/wp-json\/wp\/v2\/pages\/3321","targetHints":{"allow":["GET"]}}],"collection":[{"href":"https:\/\/saifrance.com\/fr\/wp-json\/wp\/v2\/pages"}],"about":[{"href":"https:\/\/saifrance.com\/fr\/wp-json\/wp\/v2\/types\/page"}],"author":[{"embeddable":true,"href":"https:\/\/saifrance.com\/fr\/wp-json\/wp\/v2\/users\/1"}],"replies":[{"embeddable":true,"href":"https:\/\/saifrance.com\/fr\/wp-json\/wp\/v2\/comments?post=3321"}],"version-history":[{"count":5,"href":"https:\/\/saifrance.com\/fr\/wp-json\/wp\/v2\/pages\/3321\/revisions"}],"predecessor-version":[{"id":4022,"href":"https:\/\/saifrance.com\/fr\/wp-json\/wp\/v2\/pages\/3321\/revisions\/4022"}],"wp:featuredmedia":[{"embeddable":true,"href":"https:\/\/saifrance.com\/fr\/wp-json\/wp\/v2\/media\/2833"}],"wp:attachment":[{"href":"https:\/\/saifrance.com\/fr\/wp-json\/wp\/v2\/media?parent=3321"}],"curies":[{"name":"wp","href":"https:\/\/api.w.org\/{rel}","templated":true}]}}