{"id":3316,"date":"2021-01-29T11:20:23","date_gmt":"2021-01-29T10:20:23","guid":{"rendered":"https:\/\/saifrance.com\/?page_id=3316"},"modified":"2021-01-29T11:20:28","modified_gmt":"2021-01-29T10:20:28","slug":"compensateurs","status":"publish","type":"page","link":"https:\/\/saifrance.com\/fr\/compensateurs\/","title":{"rendered":"Compensateurs"},"content":{"rendered":"\n<blockquote class=\"wp-block-quote is-layout-flow wp-block-quote-is-layout-flow\"><p><strong>Les compensateurs : des \u00e9l\u00e9ments indispensables dans les syst\u00e8mes d\u2019\u00e9chappement pour absorber les dilatations dues aux temp\u00e9ratures \u00e9lev\u00e9es.<\/strong><\/p><\/blockquote>\n\n\n\n<p>Un compensateur est un dispositif destin\u00e9 \u00e0 supporter la dilatation induite par la chaleur des diff\u00e9rents \u00e9l\u00e9ments m\u00e9talliques, pour absorber les vibrations, afin de garantir l&rsquo;\u00e9tanch\u00e9it\u00e9 du conduit et donc \u00e0 relier les pi\u00e8ces entre elles. Ces compensateurs sont pr\u00e9sents sur les syst\u00e8mes d&rsquo;\u00e9chappement des moteurs thermiques et des turbines, mais aussi sur les compresseurs, les pompes, etc.<\/p>\n\n\n\n<p>Suivant les conditions de fonctionnement , en particulier les temp\u00e9ratures maximales, les mat\u00e9riaux et la technologie des gaines,&nbsp; les dilatations \u00e0 absorber et les contraintes de site,&nbsp; SAI met en \u0153uvre&nbsp; des compensateurs m\u00e9talliques ou des compensateurs souples mont\u00e9s sur carcasse m\u00e9tallique, avec ou sans isolation interne ou externe.<\/p>\n","protected":false},"excerpt":{"rendered":"<p>Les compensateurs : des \u00e9l\u00e9ments indispensables dans les syst\u00e8mes d\u2019\u00e9chappement pour absorber les dilatations dues aux temp\u00e9ratures \u00e9lev\u00e9es. Un compensateur est un dispositif destin\u00e9 \u00e0 supporter la dilatation induite par la chaleur des diff\u00e9rents \u00e9l\u00e9ments m\u00e9talliques, pour absorber les vibrations, afin de garantir l&rsquo;\u00e9tanch\u00e9it\u00e9 du conduit et donc \u00e0 relier les pi\u00e8ces entre elles. Ces [&hellip;]<\/p>\n","protected":false},"author":1,"featured_media":2263,"parent":0,"menu_order":0,"comment_status":"closed","ping_status":"closed","template":"","meta":{"_seopress_robots_primary_cat":"","_seopress_titles_title":"","_seopress_titles_desc":"","_seopress_robots_index":"","footnotes":""},"class_list":["post-3316","page","type-page","status-publish","has-post-thumbnail","hentry"],"meta_box":[],"_links":{"self":[{"href":"https:\/\/saifrance.com\/fr\/wp-json\/wp\/v2\/pages\/3316","targetHints":{"allow":["GET"]}}],"collection":[{"href":"https:\/\/saifrance.com\/fr\/wp-json\/wp\/v2\/pages"}],"about":[{"href":"https:\/\/saifrance.com\/fr\/wp-json\/wp\/v2\/types\/page"}],"author":[{"embeddable":true,"href":"https:\/\/saifrance.com\/fr\/wp-json\/wp\/v2\/users\/1"}],"replies":[{"embeddable":true,"href":"https:\/\/saifrance.com\/fr\/wp-json\/wp\/v2\/comments?post=3316"}],"version-history":[{"count":1,"href":"https:\/\/saifrance.com\/fr\/wp-json\/wp\/v2\/pages\/3316\/revisions"}],"predecessor-version":[{"id":3317,"href":"https:\/\/saifrance.com\/fr\/wp-json\/wp\/v2\/pages\/3316\/revisions\/3317"}],"wp:featuredmedia":[{"embeddable":true,"href":"https:\/\/saifrance.com\/fr\/wp-json\/wp\/v2\/media\/2263"}],"wp:attachment":[{"href":"https:\/\/saifrance.com\/fr\/wp-json\/wp\/v2\/media?parent=3316"}],"curies":[{"name":"wp","href":"https:\/\/api.w.org\/{rel}","templated":true}]}}