{"id":3313,"date":"2021-01-29T11:19:52","date_gmt":"2021-01-29T10:19:52","guid":{"rendered":"https:\/\/saifrance.com\/?page_id=3313"},"modified":"2021-01-29T11:19:55","modified_gmt":"2021-01-29T10:19:55","slug":"buses-anti-givre","status":"publish","type":"page","link":"https:\/\/saifrance.com\/fr\/buses-anti-givre\/","title":{"rendered":"Buses anti-givre"},"content":{"rendered":"\n<blockquote class=\"wp-block-quote is-layout-flow wp-block-quote-is-layout-flow\"><p><strong>Des silencieux brevet\u00e9s par SAI permettent le bon fonctionnement des syst\u00e8mes de filtration&nbsp; dans des conditions m\u00e9t\u00e9orologiques tr\u00e8s froides sans d\u00e9grader les performances des machines.<\/strong><\/p><\/blockquote>\n\n\n\n<p>Le type de silencieux appel\u00e9 buses permet la diffusion d\u2019air chaud (jusqu\u2019\u00e0 500\u00b0C) sous haute pression dans les entr\u00e9es d\u2019une turbomachine. Ces buses se positionnent sur un syst\u00e8me de manifold pour distribuer l\u2019air chaud de mani\u00e8re homog\u00e8ne dans les gaines d\u2019admission d\u2019air.<\/p>\n\n\n\n<p>Suivant leur positionnement dans la gaine d\u2019admission, les buses antigivre emp\u00eachent la condensation de la glace lorsqu\u2019elles sont plac\u00e9es devant les poches \u00e0 filtre. Elles prot\u00e8gent la condensation de la glace sur les \u00e9tages du compresseur lorsqu\u2019elles sont plac\u00e9es derri\u00e8re les filtres dans la gaine d\u2019admission.<\/p>\n\n\n\n<div class=\"wp-block-media-text alignwide is-stacked-on-mobile\"><figure class=\"wp-block-media-text__media\"><img alt=\"\" loading=\"lazy\" decoding=\"async\" width=\"1360\" height=\"818\" src=\"https:\/\/saifrance.com\/wp-content\/uploads\/2021\/01\/buse-copie-1-1360x818.jpg\" alt=\"\" class=\"wp-image-3138\" srcset=\"https:\/\/saifrance.com\/wp-content\/uploads\/2021\/01\/buse-copie-1-1360x818.jpg 1360w, https:\/\/saifrance.com\/wp-content\/uploads\/2021\/01\/buse-copie-1-800x481.jpg 800w, https:\/\/saifrance.com\/wp-content\/uploads\/2021\/01\/buse-copie-1-768x462.jpg 768w, https:\/\/saifrance.com\/wp-content\/uploads\/2021\/01\/buse-copie-1-1536x924.jpg 1536w, https:\/\/saifrance.com\/wp-content\/uploads\/2021\/01\/buse-copie-1-2048x1232.jpg 2048w\" sizes=\"auto, (max-width: 1360px) 100vw, 1360px\" \/><\/figure><div class=\"wp-block-media-text__content\">\n<h2 class=\"wp-block-heading\">Une technologie brevet\u00e9e et \u00e9prouv\u00e9e<\/h2>\n\n\n\n<p>Les buses antigivre de SAI sont des produits brevet\u00e9s disponibles en 5 dimensions et con\u00e7us pour support des pressions jusqu\u2019\u00e0 85 bars avec une temp\u00e9rature de 540\u00b0C.<\/p>\n\n\n\n<p>Plus de 60 000 buses sont \u00e0 ce jour en op\u00e9ration dans le monde.<\/p>\n<\/div><\/div>\n\n\n\n<p><\/p>\n\n\n\n<h2 class=\"wp-block-heading\"><strong>Une fabrication personnalis\u00e9e bas\u00e9e sur les standards internationaux<\/strong><\/h2>\n\n\n\n<p>Ces \u00e9quipements sont con\u00e7us dans le respect le plus strict des Codes de Construction tels que CODAP, ASME VIII, \u2026 et r\u00e9alis\u00e9s en acier inoxydable (304L, 316L, 321, etc).<\/p>\n\n\n\n<p>De nombreuses options sont disponibles pour s\u2019adapter aux installations existantes.<\/p>\n\n\n\n<p>Afin de garantir un fonctionnement optimal, SAI peut \u00e9galement fabriquer et fournir le r\u00e9seau d\u2019alimentation des buses avec des syst\u00e8mes de manifold construit sur les normes les plus exigeantes.<\/p>\n\n\n\n<div class=\"wp-block-media-text alignwide has-media-on-the-right is-stacked-on-mobile\"><figure class=\"wp-block-media-text__media\"><img alt=\"\" loading=\"lazy\" decoding=\"async\" width=\"1111\" height=\"1024\" src=\"https:\/\/saifrance.com\/wp-content\/uploads\/2020\/12\/Buse-anti-grive-2-2-1111x1024.png\" alt=\"Buses anti-icing                                   Silencieux haute pression      Vidange de capacit\u00e9 sous pression  Silencieux pour Hydrog\u00e9ne                            Entr\u00e9e d'air turbine \u00e0 gaz                anti-givre\nInjection d'air chaud sortie compresseur\nD\u00e9givrage\nBuses acoustiques                                   spec 381A6171                                            spec SOM6660563\nBertin  Camfil     Donaldson             Mc PHY AAF  DN32 HPR   DN32 HPO\" class=\"wp-image-2544\" srcset=\"https:\/\/saifrance.com\/wp-content\/uploads\/2020\/12\/Buse-anti-grive-2-2-1111x1024.png 1111w, https:\/\/saifrance.com\/wp-content\/uploads\/2020\/12\/Buse-anti-grive-2-2-651x600.png 651w, https:\/\/saifrance.com\/wp-content\/uploads\/2020\/12\/Buse-anti-grive-2-2-768x708.png 768w, https:\/\/saifrance.com\/wp-content\/uploads\/2020\/12\/Buse-anti-grive-2-2.png 1257w\" sizes=\"auto, (max-width: 1111px) 100vw, 1111px\" \/><\/figure><div class=\"wp-block-media-text__content\">\n<h2 class=\"wp-block-heading\">Des performances acoustiques garanties<\/h2>\n\n\n\n<p>L\u2019\u00e9mission d\u2019air chaud sous pression est une source de bruit qu\u2019il est n\u00e9cessaire de contr\u00f4ler.<\/p>\n\n\n\n<p>Chaque buse doit contribuer \u00e0 l&rsquo;att\u00e9nuation du bruit jusqu&rsquo;\u00e0 un niveau de puissance sonore (SPwL) de 60dBA&#8230; (R\u00e9f 10-12W). Ce niveau est calcul\u00e9 en fonction du d\u00e9bit, de la temp\u00e9rature et de la pression \u00e0 l&rsquo;entr\u00e9e.<\/p>\n<\/div><\/div>\n","protected":false},"excerpt":{"rendered":"<p>Des silencieux brevet\u00e9s par SAI permettent le bon fonctionnement des syst\u00e8mes de filtration&nbsp; dans des conditions m\u00e9t\u00e9orologiques tr\u00e8s froides sans d\u00e9grader les performances des machines. Le type de silencieux appel\u00e9 buses permet la diffusion d\u2019air chaud (jusqu\u2019\u00e0 500\u00b0C) sous haute pression dans les entr\u00e9es d\u2019une turbomachine. Ces buses se positionnent sur un syst\u00e8me de manifold [&hellip;]<\/p>\n","protected":false},"author":1,"featured_media":2631,"parent":0,"menu_order":0,"comment_status":"closed","ping_status":"closed","template":"","meta":{"_seopress_robots_primary_cat":"","_seopress_titles_title":"","_seopress_titles_desc":"","_seopress_robots_index":"","footnotes":""},"class_list":["post-3313","page","type-page","status-publish","has-post-thumbnail","hentry"],"meta_box":[],"_links":{"self":[{"href":"https:\/\/saifrance.com\/fr\/wp-json\/wp\/v2\/pages\/3313","targetHints":{"allow":["GET"]}}],"collection":[{"href":"https:\/\/saifrance.com\/fr\/wp-json\/wp\/v2\/pages"}],"about":[{"href":"https:\/\/saifrance.com\/fr\/wp-json\/wp\/v2\/types\/page"}],"author":[{"embeddable":true,"href":"https:\/\/saifrance.com\/fr\/wp-json\/wp\/v2\/users\/1"}],"replies":[{"embeddable":true,"href":"https:\/\/saifrance.com\/fr\/wp-json\/wp\/v2\/comments?post=3313"}],"version-history":[{"count":2,"href":"https:\/\/saifrance.com\/fr\/wp-json\/wp\/v2\/pages\/3313\/revisions"}],"predecessor-version":[{"id":3315,"href":"https:\/\/saifrance.com\/fr\/wp-json\/wp\/v2\/pages\/3313\/revisions\/3315"}],"wp:featuredmedia":[{"embeddable":true,"href":"https:\/\/saifrance.com\/fr\/wp-json\/wp\/v2\/media\/2631"}],"wp:attachment":[{"href":"https:\/\/saifrance.com\/fr\/wp-json\/wp\/v2\/media?parent=3313"}],"curies":[{"name":"wp","href":"https:\/\/api.w.org\/{rel}","templated":true}]}}