{"id":3310,"date":"2021-01-29T11:19:24","date_gmt":"2021-01-29T10:19:24","guid":{"rendered":"https:\/\/saifrance.com\/?page_id=3310"},"modified":"2025-09-23T10:33:02","modified_gmt":"2025-09-23T08:33:02","slug":"pieces-de-rechange","status":"publish","type":"page","link":"https:\/\/saifrance.com\/fr\/pieces-de-rechange\/","title":{"rendered":"Pi\u00e8ces de rechange"},"content":{"rendered":"\n<blockquote class=\"wp-block-quote is-layout-flow wp-block-quote-is-layout-flow\">\n<p><strong>SAI est un leader mondial dans l\u2019ing\u00e9nierie et la gestion de projet acoustique industrielle et de filtration. Avec plus de 40 ans d\u2019exp\u00e9rience dans le secteur de l\u2019\u00e9nergie (turbines \u00e0 gaz, alternateurs, moteurs diesels\u2026), l\u2019expertise technique de SAI s\u2019applique \u00e9galement \u00e0 une grande vari\u00e9t\u00e9 d\u2019applications industrielles.<\/strong><\/p>\n<\/blockquote>\n\n\n\n<p>SAI \u00e9quipe un grand nombre d\u2019installations \u00e0 travers le monde. La priorit\u00e9 absolue de SAI est de conserver la confiance de ses clients et de les assister tout au long de l\u2019utilisation des \u00e9quipements.<br>SAI est capable de vous fournir des pi\u00e8ces et composants identiques aux originaux afin que les performances des machines restent inchang\u00e9es et que la garantie soit pr\u00e9serv\u00e9e.<br>SAI met \u00e0 disposition rapidement tous les rechanges et consommables n\u00e9cessaires aux op\u00e9rations de maintenance.<br>Les ing\u00e9nieurs R&amp;D et acousticiens de SAI travaillent de mani\u00e8re continue sur le d\u00e9veloppement de solutions et produits innovants afin d\u2019am\u00e9liorer les performances et la qualit\u00e9 des \u00e9quipements.<\/p>\n\n\n\n<h2 class=\"wp-block-heading\">SAI, le meilleur choix pour la maintenance de vos installations&#8230; <\/h2>\n\n\n\n<div class=\"wp-block-media-text alignwide has-media-on-the-right is-stacked-on-mobile\" style=\"grid-template-columns:auto 36%\"><div class=\"wp-block-media-text__content\">\n<p>SAI propose des pi\u00e8ces de rechange d\u2019origine ainsi qu\u2019un service de haut niveau aupr\u00e8s de ses clients afin de les accompagner pour une performance op\u00e9rationnelle optimale des solutions telles que:<\/p>\n\n\n\n<ul class=\"wp-block-list\">\n<li>La filtration d\u2019air et les syst\u00e8mes de ventilation<\/li>\n\n\n\n<li>Les capots acoustiques avec syst\u00e8mes de ventilation<\/li>\n\n\n\n<li>Les syst\u00e8mes d\u2019\u00e9chappement<\/li>\n\n\n\n<li>Les d\u00e9shuileurs<\/li>\n\n\n\n<li>Les bancs d\u2019essais<\/li>\n<\/ul>\n<\/div><figure class=\"wp-block-media-text__media\"><img alt=\"\" loading=\"lazy\" decoding=\"async\" width=\"1012\" height=\"1024\" src=\"http:\/\/saifrance.com\/wp-content\/uploads\/2020\/12\/Motor-Fan-Photoshop-1-1012x1024.jpg\" alt=\"Extraction d'air chaud\nCapotage acoustique\nVentilateur bas niveau de bruit\" class=\"wp-image-2502 size-full\" srcset=\"https:\/\/saifrance.com\/wp-content\/uploads\/2020\/12\/Motor-Fan-Photoshop-1-1012x1024.jpg 1012w, https:\/\/saifrance.com\/wp-content\/uploads\/2020\/12\/Motor-Fan-Photoshop-1-593x600.jpg 593w, https:\/\/saifrance.com\/wp-content\/uploads\/2020\/12\/Motor-Fan-Photoshop-1-768x777.jpg 768w, https:\/\/saifrance.com\/wp-content\/uploads\/2020\/12\/Motor-Fan-Photoshop-1-1518x1536.jpg 1518w, https:\/\/saifrance.com\/wp-content\/uploads\/2020\/12\/Motor-Fan-Photoshop-1-2024x2048.jpg 2024w\" sizes=\"auto, (max-width: 1012px) 100vw, 1012px\" \/><\/figure><\/div>\n\n\n\n<h2 class=\"wp-block-heading\">&#8230; Dans les meilleures conditions possibles<\/h2>\n\n\n\n<div class=\"wp-block-media-text alignwide is-stacked-on-mobile is-image-fill-element\" style=\"grid-template-columns:31% auto\"><figure class=\"wp-block-media-text__media\"><img alt=\"\" loading=\"lazy\" decoding=\"async\" width=\"768\" height=\"1024\" src=\"http:\/\/saifrance.com\/wp-content\/uploads\/2020\/12\/cartouches-768x1024.jpg\" alt=\"FLT 486 Cartouche\nD\u00e9shuileur\nGE\nPart number 328A7187P003\nEfficacit\u00e9 \nCartouche coalescente\ns\u00e9parateur de brouillard d'huile\" class=\"wp-image-2465 size-large\" style=\"object-position:50% 50%\" srcset=\"https:\/\/saifrance.com\/wp-content\/uploads\/2020\/12\/cartouches-768x1024.jpg 768w, https:\/\/saifrance.com\/wp-content\/uploads\/2020\/12\/cartouches-450x600.jpg 450w, https:\/\/saifrance.com\/wp-content\/uploads\/2020\/12\/cartouches-1152x1536.jpg 1152w, https:\/\/saifrance.com\/wp-content\/uploads\/2020\/12\/cartouches-1536x2048.jpg 1536w, https:\/\/saifrance.com\/wp-content\/uploads\/2020\/12\/cartouches-scaled.jpg 1920w\" sizes=\"auto, (max-width: 768px) 100vw, 768px\" \/><\/figure><div class=\"wp-block-media-text__content\">\n<p>SAI propose diff\u00e9rents services: <\/p>\n\n\n\n<ul class=\"wp-block-list\">\n<li>Une expertise rapide et pr\u00e9cise<\/li>\n\n\n\n<li>Un devis en 48h \u00e0 un prix comp\u00e9titif<\/li>\n\n\n\n<li>Un court d\u00e9lai d&rsquo;approvisionnement<\/li>\n\n\n\n<li>Une logistique pour l\u2019export international<\/li>\n\n\n\n<li>Des produits de haute qualit\u00e9<\/li>\n<\/ul>\n<\/div><\/div>\n\n\n\n<div class=\"wp-block-media-text alignwide has-media-on-the-right is-stacked-on-mobile is-image-fill-element\" style=\"grid-template-columns:auto 32%\"><div class=\"wp-block-media-text__content\">\n<h2 class=\"wp-block-heading\">Sur un large choix de produits.<\/h2>\n\n\n\n<p>SAI est en mesure de fournir un vaste choix de pi\u00e8ces de rechanges ou de consommables:<\/p>\n\n\n\n<ul class=\"wp-block-list\">\n<li>Ventilateurs avec ou sans moteur<\/li>\n\n\n\n<li><a href=\"https:\/\/saifrance.com\/fr\/deshuileur\/\">D\u00e9shuileurs et cartouches coalescentes FLT486<\/a><\/li>\n\n\n\n<li><a href=\"https:\/\/saifrance.com\/fr\/les-solutions-de-filtration\/\">El\u00e9ments filtrants<\/a><\/li>\n\n\n\n<li>Les registres<\/li>\n\n\n\n<li>Instrumentation et capteurs <\/li>\n\n\n\n<li><a href=\"https:\/\/saifrance.com\/fr\/portes\/\">Portes acoustiques<\/a><\/li>\n\n\n\n<li>Accessoires et consommables divers<\/li>\n<\/ul>\n<\/div><figure class=\"wp-block-media-text__media\"><img alt=\"\" loading=\"lazy\" decoding=\"async\" width=\"727\" height=\"1024\" src=\"http:\/\/saifrance.com\/wp-content\/uploads\/2020\/12\/SOLAR-SCHARENSTETTEN-I-INSTRUMENTATION-PANEL-727x1024.jpg\" alt=\"Mesure de la perte de charge\nTransmetteur de pression diff\u00e9rentielle\nManom\u00e8tre diff\u00e9rentiel\nMesure de l'encrassement des filtres\" class=\"wp-image-2494 size-full\" style=\"object-position:50% 50%\" srcset=\"https:\/\/saifrance.com\/wp-content\/uploads\/2020\/12\/SOLAR-SCHARENSTETTEN-I-INSTRUMENTATION-PANEL-727x1024.jpg 727w, https:\/\/saifrance.com\/wp-content\/uploads\/2020\/12\/SOLAR-SCHARENSTETTEN-I-INSTRUMENTATION-PANEL-426x600.jpg 426w, https:\/\/saifrance.com\/wp-content\/uploads\/2020\/12\/SOLAR-SCHARENSTETTEN-I-INSTRUMENTATION-PANEL-768x1082.jpg 768w, https:\/\/saifrance.com\/wp-content\/uploads\/2020\/12\/SOLAR-SCHARENSTETTEN-I-INSTRUMENTATION-PANEL-1090x1536.jpg 1090w, https:\/\/saifrance.com\/wp-content\/uploads\/2020\/12\/SOLAR-SCHARENSTETTEN-I-INSTRUMENTATION-PANEL-1453x2048.jpg 1453w, https:\/\/saifrance.com\/wp-content\/uploads\/2020\/12\/SOLAR-SCHARENSTETTEN-I-INSTRUMENTATION-PANEL-scaled.jpg 1817w\" sizes=\"auto, (max-width: 727px) 100vw, 727px\" \/><\/figure><\/div>\n\n\n\n<p>Pour de plus amples informations, merci de <a href=\"mailto:after.market@saifrance.com\">contacter le service apr\u00e8s-vente<\/a> qui se fera un plaisir de vous r\u00e9pondre dans les plus brefs d\u00e9lais.<\/p>\n\n\n\n<p><\/p>\n\n\n\n<p><\/p>\n","protected":false},"excerpt":{"rendered":"<p>SAI est un leader mondial dans l\u2019ing\u00e9nierie et la gestion de projet acoustique industrielle et de filtration. Avec plus de 40 ans d\u2019exp\u00e9rience dans le secteur de l\u2019\u00e9nergie (turbines \u00e0 gaz, alternateurs, moteurs diesels\u2026), l\u2019expertise technique de SAI s\u2019applique \u00e9galement \u00e0 une grande vari\u00e9t\u00e9 d\u2019applications industrielles. SAI \u00e9quipe un grand nombre d\u2019installations \u00e0 travers le [&hellip;]<\/p>\n","protected":false},"author":1,"featured_media":1501,"parent":0,"menu_order":0,"comment_status":"closed","ping_status":"closed","template":"","meta":{"_seopress_robots_primary_cat":"","_seopress_titles_title":"","_seopress_titles_desc":"","_seopress_robots_index":"","footnotes":""},"class_list":["post-3310","page","type-page","status-publish","has-post-thumbnail","hentry"],"meta_box":[],"_links":{"self":[{"href":"https:\/\/saifrance.com\/fr\/wp-json\/wp\/v2\/pages\/3310","targetHints":{"allow":["GET"]}}],"collection":[{"href":"https:\/\/saifrance.com\/fr\/wp-json\/wp\/v2\/pages"}],"about":[{"href":"https:\/\/saifrance.com\/fr\/wp-json\/wp\/v2\/types\/page"}],"author":[{"embeddable":true,"href":"https:\/\/saifrance.com\/fr\/wp-json\/wp\/v2\/users\/1"}],"replies":[{"embeddable":true,"href":"https:\/\/saifrance.com\/fr\/wp-json\/wp\/v2\/comments?post=3310"}],"version-history":[{"count":8,"href":"https:\/\/saifrance.com\/fr\/wp-json\/wp\/v2\/pages\/3310\/revisions"}],"predecessor-version":[{"id":4401,"href":"https:\/\/saifrance.com\/fr\/wp-json\/wp\/v2\/pages\/3310\/revisions\/4401"}],"wp:featuredmedia":[{"embeddable":true,"href":"https:\/\/saifrance.com\/fr\/wp-json\/wp\/v2\/media\/1501"}],"wp:attachment":[{"href":"https:\/\/saifrance.com\/fr\/wp-json\/wp\/v2\/media?parent=3310"}],"curies":[{"name":"wp","href":"https:\/\/api.w.org\/{rel}","templated":true}]}}