{"id":3307,"date":"2021-01-29T11:18:53","date_gmt":"2021-01-29T10:18:53","guid":{"rendered":"https:\/\/saifrance.com\/?page_id=3307"},"modified":"2025-09-23T10:30:58","modified_gmt":"2025-09-23T08:30:58","slug":"deshuileur","status":"publish","type":"page","link":"https:\/\/saifrance.com\/fr\/deshuileur\/","title":{"rendered":"D\u00e9shuileur"},"content":{"rendered":"\n<blockquote class=\"wp-block-quote is-layout-flow wp-block-quote-is-layout-flow\">\n<p>Depuis 40 ans, SAI con\u00e7oit et fabrique des d\u00e9shuileurs (ou s\u00e9parateur d\u2019huile ou \u00e9liminateur de brouillard d\u2019huile) pour turbines \u00e0 gaz ou \u00e0 vapeur et pour carters de moteur diesel.<\/p>\n<\/blockquote>\n\n\n\n<p>Les d\u00e9shuileurs SAI \u00e9liminent les liquides et les solides pr\u00e9sents dans le brouillard d\u2019huile et stoppent les \u00e9missions visibles rel\u00e2ch\u00e9es dans l\u2019atmosph\u00e8re. Ils pr\u00e9servent l\u2019environnement, \u00e9vitent la pollution sur site et prot\u00e8gent les travailleurs contre les polluants atmosph\u00e9riques nocifs.<\/p>\n\n\n\n<p>La conception des d\u00e9shuileurs de SAI est brevet\u00e9e. Elle permet de garantir un fonctionnement optimal m\u00eame lorsque les filtres sont encrass\u00e9s et, gr\u00e2ce \u00e0 plusieurs \u00e9tages de filtration, un fonctionnement continu durant des interventions de maintenance.<\/p>\n\n\n<div class=\"wp-block-image\">\n<figure class=\"aligncenter size-large\"><img alt=\"\" loading=\"lazy\" decoding=\"async\" width=\"819\" height=\"553\" src=\"http:\/\/saifrance.com\/wp-content\/uploads\/2020\/10\/Deshuileur.jpg\" alt=\"D\u00e9shuileur\ns\u00e9parateur de brouillard d'huile\nextracteur de vapeur\nr\u00e9servoir d'huile de lubrification\n\u00e9missions de brouillard d'huile\nr\u00e9cup\u00e9rer le brouillard d'huile\nr\u00e9servoir d'huile\n\u00e9l\u00e9ment coalescent\nr\u00e9trofit\" class=\"wp-image-1256\" srcset=\"https:\/\/saifrance.com\/wp-content\/uploads\/2020\/10\/Deshuileur.jpg 819w, https:\/\/saifrance.com\/wp-content\/uploads\/2020\/10\/Deshuileur-800x540.jpg 800w, https:\/\/saifrance.com\/wp-content\/uploads\/2020\/10\/Deshuileur-768x519.jpg 768w\" sizes=\"auto, (max-width: 819px) 100vw, 819px\" \/><figcaption class=\"wp-element-caption\">Fonctionnement d&rsquo;un d\u00e9shuileur SAI<\/figcaption><\/figure>\n<\/div>\n\n\n<h2 class=\"wp-block-heading\">Haute efficacit\u00e9 environnementale pour les d\u00e9shuileurs SAI<\/h2>\n\n\n\n<p>Grace \u00e0 des cartouches de filtres coalescents, 99,9% des particules d\u2019huile sup\u00e9rieures \u00e0 0,2 \u00b5m se trouvant dans les brouillards d\u2019eau sont rejet\u00e9es et r\u00e9cup\u00e9r\u00e9es. En effet, elles sont redirig\u00e9es vers le r\u00e9servoir d\u2019huile via un conduit qui \u00e9vite une constante lubrification du syst\u00e8me.<\/p>\n\n\n\n<div class=\"wp-block-columns is-layout-flex wp-container-core-columns-is-layout-9d6595d7 wp-block-columns-is-layout-flex\">\n<div class=\"wp-block-column is-layout-flow wp-block-column-is-layout-flow\">\n<h2 class=\"wp-block-heading\">Optimisation et conformit\u00e9 environnementale<\/h2>\n\n\n\n<p>Un grand nombre de clients ont fait appel \u00e0 SAI afin de d\u00e9velopper des d\u00e9shuileurs sur mesure pour leurs anciennes centrales car elles n\u2019\u00e9taient plus conformes aux nouvelles r\u00e8glementations environnementales. De plus, les quantit\u00e9s d\u2019huile perdues dans les brouillards non trait\u00e9s et rel\u00e2ch\u00e9s dans l\u2019atmosph\u00e8re \u00e9taient tr\u00e8s importantes.<\/p>\n\n\n\n<p><\/p>\n<\/div>\n\n\n\n<div class=\"wp-block-column is-layout-flow wp-block-column-is-layout-flow\"><div class=\"wp-block-image\">\n<figure class=\"alignleft size-full\"><img alt=\"\" loading=\"lazy\" decoding=\"async\" width=\"340\" height=\"371\" src=\"http:\/\/saifrance.com\/wp-content\/uploads\/2020\/09\/Deshuileur2-1.jpg\" alt=\"D\u00e9shuileur\ns\u00e9parateur de brouillard d'huile\nextracteur de vapeur\nr\u00e9servoir d'huile de lubrification\n\u00e9missions de brouillard d'huile\nr\u00e9cup\u00e9rer le brouillard d'huile\nr\u00e9servoir d'huile\n\u00e9l\u00e9ment coalescent\nr\u00e9trofit\" class=\"wp-image-793\"\/><\/figure>\n<\/div><\/div>\n<\/div>\n\n\n\n<p>SAI a mis \u00e0 leur disposition des mod\u00e8les personnalis\u00e9s en acier inoxydable pour une meilleure r\u00e9sistance aux environnements corrosifs si n\u00e9cessaire. Un \u00e9tage de pr\u00e9filtration et un \u00e9tage final de filtration peuvent \u00eatre install\u00e9s en plus \u00e0 nos cartouches de filtration afin de maintenir une excellente dur\u00e9e de vie pour les d\u00e9shuileurs et ce, m\u00eame pour des environnements \u00e0 brouillard d\u2019huile de haute densit\u00e9. Les clients \u00e9quip\u00e9s de d\u00e9shuileur SAI sont aujourd\u2019hui conformes aux normes environnementales locales, la quantit\u00e9 de brouillard d\u2019huile r\u00e9siduel \u00e9tant inf\u00e9rieure \u00e0 1 mg\/m3.<\/p>\n\n\n\n<div class=\"wp-block-media-text alignwide is-stacked-on-mobile\"><figure class=\"wp-block-media-text__media\"><img alt=\"\" loading=\"lazy\" decoding=\"async\" width=\"495\" height=\"438\" src=\"http:\/\/saifrance.com\/wp-content\/uploads\/2020\/12\/10.jpg\" alt=\"D\u00e9shuileur\ns\u00e9parateur de brouillard d'huile\nextracteur de vapeur\nr\u00e9servoir d'huile de lubrification\n\u00e9missions de brouillard d'huile\nr\u00e9cup\u00e9rer le brouillard d'huile\nr\u00e9servoir d'huile\n\u00e9l\u00e9ment coalescent\nr\u00e9trofit\" class=\"wp-image-2623\"\/><\/figure><div class=\"wp-block-media-text__content\">\n\n<h2 class=\"wp-block-heading\">Une fiabilit\u00e9 optimale<\/h2>\n\n\n<p>Afin de r\u00e9duire le nombre d\u2019arr\u00eats de turbine non planifi\u00e9s, SAI con\u00e7oit les d\u00e9shuileurs \u00e0 double \u00e9tage de filtration : un \u00e9tage sert au fonctionnement habituel et un autre \u00e9tage sert en cas de maintenance ou de d\u00e9faillance de l\u2019\u00e9quipement. Lorsque les cartouches de filtres sont encrass\u00e9es, il est possible de commuter vers l\u2019autre caisson de filtration sans risquer d\u2019alt\u00e9rer l\u2019\u00e9vacuation de l\u2019air dans le syst\u00e8me de lubrification d\u2019huile.<\/p>\n\n\n<p>Gr\u00e2ce \u00e0 une exp\u00e9rience acquise par la r\u00e9alisation de plus de 1 500 mod\u00e8les vendus \u00e0 travers le monde, SAI conseille les clients sur leur projet de remise en \u00e9tat ou d\u2019optimisation d\u2019un d\u00e9shuileur existant afin d\u2019en am\u00e9liorer les performances.<\/p>\n\n<\/div><\/div>\n\n\n\n<p>Les d\u00e9shuileurs peuvent \u00eatre utilis\u00e9s pour des turbines \u00e0 gaz, \u00e0 vapeur ou hydrauliques, mais \u00e9galement pour des compresseurs, des g\u00e9n\u00e9rateurs, des moteurs diesel ou \u00e0 gaz entre autres.<\/p>\n\n\n<div class=\"wp-block-image\">\n<figure class=\"aligncenter size-large is-resized\"><img alt=\"\" loading=\"lazy\" decoding=\"async\" width=\"683\" height=\"1024\" src=\"http:\/\/saifrance.com\/wp-content\/uploads\/2020\/12\/GE-OIL-MIST-ELIMINATOR-DOUBLE-VENTILATION-1-683x1024.jpg\" alt=\"D\u00e9shuileur\ns\u00e9parateur de brouillard d'huile\nextracteur de vapeur\nr\u00e9servoir d'huile de lubrification\n\u00e9missions de brouillard d'huile\nr\u00e9cup\u00e9rer le brouillard d'huile\nr\u00e9servoir d'huile\n\u00e9l\u00e9ment coalescent\nr\u00e9trofit\" class=\"wp-image-2626\" style=\"aspect-ratio:3\/4;object-fit:cover;width:342px\" srcset=\"https:\/\/saifrance.com\/wp-content\/uploads\/2020\/12\/GE-OIL-MIST-ELIMINATOR-DOUBLE-VENTILATION-1-683x1024.jpg 683w, https:\/\/saifrance.com\/wp-content\/uploads\/2020\/12\/GE-OIL-MIST-ELIMINATOR-DOUBLE-VENTILATION-1-400x600.jpg 400w, https:\/\/saifrance.com\/wp-content\/uploads\/2020\/12\/GE-OIL-MIST-ELIMINATOR-DOUBLE-VENTILATION-1-768x1151.jpg 768w, https:\/\/saifrance.com\/wp-content\/uploads\/2020\/12\/GE-OIL-MIST-ELIMINATOR-DOUBLE-VENTILATION-1-1025x1536.jpg 1025w, https:\/\/saifrance.com\/wp-content\/uploads\/2020\/12\/GE-OIL-MIST-ELIMINATOR-DOUBLE-VENTILATION-1-1367x2048.jpg 1367w, https:\/\/saifrance.com\/wp-content\/uploads\/2020\/12\/GE-OIL-MIST-ELIMINATOR-DOUBLE-VENTILATION-1-scaled.jpg 1708w\" sizes=\"auto, (max-width: 683px) 100vw, 683px\" \/><\/figure>\n<\/div>\n\n\n<h2 class=\"wp-block-heading\"><strong>Options int\u00e9gr\u00e9es pour r\u00e9pondre aux besoins sp\u00e9cifiques<\/strong><br>Une grande vari\u00e9t\u00e9 d&rsquo;options disponibles:<\/h2>\n\n\n\n<div class=\"wp-block-columns is-layout-flex wp-container-core-columns-is-layout-9d6595d7 wp-block-columns-is-layout-flex\">\n<div class=\"wp-block-column is-layout-flow wp-block-column-is-layout-flow\">\n<ul class=\"wp-block-list\">\n<li>D\u00e9shuileur dynamique ou statique<\/li>\n\n\n\n<li>Construction en acier inoxydable 304L, 316L, 316 Ti\u2026<\/li>\n\n\n\n<li>Construction en acier carbone avec peinture C3M \u00e0 C5VH<\/li>\n\n\n\n<li>Certification ATEX<\/li>\n\n\n\n<li>Certification NEMA<\/li>\n\n\n\n<li>Soupape de d\u00e9rivation<\/li>\n\n\n\n<li>Variateur de fr\u00e9quence (VFD)<\/li>\n\n\n\n<li>Vanne d&rsquo;isolement<\/li>\n<\/ul>\n\n\n\n<p><\/p>\n<\/div>\n\n\n\n<div class=\"wp-block-column is-layout-flow wp-block-column-is-layout-flow\">\n<ul class=\"wp-block-list\">\n<li>Jauges (manom\u00e8tres, transmetteurs de pression&#8230;)<\/li>\n\n\n\n<li>Silencieux d&rsquo;\u00e9chappement<\/li>\n\n\n\n<li>Plusieurs \u00e9tages de filtration pour un fonctionnement en continu<\/li>\n\n\n\n<li>Test hydraulique ou test pneumatique<\/li>\n\n\n\n<li>D\u00e9bits de 30 m<sup>3<\/sup>\/h \u00e0 \u00a0plus de\u00a0 3 000 m<sup>3<\/sup>\/h<\/li>\n\n\n\n<li>Structures porteuses et acc\u00e8s<\/li>\n\n\n\n<li>Instrumentation sp\u00e9cifique: Capteur de temp\u00e9rature, humidit\u00e9 relative\u2026<\/li>\n\n\n\n<li>Personnalisation des composants \u00e9lectriques: Coffret inox, ATEX\u2026<\/li>\n<\/ul>\n<\/div>\n<\/div>\n\n\n\n<hr class=\"wp-block-separator has-css-opacity\"\/>\n\n\n\n<h2 class=\"wp-block-heading has-text-align-center\">D\u00e9shuileurs SAI<\/h2>\n\n\n\n<hr class=\"wp-block-separator has-css-opacity\"\/>\n\n\n\n<figure class=\"wp-block-image size-large\"><img alt=\"\" loading=\"lazy\" decoding=\"async\" width=\"1100\" height=\"1024\" src=\"http:\/\/saifrance.com\/wp-content\/uploads\/2021\/01\/Tout-3-2-1100x1024.png\" alt=\"D\u00e9shuileur\ns\u00e9parateur de brouillard d'huile\nextracteur de vapeur\nr\u00e9servoir d'huile de lubrification\n\u00e9missions de brouillard d'huile\nr\u00e9cup\u00e9rer le brouillard d'huile\nr\u00e9servoir d'huile\n\u00e9l\u00e9ment coalescent\nr\u00e9trofit\" class=\"wp-image-2853\" style=\"aspect-ratio:4\/3;object-fit:cover\" srcset=\"https:\/\/saifrance.com\/wp-content\/uploads\/2021\/01\/Tout-3-2-1100x1024.png 1100w, https:\/\/saifrance.com\/wp-content\/uploads\/2021\/01\/Tout-3-2-644x600.png 644w, https:\/\/saifrance.com\/wp-content\/uploads\/2021\/01\/Tout-3-2-768x715.png 768w, https:\/\/saifrance.com\/wp-content\/uploads\/2021\/01\/Tout-3-2.png 1292w\" sizes=\"auto, (max-width: 1100px) 100vw, 1100px\" \/><\/figure>\n","protected":false},"excerpt":{"rendered":"<p>Depuis 40 ans, SAI con\u00e7oit et fabrique des d\u00e9shuileurs (ou s\u00e9parateur d\u2019huile ou \u00e9liminateur de brouillard d\u2019huile) pour turbines \u00e0 gaz ou \u00e0 vapeur et pour carters de moteur diesel. Les d\u00e9shuileurs SAI \u00e9liminent les liquides et les solides pr\u00e9sents dans le brouillard d\u2019huile et stoppent les \u00e9missions visibles rel\u00e2ch\u00e9es dans l\u2019atmosph\u00e8re. Ils pr\u00e9servent l\u2019environnement, [&hellip;]<\/p>\n","protected":false},"author":1,"featured_media":1377,"parent":0,"menu_order":0,"comment_status":"closed","ping_status":"closed","template":"","meta":{"_seopress_robots_primary_cat":"","_seopress_titles_title":"","_seopress_titles_desc":"","_seopress_robots_index":"","footnotes":""},"class_list":["post-3307","page","type-page","status-publish","has-post-thumbnail","hentry"],"meta_box":[],"_links":{"self":[{"href":"https:\/\/saifrance.com\/fr\/wp-json\/wp\/v2\/pages\/3307","targetHints":{"allow":["GET"]}}],"collection":[{"href":"https:\/\/saifrance.com\/fr\/wp-json\/wp\/v2\/pages"}],"about":[{"href":"https:\/\/saifrance.com\/fr\/wp-json\/wp\/v2\/types\/page"}],"author":[{"embeddable":true,"href":"https:\/\/saifrance.com\/fr\/wp-json\/wp\/v2\/users\/1"}],"replies":[{"embeddable":true,"href":"https:\/\/saifrance.com\/fr\/wp-json\/wp\/v2\/comments?post=3307"}],"version-history":[{"count":3,"href":"https:\/\/saifrance.com\/fr\/wp-json\/wp\/v2\/pages\/3307\/revisions"}],"predecessor-version":[{"id":4400,"href":"https:\/\/saifrance.com\/fr\/wp-json\/wp\/v2\/pages\/3307\/revisions\/4400"}],"wp:featuredmedia":[{"embeddable":true,"href":"https:\/\/saifrance.com\/fr\/wp-json\/wp\/v2\/media\/1377"}],"wp:attachment":[{"href":"https:\/\/saifrance.com\/fr\/wp-json\/wp\/v2\/media?parent=3307"}],"curies":[{"name":"wp","href":"https:\/\/api.w.org\/{rel}","templated":true}]}}