{"id":3295,"date":"2021-01-29T11:16:24","date_gmt":"2021-01-29T10:16:24","guid":{"rendered":"https:\/\/saifrance.com\/?page_id=3295"},"modified":"2025-09-23T10:28:32","modified_gmt":"2025-09-23T08:28:32","slug":"ventilation-des-centrales-thermiques","status":"publish","type":"page","link":"https:\/\/saifrance.com\/fr\/ventilation-des-centrales-thermiques\/","title":{"rendered":"Ventilation des centrales thermiques"},"content":{"rendered":"\n<blockquote class=\"wp-block-quote is-layout-flow wp-block-quote-is-layout-flow\">\n<p><strong>SAI est capable de travailler en \u00e9troite collaboration avec des EPC et des clients OEM sur la conception de syst\u00e8mes de ventilation complets avec des d\u00e9bits d&rsquo;air suffisants, un traitement acoustique ad\u00e9quat et un syst\u00e8me de filtration adapt\u00e9. En plus des syst\u00e8mes de ventilation pour centrales thermiques, nous fournissons \u00e9galement des syst\u00e8mes de ventilation d\u00e9di\u00e9s pour salles de compresseurs, locaux \u00e9lectriques, salles de commandes&#8230;<\/strong><\/p>\n<\/blockquote>\n\n\n\n<p>Les syst\u00e8mes de ventilation int\u00e8gre de nombreux composants:<\/p>\n\n\n\n<div class=\"wp-block-media-text alignwide has-media-on-the-right is-stacked-on-mobile\"><figure class=\"wp-block-media-text__media\"><img loading=\"lazy\" decoding=\"async\" width=\"1231\" height=\"1024\" src=\"http:\/\/saifrance.com\/wp-content\/uploads\/2021\/01\/Kossodo-Sonabel-Tecmon-Generator-Ventilation-Unit-Silencer-1231x1024.jpg\" alt=\"Ventilation de centrale \u00e0 moteur HFO Moteur diesel  MAN 18V51\/60TS Kossodo Burkina Faso Sonabel Unit\u00e9 de ventilation salle des machines Silencieux \u00e0 baffles Baffles acoustiques m\u00e9tal d\u00e9ploy\u00e9 SiLencieux industriel  25 dB d\u2019att\u00e9nuation  85 dB \u00e0 1 m\u00e8tre AAF Clarcor  Boet Stopson IAC\" class=\"wp-image-3119\" srcset=\"https:\/\/saifrance.com\/wp-content\/uploads\/2021\/01\/Kossodo-Sonabel-Tecmon-Generator-Ventilation-Unit-Silencer-1231x1024.jpg 1231w, https:\/\/saifrance.com\/wp-content\/uploads\/2021\/01\/Kossodo-Sonabel-Tecmon-Generator-Ventilation-Unit-Silencer-721x600.jpg 721w, https:\/\/saifrance.com\/wp-content\/uploads\/2021\/01\/Kossodo-Sonabel-Tecmon-Generator-Ventilation-Unit-Silencer-768x639.jpg 768w, https:\/\/saifrance.com\/wp-content\/uploads\/2021\/01\/Kossodo-Sonabel-Tecmon-Generator-Ventilation-Unit-Silencer-1536x1278.jpg 1536w, https:\/\/saifrance.com\/wp-content\/uploads\/2021\/01\/Kossodo-Sonabel-Tecmon-Generator-Ventilation-Unit-Silencer-2048x1703.jpg 2048w\" sizes=\"auto, (max-width: 1231px) 100vw, 1231px\" \/><\/figure><div class=\"wp-block-media-text__content\">\n\n<h3 class=\"wp-block-heading\"><strong>Silencieux de ventilation<\/strong><\/h3>\n\n\n<p>Les att\u00e9nuateurs acoustiques des syst\u00e8mes de ventilation sont disponibles dans une grande vari\u00e9t\u00e9 de formes et de designs : rectangulaire, circulaire, coude&#8230; Les silencieux de ventilation sur-mesure con\u00e7us par SAI sont disponibles dans diff\u00e9rents mat\u00e9riaux de construction :<\/p>\n\n\n<ul class=\"wp-block-list\"><li>Fabrication en acier galvanis\u00e9 avec rivets<\/li><li>Fabrication m\u00e9canosoud\u00e9 avec divers syst\u00e8mes de peinture<\/li><li>Fabrication enti\u00e8rement en acier inoxydable (304L, 316L, 316Ti)<\/li><\/ul>\n\n\n<p>Selon l&rsquo;application et les requis clients, les silencieux SAI peuvent \u00eatre dot\u00e9s d&rsquo;un large \u00e9ventail d&rsquo;options :<\/p>\n\n\n<ul class=\"wp-block-list\"><li>Grilles anti-volatiles ou anti-insectes<\/li><li>Brides de raccordement amont \/ aval<\/li><li>Oreilles de levage, trappes d&rsquo;acc\u00e8s, adaptateurs ronds<\/li><li>Structures supports<\/li><li>Casquette et persiennes pare-pluie<\/li><li>Rideaux manuels ou motoris\u00e9s<\/li><\/ul>\n\n<\/div><\/div>\n\n\n\n<div class=\"wp-block-media-text alignwide has-media-on-the-right is-stacked-on-mobile\"><figure class=\"wp-block-media-text__media\"><img alt=\"\" loading=\"lazy\" decoding=\"async\" width=\"1024\" height=\"768\" src=\"http:\/\/saifrance.com\/wp-content\/uploads\/2021\/01\/Tecmon-Sonabel-Generator-Side-Ventilation-Unit-Axial-fans-.jpg\" alt=\"Ventilation de centrale \u00e0 moteur HFO\nMoteur diesel \nMAN 18V51\/60TS\nKossodo\nBurkina Faso\nSonabel\nUnit\u00e9 de ventilation salle des machines\nMoto-ventilateur axiaux\nVentilateur\nUnit\u00e9 de ventilation c\u00f4t\u00e9 g\u00e9n\u00e9rateur\nAAF\nClarcor \nBoet Stopson\nIAC\n\" class=\"wp-image-3123\" srcset=\"https:\/\/saifrance.com\/wp-content\/uploads\/2021\/01\/Tecmon-Sonabel-Generator-Side-Ventilation-Unit-Axial-fans-.jpg 1024w, https:\/\/saifrance.com\/wp-content\/uploads\/2021\/01\/Tecmon-Sonabel-Generator-Side-Ventilation-Unit-Axial-fans--800x600.jpg 800w, https:\/\/saifrance.com\/wp-content\/uploads\/2021\/01\/Tecmon-Sonabel-Generator-Side-Ventilation-Unit-Axial-fans--768x576.jpg 768w\" sizes=\"auto, (max-width: 1024px) 100vw, 1024px\" \/><\/figure><div class=\"wp-block-media-text__content\">\n\n<h3 class=\"wp-block-heading\"><strong>Moto-ventilateurs<\/strong><\/h3>\n\n\n<p>La gamme de produits SAI comprend des ventilateurs axiaux brevet\u00e9s avec moteurs ext\u00e9rieurs \u00e0 la circulation de l&rsquo;air. Ces ventilateurs sp\u00e9cifiques sont \u00e9galement disponibles avec un traitement acoustique pour r\u00e9pondre aux exigences de niveau de bruit le plus bas.<\/p>\n\n\n<p>En plus de ces ventilateurs sp\u00e9cifiques, nous fournissons aussi des ventilateurs axiaux et centrifuges avec un large \u00e9ventail de mat\u00e9riaux de construction, de nombreuses options et couvrant une large gamme de d\u00e9bits d&rsquo;air et de pertes de charge.<\/p>\n\n\n<p>Gr\u00e2ce \u00e0 son exp\u00e9rience dans la production d&rsquo;\u00e9nergie et avec des clients dans l&rsquo;industrie p\u00e9troli\u00e8re et gazi\u00e8re, SAI est en mesure de fournir les ventilateurs qui se pr\u00eatent aux applications les plus critiques (faible bruit, zone ATEX, haute temp\u00e9rature, ambiance marine&#8230;)<\/p>\n\n<\/div><\/div>\n\n\n\n<div class=\"wp-block-columns is-layout-flex wp-container-core-columns-is-layout-9d6595d7 wp-block-columns-is-layout-flex\">\n<div class=\"wp-block-column is-layout-flow wp-block-column-is-layout-flow\">\n<h3 class=\"wp-block-heading\">Refroidissement par \u00e9vaporation<\/h3>\n\n\n\n<p>Le refroidissement par \u00e9vaporation est entre quatre et sept fois plus \u00e9conomiques que la climatisation conventionnelle, avec co\u00fbt initial plus faible de surcroit.<\/p>\n\n\n\n<p>Pour la ventilation de centrales thermiques, SAI est en mesure de fournir le syst\u00e8me de refroidissement par \u00e9vaporation sur mesure en tenant compte des conditions climatiques, de la qualit\u00e9 de l&rsquo;eau, de l&rsquo;espace disponible&#8230; La temp\u00e9rature ext\u00e9rieure \u00e9tant parfois sup\u00e9rieure \u00e0 30\u00b0 C, les refroidisseurs par \u00e9vaporation peuvent diminuer la temp\u00e9rature de l&rsquo;air souffl\u00e9 d&rsquo;au moins 10 \u00e0 15 \u00b0 C.<\/p>\n\n\n\n<p>Les syst\u00e8mes de refroidissement par \u00e9vaporation peuvent \u00eatre int\u00e9gr\u00e9s \u00e0 des unit\u00e9s compl\u00e8tes de traitement d&rsquo;air comprenant des \u00e9tages de filtration statiques ou autonettoyants, des ventilateurs, des clapets, des gaines&#8230;<\/p>\n<\/div>\n\n\n\n<div class=\"wp-block-column is-vertically-aligned-bottom is-layout-flow wp-block-column-is-layout-flow\" style=\"flex-basis:40%\">\n<figure class=\"wp-block-image size-full\"><img loading=\"lazy\" decoding=\"async\" width=\"1024\" height=\"740\" src=\"http:\/\/saifrance.com\/wp-content\/uploads\/2021\/01\/evap-cooler-module-PS.jpg\" alt=\"Ventilation de centrale \u00e0 moteur HFO moteur diesel  MAN 8V51\/60TS Kossodo Burkina Faso Sonabel Unit\u00e9 de ventilation salle des machines refroidisseur adiabatique\" class=\"wp-image-2930\" style=\"aspect-ratio:4\/3;object-fit:cover\" srcset=\"https:\/\/saifrance.com\/wp-content\/uploads\/2021\/01\/evap-cooler-module-PS.jpg 1024w, https:\/\/saifrance.com\/wp-content\/uploads\/2021\/01\/evap-cooler-module-PS-800x578.jpg 800w, https:\/\/saifrance.com\/wp-content\/uploads\/2021\/01\/evap-cooler-module-PS-768x555.jpg 768w\" sizes=\"auto, (max-width: 1024px) 100vw, 1024px\" \/><\/figure>\n<\/div>\n<\/div>\n\n\n\n<div class=\"wp-block-media-text alignwide has-media-on-the-right is-image-fill-element is-stacked-on-mobile\" style=\"grid-template-columns:auto 42%\"><div class=\"wp-block-media-text__content\">\n<h3 class=\"wp-block-heading\">Gaines de ventilation<\/h3>\n\n\n\n<p>Les gaines de ventilation SAI sont con\u00e7ues pour r\u00e9pondre aux requis techniques les plus sp\u00e9cifiques. Nous sommes \u00e0 m\u00eame de fournir des r\u00e9seaux de gaines complexes aux caract\u00e9ristiques sp\u00e9ciales comprenant:<\/p>\n\n\n\n<ul class=\"wp-block-list\">\n<li>Des constructions en acier galvanis\u00e9<\/li>\n\n\n\n<li>Des constructions en acier peint (jusqu\u2019\u00e0 C5VH)<\/li>\n\n\n\n<li>Des constructions en inox 304, 316L, 316Ti<\/li>\n\n\n\n<li>Des gaines trait\u00e9es acoustiquement<\/li>\n\n\n\n<li>Des gaines \u00ab\u00a0plateaux\u00a0\u00bb \u00e0 assembler sur site<\/li>\n<\/ul>\n<\/div><figure class=\"wp-block-media-text__media\"><img alt=\"\" loading=\"lazy\" decoding=\"async\" width=\"1000\" height=\"773\" src=\"http:\/\/saifrance.com\/wp-content\/uploads\/2021\/02\/KIVU-2-copie.png\" alt=\"\" class=\"wp-image-3587 size-full\" style=\"object-position:50% 50%\" srcset=\"https:\/\/saifrance.com\/wp-content\/uploads\/2021\/02\/KIVU-2-copie.png 1000w, https:\/\/saifrance.com\/wp-content\/uploads\/2021\/02\/KIVU-2-copie-776x600.png 776w, https:\/\/saifrance.com\/wp-content\/uploads\/2021\/02\/KIVU-2-copie-768x594.png 768w\" sizes=\"auto, (max-width: 1000px) 100vw, 1000px\" \/><\/figure><\/div>\n\n\n\n<div class=\"wp-block-media-text alignwide has-media-on-the-right is-image-fill-element is-stacked-on-mobile\" style=\"grid-template-columns:auto 39%\"><div class=\"wp-block-media-text__content\">\n<h3 class=\"wp-block-heading\">Persiennes acoustiques<\/h3>\n\n\n\n<p>Les persiennes acoustiques SAI sont une solution \u00e9conomique pour des att\u00e9nuations de bruit mod\u00e9r\u00e9es et pour de grandes ouvertures travers\u00e9es par de faibles d\u00e9bits..<\/p>\n\n\n\n<p>Elles sont disponibles dans diff\u00e9rents mat\u00e9riaux de construction, et une vari\u00e9t\u00e9 de pr\u00e9parations de surface et de finitions : aluminium anodis\u00e9, acier galvanis\u00e9, acier peint, acier inoxydable\u2026<\/p>\n\n\n\n<p>Elles peuvent \u00eatre \u00e9quip\u00e9es d&rsquo;un large choix d&rsquo;options : grille anti-volatile renforc\u00e9e, bride de fixation&#8230;<\/p>\n<\/div><figure class=\"wp-block-media-text__media\"><img alt=\"\" loading=\"lazy\" decoding=\"async\" width=\"1024\" height=\"791\" src=\"http:\/\/saifrance.com\/wp-content\/uploads\/2021\/02\/Grille-copie.png\" alt=\"\" class=\"wp-image-3641 size-full\" style=\"object-position:50% 50%\" srcset=\"https:\/\/saifrance.com\/wp-content\/uploads\/2021\/02\/Grille-copie.png 1024w, https:\/\/saifrance.com\/wp-content\/uploads\/2021\/02\/Grille-copie-777x600.png 777w, https:\/\/saifrance.com\/wp-content\/uploads\/2021\/02\/Grille-copie-768x593.png 768w\" sizes=\"auto, (max-width: 1024px) 100vw, 1024px\" \/><\/figure><\/div>\n\n\n\n<h2 class=\"wp-block-heading\"><strong>Syst\u00e8mes de filtration int\u00e9gr\u00e9s aux unit\u00e9s de ventilation<\/strong><\/h2>\n\n\n\n<p>Pour \u00e9quiper unit\u00e9s de ventilation, SAI peut fournir la plupart des technologies de filtration disponibles sur le march\u00e9 :<\/p>\n\n\n\n<div class=\"wp-block-columns is-layout-flex wp-container-core-columns-is-layout-9d6595d7 wp-block-columns-is-layout-flex\">\n<div class=\"wp-block-column is-layout-flow wp-block-column-is-layout-flow\">\n<ul class=\"wp-block-list\">\n<li><a href=\"https:\/\/saifrance.com\/fr\/filtres-statiques\/\">Filtres statiques\u00a0<\/a><\/li>\n\n\n\n<li><a href=\"https:\/\/saifrance.com\/fr\/filtres-a-sable\/\">Filtres \u00e0 sable\u00a0<\/a><\/li>\n\n\n\n<li><a href=\"https:\/\/saifrance.com\/fr\/traitement-de-lhumidite\/\">S\u00e9parateurs de gouttes<\/a><\/li>\n<\/ul>\n<\/div>\n\n\n\n<div class=\"wp-block-column is-layout-flow wp-block-column-is-layout-flow\">\n<ul class=\"wp-block-list\">\n<li><a href=\"https:\/\/saifrance.com\/fr\/filtres-jet-pulse\/\">Filtres Jet-Pulse<\/a><\/li>\n\n\n\n<li><a href=\"https:\/\/saifrance.com\/fr\/filtres-a-bain-dhuile\/\">Filtres \u00e0 bain d\u2019huile<\/a><\/li>\n<\/ul>\n<\/div>\n<\/div>\n\n\n\n<figure class=\"wp-block-image size-large\"><img alt=\"\" loading=\"lazy\" decoding=\"async\" width=\"1023\" height=\"772\" src=\"http:\/\/saifrance.com\/wp-content\/uploads\/2021\/01\/exemple-syst-vent.png\" alt=\"Ventilation de centrale \u00e0 moteur HFO\nMoteur diesel \nMAN 18V51\/60TS\nKossodo\nBurkina Faso\nSonabel\nUnit\u00e9 de ventilation salle des machines\nCoffret \u00e9lectrique\nKit d\u2019instrumentation\nFiltres \u00e0 poches G4\nCroatie\nHIS\nBiogaz \nEnfouissement d\u2019ordures m\u00e9nag\u00e8re\nFiltre autonettoyant\nCartrouches cylindriques\nFiltre \u00e0 sable\nFiltre \u00e0 d\u00e9colmatage automatique\nBac \u00e0 pousi\u00e8re\nVentilation de salle des machines\nFiltration d'air comburant\nHarmattan\nTemp\u00eate de sable\nPoussi\u00e8re\nCAT \nMAN\nW\u00e4rtsil\u00e4\nAAF D-PowerPak\nAAF ASC\nARAMCO\n\nVentilation de centrale \u00e0 moteur HFO\nMoteur diesel \nMAN 18V51\/60TS\nKossodo\nBurkina Faso\nSonabel\nUnit\u00e9 de ventilation salle des machines\nFiltre \u00e0 bain d\u2019huile \nViscosine\nAAF\nMultiduty\nFiltrotecnica\nClarcor Autoflo\nShell Tellus\nISO 5011(BS 7226)\n\" class=\"wp-image-3131\" style=\"aspect-ratio:4\/3;object-fit:cover\" srcset=\"https:\/\/saifrance.com\/wp-content\/uploads\/2021\/01\/exemple-syst-vent.png 1023w, https:\/\/saifrance.com\/wp-content\/uploads\/2021\/01\/exemple-syst-vent-795x600.png 795w, https:\/\/saifrance.com\/wp-content\/uploads\/2021\/01\/exemple-syst-vent-768x580.png 768w\" sizes=\"auto, (max-width: 1023px) 100vw, 1023px\" \/><\/figure>\n","protected":false},"excerpt":{"rendered":"<p>SAI est capable de travailler en \u00e9troite collaboration avec des EPC et des clients OEM sur la conception de syst\u00e8mes de ventilation complets avec des d\u00e9bits d&rsquo;air suffisants, un traitement acoustique ad\u00e9quat et un syst\u00e8me de filtration adapt\u00e9. En plus des syst\u00e8mes de ventilation pour centrales thermiques, nous fournissons \u00e9galement des syst\u00e8mes de ventilation d\u00e9di\u00e9s [&hellip;]<\/p>\n","protected":false},"author":1,"featured_media":3117,"parent":0,"menu_order":0,"comment_status":"closed","ping_status":"closed","template":"","meta":{"_seopress_robots_primary_cat":"","_seopress_titles_title":"","_seopress_titles_desc":"","_seopress_robots_index":"","footnotes":""},"class_list":["post-3295","page","type-page","status-publish","has-post-thumbnail","hentry"],"meta_box":[],"_links":{"self":[{"href":"https:\/\/saifrance.com\/fr\/wp-json\/wp\/v2\/pages\/3295","targetHints":{"allow":["GET"]}}],"collection":[{"href":"https:\/\/saifrance.com\/fr\/wp-json\/wp\/v2\/pages"}],"about":[{"href":"https:\/\/saifrance.com\/fr\/wp-json\/wp\/v2\/types\/page"}],"author":[{"embeddable":true,"href":"https:\/\/saifrance.com\/fr\/wp-json\/wp\/v2\/users\/1"}],"replies":[{"embeddable":true,"href":"https:\/\/saifrance.com\/fr\/wp-json\/wp\/v2\/comments?post=3295"}],"version-history":[{"count":25,"href":"https:\/\/saifrance.com\/fr\/wp-json\/wp\/v2\/pages\/3295\/revisions"}],"predecessor-version":[{"id":4399,"href":"https:\/\/saifrance.com\/fr\/wp-json\/wp\/v2\/pages\/3295\/revisions\/4399"}],"wp:featuredmedia":[{"embeddable":true,"href":"https:\/\/saifrance.com\/fr\/wp-json\/wp\/v2\/media\/3117"}],"wp:attachment":[{"href":"https:\/\/saifrance.com\/fr\/wp-json\/wp\/v2\/media?parent=3295"}],"curies":[{"name":"wp","href":"https:\/\/api.w.org\/{rel}","templated":true}]}}