{"id":3292,"date":"2021-01-29T11:15:58","date_gmt":"2021-01-29T10:15:58","guid":{"rendered":"https:\/\/saifrance.com\/?page_id=3292"},"modified":"2021-01-29T11:16:04","modified_gmt":"2021-01-29T10:16:04","slug":"ventilation-pour-turbines-a-gaz","status":"publish","type":"page","link":"https:\/\/saifrance.com\/fr\/ventilation-pour-turbines-a-gaz\/","title":{"rendered":"Ventilation pour turbines \u00e0 gaz"},"content":{"rendered":"\n<blockquote class=\"wp-block-quote is-layout-flow wp-block-quote-is-layout-flow\"><p><strong>Au cours de ces 30 derni\u00e8res ann\u00e9es, SAI a \u00e9quip\u00e9 plus de 600 centrales \u00e9lectriques \u00e0 travers le monde avec des syst\u00e8mes de ventilation pour des d\u00e9bits pouvant parfois largement d\u00e9passer les 1 000 000 m<sup>3<\/sup>\/h.<\/strong><\/p><\/blockquote>\n\n\n\n<p>Les syst\u00e8mes de ventilation con\u00e7us et fabriqu\u00e9s par SAI r\u00e9pondent \u00e0 des probl\u00e9matiques complexes:<\/p>\n\n\n\n<ul class=\"wp-block-list\"><li>Respecter les objectifs acoustiques \u00e0 l\u2019ext\u00e9rieur et&nbsp; parfois \u00e0 l\u2019int\u00e9rieur des b\u00e2timents<\/li><li>Evacuer de mani\u00e8re efficace la chaleur g\u00e9n\u00e9r\u00e9e par les \u00e9quipements<\/li><li>Refroidir de mani\u00e8re cibl\u00e9e certain composants sensibles<\/li><li>Assurer les bons taux de renouvellement de l\u2019air notamment pour les contraintes li\u00e9es \u00e0 l\u2019ATEX<\/li><li>Eviter la formation de poches de gaz dans les b\u00e2timents en cas de fuite&nbsp;<\/li><li>Eliminer les pollutions pr\u00e9sente dans l\u2019air avec diff\u00e9rents syst\u00e8mes de filtration<\/li><li>Refroidir ou r\u00e9chauffer l\u2019air ambiant pour insuffler \u00e0 la bonne temp\u00e9rature<\/li><\/ul>\n\n\n\n<h2 class=\"wp-block-heading\"><strong>Dissipation des calories et des poches de gaz<\/strong><\/h2>\n\n\n\n<p>Les enceintes acoustiques SAI peuvent \u00eatre \u00e9quip\u00e9es de syst\u00e8mes de ventilation permettant la dissipation des calories selon nos calculs CFD. Pour des raisons de s\u00e9curit\u00e9, il est \u00e9galement n\u00e9cessaire d&rsquo;\u00e9vacuer les poches de gaz qui peuvent \u00eatre form\u00e9es suite \u00e0 des fuites. Selon les donn\u00e9es d&rsquo;entr\u00e9e, les conditions de site et les r\u00e9sultats des \u00e9tudes CFD, un syst\u00e8me de ventilation de capotage acoustique peut \u00eatre configur\u00e9 de plusieurs mani\u00e8res :<\/p>\n\n\n\n<div class=\"wp-block-columns is-layout-flex wp-container-core-columns-is-layout-9d6595d7 wp-block-columns-is-layout-flex\">\n<div class=\"wp-block-column is-layout-flow wp-block-column-is-layout-flow\">\n<h3 class=\"wp-block-heading\">Ventilation forc\u00e9 ou naturelle<\/h3>\n\n\n\n<p>La ventilation est forc\u00e9e lorsque le syst\u00e8me int\u00e8gre un moto-ventilateur afin d&rsquo;atteindre les objectifs de mouvement d&rsquo;air. En revanche, une ventilation naturelle comprend des ouvertures dont les dimensions et les positions sont sp\u00e9cifiquement calcul\u00e9es pour assurer un flux d&rsquo;air suffisant sans moto-ventilateur.<\/p>\n\n\n\n<h3 class=\"wp-block-heading\">Ventilation en pression ou en d\u00e9pression<\/h3>\n\n\n\n<p>La ventilation lorsqu&rsquo;elle est forc\u00e9e peut \u00eatre en pression ou en d\u00e9pression selon la direction de flux d&rsquo;air du moto-ventilateur par rapport \u00e0 l&rsquo;enceinte qui est trait\u00e9e.<\/p>\n<\/div>\n\n\n\n<div class=\"wp-block-column is-layout-flow wp-block-column-is-layout-flow\">\n<div class=\"wp-block-image\"><figure class=\"aligncenter size-large\"><img alt=\"\" loading=\"lazy\" decoding=\"async\" width=\"545\" height=\"442\" src=\"https:\/\/saifrance.com\/wp-content\/uploads\/2021\/01\/Image1.png\" alt=\"Enceinte de turbine \u00e0 gaz \nCapotage acoustique ventil\u00e9\nMoto-ventilateur\nBaffles acoustiques\nSilencieux \u00e0 baffles\nSyst\u00e8me de ventilation \nEtude CFD\nA\u00e9raulique\nGE\nALSTOM\nSIEMENS\nMAN\n\" class=\"wp-image-3103\"\/><\/figure><\/div>\n<\/div>\n<\/div>\n\n\n\n<h3 class=\"wp-block-heading\">Ventilation filtr\u00e9e ou non filtr\u00e9e<\/h3>\n\n\n\n<p>Pour les conditions de site complexes (sel, poussi\u00e8re, sable&#8230;), la ventilation peut int\u00e9grer un syst\u00e8me de filtration sur les entr\u00e9e d\u2019air.<\/p>\n\n\n\n<h2 class=\"wp-block-heading\"><strong>Une conception bas\u00e9e sur nos calculs CFD<\/strong><\/h2>\n\n\n\n<p>La CFD (dynamique num\u00e9rique des fluides) sert \u00e0 pr\u00e9dire de mani\u00e8re quantitative les ph\u00e9nom\u00e8nes physiques des fluides de la ventilation. Gr\u00e2ce \u00e0 l&rsquo;analyse des donn\u00e9es d&rsquo;entr\u00e9e (d\u00e9bit, perte de charge&#8230;) et de simulation CFD, les experts SAI sont en mesure de personnaliser votre syst\u00e8me de ventilation, en prenant en compte les vitesses de l&rsquo;air et les diff\u00e9rentes composantes de votre syst\u00e8me de ventilation. Un dimensionnement scrupuleux du moto-ventilateur ainsi que la bonne s\u00e9lection de la vitesse de rotation, du mat\u00e9riel, de la puissance, etc., sont des \u00e9tapes cl\u00e9s dans la r\u00e9duction de la consommation d&rsquo;\u00e9nergie d&rsquo;un syst\u00e8me de ventilation. Lorsque le d\u00e9bit de fonctionnement de l&rsquo;installation est connu, il est n\u00e9cessaire de comparer les courbes d&rsquo;efficacit\u00e9 du ventilateur afin de choisir le mod\u00e8le le plus appropri\u00e9 pour votre installation. Nos ing\u00e9nieurs exp\u00e9riment\u00e9s sont \u00e0 m\u00eame de repousser les limites des strat\u00e9gies de ventilation existantes afin de d\u00e9velopper de nouvelles conceptions \u00e9coresponsables.<\/p>\n\n\n\n<figure class=\"wp-block-image size-large\"><img alt=\"\" loading=\"lazy\" decoding=\"async\" width=\"1360\" height=\"630\" src=\"https:\/\/saifrance.com\/wp-content\/uploads\/2021\/01\/CAPOT-1360x630.jpg\" alt=\"Enceinte de turbine \u00e0 gaz \nCapotage acoustique ventil\u00e9\nMoto-ventilateur\nBaffles acoustiques\nSilencieux \u00e0 baffles\nSyst\u00e8me de ventilation \nEtude CFD\nA\u00e9raulique\nGE\nALSTOM\nSIEMENS\nMAN\n\" class=\"wp-image-3105\" srcset=\"https:\/\/saifrance.com\/wp-content\/uploads\/2021\/01\/CAPOT-1360x630.jpg 1360w, https:\/\/saifrance.com\/wp-content\/uploads\/2021\/01\/CAPOT-800x371.jpg 800w, https:\/\/saifrance.com\/wp-content\/uploads\/2021\/01\/CAPOT-768x356.jpg 768w, https:\/\/saifrance.com\/wp-content\/uploads\/2021\/01\/CAPOT.jpg 1493w\" sizes=\"auto, (max-width: 1360px) 100vw, 1360px\" \/><\/figure>\n\n\n\n<h2 class=\"wp-block-heading\"><strong>Composants des syst\u00e8mes de ventilation forc\u00e9es<\/strong><\/h2>\n\n\n\n<div class=\"wp-block-columns is-layout-flex wp-container-core-columns-is-layout-9d6595d7 wp-block-columns-is-layout-flex\">\n<div class=\"wp-block-column is-layout-flow wp-block-column-is-layout-flow\">\n<ul class=\"wp-block-list\"><li>Silencieux \u00e0 baffles ou silencieux tubulaires<\/li><li>Clapets anti-retour avec contrepoids m\u00e9caniques<\/li><li>Moto-ventilateurs axiaux ou centrifuges<\/li><\/ul>\n<\/div>\n\n\n\n<div class=\"wp-block-column is-layout-flow wp-block-column-is-layout-flow\">\n<ul class=\"wp-block-list\"><li>Registres motoris\u00e9s rectangulaires ou circulaires<\/li><li>Gaines rectangulaires ou circulaires<\/li><li>Filtres \u00e0 sable, persiennes pare-pluie, grillages anti-volatiles\u2026<\/li><\/ul>\n<\/div>\n<\/div>\n\n\n\n<h2 class=\"wp-block-heading\"><strong>Diff\u00e9rentes options possibles<\/strong><\/h2>\n\n\n\n<div class=\"wp-block-columns is-layout-flex wp-container-core-columns-is-layout-9d6595d7 wp-block-columns-is-layout-flex\">\n<div class=\"wp-block-column is-layout-flow wp-block-column-is-layout-flow\">\n<ul class=\"wp-block-list\"><li>Classification ATEX, UL\u2026<\/li><li>Instrumentation: d\u00e9tecteurs de gaz, transmetteurs de pression<\/li><li>Lots \u00e9lectrique complets &nbsp;<\/li><li>Syst\u00e8mes de filtration avec des efficacit\u00e9s de G2, G3, G4 jusqu\u2019\u00e0 F9<\/li><\/ul>\n<\/div>\n\n\n\n<div class=\"wp-block-column is-layout-flow wp-block-column-is-layout-flow\">\n<ul class=\"wp-block-list\"><li>Syst\u00e8mes peinture pour ambiance corrosive (jusqu\u2019au C5VH)<\/li><li>Syst\u00e8mes de r\u00e9chauffage<\/li><li>Moteurs 50 Hz ou 60 Hz<\/li><li>Construction tout inox 304L ou 316L<\/li><\/ul>\n<\/div>\n<\/div>\n","protected":false},"excerpt":{"rendered":"<p>Au cours de ces 30 derni\u00e8res ann\u00e9es, SAI a \u00e9quip\u00e9 plus de 600 centrales \u00e9lectriques \u00e0 travers le monde avec des syst\u00e8mes de ventilation pour des d\u00e9bits pouvant parfois largement d\u00e9passer les 1 000 000 m3\/h. Les syst\u00e8mes de ventilation con\u00e7us et fabriqu\u00e9s par SAI r\u00e9pondent \u00e0 des probl\u00e9matiques complexes: Respecter les objectifs acoustiques \u00e0 [&hellip;]<\/p>\n","protected":false},"author":1,"featured_media":2021,"parent":0,"menu_order":0,"comment_status":"closed","ping_status":"closed","template":"","meta":{"_seopress_robots_primary_cat":"","_seopress_titles_title":"","_seopress_titles_desc":"","_seopress_robots_index":"","footnotes":""},"class_list":["post-3292","page","type-page","status-publish","has-post-thumbnail","hentry"],"meta_box":[],"_links":{"self":[{"href":"https:\/\/saifrance.com\/fr\/wp-json\/wp\/v2\/pages\/3292","targetHints":{"allow":["GET"]}}],"collection":[{"href":"https:\/\/saifrance.com\/fr\/wp-json\/wp\/v2\/pages"}],"about":[{"href":"https:\/\/saifrance.com\/fr\/wp-json\/wp\/v2\/types\/page"}],"author":[{"embeddable":true,"href":"https:\/\/saifrance.com\/fr\/wp-json\/wp\/v2\/users\/1"}],"replies":[{"embeddable":true,"href":"https:\/\/saifrance.com\/fr\/wp-json\/wp\/v2\/comments?post=3292"}],"version-history":[{"count":2,"href":"https:\/\/saifrance.com\/fr\/wp-json\/wp\/v2\/pages\/3292\/revisions"}],"predecessor-version":[{"id":3294,"href":"https:\/\/saifrance.com\/fr\/wp-json\/wp\/v2\/pages\/3292\/revisions\/3294"}],"wp:featuredmedia":[{"embeddable":true,"href":"https:\/\/saifrance.com\/fr\/wp-json\/wp\/v2\/media\/2021"}],"wp:attachment":[{"href":"https:\/\/saifrance.com\/fr\/wp-json\/wp\/v2\/media?parent=3292"}],"curies":[{"name":"wp","href":"https:\/\/api.w.org\/{rel}","templated":true}]}}