{"id":3289,"date":"2021-01-29T11:15:28","date_gmt":"2021-01-29T10:15:28","guid":{"rendered":"https:\/\/saifrance.com\/?page_id=3289"},"modified":"2025-09-23T10:23:40","modified_gmt":"2025-09-23T08:23:40","slug":"traitement-de-lhumidite","status":"publish","type":"page","link":"https:\/\/saifrance.com\/fr\/traitement-de-lhumidite\/","title":{"rendered":"Traitement de l&rsquo;humidit\u00e9"},"content":{"rendered":"\n<blockquote class=\"wp-block-quote is-layout-flow wp-block-quote-is-layout-flow\">\n<p><strong>SAI propose des solutions de filtration pour des environnements humides, les zones c\u00f4ti\u00e8res,\u00a0 l\u2019offshore et \u00e9galement pour les applications marines.<\/strong><\/p>\n<\/blockquote>\n\n\n\n<h2 class=\"wp-block-heading\">S\u00e9parateurs de gouttes \u00e0 lames verticales<\/h2>\n\n\n\n<p>Ces s\u00e9parateurs sont con\u00e7us pour \u00e9liminer les gouttelettes d&rsquo;eau de l&rsquo;air pour prot\u00e9ger vos \u00e9quipements contre la corrosion ou le colmatage. Ils peuvent \u00eatre install\u00e9s sur des syst\u00e8mes de ventilation ou sur des syst\u00e8mes de filtration d\u2019air comburant pour turbines \u00e0 gaz, moteurs, compresseurs&#8230; Ces s\u00e9parateurs d&rsquo;humidit\u00e9 sont adapt\u00e9s \u00e0 des flux d\u2019air horizontaux.<\/p>\n\n\n\n<p>Le profil\u00e9 du s\u00e9parateur de gouttes une fois assembl\u00e9 forme des chicanes. Ces s\u00e9parateurs de gouttes assurent une faible perte de charge combin\u00e9e \u00e0 une performance de s\u00e9paration \u00e9lev\u00e9e.<\/p>\n\n\n\n<p>Les profil\u00e9s sont disponibles en diff\u00e9rents mat\u00e9riaux, le plus populaire \u00e9tant en polypropyl\u00e8ne renforc\u00e9 de talc. En fonction des applications, SAI fournit des s\u00e9parateurs de gouttes r\u00e9alis\u00e9s en aluminium marin ou en inox 316L. Sur ces s\u00e9parateurs \u00e0 lames verticales, les vitesses frontales de passage sont recommand\u00e9es entre 3 et 5 m\/s.<\/p>\n\n\n\n<figure class=\"wp-block-image size-large is-resized\"><img alt=\"\" loading=\"lazy\" decoding=\"async\" width=\"906\" height=\"380\" src=\"http:\/\/saifrance.com\/wp-content\/uploads\/2020\/11\/Image12.png\" alt=\"S\u00e9parateur de gouttes\nPersiennes \u00e0 lames verticales\naluminium\ninox\nMarine\noffshore\nCamVane 100\nAmervane VI\nDF 2500\n\" class=\"wp-image-2031\" style=\"width:996px;height:418px\" srcset=\"https:\/\/saifrance.com\/wp-content\/uploads\/2020\/11\/Image12.png 906w, https:\/\/saifrance.com\/wp-content\/uploads\/2020\/11\/Image12-800x336.png 800w, https:\/\/saifrance.com\/wp-content\/uploads\/2020\/11\/Image12-768x322.png 768w\" sizes=\"auto, (max-width: 906px) 100vw, 906px\" \/><\/figure>\n\n\n\n<p>Fort d\u2019une exp\u00e9rience de plus de 25 ans sur la fourniture de solutions de traitement de l\u2019air destin\u00e9s principalement au domaine de l\u2019\u00e9nergie, SAI a livr\u00e9 des centaines d\u2019installations \u00e9quip\u00e9es de persiennes pare-pluie \u00e0 lames verticales avec de tr\u00e8s nombreuses options:<\/p>\n\n\n\n<ul class=\"wp-block-list\">\n<li>Montage sur charni\u00e8res avec graisseur et contre-cadre pour fixation en applique sur un g\u00e9nie civil, conteneur, structure support<\/li>\n\n\n\n<li>Installation de filtres secondaires en aval des persiennes pare-pluie<\/li>\n\n\n\n<li>Construction tout inox 316L pour des applications marine<\/li>\n\n\n\n<li>Syst\u00e8mes de collection de l\u2019eau r\u00e9siduelle au bas des persiennes<\/li>\n\n\n\n<li>Tra\u00e7age \u00e9lectrique pour lutter contre le givre avec la possibilit\u00e9 de tra\u00e7age \u00e9lectrique ATEX<\/li>\n<\/ul>\n\n\n\n<h2 class=\"wp-block-heading\">S\u00e9parateurs de gouttes pour flux d\u2019air verticaux<\/h2>\n\n\n\n<div class=\"wp-block-media-text alignwide has-media-on-the-right is-stacked-on-mobile\"><figure class=\"wp-block-media-text__media\"><img alt=\"\" loading=\"lazy\" decoding=\"async\" width=\"1000\" height=\"773\" src=\"http:\/\/saifrance.com\/wp-content\/uploads\/2020\/12\/Separateurs-2-Photoshop.png\" alt=\"parateurs de gouttes\nHotte pare-pluie\nCaisson de filtration d'air\nAAF AmerDrop\nRefroidissement adiabatique\nDonaldson AG6582508\n\" class=\"wp-image-2675\" srcset=\"https:\/\/saifrance.com\/wp-content\/uploads\/2020\/12\/Separateurs-2-Photoshop.png 1000w, https:\/\/saifrance.com\/wp-content\/uploads\/2020\/12\/Separateurs-2-Photoshop-776x600.png 776w, https:\/\/saifrance.com\/wp-content\/uploads\/2020\/12\/Separateurs-2-Photoshop-768x594.png 768w\" sizes=\"auto, (max-width: 1000px) 100vw, 1000px\" \/><\/figure><div class=\"wp-block-media-text__content\">\n\n<p>Des s\u00e9parateurs de gouttes sont employ\u00e9s pour \u00e9liminer les gouttes d&rsquo;eau du d\u00e9bit d&rsquo;air \u00e0 traiter. En g\u00e9n\u00e9ral, cette technologie d&rsquo;\u00e9limination de l&rsquo;humidit\u00e9 est install\u00e9e \u00e0 l&rsquo;int\u00e9rieur de hottes pare-pluie qui couvrent les caissons de filtration d&rsquo;air comburant. Ces s\u00e9parateurs de gouttes sont appropri\u00e9s pour la filtration avec un flux d\u2019air vertical. Ils sont particuli\u00e8rement utilis\u00e9s dans des syst\u00e8mes de filtration d\u2019air autonettoyants.<\/p>\n\n<\/div><\/div>\n\n\n\n<p>Les s\u00e9parateurs de gouttes sont fabriqu\u00e9s \u00e0 partir de feuilles thermo-form\u00e9es et ondul\u00e9es de PVC haute qualit\u00e9. Leur forme g\u00e9om\u00e9trique pr\u00e9sente des canaux dans lesquels les gouttelettes sont efficacement retenues et \u00e9limin\u00e9es du flux d&rsquo;air tout en maintenant une tr\u00e8s faible perte de charge. La couleur du PVC permet une parfaite r\u00e9sistance aux UV conform\u00e9ment aux exigences de l&rsquo;industrie. Par ailleurs, les \u00e9liminateurs en PVC pr\u00e9sentent l&rsquo;avantage d&rsquo;offrir une adh\u00e9rence maximum aux gouttelettes d&rsquo;eau. Cette adh\u00e9rence permet une meilleure efficacit\u00e9 pour \u00e9liminer l&rsquo;eau hors du flux d&rsquo;air. Le mod\u00e8le SAI DES130 pr\u00e9sente un des formats les plus courants avec deux changements directionnels.<\/p>\n\n\n\n<h2 class=\"wp-block-heading\">Filtres coalesceurs<\/h2>\n\n\n\n<div class=\"wp-block-media-text is-stacked-on-mobile is-image-fill-element alignwide\" style=\"grid-template-columns:43% auto\"><figure class=\"wp-block-media-text__media\"><img alt=\"\" loading=\"lazy\" decoding=\"async\" width=\"1000\" height=\"773\" src=\"http:\/\/saifrance.com\/wp-content\/uploads\/2020\/12\/Coupe-Photoshop.png\" alt=\"Congo\nPerenco\nLikouala\nPlateforme offshore\nCaisson de filtration d'air\nSolar Taurus 60\nElimination de l'humidit\u00e9\nEmbruns marins\nCapotage acoustique\nAlternateur\nElimination du sel\nhydroMaxx coalescer pocket filter\nDropsafe\nAAF Amerkleen \nAmervane VI\nAmerdrop\nAmershield\nAmerKool GT\nAmerkool M81\nDeltrian \nCAM-FLO GT HYBRID\nePM10 70%, ePM2,5 65%, ePM1 50% Bag filters\" class=\"wp-image-2677 size-full\" style=\"object-position:50% 50%\" srcset=\"https:\/\/saifrance.com\/wp-content\/uploads\/2020\/12\/Coupe-Photoshop.png 1000w, https:\/\/saifrance.com\/wp-content\/uploads\/2020\/12\/Coupe-Photoshop-776x600.png 776w, https:\/\/saifrance.com\/wp-content\/uploads\/2020\/12\/Coupe-Photoshop-768x594.png 768w\" sizes=\"auto, (max-width: 1000px) 100vw, 1000px\" \/><\/figure><div class=\"wp-block-media-text__content\">\n<p>Ces syst\u00e8mes de filtration \u00e0 plusieurs \u00e9tages sont utilis\u00e9s pour \u00e9liminer efficacement l\u2019eau, les brouillards et les embruns marins. Gr\u00e2ce \u00e0 leur conception avec plusieurs \u00e9tages, les s\u00e9parateurs de gouttes sont suivis de pr\u00e9-filtres coalesceurs ou de filtre \u00e0 poches n\u00e9cessaires pour r\u00e9pondre aux exigences des clients.<\/p>\n\n\n\n<p>L\u2019efficacit\u00e9 des filtres utilis\u00e9s varie entre&nbsp; 70% selon l\u2019ISO Coarse avec des pr\u00e9filtres pliss\u00e9s jusqu\u2019\u00e0 ePM10 70%, ePM2,5 65% and ePM1 50%&nbsp; avec des filtres \u00e0 poches.<\/p>\n\n\n\n<p>En combinant plusieurs \u00e9tages de filtration, on arrive \u00e0 offrir des solutions tr\u00e8s compactes et qui offrent beaucoup d\u2019accessibilit\u00e9 pour des maintenances facilit\u00e9s.<\/p>\n<\/div><\/div>\n\n\n\n<p>SAI a une grande exp\u00e9rience dans la fourniture de caissons de filtration d\u00e9di\u00e9s \u00e0 l\u2019\u00e9limination de l\u2019humidit\u00e9 et principalement pour des applications marine et sur les plateformes en mer. Ces derni\u00e8res ann\u00e9es, nous avons r\u00e9alis\u00e9 plusieurs projet de remplacement de caisson de filtration n\u2019offrant pas les performances attendues. Au-del\u00e0 des filtres coalesceurs \u00e0 plusieurs \u00e9tages, nous savons \u00e9galement fournir des solutions compl\u00e8tes incluant les caissons de filtration, les moto-ventilateurs et \u00e9galement l\u2019instrumentation, le tout avec les certifications ATEX n\u00e9cessaires.&nbsp;&nbsp;<\/p>\n\n\n\n<h2 class=\"wp-block-heading\">Persiennes pare-pluie avec syst\u00e8me de r\u00e9chauffage pour application offshore et marine<\/h2>\n\n\n\n<p>Les persiennes pare-pluie avec s\u00e9parateurs de gouttes SAI sont con\u00e7ues pour des applications sp\u00e9ciales telles que pour les syst\u00e8me de ventilation sur les plateformes offshore, les applications marines et les centrales de production d\u2019\u00e9lectricit\u00e9: admissions d\u2019air pour les turbines \u00e0 gaz, les moteurs et les compresseurs. Ces applications n\u00e9cessitent une excellente fiabilit\u00e9 des performances, une conception robuste et le plus souvent un design sur-mesure. Les chicanes form\u00e9es par les lames utilis\u00e9es dans les persiennes permettent de r\u00e9duire le passage de l\u2019eau, des embruns marins.<\/p>\n\n\n<div class=\"wp-block-image\">\n<figure class=\"aligncenter size-full is-resized\"><img alt=\"\" loading=\"lazy\" decoding=\"async\" width=\"914\" height=\"447\" src=\"http:\/\/saifrance.com\/wp-content\/uploads\/2020\/11\/Image11-3.png\" alt=\"S\u00e9parateur de gouttes\nPersiennes \u00e0 lames verticales\nAnti-givre\nChauffant\naluminium\ninox\nMarine\noffshore\nATEX\nArtique\nMarine\nBateau\nVenilation de la salle des machines\nAmervane VI\nCamvane\nNucl\u00e9aire\nDFH antigivrant et anti-neige\n\" class=\"wp-image-1929\" style=\"aspect-ratio:16\/9;object-fit:cover;width:797px\" srcset=\"https:\/\/saifrance.com\/wp-content\/uploads\/2020\/11\/Image11-3.png 914w, https:\/\/saifrance.com\/wp-content\/uploads\/2020\/11\/Image11-3-800x391.png 800w, https:\/\/saifrance.com\/wp-content\/uploads\/2020\/11\/Image11-3-768x376.png 768w\" sizes=\"auto, (max-width: 914px) 100vw, 914px\" \/><\/figure>\n<\/div>\n\n\n<p>SAI est en mesure de fournir des persiennes pare-pluie enti\u00e8rement r\u00e9alis\u00e9es en inox 316L et \u00e9quip\u00e9es de syst\u00e8mes de r\u00e9chauffage. Selon l\u2019efficacit\u00e9 souhait\u00e9e, nous sommes en mesure de fournir diff\u00e9rents mod\u00e8les de s\u00e9parateurs avec un nombre de chicane variant selon l\u2019efficacit\u00e9 demand\u00e9e. Des cordons chauffants autor\u00e9gul\u00e9s qui tiennent compte des conditions ext\u00e9rieures assurent le d\u00e9givrage. En fonction des design et des conditions de site, la consommation \u00e9lectrique est d\u2019environ 3 kW\/m\u00b2. Ces s\u00e9parateurs peuvent \u00eatre r\u00e9alis\u00e9s sur-mesure pour s\u2019adapter aux contraintes du client:<\/p>\n\n\n\n<ul class=\"wp-block-list\">\n<li>Montage avec bride aval ou montage \u00ab\u00a0en gaine\u00a0\u00bb<\/li>\n\n\n\n<li>Evacuation d\u2019eau en amont ou au-dessous de la persienne<\/li>\n\n\n\n<li>Fourniture d\u2019\u00e9tages de filtration secondaire<\/li>\n\n\n\n<li>Tra\u00e7age \u00e9lectrique disponible \u00e9galement en version ATEX<\/li>\n\n\n\n<li>Consommation \u00e9lectrique ~ 3 kW\/m\u00b2<\/li>\n<\/ul>\n","protected":false},"excerpt":{"rendered":"<p>SAI propose des solutions de filtration pour des environnements humides, les zones c\u00f4ti\u00e8res,\u00a0 l\u2019offshore et \u00e9galement pour les applications marines. S\u00e9parateurs de gouttes \u00e0 lames verticales Ces s\u00e9parateurs sont con\u00e7us pour \u00e9liminer les gouttelettes d&rsquo;eau de l&rsquo;air pour prot\u00e9ger vos \u00e9quipements contre la corrosion ou le colmatage. Ils peuvent \u00eatre install\u00e9s sur des syst\u00e8mes de [&hellip;]<\/p>\n","protected":false},"author":1,"featured_media":2027,"parent":0,"menu_order":0,"comment_status":"closed","ping_status":"closed","template":"","meta":{"_seopress_robots_primary_cat":"","_seopress_titles_title":"","_seopress_titles_desc":"","_seopress_robots_index":"","footnotes":""},"class_list":["post-3289","page","type-page","status-publish","has-post-thumbnail","hentry"],"meta_box":[],"_links":{"self":[{"href":"https:\/\/saifrance.com\/fr\/wp-json\/wp\/v2\/pages\/3289","targetHints":{"allow":["GET"]}}],"collection":[{"href":"https:\/\/saifrance.com\/fr\/wp-json\/wp\/v2\/pages"}],"about":[{"href":"https:\/\/saifrance.com\/fr\/wp-json\/wp\/v2\/types\/page"}],"author":[{"embeddable":true,"href":"https:\/\/saifrance.com\/fr\/wp-json\/wp\/v2\/users\/1"}],"replies":[{"embeddable":true,"href":"https:\/\/saifrance.com\/fr\/wp-json\/wp\/v2\/comments?post=3289"}],"version-history":[{"count":6,"href":"https:\/\/saifrance.com\/fr\/wp-json\/wp\/v2\/pages\/3289\/revisions"}],"predecessor-version":[{"id":4393,"href":"https:\/\/saifrance.com\/fr\/wp-json\/wp\/v2\/pages\/3289\/revisions\/4393"}],"wp:featuredmedia":[{"embeddable":true,"href":"https:\/\/saifrance.com\/fr\/wp-json\/wp\/v2\/media\/2027"}],"wp:attachment":[{"href":"https:\/\/saifrance.com\/fr\/wp-json\/wp\/v2\/media?parent=3289"}],"curies":[{"name":"wp","href":"https:\/\/api.w.org\/{rel}","templated":true}]}}