{"id":3286,"date":"2021-01-29T11:14:57","date_gmt":"2021-01-29T10:14:57","guid":{"rendered":"https:\/\/saifrance.com\/?page_id=3286"},"modified":"2021-03-01T09:45:12","modified_gmt":"2021-03-01T08:45:12","slug":"optimisations-remises-en-etat","status":"publish","type":"page","link":"https:\/\/saifrance.com\/fr\/optimisations-remises-en-etat\/","title":{"rendered":"Optimisations \/ Remises en \u00e9tat"},"content":{"rendered":"\n<blockquote class=\"wp-block-quote is-layout-flow wp-block-quote-is-layout-flow\"><p><strong><strong>SAI offre des solutions de modification et de conversion des installations existantes pour atteindre des objectifs de meilleures performances et de meilleurs rendements.<\/strong><\/strong><\/p><\/blockquote>\n\n\n\n<p>G\u00e9n\u00e9ralement, les centrales \u00e9lectriques ne sont pas situ\u00e9es dans des environnements id\u00e9aux. Par cons\u00e9quence, SAI travaille en \u00e9troite collaboration avec les op\u00e9rateurs des centrales thermiques pour les aider \u00e0 retrouver un bon fonctionnement des installations et dans la mesure du possible pour am\u00e9liorer les performances. Gr\u00e2ce \u00e0 son expertise, SAI proposer \u00e0 ses clients des am\u00e9liorations pour leurs admissions d&rsquo;air et ainsi les aider \u00e0 surmonter les d\u00e9fis pour assurer un rendement optimum de leurs turbines ou moteurs et ce pour de nombreuses ann\u00e9es.<\/p>\n\n\n\n<div class=\"wp-block-columns is-layout-flex wp-container-core-columns-is-layout-9d6595d7 wp-block-columns-is-layout-flex\">\n<div class=\"wp-block-column is-layout-flow wp-block-column-is-layout-flow\">\n<ul class=\"wp-block-list\"><li>Diminution des pertes de charge moyenne des filtres<\/li><li>R\u00e9duction de la consommation en \u00e9nergie<\/li><li>R\u00e9duction de la dur\u00e9e des arr\u00eats de production<\/li><\/ul>\n<\/div>\n\n\n\n<div class=\"wp-block-column is-layout-flow wp-block-column-is-layout-flow\">\n<ul class=\"wp-block-list\"><li>Diminution de l&rsquo;encrassement des compresseurs<\/li><li>Intervalles plus importantes entre les maintenances<\/li><li>Diminution des niveaux de bruit<\/li><\/ul>\n<\/div>\n<\/div>\n\n\n\n<div class=\"wp-block-image\"><figure class=\"aligncenter size-large is-resized\"><img alt=\"\" loading=\"lazy\" decoding=\"async\" src=\"https:\/\/saifrance.com\/wp-content\/uploads\/2020\/10\/Image2-4.png\" alt=\"Tunisie\nCarthage Power Company\nGE 9E\nSpintubes\nfiltres inertiels\npr\u00e9filtres coalesceurs\nAm\u00e9lioration des performances\nRemise en \u00e9tat\nDiminution des pertes de charge \u00e0 l'admission\nElimination de l'humidit\u00e9\nBord de mer\n\" class=\"wp-image-1186\" width=\"988\" height=\"627\" srcset=\"https:\/\/saifrance.com\/wp-content\/uploads\/2020\/10\/Image2-4.png 904w, https:\/\/saifrance.com\/wp-content\/uploads\/2020\/10\/Image2-4-800x508.png 800w, https:\/\/saifrance.com\/wp-content\/uploads\/2020\/10\/Image2-4-768x488.png 768w\" sizes=\"auto, (max-width: 988px) 100vw, 988px\" \/><\/figure><\/div>\n\n\n\n<div class=\"wp-block-media-text alignwide has-media-on-the-right is-stacked-on-mobile\" style=\"grid-template-columns:auto 31%\"><figure class=\"wp-block-media-text__media\"><img alt=\"\" loading=\"lazy\" decoding=\"async\" width=\"263\" height=\"248\" src=\"https:\/\/saifrance.com\/wp-content\/uploads\/2020\/10\/Image5-4.png\" alt=\"Tunisie\nSTEG\nGE 9E\ncoude\nGaine\nadmission d'air comburant\nGrillage de s\u00e9curit\u00e9\nCompensateur\nCaisson de filtration d'air\nSilencieux d'admission\n\" class=\"wp-image-1192 size-full\"\/><\/figure><div class=\"wp-block-media-text__content\">\n<p>Pour chaque composant des syst\u00e8mes d&rsquo;admission de l&rsquo;air, SAI fournit des solutions de remise en \u00e9tat sur mesure:<\/p>\n\n\n\n<h2 class=\"wp-block-heading\">Acc\u00e8s<\/h2>\n\n\n\n<p class=\"has-noir-color has-text-color\">Les plateformes de maintenance, les acc\u00e8s ext\u00e9rieurs ou les passerelles int\u00e9rieures peuvent \u00eatre r\u00e9par\u00e9s, modifi\u00e9s ou am\u00e9lior\u00e9s afin d&rsquo;assurer une meilleure s\u00e9curit\u00e9 des op\u00e9rateurs et de faciliter l&rsquo;entretien des caissons de filtration<\/p>\n\n\n\n<h2 class=\"wp-block-heading\">Hottes pare-pluie \/ pare-neige<\/h2>\n\n\n\n<p>Les hottes d\u2019admission d&rsquo;air peuvent \u00eatre am\u00e9lior\u00e9s par l&rsquo;installation de s\u00e9parateurs de gouttes, de filtres coalesceurs ou de grillages de protection anti-insectes ou anti-volatiles.<\/p>\n<\/div><\/div>\n\n\n\n<div class=\"wp-block-media-text alignwide has-media-on-the-right is-stacked-on-mobile\" style=\"grid-template-columns:auto 31%\"><figure class=\"wp-block-media-text__media\"><img alt=\"\" loading=\"lazy\" decoding=\"async\" width=\"259\" height=\"230\" src=\"https:\/\/saifrance.com\/wp-content\/uploads\/2020\/10\/Image6-2.png\" alt=\"\" class=\"wp-image-1195 size-full\"\/><\/figure><div class=\"wp-block-media-text__content\">\n<h2 class=\"wp-block-heading\">Caissons de filtration<\/h2>\n\n\n\n<p>Sur les caissons en acier peint, la corrosion peut devenir un probl\u00e8me grave. SAI est parfaitement capable de r\u00e9parer et r\u00e9nover les dommages dus \u00e0 la corrosion.<\/p>\n\n\n\n<h2 class=\"wp-block-heading\">Instrumentation et composants \u00e9lectriques<\/h2>\n\n\n\n<p>Les instrumentations, capteurs, s\u00e9quenceurs, armoires \u00e9lectriques, \u00e9clairages peuvent \u00eatre remplac\u00e9, r\u00e9par\u00e9 ou optimis\u00e9 afin de remettre les installations en conformit\u00e9.<\/p>\n<\/div><\/div>\n\n\n\n<div class=\"wp-block-media-text alignwide has-media-on-the-right is-stacked-on-mobile\" style=\"grid-template-columns:auto 31%\"><figure class=\"wp-block-media-text__media\"><img alt=\"\" loading=\"lazy\" decoding=\"async\" width=\"264\" height=\"232\" src=\"https:\/\/saifrance.com\/wp-content\/uploads\/2020\/10\/Image7-2.png\" alt=\"\" class=\"wp-image-1197 size-full\"\/><\/figure><div class=\"wp-block-media-text__content\">\n<h2 class=\"wp-block-heading\">Supports de filtres<\/h2>\n\n\n\n<p>Aussi bien sur les admissions d\u2019air statiques qu\u2019autonettoyantes, SAI est en mesure d\u2019optimiser les syst\u00e8mes de supports de filtres. Au fil du temps, les loquets, les mandrins et les autres dispositifs de serrage peuvent se desserrer ou m\u00eame rouiller. Pour pallier \u00e0 ces probl\u00e8mes, SAI a d\u00e9velopp\u00e9 plusieurs solutions et est en mesure de r\u00e9habiliter les plans filtrants pour garantir une parfaite \u00e9tanch\u00e9it\u00e9 et permettre aux compresseurs de b\u00e9n\u00e9ficier de l\u2019efficacit\u00e9 maximale des \u00e9l\u00e9ments de filtration.<\/p>\n<\/div><\/div>\n\n\n\n<div class=\"wp-block-media-text alignwide has-media-on-the-right is-stacked-on-mobile\" style=\"grid-template-columns:auto 31%\"><figure class=\"wp-block-media-text__media\"><img alt=\"\" loading=\"lazy\" decoding=\"async\" width=\"266\" height=\"234\" src=\"https:\/\/saifrance.com\/wp-content\/uploads\/2020\/10\/Image8-1.png\" alt=\"\" class=\"wp-image-1199 size-full\"\/><\/figure><div class=\"wp-block-media-text__content\">\n<h2 class=\"wp-block-heading\">Syst\u00e8mes pneumatiques<\/h2>\n\n\n\n<p>Les syst\u00e8mes pneumatiques n\u00e9cessitent un entretien et une surveillance ad\u00e9quate. Lorsque les syst\u00e8mes de nettoyage par impulsion ne fonctionnent pas correctement, SAI peut analyser les probl\u00e8mes et fournir les solutions appropri\u00e9es.<\/p>\n\n\n\n<h2 class=\"wp-block-heading\">Autres accessoires pouvant \u00eatre r\u00e9par\u00e9s ou remplac\u00e9s<\/h2>\n\n\n\n<p class=\"has-noir-color has-text-color\">SAI sait optimiser ou remplacer les composants suivants : joints d&rsquo;expansion, baffles acoustiques, ventilateurs d&rsquo;extraction de poussi\u00e8re, convoyeurs \u00e0 vis&#8230;<\/p>\n<\/div><\/div>\n\n\n\n<p><\/p>\n\n\n\n<p><\/p>\n\n\n\n<p><\/p>\n","protected":false},"excerpt":{"rendered":"<p>SAI offre des solutions de modification et de conversion des installations existantes pour atteindre des objectifs de meilleures performances et de meilleurs rendements. G\u00e9n\u00e9ralement, les centrales \u00e9lectriques ne sont pas situ\u00e9es dans des environnements id\u00e9aux. Par cons\u00e9quence, SAI travaille en \u00e9troite collaboration avec les op\u00e9rateurs des centrales thermiques pour les aider \u00e0 retrouver un bon [&hellip;]<\/p>\n","protected":false},"author":1,"featured_media":1202,"parent":0,"menu_order":0,"comment_status":"closed","ping_status":"closed","template":"","meta":{"_seopress_robots_primary_cat":"","_seopress_titles_title":"","_seopress_titles_desc":"","_seopress_robots_index":"","footnotes":""},"class_list":["post-3286","page","type-page","status-publish","has-post-thumbnail","hentry"],"meta_box":[],"_links":{"self":[{"href":"https:\/\/saifrance.com\/fr\/wp-json\/wp\/v2\/pages\/3286","targetHints":{"allow":["GET"]}}],"collection":[{"href":"https:\/\/saifrance.com\/fr\/wp-json\/wp\/v2\/pages"}],"about":[{"href":"https:\/\/saifrance.com\/fr\/wp-json\/wp\/v2\/types\/page"}],"author":[{"embeddable":true,"href":"https:\/\/saifrance.com\/fr\/wp-json\/wp\/v2\/users\/1"}],"replies":[{"embeddable":true,"href":"https:\/\/saifrance.com\/fr\/wp-json\/wp\/v2\/comments?post=3286"}],"version-history":[{"count":6,"href":"https:\/\/saifrance.com\/fr\/wp-json\/wp\/v2\/pages\/3286\/revisions"}],"predecessor-version":[{"id":3793,"href":"https:\/\/saifrance.com\/fr\/wp-json\/wp\/v2\/pages\/3286\/revisions\/3793"}],"wp:featuredmedia":[{"embeddable":true,"href":"https:\/\/saifrance.com\/fr\/wp-json\/wp\/v2\/media\/1202"}],"wp:attachment":[{"href":"https:\/\/saifrance.com\/fr\/wp-json\/wp\/v2\/media?parent=3286"}],"curies":[{"name":"wp","href":"https:\/\/api.w.org\/{rel}","templated":true}]}}