{"id":3283,"date":"2021-01-29T11:14:14","date_gmt":"2021-01-29T10:14:14","guid":{"rendered":"https:\/\/saifrance.com\/?page_id=3283"},"modified":"2022-12-21T11:26:24","modified_gmt":"2022-12-21T10:26:24","slug":"filtres-a-sable","status":"publish","type":"page","link":"https:\/\/saifrance.com\/fr\/filtres-a-sable\/","title":{"rendered":"Filtres \u00e0 sable"},"content":{"rendered":"\n<blockquote class=\"wp-block-quote is-layout-flow wp-block-quote-is-layout-flow\">\n<p><strong>SAI propose des solutions de filtration pour des environnements pr\u00e9sentant de fortes concentrations en poussi\u00e8res tels que les zones d\u00e9sertiques, les mines, les cimenteries\u2026<\/strong><\/p>\n<\/blockquote>\n\n\n\n<h2 class=\"wp-block-heading\">Filtres Jet-pulse Compact<\/h2>\n\n\n\n<div class=\"wp-block-media-text alignwide has-media-on-the-right is-stacked-on-mobile\"><div class=\"wp-block-media-text__content\">\n<p>Ces \u00e9quipements sont sp\u00e9cialement adapt\u00e9s aux syst\u00e8mes d&rsquo;admission pour les moteurs diesel et gaz. Ces filtres autonettoyants sont \u00e9galement applicables \u00e0 d&rsquo;autres machines tournantes comme les compresseurs et turbines \u00e0 gaz de petite puissance. Sur des sites tr\u00e8s pollu\u00e9s comme les usines de traitement des minerais, les mines ou les cimenteries, le syst\u00e8me Jet-Pulse peut \u00e9galement \u00eatre adapt\u00e9 aux syst\u00e8mes de ventilation pour prot\u00e9ger les op\u00e9rateurs dans les salles de contr\u00f4le ou pour prot\u00e9ger les appareils sensibles dans les salles \u00e9lectriques. <\/p>\n<\/div><figure class=\"wp-block-media-text__media\"><img alt=\"\" loading=\"lazy\" decoding=\"async\" width=\"1000\" height=\"773\" src=\"https:\/\/saifrance.com\/wp-content\/uploads\/2020\/12\/Filtre-a-salbe-Jet-pulse-compact-coupe-Photoshop.png\" alt=\"Filtre autonettoyant\nCartrouches cylindriques\nFiltre \u00e0 sable\nFiltre \u00e0 d\u00e9colmatage automatique\nBac \u00e0 pousi\u00e8re\nVentilation de salle des machines\nFiltration d'air comburant\nHarmattan\nTemp\u00eate de sable\nPoussi\u00e8re\nCAT \nMAN\nW\u00e4rtsil\u00e4\nAAF D-PowerPak\nAAF ASC\nARAMCO\n\" class=\"wp-image-2656 size-full\" srcset=\"https:\/\/saifrance.com\/wp-content\/uploads\/2020\/12\/Filtre-a-salbe-Jet-pulse-compact-coupe-Photoshop.png 1000w, https:\/\/saifrance.com\/wp-content\/uploads\/2020\/12\/Filtre-a-salbe-Jet-pulse-compact-coupe-Photoshop-776x600.png 776w, https:\/\/saifrance.com\/wp-content\/uploads\/2020\/12\/Filtre-a-salbe-Jet-pulse-compact-coupe-Photoshop-768x594.png 768w\" sizes=\"auto, (max-width: 1000px) 100vw, 1000px\" \/><\/figure><\/div>\n\n\n\n<p>Parmi les nombreux avantages offerts:<\/p>\n\n\n\n<div class=\"wp-block-columns is-layout-flex wp-container-core-columns-is-layout-9d6595d7 wp-block-columns-is-layout-flex\">\n<div class=\"wp-block-column is-layout-flow wp-block-column-is-layout-flow\">\n<ul class=\"wp-block-list\">\n<li>Entretien faible <\/li>\n\n\n\n<li>Adapt\u00e9 aux temp\u00eates de sable <\/li>\n\n\n\n<li>Fabrication acier galvanis\u00e9, inox ou en acier carbone<\/li>\n\n\n\n<li>D\u00e9bit entre 6 000 et 100 000 m<sup>3<\/sup>\/h<\/li>\n<\/ul>\n<\/div>\n\n\n\n<div class=\"wp-block-column is-layout-flow wp-block-column-is-layout-flow\">\n<ul class=\"wp-block-list\">\n<li>Construction robuste <\/li>\n\n\n\n<li>Convient aux faibles d\u00e9bits d&rsquo;air<\/li>\n\n\n\n<li>Efficacit\u00e9 des filtres de M6 jusqu&rsquo;\u00e0 M9<\/li>\n\n\n\n<li>Dur\u00e9e de vie des cartouches allant de 1 \u00e0 3 ans<\/li>\n<\/ul>\n<\/div>\n<\/div>\n\n\n\n<p><\/p>\n\n\n\n<h2 class=\"wp-block-heading\">S\u00e9parateurs inertiels avec extraction forc\u00e9e<\/h2>\n\n\n\n<p><\/p>\n\n\n\n<div class=\"wp-block-media-text alignwide is-stacked-on-mobile\"><figure class=\"wp-block-media-text__media\"><img alt=\"\" loading=\"lazy\" decoding=\"async\" width=\"1000\" height=\"773\" src=\"https:\/\/saifrance.com\/wp-content\/uploads\/2021\/01\/Filtre-a-sable-Filtre-inertiel-3-Photoshop.png\" alt=\"\" class=\"wp-image-2694 size-full\" srcset=\"https:\/\/saifrance.com\/wp-content\/uploads\/2021\/01\/Filtre-a-sable-Filtre-inertiel-3-Photoshop.png 1000w, https:\/\/saifrance.com\/wp-content\/uploads\/2021\/01\/Filtre-a-sable-Filtre-inertiel-3-Photoshop-776x600.png 776w, https:\/\/saifrance.com\/wp-content\/uploads\/2021\/01\/Filtre-a-sable-Filtre-inertiel-3-Photoshop-768x594.png 768w\" sizes=\"auto, (max-width: 1000px) 100vw, 1000px\" \/><\/figure><div class=\"wp-block-media-text__content\">\n<p>Les s\u00e9parateurs inertiels ont \u00e9t\u00e9 sp\u00e9cialement \u00e9tudi\u00e9s pour les r\u00e9gions o\u00f9 l&rsquo;on rencontre de fortes concentrations de poussi\u00e8res \u00e0 densit\u00e9 \u00e9lev\u00e9e. Les s\u00e9parateurs inertiels \u00e0 extraction secondaire donnent d&rsquo;excellents r\u00e9sultats dans les environnements o\u00f9 s\u00e9vissent des temp\u00eates de sable. Le s\u00e9parateur inertiel peut \u00eatre utilis\u00e9 seul ou comme pr\u00e9filtre afin de r\u00e9duire les co\u00fbts d&rsquo;entretien des filtres secondaires. Pour les projets miniers, les clients recherchent des solutions de r\u00e9duction des co\u00fbts et nos syst\u00e8mes autonettoyants sont l&rsquo;une des meilleures solutions pour \u00e9quiper les sites isol\u00e9s. Gr\u00e2ce \u00e0 la fonction autonettoyante, les s\u00e9parateurs inertiels \u00e0 extraction de poussi\u00e8res de SAI minimisent la maintenance et les temps d&rsquo;arr\u00eat. Ils peuvent \u00eatre \u00e9quip\u00e9s avec de nombreuses options.<\/p>\n<\/div><\/div>\n\n\n\n<p>Les s\u00e9parateurs inertiels peuvent \u00eatre \u00e9quip\u00e9s avec les options suivantes :<\/p>\n\n\n\n<div class=\"wp-block-columns is-layout-flex wp-container-core-columns-is-layout-9d6595d7 wp-block-columns-is-layout-flex\">\n<div class=\"wp-block-column is-layout-flow wp-block-column-is-layout-flow\">\n<ul class=\"wp-block-list\">\n<li>Acier inoxydable, Corten\u00ae ou acier galvanis\u00e9<\/li>\n\n\n\n<li> Pi\u00e8ce de transition et ventilateurs d&rsquo;extraction<\/li>\n\n\n\n<li><a href=\"https:\/\/saifrance.com\/fr\/traitement-de-lhumidite\/\">Hottes pare-pluie<\/a><\/li>\n\n\n\n<li><a href=\"https:\/\/saifrance.com\/fr\/les-silencieux\/\">Silencieux<\/a><\/li>\n<\/ul>\n<\/div>\n\n\n\n<div class=\"wp-block-column is-layout-flow wp-block-column-is-layout-flow\">\n<ul class=\"wp-block-list\">\n<li>Caisson avec pl\u00e9num <\/li>\n\n\n\n<li>Registres motoris\u00e9s<\/li>\n\n\n\n<li>Grillage anti-volatiles ou anti-insectes<\/li>\n\n\n\n<li>\u00c9tages de filtration suppl\u00e9mentaires<\/li>\n<\/ul>\n<\/div>\n<\/div>\n","protected":false},"excerpt":{"rendered":"<p>SAI propose des solutions de filtration pour des environnements pr\u00e9sentant de fortes concentrations en poussi\u00e8res tels que les zones d\u00e9sertiques, les mines, les cimenteries\u2026 Filtres Jet-pulse Compact Ces \u00e9quipements sont sp\u00e9cialement adapt\u00e9s aux syst\u00e8mes d&rsquo;admission pour les moteurs diesel et gaz. Ces filtres autonettoyants sont \u00e9galement applicables \u00e0 d&rsquo;autres machines tournantes comme les compresseurs et [&hellip;]<\/p>\n","protected":false},"author":1,"featured_media":2331,"parent":0,"menu_order":0,"comment_status":"closed","ping_status":"closed","template":"","meta":{"_seopress_robots_primary_cat":"","_seopress_titles_title":"","_seopress_titles_desc":"","_seopress_robots_index":"","footnotes":""},"class_list":["post-3283","page","type-page","status-publish","has-post-thumbnail","hentry"],"meta_box":[],"_links":{"self":[{"href":"https:\/\/saifrance.com\/fr\/wp-json\/wp\/v2\/pages\/3283","targetHints":{"allow":["GET"]}}],"collection":[{"href":"https:\/\/saifrance.com\/fr\/wp-json\/wp\/v2\/pages"}],"about":[{"href":"https:\/\/saifrance.com\/fr\/wp-json\/wp\/v2\/types\/page"}],"author":[{"embeddable":true,"href":"https:\/\/saifrance.com\/fr\/wp-json\/wp\/v2\/users\/1"}],"replies":[{"embeddable":true,"href":"https:\/\/saifrance.com\/fr\/wp-json\/wp\/v2\/comments?post=3283"}],"version-history":[{"count":4,"href":"https:\/\/saifrance.com\/fr\/wp-json\/wp\/v2\/pages\/3283\/revisions"}],"predecessor-version":[{"id":4014,"href":"https:\/\/saifrance.com\/fr\/wp-json\/wp\/v2\/pages\/3283\/revisions\/4014"}],"wp:featuredmedia":[{"embeddable":true,"href":"https:\/\/saifrance.com\/fr\/wp-json\/wp\/v2\/media\/2331"}],"wp:attachment":[{"href":"https:\/\/saifrance.com\/fr\/wp-json\/wp\/v2\/media?parent=3283"}],"curies":[{"name":"wp","href":"https:\/\/api.w.org\/{rel}","templated":true}]}}