{"id":3280,"date":"2021-01-29T11:13:43","date_gmt":"2021-01-29T10:13:43","guid":{"rendered":"https:\/\/saifrance.com\/?page_id=3280"},"modified":"2021-02-04T16:14:29","modified_gmt":"2021-02-04T15:14:29","slug":"filtres-a-bain-dhuile","status":"publish","type":"page","link":"https:\/\/saifrance.com\/fr\/filtres-a-bain-dhuile\/","title":{"rendered":"Filtres \u00e0 bain d\u2019huile"},"content":{"rendered":"\n<blockquote class=\"wp-block-quote is-layout-flow wp-block-quote-is-layout-flow\"><p><strong>SAI se distingue comme un des seuls fournisseurs du march\u00e9 \u00e0 offrir des filtres \u00e0 bain d\u2019huile qui sont utilis\u00e9s dans des syst\u00e8mes d\u2019admission d\u2019air comburant pour moteurs ou dans des unit\u00e9s de ventilation destin\u00e9es \u00e0 \u00e9quiper des environnements tr\u00e8s empoussi\u00e9r\u00e9s.<\/strong><\/p><\/blockquote>\n\n\n\n<p>Les filtres \u00e0 bain d&rsquo;huile \u00e0 panneaux rotatifs sont principalement utilis\u00e9s dans les installations industrielles o\u00f9 de grands volumes d&rsquo;air et une forte concentration de poussi\u00e8res doivent \u00eatre trait\u00e9s.<\/p>\n\n\n\n<h2 class=\"wp-block-heading\">Une technologie \u00e9prouv\u00e9e<\/h2>\n\n\n\n<p>Elle existe depuis plus de 50 ans et d\u2019innombrables installations dans le monde sont \u00e9quip\u00e9s avec des filtres \u00e0 bain d\u2019huile: syst\u00e8mes de ventilation de m\u00e9tros au Moyen-Orient, unit\u00e9s d\u2019admission d\u2019air comburant de moteurs HFO \u00e0 travers le globe, unit\u00e9s de ventilation pour les centrales thermiques\u2026<\/p>\n\n\n\n<div class=\"wp-block-image\"><figure class=\"aligncenter size-large is-resized\"><img alt=\"\" loading=\"lazy\" decoding=\"async\" src=\"https:\/\/saifrance.com\/wp-content\/uploads\/2020\/12\/OBF2-Photoshop.png\" alt=\"Terminal LNG\nOman LNG\nMAN 18V51\/60G\nMoteur gaz \nFiltre \u00e0 bain d'huile\nUnit\u00e9s de ventilation salle des machines\nATEX\nViscosine\nAAF\nMultiduty\nFiltrotecnica\nBord de mer\nW\u00e4rtsil\u00e4\nMAN \nCAT\nMWM\nClarcor Autoflo\nAuto-flo 2000\nShell Tellus\n\" class=\"wp-image-2481\" width=\"981\" height=\"758\" srcset=\"https:\/\/saifrance.com\/wp-content\/uploads\/2020\/12\/OBF2-Photoshop.png 1000w, https:\/\/saifrance.com\/wp-content\/uploads\/2020\/12\/OBF2-Photoshop-776x600.png 776w, https:\/\/saifrance.com\/wp-content\/uploads\/2020\/12\/OBF2-Photoshop-768x594.png 768w\" sizes=\"auto, (max-width: 981px) 100vw, 981px\" \/><\/figure><\/div>\n\n\n\n<p>Les filtres \u00e0 bain d\u2019huiles \u00e0 panneaux rotatifs pr\u00e9sentent de nombreux int\u00e9r\u00eats. Ils sont tout d\u2019abord tr\u00e8s \u00e9conomiques par rapport \u00e0 des <a href=\"https:\/\/saifrance.com\/fr\/filtres-statiques\/\">caissons de filtration statiques<\/a> \u00e0 plusieurs \u00e9tages ou par rapport \u00e0 des <a href=\"https:\/\/saifrance.com\/fr\/filtres-jet-pulse\/\">filtres autonettoyants \u00e0 d\u00e9colmatage automatique<\/a>.<\/p>\n\n\n\n<p>M\u00eame si leur efficacit\u00e9 de filtration reste limit\u00e9e, ils sont \u00e9quivalents \u00e0 des filtres G3 pour des constructions en panneaux simples et G4 pour des constructions en panneaux doubles. Leur principal avantage est de pr\u00e9senter une perte de charge constante d\u2019environ 250 Pa quel que soit l\u2019\u00e9tat d\u2019encrassement. Contrairement aux filtres qui utilisent des \u00e9l\u00e9ments filtrants consommables, les filtres \u00e0 bain d\u2019huile ne n\u00e9cessitent pas de maintenance particuli\u00e8re hormis le nettoyage p\u00e9riode du bac \u00e0 huile.<\/p>\n\n\n\n<p>Gr\u00e2ce \u00e0 leur principe de fonctionnement, ils peuvent ing\u00e9rer d\u2019\u00e9normes quantit\u00e9s de poussi\u00e8res sans jamais colmater. Dans des conditions d\u00e9sertiques y-compris lors de temp\u00eates de sables et m\u00eame pr\u00e9sence d\u2019importantes concentrations en poussi\u00e8res tel que dans des cimenteries, les filtres \u00e0 bain d\u2019huile restent fiables et stoppent efficacement le plus gros des poussi\u00e8res.&nbsp;<\/p>\n\n\n\n<p>Les filtres \u00e0 bain d&rsquo;huile de SAI peuvent \u00eatre \u00e9quip\u00e9s de diff\u00e9rents composants en amont et en aval des panneaux rotatifs :<\/p>\n\n\n\n<div class=\"wp-block-columns is-layout-flex wp-container-core-columns-is-layout-9d6595d7 wp-block-columns-is-layout-flex\">\n<div class=\"wp-block-column is-layout-flow wp-block-column-is-layout-flow\">\n<ul class=\"wp-block-list\" id=\"block-8e368e54-b71e-4fcc-a061-64ce0e7e3b2c\"><li><a href=\"https:\/\/saifrance.com\/fr\/filtres-a-sable\/\">Syst\u00e8mes inertiels d&rsquo;extraction de poussi\u00e8res<\/a><\/li><li><a href=\"https:\/\/saifrance.com\/fr\/traitement-de-lhumidite\/\">Hottes et persiennes pare-pluie\u00a0<\/a><\/li><li>\u00c9tages secondaires de filtration secondaire<\/li><\/ul>\n<\/div>\n\n\n\n<div class=\"wp-block-column is-layout-flow wp-block-column-is-layout-flow\">\n<ul class=\"wp-block-list\" id=\"block-8e368e54-b71e-4fcc-a061-64ce0e7e3b2c\"><li><a href=\"https:\/\/saifrance.com\/fr\/silencieux-dissipatif\/\">Silencieux d&rsquo;admission (tubulaires ou \u00e0 baffles)<\/a><\/li><li>Plenum d&rsquo;admission, gaine et compensateurs<\/li><li>Structures supports &amp; skids\u00a0\u00a0\u00a0<\/li><\/ul>\n<\/div>\n<\/div>\n\n\n\n<p><\/p>\n","protected":false},"excerpt":{"rendered":"<p>SAI se distingue comme un des seuls fournisseurs du march\u00e9 \u00e0 offrir des filtres \u00e0 bain d\u2019huile qui sont utilis\u00e9s dans des syst\u00e8mes d\u2019admission d\u2019air comburant pour moteurs ou dans des unit\u00e9s de ventilation destin\u00e9es \u00e0 \u00e9quiper des environnements tr\u00e8s empoussi\u00e9r\u00e9s. Les filtres \u00e0 bain d&rsquo;huile \u00e0 panneaux rotatifs sont principalement utilis\u00e9s dans les installations [&hellip;]<\/p>\n","protected":false},"author":1,"featured_media":2005,"parent":0,"menu_order":0,"comment_status":"closed","ping_status":"closed","template":"","meta":{"_seopress_robots_primary_cat":"","_seopress_titles_title":"","_seopress_titles_desc":"","_seopress_robots_index":"","footnotes":""},"class_list":["post-3280","page","type-page","status-publish","has-post-thumbnail","hentry"],"meta_box":[],"_links":{"self":[{"href":"https:\/\/saifrance.com\/fr\/wp-json\/wp\/v2\/pages\/3280","targetHints":{"allow":["GET"]}}],"collection":[{"href":"https:\/\/saifrance.com\/fr\/wp-json\/wp\/v2\/pages"}],"about":[{"href":"https:\/\/saifrance.com\/fr\/wp-json\/wp\/v2\/types\/page"}],"author":[{"embeddable":true,"href":"https:\/\/saifrance.com\/fr\/wp-json\/wp\/v2\/users\/1"}],"replies":[{"embeddable":true,"href":"https:\/\/saifrance.com\/fr\/wp-json\/wp\/v2\/comments?post=3280"}],"version-history":[{"count":3,"href":"https:\/\/saifrance.com\/fr\/wp-json\/wp\/v2\/pages\/3280\/revisions"}],"predecessor-version":[{"id":3572,"href":"https:\/\/saifrance.com\/fr\/wp-json\/wp\/v2\/pages\/3280\/revisions\/3572"}],"wp:featuredmedia":[{"embeddable":true,"href":"https:\/\/saifrance.com\/fr\/wp-json\/wp\/v2\/media\/2005"}],"wp:attachment":[{"href":"https:\/\/saifrance.com\/fr\/wp-json\/wp\/v2\/media?parent=3280"}],"curies":[{"name":"wp","href":"https:\/\/api.w.org\/{rel}","templated":true}]}}