{"id":3278,"date":"2021-01-29T11:04:44","date_gmt":"2021-01-29T10:04:44","guid":{"rendered":"https:\/\/saifrance.com\/?page_id=3278"},"modified":"2021-02-16T09:44:49","modified_gmt":"2021-02-16T08:44:49","slug":"filtres-jet-pulse","status":"publish","type":"page","link":"https:\/\/saifrance.com\/fr\/filtres-jet-pulse\/","title":{"rendered":"Filtres Jet-Pulse"},"content":{"rendered":"\n<blockquote class=\"wp-block-quote is-layout-flow wp-block-quote-is-layout-flow\"><p><strong>Les filtres SAI Jet-Pulse sont con\u00e7us pour offrir des pertes de charge minimes m\u00eame en pr\u00e9sence de conditions d&#8217;empoussi\u00e8rement tr\u00e8s difficiles<\/strong><\/p><\/blockquote>\n\n\n\n<p>Les caissons de filtration \u00e0 d\u00e9colmatage automatique ont \u00e9t\u00e9 initialement d\u00e9velopp\u00e9s pour \u00e9quiper les machines tournantes expos\u00e9es \u00e0 des concentrations \u00e9lev\u00e9es en poussi\u00e8res dans des climats arides : temp\u00eates de sable, poussi\u00e8res saisonni\u00e8res telles que le harmattan, pr\u00e9sence de lat\u00e9rite\u2026 Les filtres SAI Jet-Pulse sont con\u00e7us pour r\u00e9pondre aux attentes des exploitants dans les conditions d&#8217;empoussi\u00e8rement les plus extr\u00eames.<\/p>\n\n\n\n<p>La conception modulaire de ces filtres en facilite le transport et le montage. De nombreuses options ainsi qu\u2019un large choix de m\u00e9dia filtrants sont disponibles pour r\u00e9pondre aux besoins les plus divers et assurer un filtrage d\u2019excellente qualit\u00e9, y compris pour avec des d\u00e9bits d\u2019air tr\u00e8s importants.<\/p>\n\n\n\n<h2 class=\"wp-block-heading\">Une perte de charge minime pour assurer de meilleures performances<\/h2>\n\n\n\n<p>Les filtres SAI Jet-Pulse offrent une faible perte de charge tout en garantissant une efficacit\u00e9 de filtration \u00e9lev\u00e9e et une longue dur\u00e9e de vie. Le d\u00e9colmatage automatique du SAI Jet-Pulse r\u00e9duit le cycle de maintenance des cartouches filtrantes par rapport aux autres syst\u00e8mes de filtration. Les faibles pertes de charge des filtres SAI Jet-Pulse maximisent le rendement des machines tournantes. <\/p>\n\n\n\n<figure class=\"wp-block-image size-large\"><img alt=\"\" loading=\"lazy\" decoding=\"async\" width=\"1325\" height=\"1024\" src=\"https:\/\/saifrance.com\/wp-content\/uploads\/2020\/12\/Rasovo5-1325x1024.png\" alt=\"Station de compression\nTurbine \u00e0 gaz \nSolar Mars 100S\nFiltre autonettoyant\nCartouches autonettoyantes F9\nD\u00e9givrage\nNova Provadia\nRasovo\nDeltrian\nISO 16890\nSiemens\nCentrax\nAAF Crossflow\nDonaldson GDX\n\" class=\"wp-image-2547\" srcset=\"https:\/\/saifrance.com\/wp-content\/uploads\/2020\/12\/Rasovo5-1325x1024.png 1325w, https:\/\/saifrance.com\/wp-content\/uploads\/2020\/12\/Rasovo5-777x600.png 777w, https:\/\/saifrance.com\/wp-content\/uploads\/2020\/12\/Rasovo5-768x593.png 768w, https:\/\/saifrance.com\/wp-content\/uploads\/2020\/12\/Rasovo5.png 1500w\" sizes=\"auto, (max-width: 1325px) 100vw, 1325px\" \/><\/figure>\n\n\n\n<h2 class=\"wp-block-heading\">Dur\u00e9e de vie des \u00e9l\u00e9ments filtrants jusqu&rsquo;\u00e0 plus de 3 ans en fonctionnement continu<\/h2>\n\n\n\n<p>Les filtres SAI Jet-Pulse sont souvent utilis\u00e9s sur des sites difficiles d\u2019acc\u00e8s et avec des conditions climatiques extr\u00eames. Gr\u00e2ce \u00e0 la longue dur\u00e9e de vie des \u00e9l\u00e9ments filtrants, la maintenance est facilit\u00e9e et le fonctionnement des machines tournantes est fiabilis\u00e9. Sur de nombreuses installations livr\u00e9es par SAI, la dur\u00e9e de vie des cartouches install\u00e9es d\u00e9passe les 3 ans de fonctionnement.<\/p>\n\n\n\n<h2 class=\"wp-block-heading\">Transport et montage sur site en toute simplicit\u00e9<\/h2>\n\n\n\n<p>Les caissons de filtration SAI Jet-Pulse sont de conception modulaire. Les diff\u00e9rents modules sont pr\u00e9vus pour \u00eatre transport\u00e9s sur camions et empot\u00e9s en conteneurs maritimes. \u00c9tant donn\u00e9 que chaque module est pr\u00e9assembl\u00e9 en usine, le montage sur site est simple et rapide: les modules sont pr\u00eats \u00e0 assembler avec des joints en mousse pr\u00e9d\u00e9coup\u00e9e.<\/p>\n\n\n\n<h2 class=\"wp-block-heading\">Large gamme d&rsquo;options pour r\u00e9pondre aux besoins les plus sp\u00e9cifiques<\/h2>\n\n\n\n<p>Les filtres SAI Jet-Pulse conviennent aux turbines \u00e0 gaz, compresseurs et moteurs diesel ou gaz fonctionnant dans des environnements o\u00f9 la concentration de poussi\u00e8res est tr\u00e8s forte (d\u00e9serts, zones de construction, mines, usines de traitement de minerai\u2026). Les caissons peuvent \u00eatre produits en acier peint ou en acier.<\/p>\n\n\n\n<div class=\"wp-block-columns is-layout-flex wp-container-core-columns-is-layout-9d6595d7 wp-block-columns-is-layout-flex\">\n<div class=\"wp-block-column is-layout-flow wp-block-column-is-layout-flow\">\n<ul class=\"wp-block-list\"><li>Conception r\u00e9pondant aux normes ATEX<\/li><li><a href=\"https:\/\/saifrance.com\/fr\/traitement-de-lhumidite\/\">Hottes pare-pluie avec s\u00e9parateurs de gouttes<\/a><\/li><li>Syst\u00e8me de refroidissement par \u00e9vaporation<\/li><li>Efficacit\u00e9 standard : F9 selon EN779:2012<\/li><\/ul>\n<\/div>\n\n\n\n<div class=\"wp-block-column is-layout-flow wp-block-column-is-layout-flow\">\n<ul class=\"wp-block-list\"><li>Rideaux ou registres motoris\u00e9s<\/li><li><a href=\"https:\/\/saifrance.com\/fr\/buses-anti-givre\/\">D\u00e9givrage par injection d&rsquo;air chaud<\/a><\/li><li>Etage final jusqu&rsquo;\u00e0 E12 selon EN 1822<\/li><li>D\u00e9bits de 10 000 m<sup>3<\/sup>\/h \u00e0 plus de 1 000 000 m<sup>3<\/sup>\/h<\/li><\/ul>\n<\/div>\n<\/div>\n\n\n\n<h2 class=\"wp-block-heading\">Avantages:<\/h2>\n\n\n\n<div class=\"wp-block-columns is-layout-flex wp-container-core-columns-is-layout-9d6595d7 wp-block-columns-is-layout-flex\">\n<div class=\"wp-block-column is-layout-flow wp-block-column-is-layout-flow\">\n<ul class=\"wp-block-list\"><li>Con\u00e7us pour les environnements difficiles&nbsp;<\/li><li>Large choix de m\u00e9dia filtrants<\/li><\/ul>\n<\/div>\n\n\n\n<div class=\"wp-block-column is-layout-flow wp-block-column-is-layout-flow\">\n<ul class=\"wp-block-list\"><li>Peu d&rsquo;entretien<\/li><li>Conception modulaire et robuste<\/li><\/ul>\n\n\n\n<p><\/p>\n<\/div>\n<\/div>\n\n\n\n<div class=\"wp-block-image\"><figure class=\"aligncenter size-medium is-resized\"><img alt=\"\" loading=\"lazy\" decoding=\"async\" src=\"https:\/\/saifrance.com\/wp-content\/uploads\/2020\/12\/Filtres-Jet-Pulse-bombonnes-de-decolmatage-Vindecy-Solar-800x530.jpg\" alt=\"Caisson de filtration d'air\nTurbine \u00e0 gaz\nCompresseur\nMoteur \u00e0 gaz\nBonbonne d'air comprim\u00e9\nVannes de d\u00e9colmatage pneumatique\nBoitier pilote\nFiltre Jet-Pulse\nFiltre autonettoyant\ncartouches F9\nAAF pulstar\nDonaldson TTD\n\" class=\"wp-image-2285\" width=\"602\" height=\"399\" srcset=\"https:\/\/saifrance.com\/wp-content\/uploads\/2020\/12\/Filtres-Jet-Pulse-bombonnes-de-decolmatage-Vindecy-Solar-800x530.jpg 800w, https:\/\/saifrance.com\/wp-content\/uploads\/2020\/12\/Filtres-Jet-Pulse-bombonnes-de-decolmatage-Vindecy-Solar-1360x901.jpg 1360w, https:\/\/saifrance.com\/wp-content\/uploads\/2020\/12\/Filtres-Jet-Pulse-bombonnes-de-decolmatage-Vindecy-Solar-768x509.jpg 768w, https:\/\/saifrance.com\/wp-content\/uploads\/2020\/12\/Filtres-Jet-Pulse-bombonnes-de-decolmatage-Vindecy-Solar-1536x1017.jpg 1536w, https:\/\/saifrance.com\/wp-content\/uploads\/2020\/12\/Filtres-Jet-Pulse-bombonnes-de-decolmatage-Vindecy-Solar-2048x1356.jpg 2048w\" sizes=\"auto, (max-width: 602px) 100vw, 602px\" \/><\/figure><\/div>\n","protected":false},"excerpt":{"rendered":"<p>Les filtres SAI Jet-Pulse sont con\u00e7us pour offrir des pertes de charge minimes m\u00eame en pr\u00e9sence de conditions d&#8217;empoussi\u00e8rement tr\u00e8s difficiles Les caissons de filtration \u00e0 d\u00e9colmatage automatique ont \u00e9t\u00e9 initialement d\u00e9velopp\u00e9s pour \u00e9quiper les machines tournantes expos\u00e9es \u00e0 des concentrations \u00e9lev\u00e9es en poussi\u00e8res dans des climats arides : temp\u00eates de sable, poussi\u00e8res saisonni\u00e8res telles [&hellip;]<\/p>\n","protected":false},"author":1,"featured_media":1903,"parent":0,"menu_order":0,"comment_status":"closed","ping_status":"closed","template":"","meta":{"_seopress_robots_primary_cat":"","_seopress_titles_title":"","_seopress_titles_desc":"SAI FRANCE, nos filtres Jet-Pulse sont con\u00e7us pour r\u00e9pondre aux attentes des exploitants dans les conditions d&#039;empoussi\u00e8rement les plus extr\u00eames.","_seopress_robots_index":"","_seopress_analysis_target_kw":"","footnotes":""},"class_list":["post-3278","page","type-page","status-publish","has-post-thumbnail","hentry"],"meta_box":[],"_links":{"self":[{"href":"https:\/\/saifrance.com\/fr\/wp-json\/wp\/v2\/pages\/3278","targetHints":{"allow":["GET"]}}],"collection":[{"href":"https:\/\/saifrance.com\/fr\/wp-json\/wp\/v2\/pages"}],"about":[{"href":"https:\/\/saifrance.com\/fr\/wp-json\/wp\/v2\/types\/page"}],"author":[{"embeddable":true,"href":"https:\/\/saifrance.com\/fr\/wp-json\/wp\/v2\/users\/1"}],"replies":[{"embeddable":true,"href":"https:\/\/saifrance.com\/fr\/wp-json\/wp\/v2\/comments?post=3278"}],"version-history":[{"count":3,"href":"https:\/\/saifrance.com\/fr\/wp-json\/wp\/v2\/pages\/3278\/revisions"}],"predecessor-version":[{"id":3594,"href":"https:\/\/saifrance.com\/fr\/wp-json\/wp\/v2\/pages\/3278\/revisions\/3594"}],"wp:featuredmedia":[{"embeddable":true,"href":"https:\/\/saifrance.com\/fr\/wp-json\/wp\/v2\/media\/1903"}],"wp:attachment":[{"href":"https:\/\/saifrance.com\/fr\/wp-json\/wp\/v2\/media?parent=3278"}],"curies":[{"name":"wp","href":"https:\/\/api.w.org\/{rel}","templated":true}]}}