{"id":3275,"date":"2021-01-29T10:33:52","date_gmt":"2021-01-29T09:33:52","guid":{"rendered":"https:\/\/saifrance.com\/?page_id=3275"},"modified":"2025-09-23T10:21:16","modified_gmt":"2025-09-23T08:21:16","slug":"filtres-statiques","status":"publish","type":"page","link":"https:\/\/saifrance.com\/fr\/filtres-statiques\/","title":{"rendered":"Filtres statiques"},"content":{"rendered":"\n<blockquote class=\"wp-block-quote is-layout-flow wp-block-quote-is-layout-flow\">\n<p><strong>Les machines tournantes m\u00e9ritent la meilleure filtration pour des performances optimales. SAI a d\u00e9velopp\u00e9 des solutions de filtration statique robustes et innovantes.<\/strong><\/p>\n<\/blockquote>\n\n\n\n<p>La filtration statique est particuli\u00e8rement bien adapt\u00e9e pour les climats continentaux, l\u2019offshore, les r\u00e9gions froides ou tropicales. Elle se d\u00e9cline dans un large \u00e9ventail de solutions pour prot\u00e9ger les machines tournantes de la poussi\u00e8re humide et collante, des particules d\u2019hydrocarbures, des fum\u00e9es, des suies et de la pollution industrielle.<\/p>\n\n\n\n<h2 class=\"wp-block-heading\">Une filtration de haute efficacit\u00e9 avec une r\u00e9tention de poussi\u00e8re maximale<\/h2>\n\n\n\n<p>Les caissons de filtration sont con\u00e7us avec plusieurs \u00e9tages de filtres pour une meilleure efficacit\u00e9 et une protection accrue des machines tournantes. Pour \u00e9quiper ses caissons de filtration statique, SAI a s\u00e9lectionn\u00e9 une gamme d&rsquo;\u00e9l\u00e9ments filtrants avec les meilleures performances du march\u00e9. Nos caissons sont \u00e9quip\u00e9s de filtres combinant une grande capacit\u00e9 de r\u00e9tention des poussi\u00e8res et une efficacit\u00e9 de filtration finale tr\u00e8s \u00e9lev\u00e9e.<\/p>\n\n\n\n<h2 class=\"wp-block-heading\">Facilit\u00e9 de transport et de montage sur site<\/h2>\n\n\n\n<p>Les caissons de SAI sont constitu\u00e9s de modules adapt\u00e9s pour un transport en conteneurs maritimes ou pour un transport par la route. Ces modules sont \u00e9tudi\u00e9s pour \u00eatre rapidement assembl\u00e9s sur site. SAI s\u2019assure que les plans filtrants sont compatibles avec tous les filtres du march\u00e9, et adaptables \u00e0 n\u2019importe quelle configuration de filtration.<\/p>\n\n\n<div class=\"wp-block-image\">\n<figure class=\"aligncenter size-large is-resized\"><img alt=\"\" loading=\"lazy\" decoding=\"async\" width=\"910\" height=\"468\" src=\"http:\/\/saifrance.com\/wp-content\/uploads\/2020\/11\/Filtres-statiques-8.png\" alt=\"Krummhorn\nStation de compression\nOpen Grid Europe \nTurbine \u00e0 gaz \nSolar Mars 100\nCaisson de filtration statique\nAdmission d'air comburant \nFiltres absolus E12\nFiltres miniplis F9\nFiltres \u00e0 poches M6\nAnti-icing infrarouge\nRegistre motoris\u00e9\nDeltrian\nISO 16890\nPlan filtrant \nFiltres t\u00eate-b\u00eache\nATEX II 2G\nEntretoise\nFiltration EPA\nCamfil\nDonaldson\nAAF\nEMW\nMaxiPleat cassette filter\neMaxx cassette filter\n\" class=\"wp-image-1897\" style=\"width:995px;height:512px\" srcset=\"https:\/\/saifrance.com\/wp-content\/uploads\/2020\/11\/Filtres-statiques-8.png 910w, https:\/\/saifrance.com\/wp-content\/uploads\/2020\/11\/Filtres-statiques-8-800x411.png 800w, https:\/\/saifrance.com\/wp-content\/uploads\/2020\/11\/Filtres-statiques-8-768x395.png 768w\" sizes=\"auto, (max-width: 910px) 100vw, 910px\" \/><\/figure>\n<\/div>\n\n\n<blockquote class=\"wp-block-quote is-style-default is-layout-flow wp-block-quote-is-layout-flow\">\n<p><strong>La filtration (H)EPA (ISO ePM1> 95%) est devenue synonyme de fiabilit\u00e9 \u00e9lev\u00e9e et d&rsquo;am\u00e9lioration des performances<\/strong><\/p>\n<\/blockquote>\n\n\n\n<p>Pour l\u2019application turbine \u00e0 gaz ou pour les compresseurs, les caissons peuvent \u00eatre \u00e9quip\u00e9s de plans filtrants m\u00e9canosoud\u00e9s finaux \u00e9quip\u00e9s de filtres (H)EPA, (ISO ePM1&gt; 95% selon la norme ISO 16890).<\/p>\n\n\n\n<p>Gr\u00e2ce \u00e0 ces filtres absolus, l\u2019encrassement n\u2019est plus un probl\u00e8me et les op\u00e9rateurs des machines tournantes sont assur\u00e9s de maximiser leur production pendant des dizaines d\u2019ann\u00e9es. La filtration (H)EPA combin\u00e9e \u00e0 plusieurs \u00e9tages de filtration est \u00e9galement particuli\u00e8rement adapt\u00e9e pour lutter contre les dommages dus aux effets ind\u00e9sirables de la corrosion.<\/p>\n\n\n\n<p>Les plans filtrants d\u00e9velopp\u00e9s par SAI sont l\u00e9gers, robustes et ils permettent d\u2019installer tous les filtres du commerce avec diff\u00e9rentes combinaisons possibles. En standard, SAI installe pour la plupart de ses clients des plans filtrants avec les deux derniers \u00e9tages de filtration mont\u00e9s en t\u00eate-b\u00eache. Cette configuration offre de nombreux avantages: protection optimale du filtre finisseur, faible encombrement, possibilit\u00e9 de suivre les pertes de charges des deux \u00e9tages de filtres gr\u00e2ce \u00e0 des entretoises dispos\u00e9es pour effectuer la mesure en continue de la pression diff\u00e9rentielle du filtre mont\u00e9 en amont du dispositif en t\u00eate-b\u00eache.<\/p>\n\n\n<div class=\"wp-block-image\">\n<figure class=\"aligncenter size-large is-resized\"><img alt=\"\" loading=\"lazy\" decoding=\"async\" width=\"902\" height=\"443\" src=\"http:\/\/saifrance.com\/wp-content\/uploads\/2020\/11\/Filtres-statiques-4.png\" alt=\"Krummhorn\nStation de compression\nOpen Grid Europe \nTurbine \u00e0 gaz \nSolar Mars 100\nCaisson de filtration statique\nAdmission d'air comburant \nFiltres absolus E12\nFiltres miniplis F9\nAnti-icing infrarouge\nRegistre motoris\u00e9\nDeltrian\nCamGT\nCamclose\n\" class=\"wp-image-1899\" style=\"width:995px;height:489px\" srcset=\"https:\/\/saifrance.com\/wp-content\/uploads\/2020\/11\/Filtres-statiques-4.png 902w, https:\/\/saifrance.com\/wp-content\/uploads\/2020\/11\/Filtres-statiques-4-800x393.png 800w, https:\/\/saifrance.com\/wp-content\/uploads\/2020\/11\/Filtres-statiques-4-768x377.png 768w\" sizes=\"auto, (max-width: 902px) 100vw, 902px\" \/><\/figure>\n<\/div>\n\n\n<h2 class=\"wp-block-heading\"><span class=\"has-inline-color has-violet-color\">Options int\u00e9gr\u00e9es pour r\u00e9pondre \u00e0 vos besoins sp\u00e9cifiques<\/span><\/h2>\n\n\n\n<p>Les caissons de filtration statique peuvent \u00eatre \u00e9quip\u00e9s avec de nombreuses options :<\/p>\n\n\n\n<div class=\"wp-block-columns is-layout-flex wp-container-core-columns-is-layout-9d6595d7 wp-block-columns-is-layout-flex\">\n<div class=\"wp-block-column is-layout-flow wp-block-column-is-layout-flow\">\n<ul id=\"block-7536b6aa-a8da-4d2f-958e-f528a51f3a96\" class=\"wp-block-list\">\n<li>Acier inoxydable 304L, 316L, 316 Ti\u2026<\/li>\n\n\n\n<li>Caisson en acier carbone avec peinture C3M \u00e0 C5VH<\/li>\n\n\n\n<li>Certification ATEX II 2G<\/li>\n\n\n\n<li><a href=\"https:\/\/saifrance.com\/fr\/traitement-de-lhumidite\/\">Hottes pare-pluie avec s\u00e9parateurs de gouttes<\/a><\/li>\n\n\n\n<li>\u00c9crans anti-volatiles \/ anti-insectes<\/li>\n\n\n\n<li><a href=\"https:\/\/saifrance.com\/fr\/filtres-a-sable\/\">Pr\u00e9filtres inertiels avec extraction des poussi\u00e8res<\/a><\/li>\n\n\n\n<li><a href=\"https:\/\/saifrance.com\/fr\/traitement-de-lhumidite\/\">Persiennes avec s\u00e9parateurs de gouttes<\/a><\/li>\n\n\n\n<li>Rideaux motoris\u00e9s ou registres motoris\u00e9s<\/li>\n<\/ul>\n<\/div>\n\n\n\n<div class=\"wp-block-column is-layout-flow wp-block-column-is-layout-flow\">\n<ul id=\"block-7536b6aa-a8da-4d2f-958e-f528a51f3a96\" class=\"wp-block-list\">\n<li>Syst\u00e8me d&rsquo;antigivrage <a href=\"https:\/\/saifrance.com\/fr\/antigivrage-infrarouge\/\">par infrarouge <\/a><\/li>\n\n\n\n<li>Syst\u00e8me d&rsquo;antigivrage par <a href=\"https:\/\/saifrance.com\/fr\/buses-anti-givre\/\">injection d&rsquo;air chaud<\/a><\/li>\n\n\n\n<li>Syst\u00e8me de refroidissement par \u00e9vaporation<\/li>\n\n\n\n<li>Filtres absolus<\/li>\n\n\n\n<li>D\u00e9bits de 10 000 \u00e0 1 000 000 m\u00b3\/h<\/li>\n\n\n\n<li>Structures porteuses et acc\u00e8s<\/li>\n\n\n\n<li>\u00c9quipement \u00e9lectrique complet<\/li>\n<\/ul>\n\n\n\n<p><\/p>\n<\/div>\n<\/div>\n\n\n\n<figure class=\"wp-block-image size-large\"><img alt=\"\" loading=\"lazy\" decoding=\"async\" width=\"1024\" height=\"791\" src=\"http:\/\/saifrance.com\/wp-content\/uploads\/2021\/02\/Filtre-static-1.png\" alt=\"Unit\u00e9 de s\u00e9paration de l'air\nTurbosoufflante\nCompresseur\nAcide sulfurique\nEngrais\nNippon Gases\nAsturias\nAir liquide\nAir product\nLinde\nPraxair\nMAN\nAtlas Copco\nSIAD\nCaisson de filtration statique\nSilencieux \u00e0 baffles\n85 dB(A) \u00e0 1 m\u00e8tre\nTrappe de surpression\nTrappe d'implosion\nFiltres \u00e0 poches G4\nFiltres miniplis M6\nFiltres finisseurs E11\nDeltrian\nISO 16890\nEN 779:2012\nEN 1822\n\" class=\"wp-image-3416\" style=\"aspect-ratio:4\/3;object-fit:cover\" srcset=\"https:\/\/saifrance.com\/wp-content\/uploads\/2021\/02\/Filtre-static-1.png 1024w, https:\/\/saifrance.com\/wp-content\/uploads\/2021\/02\/Filtre-static-1-777x600.png 777w, https:\/\/saifrance.com\/wp-content\/uploads\/2021\/02\/Filtre-static-1-768x593.png 768w\" sizes=\"auto, (max-width: 1024px) 100vw, 1024px\" \/><\/figure>\n","protected":false},"excerpt":{"rendered":"<p>Les machines tournantes m\u00e9ritent la meilleure filtration pour des performances optimales. SAI a d\u00e9velopp\u00e9 des solutions de filtration statique robustes et innovantes. La filtration statique est particuli\u00e8rement bien adapt\u00e9e pour les climats continentaux, l\u2019offshore, les r\u00e9gions froides ou tropicales. Elle se d\u00e9cline dans un large \u00e9ventail de solutions pour prot\u00e9ger les machines tournantes de la [&hellip;]<\/p>\n","protected":false},"author":1,"featured_media":1630,"parent":0,"menu_order":0,"comment_status":"closed","ping_status":"closed","template":"","meta":{"_seopress_robots_primary_cat":"","_seopress_titles_title":"","_seopress_titles_desc":"","_seopress_robots_index":"","footnotes":""},"class_list":["post-3275","page","type-page","status-publish","has-post-thumbnail","hentry"],"meta_box":[],"_links":{"self":[{"href":"https:\/\/saifrance.com\/fr\/wp-json\/wp\/v2\/pages\/3275","targetHints":{"allow":["GET"]}}],"collection":[{"href":"https:\/\/saifrance.com\/fr\/wp-json\/wp\/v2\/pages"}],"about":[{"href":"https:\/\/saifrance.com\/fr\/wp-json\/wp\/v2\/types\/page"}],"author":[{"embeddable":true,"href":"https:\/\/saifrance.com\/fr\/wp-json\/wp\/v2\/users\/1"}],"replies":[{"embeddable":true,"href":"https:\/\/saifrance.com\/fr\/wp-json\/wp\/v2\/comments?post=3275"}],"version-history":[{"count":6,"href":"https:\/\/saifrance.com\/fr\/wp-json\/wp\/v2\/pages\/3275\/revisions"}],"predecessor-version":[{"id":4388,"href":"https:\/\/saifrance.com\/fr\/wp-json\/wp\/v2\/pages\/3275\/revisions\/4388"}],"wp:featuredmedia":[{"embeddable":true,"href":"https:\/\/saifrance.com\/fr\/wp-json\/wp\/v2\/media\/1630"}],"wp:attachment":[{"href":"https:\/\/saifrance.com\/fr\/wp-json\/wp\/v2\/media?parent=3275"}],"curies":[{"name":"wp","href":"https:\/\/api.w.org\/{rel}","templated":true}]}}