{"id":3258,"date":"2021-01-29T10:25:20","date_gmt":"2021-01-29T09:25:20","guid":{"rendered":"https:\/\/saifrance.com\/?page_id=3258"},"modified":"2021-01-29T10:25:23","modified_gmt":"2021-01-29T09:25:23","slug":"enceintes-monoblocs","status":"publish","type":"page","link":"https:\/\/saifrance.com\/fr\/enceintes-monoblocs\/","title":{"rendered":"Enceintes Monoblocs"},"content":{"rendered":"\n<blockquote class=\"wp-block-quote is-layout-flow wp-block-quote-is-layout-flow\"><p><strong>Gr\u00e2ce \u00e0 des centaines d&rsquo;enceintes monobloc pour des g\u00e9n\u00e9rateurs, pompes, modules \u00e0 injection d&rsquo;eau, skids de lavage, SAI a r\u00e9duit sensiblement le temps d&rsquo;installation et de maintenance.<\/strong><\/p><\/blockquote>\n\n\n\n<div class=\"wp-block-media-text alignwide has-media-on-the-right is-stacked-on-mobile\"><figure class=\"wp-block-media-text__media\"><img alt=\"\" loading=\"lazy\" decoding=\"async\" width=\"1024\" height=\"768\" src=\"https:\/\/saifrance.com\/wp-content\/uploads\/2020\/12\/Enceinte-monbloc-1.jpg\" alt=\"Capotage acoustique\nAlternateur\nTurbine \u00e0 gaz\nCentrale \u00e9lectrique\nGE\nALSTOM\" class=\"wp-image-2594\" srcset=\"https:\/\/saifrance.com\/wp-content\/uploads\/2020\/12\/Enceinte-monbloc-1.jpg 1024w, https:\/\/saifrance.com\/wp-content\/uploads\/2020\/12\/Enceinte-monbloc-1-800x600.jpg 800w, https:\/\/saifrance.com\/wp-content\/uploads\/2020\/12\/Enceinte-monbloc-1-768x576.jpg 768w\" sizes=\"auto, (max-width: 1024px) 100vw, 1024px\" \/><\/figure><div class=\"wp-block-media-text__content\">\n<p>SAI a d\u00e9velopp\u00e9 des enceintes acoustiques enti\u00e8rement assembl\u00e9es en usine et pr\u00eates \u00e0 \u00eatre mont\u00e9es sur les \u00e9quipements du client. Ces enceintes sont utilis\u00e9es pour de multiples applications de petites et moyennes dimensions. Le syst\u00e8me de montage est particuli\u00e8rement \u00e9tudi\u00e9 pour r\u00e9duire les temps d\u2019installation mais aussi minimiser les temps d\u2019arr\u00eat lors des op\u00e9rations de maintenance si l\u2019enceinte doit \u00eatre retir\u00e9e et r\u00e9install\u00e9. Le gain de temps et la facilit\u00e9 de manipulation constitue un avantage tr\u00e8s appr\u00e9ciable pour les exploitants de ces installations. <br>Les contraintes de transport limitent g\u00e9n\u00e9ralement la dimension de ces enceintes monoblocs.<\/p>\n<\/div><\/div>\n\n\n\n<h2 class=\"wp-block-heading\">Une conception particuli\u00e8rement adapt\u00e9e aux enceintes de petites et moyennes tailles<\/h2>\n\n\n\n<div class=\"wp-block-media-text alignwide is-stacked-on-mobile\" style=\"grid-template-columns:49% auto\"><figure class=\"wp-block-media-text__media\"><img alt=\"\" loading=\"lazy\" decoding=\"async\" width=\"1064\" height=\"679\" src=\"https:\/\/saifrance.com\/wp-content\/uploads\/2020\/12\/Enceinte-monobloc.jpg\" alt=\"\" class=\"wp-image-2245\" srcset=\"https:\/\/saifrance.com\/wp-content\/uploads\/2020\/12\/Enceinte-monobloc.jpg 1064w, https:\/\/saifrance.com\/wp-content\/uploads\/2020\/12\/Enceinte-monobloc-800x511.jpg 800w, https:\/\/saifrance.com\/wp-content\/uploads\/2020\/12\/Enceinte-monobloc-768x490.jpg 768w\" sizes=\"auto, (max-width: 1064px) 100vw, 1064px\" \/><\/figure><div class=\"wp-block-media-text__content\">\n<p>Construit en un seul \u00e9l\u00e9ment, la conception monobloc est faite de panneaux autoporteurs avec une structure en acier. L\u2019enceinte enti\u00e8re est g\u00e9n\u00e9ralement soud\u00e9e si elle est peinte ou boulonn\u00e9e si la galvanisation \u00e0 chaud est n\u00e9cessaire.<\/p>\n\n\n\n<p>Toutes les options comme les portes acoustiques, syst\u00e8mes de ventilation, \u00e9clairage, tuyauterie, c\u00e2blage \u00e9lectriques, capteurs, etc., sont pr\u00e9install\u00e9es en usine.<\/p>\n<\/div><\/div>\n\n\n\n<p>Le montage de l&rsquo;enceinte monobloc peut \u00eatre ex\u00e9cut\u00e9 en moins d&rsquo;une journ\u00e9e. Lors des travaux de maintenance, les enceintes monobloc permettent une \u00e9conomie de temps de l\u2019ordre de plus de 60 % lorsque l&rsquo;enceinte doit \u00eatre retir\u00e9e et r\u00e9install\u00e9e.<\/p>\n","protected":false},"excerpt":{"rendered":"<p>Gr\u00e2ce \u00e0 des centaines d&rsquo;enceintes monobloc pour des g\u00e9n\u00e9rateurs, pompes, modules \u00e0 injection d&rsquo;eau, skids de lavage, SAI a r\u00e9duit sensiblement le temps d&rsquo;installation et de maintenance. SAI a d\u00e9velopp\u00e9 des enceintes acoustiques enti\u00e8rement assembl\u00e9es en usine et pr\u00eates \u00e0 \u00eatre mont\u00e9es sur les \u00e9quipements du client. Ces enceintes sont utilis\u00e9es pour de multiples applications [&hellip;]<\/p>\n","protected":false},"author":1,"featured_media":2300,"parent":0,"menu_order":0,"comment_status":"closed","ping_status":"closed","template":"","meta":{"_seopress_robots_primary_cat":"","_seopress_titles_title":"","_seopress_titles_desc":"","_seopress_robots_index":"","footnotes":""},"class_list":["post-3258","page","type-page","status-publish","has-post-thumbnail","hentry"],"meta_box":[],"_links":{"self":[{"href":"https:\/\/saifrance.com\/fr\/wp-json\/wp\/v2\/pages\/3258","targetHints":{"allow":["GET"]}}],"collection":[{"href":"https:\/\/saifrance.com\/fr\/wp-json\/wp\/v2\/pages"}],"about":[{"href":"https:\/\/saifrance.com\/fr\/wp-json\/wp\/v2\/types\/page"}],"author":[{"embeddable":true,"href":"https:\/\/saifrance.com\/fr\/wp-json\/wp\/v2\/users\/1"}],"replies":[{"embeddable":true,"href":"https:\/\/saifrance.com\/fr\/wp-json\/wp\/v2\/comments?post=3258"}],"version-history":[{"count":2,"href":"https:\/\/saifrance.com\/fr\/wp-json\/wp\/v2\/pages\/3258\/revisions"}],"predecessor-version":[{"id":3260,"href":"https:\/\/saifrance.com\/fr\/wp-json\/wp\/v2\/pages\/3258\/revisions\/3260"}],"wp:featuredmedia":[{"embeddable":true,"href":"https:\/\/saifrance.com\/fr\/wp-json\/wp\/v2\/media\/2300"}],"wp:attachment":[{"href":"https:\/\/saifrance.com\/fr\/wp-json\/wp\/v2\/media?parent=3258"}],"curies":[{"name":"wp","href":"https:\/\/api.w.org\/{rel}","templated":true}]}}