{"id":3255,"date":"2021-01-29T10:24:54","date_gmt":"2021-01-29T09:24:54","guid":{"rendered":"https:\/\/saifrance.com\/?page_id=3255"},"modified":"2025-09-23T10:20:12","modified_gmt":"2025-09-23T08:20:12","slug":"enceintes-acoustiques","status":"publish","type":"page","link":"https:\/\/saifrance.com\/fr\/enceintes-acoustiques\/","title":{"rendered":"Enceintes Acoustiques"},"content":{"rendered":"\n<blockquote class=\"wp-block-quote is-layout-flow wp-block-quote-is-layout-flow\">\n<p>Avec plus de 40 ans d\u2019exp\u00e9rience en mati\u00e8re d\u2019enceintes ventil\u00e9es, SAI a \u00e9t\u00e9 un pionnier dans l\u2019\u00e9laboration des technologies d\u2019insonorisation et de ventilation pour les machines thermiques de grande puissance jusqu\u2019\u00e0 450MW.<\/p>\n<\/blockquote>\n\n\n\n<p>Ces machines n\u00e9cessitent des enceintes de grandes dimensions compos\u00e9es d\u2019\u00e9l\u00e9ments de structure, de panneaux de fa\u00e7ades et de toit et d\u2019un syst\u00e8me de ventilation pour \u00e9vacuer les calories et satisfaire aux normes. Ces ensembles sont g\u00e9n\u00e9ralement livr\u00e9s en kit et mont\u00e9s et install\u00e9s sur site.<\/p>\n\n\n\n<p>Les experts de SAI en acoustique, a\u00e9raulique et m\u00e9canique garantissent une conception d\u2019ensemble permettant une att\u00e9nuation du niveau sonore jusqu\u2019\u00e0 un niveau de pression acoustique&nbsp; SPL&nbsp; de 65 dBA \u00e0 1m, une ventilation naturelle ou forc\u00e9e optimale, des \u00e9tudes CFD validant la ventilation interne et la conformit\u00e9 \u00e9ventuelle aux normes ATEX, une prise en compte des contraintes locales d\u2019environnement (vent, s\u00e9isme, etc) pour le dimensionnement m\u00e9canique.<\/p>\n\n\n\n<p>De multiples \u00e9l\u00e9ments sp\u00e9cifiques (\u00e9clairage, trappes, d\u00e9tection incendie, \u2026) doivent g\u00e9n\u00e9ralement pouvoir \u00eatre int\u00e9gr\u00e9s et install\u00e9s sur et dans les enceintes sans d\u00e9grader les performances dans le plus strict respect des normes de s\u00e9curit\u00e9.<\/p>\n\n\n\n<h2 class=\"wp-block-heading\">Avec plus de 1000 r\u00e9f\u00e9rences, SAI a acquis une exp\u00e9rience in\u00e9gal\u00e9e<\/h2>\n\n\n\n<div class=\"wp-block-media-text alignwide has-media-on-the-right is-stacked-on-mobile is-vertically-aligned-top is-image-fill\"><figure class=\"wp-block-media-text__media\" style=\"background-image:url(http:\/\/saifrance.com\/wp-content\/uploads\/2020\/12\/Enceinte-acoustique-1360x1020.jpg);background-position:50% 50%\"><img alt=\"\" loading=\"lazy\" decoding=\"async\" width=\"1360\" height=\"1020\" src=\"http:\/\/saifrance.com\/wp-content\/uploads\/2020\/12\/Enceinte-acoustique-1360x1020.jpg\" alt=\"\" class=\"wp-image-2267\" srcset=\"https:\/\/saifrance.com\/wp-content\/uploads\/2020\/12\/Enceinte-acoustique-1360x1020.jpg 1360w, https:\/\/saifrance.com\/wp-content\/uploads\/2020\/12\/Enceinte-acoustique-800x600.jpg 800w, https:\/\/saifrance.com\/wp-content\/uploads\/2020\/12\/Enceinte-acoustique-768x576.jpg 768w, https:\/\/saifrance.com\/wp-content\/uploads\/2020\/12\/Enceinte-acoustique-1536x1152.jpg 1536w, https:\/\/saifrance.com\/wp-content\/uploads\/2020\/12\/Enceinte-acoustique.jpg 1600w\" sizes=\"auto, (max-width: 1360px) 100vw, 1360px\" \/><\/figure><div class=\"wp-block-media-text__content\">\n\n<p>Les enceintes ventil\u00e9es de SAI sont principalement con\u00e7ues pour les turbines \u00e0 gaz, \u00e0 vapeur, les g\u00e9n\u00e9rateurs, moteurs \u00e0 gaz ou moteurs diesel, compresseurs&#8230; et leurs modules associ\u00e9s comme le module gaz, module \u00e0 injection d&rsquo;eau, module \u00e0 huile, \u00e9chappement, etc.<\/p>\n\n\n<p>Les experts de SAI connaissent les contraintes et les exigences des projets, &nbsp;pour traiter tous les probl\u00e8mes &nbsp;avec une solution sur mesure, fiable et efficace en toutes circonstances.<\/p>\n\n<\/div><\/div>\n\n\n\n<h2 class=\"wp-block-heading\">Une structure dimensionn\u00e9e par des experts exp\u00e9riment\u00e9s<\/h2>\n\n\n\n<div class=\"wp-block-media-text alignwide is-stacked-on-mobile\"><figure class=\"wp-block-media-text__media\"><img alt=\"\" loading=\"lazy\" decoding=\"async\" width=\"925\" height=\"740\" src=\"http:\/\/saifrance.com\/wp-content\/uploads\/2020\/12\/Enceintes-acoustiques-Chine-2.jpg\" alt=\"\" class=\"wp-image-2232\" srcset=\"https:\/\/saifrance.com\/wp-content\/uploads\/2020\/12\/Enceintes-acoustiques-Chine-2.jpg 925w, https:\/\/saifrance.com\/wp-content\/uploads\/2020\/12\/Enceintes-acoustiques-Chine-2-750x600.jpg 750w, https:\/\/saifrance.com\/wp-content\/uploads\/2020\/12\/Enceintes-acoustiques-Chine-2-768x614.jpg 768w\" sizes=\"auto, (max-width: 925px) 100vw, 925px\" \/><\/figure><div class=\"wp-block-media-text__content\">\n\n<p>Les experts de SAI d\u00e9terminent les \u00e9l\u00e9ments de structure n\u00e9cessaires&nbsp; au maintien de l\u2019enceinte acoustique et fournissent les recommandations pour une installation ais\u00e9e et s\u00e9curis\u00e9e, en particulier en calculant et fournissant les ancrages au sol.<\/p>\n\n\n<p>Les param\u00e8tres pris en compte dans un dimensionnement sont nombreux:<\/p>\n\n\n<ul class=\"wp-block-list\" id=\"block-2fc1ab1c-2f87-47b2-a8e8-ca9be2718d8b\"><li>Les conditions de site et d&rsquo;utilisation suivant les codes de calcul (EUROCODES, BS, UBC, IBC, GB, IS, TS&#8230;) et les normes de fabrication (EN1090, etc..)<\/li><li>Les contraintes environnementales de la machine (cocon, entr\u00e9es de tuyaux, interfaces machine&#8230;)<\/li><\/ul>\n\n<\/div><\/div>\n\n\n\n<ul id=\"block-1e957a1b-f3c1-4f82-b6b5-dfa2c824e702\" class=\"wp-block-list\">\n<li>Les ouvertures con\u00e7ues pour int\u00e9grer des dispositifs de levage pour l&rsquo;entretien de la machine<\/li>\n\n\n\n<li>L&rsquo;int\u00e9gration des supports tels que panneaux, passerelles, escaliers, chemins de c\u00e2bles, tuyauterie CO2, coffrets \u00e9lectriques, etc.<\/li>\n\n\n\n<li>Le type de traitement de surface : galvanisation \u00e0 chaud et\/ou peinture<\/li>\n\n\n\n<li>Un objectif de montage facile et rapide avec les raccordements boulonn\u00e9s.<\/li>\n<\/ul>\n\n\n\n<h2 class=\"wp-block-heading\">R\u00e9duction du bruit<\/h2>\n\n\n\n<p>Apr\u00e8s l&rsquo;analyse des caract\u00e9ristiques et des objectifs de r\u00e9duction de bruit, les ing\u00e9nieurs acousticiens de SAI r\u00e9alisent une \u00e9tude et une mod\u00e9lisation compl\u00e8te afin de d\u00e9finir le type de panneau appropri\u00e9. Un objectif standard est une r\u00e9duction \u00e0 85 dB (A) \u00e0 1 m\u00e8tre de l&rsquo;enceinte.,&nbsp; Dans des cas particuliers, la conception des&nbsp; enceintes est bas\u00e9 sur un objectif de 80 ou 75, voire 70 et jusqu\u2019\u00e0 65 dB (A) \u00e0 1 m\u00e8tre .<\/p>\n\n\n\n<p>La performance des panneaux acoustiques utilis\u00e9s est valid\u00e9e par des tests d&rsquo;insertion et par des logiciels de cartographie 3D pour simuler l&rsquo;impact environnemental de l&rsquo;installation.<\/p>\n\n\n\n<h2 class=\"wp-block-heading\">Isolation acoustique parfaite malgr\u00e9 une d\u00e9pression dans l&rsquo;enceinte<\/h2>\n\n\n\n<p>La ventilation int\u00e9gr\u00e9e de l\u2019enceinte acoustique exerce une d\u00e9pression sur les fa\u00e7ades de l\u2019enceinte acoustique. La conception par les ing\u00e9nieurs de SAI garantit une isolation optimale gr\u00e2ce \u00e0 la s\u00e9lection rigoureuse des joints utilis\u00e9s pour chaque jonction des \u00e9l\u00e9ments composant les fa\u00e7ades et le toit de fa\u00e7on \u00e0 \u00e9liminer toutes les fuites acoustiques.<\/p>\n\n\n<div class=\"wp-block-image\">\n<figure class=\"aligncenter size-large is-resized\"><img alt=\"\" loading=\"lazy\" decoding=\"async\" width=\"833\" height=\"630\" src=\"http:\/\/saifrance.com\/wp-content\/uploads\/2020\/12\/Enceinte-acoustique-6FA-Complete.png\" alt=\"\" class=\"wp-image-2223\" style=\"aspect-ratio:16\/9;object-fit:contain;width:735px\" srcset=\"https:\/\/saifrance.com\/wp-content\/uploads\/2020\/12\/Enceinte-acoustique-6FA-Complete.png 833w, https:\/\/saifrance.com\/wp-content\/uploads\/2020\/12\/Enceinte-acoustique-6FA-Complete-793x600.png 793w, https:\/\/saifrance.com\/wp-content\/uploads\/2020\/12\/Enceinte-acoustique-6FA-Complete-768x581.png 768w\" sizes=\"auto, (max-width: 833px) 100vw, 833px\" \/><figcaption class=\"wp-element-caption\">Enceinte Acoustique 6FA compl\u00e8te<\/figcaption><\/figure>\n<\/div>\n\n\n<h2 class=\"wp-block-heading\">Des enceintes personnalis\u00e9es<\/h2>\n\n\n\n<p>Les panneaux acoustiques sont con\u00e7us en tenant compte des conditions locales (vent, s\u00e9isme&#8230;). Les panneaux de fa\u00e7ade sont sp\u00e9cialement con\u00e7us pour r\u00e9pondre aux besoins de maintenance. Les panneaux de toits peuvent \u00eatre configur\u00e9s de diff\u00e9rentes mani\u00e8res : int\u00e9rieur\/ext\u00e9rieur, mono\/double pente, avec des contraintes d&rsquo;acc\u00e8s aux \u00e9quipements mis sur le toit : syst\u00e8me de ventilation, tableau de bord, capteurs de d\u00e9bit, d\u00e9tection incendie, sonde de temp\u00e9rature, etc&#8230;<\/p>\n\n\n\n<h2 class=\"wp-block-heading\">Un syst\u00e8me de ventilation naturelle ou forc\u00e9e<\/h2>\n\n\n\n<p>La ventilation naturelle ou forc\u00e9e est con\u00e7ue pour \u00e9vacuer des calories et dissiper les poches de gaz tout en n\u2019augmentant pas le niveau de bruit.<\/p>\n\n\n\n<p>Apr\u00e8s avoir effectu\u00e9 des simulations avec des \u00e9tudes CFD pour analyser la dynamique des fluides, SAI assure l\u2019optimisation du dimensionnement du syst\u00e8me de ventilation et la facilit\u00e9 du travail de maintenance.<\/p>\n\n\n\n<p>Suivant la demande, SAI fournit un syst\u00e8me de ventilation en version ATEX, mais aussi en version UL ou suivant d&rsquo;autres normes dans des zones class\u00e9es.<\/p>\n\n\n\n<div class=\"wp-block-columns is-layout-flex wp-container-core-columns-is-layout-9d6595d7 wp-block-columns-is-layout-flex\">\n<div class=\"wp-block-column is-layout-flow wp-block-column-is-layout-flow\"><\/div>\n<\/div>\n\n\n\n<p><\/p>\n","protected":false},"excerpt":{"rendered":"<p>Avec plus de 40 ans d\u2019exp\u00e9rience en mati\u00e8re d\u2019enceintes ventil\u00e9es, SAI a \u00e9t\u00e9 un pionnier dans l\u2019\u00e9laboration des technologies d\u2019insonorisation et de ventilation pour les machines thermiques de grande puissance jusqu\u2019\u00e0 450MW. Ces machines n\u00e9cessitent des enceintes de grandes dimensions compos\u00e9es d\u2019\u00e9l\u00e9ments de structure, de panneaux de fa\u00e7ades et de toit et d\u2019un syst\u00e8me de [&hellip;]<\/p>\n","protected":false},"author":1,"featured_media":2240,"parent":0,"menu_order":0,"comment_status":"closed","ping_status":"closed","template":"","meta":{"_seopress_robots_primary_cat":"","_seopress_titles_title":"","_seopress_titles_desc":"","_seopress_robots_index":"","footnotes":""},"class_list":["post-3255","page","type-page","status-publish","has-post-thumbnail","hentry"],"meta_box":[],"_links":{"self":[{"href":"https:\/\/saifrance.com\/fr\/wp-json\/wp\/v2\/pages\/3255","targetHints":{"allow":["GET"]}}],"collection":[{"href":"https:\/\/saifrance.com\/fr\/wp-json\/wp\/v2\/pages"}],"about":[{"href":"https:\/\/saifrance.com\/fr\/wp-json\/wp\/v2\/types\/page"}],"author":[{"embeddable":true,"href":"https:\/\/saifrance.com\/fr\/wp-json\/wp\/v2\/users\/1"}],"replies":[{"embeddable":true,"href":"https:\/\/saifrance.com\/fr\/wp-json\/wp\/v2\/comments?post=3255"}],"version-history":[{"count":4,"href":"https:\/\/saifrance.com\/fr\/wp-json\/wp\/v2\/pages\/3255\/revisions"}],"predecessor-version":[{"id":4387,"href":"https:\/\/saifrance.com\/fr\/wp-json\/wp\/v2\/pages\/3255\/revisions\/4387"}],"wp:featuredmedia":[{"embeddable":true,"href":"https:\/\/saifrance.com\/fr\/wp-json\/wp\/v2\/media\/2240"}],"wp:attachment":[{"href":"https:\/\/saifrance.com\/fr\/wp-json\/wp\/v2\/media?parent=3255"}],"curies":[{"name":"wp","href":"https:\/\/api.w.org\/{rel}","templated":true}]}}