{"id":3250,"date":"2021-01-29T10:23:22","date_gmt":"2021-01-29T09:23:22","guid":{"rendered":"https:\/\/saifrance.com\/?page_id=3250"},"modified":"2025-09-23T10:16:15","modified_gmt":"2025-09-23T08:16:15","slug":"systeme-dechappement","status":"publish","type":"page","link":"https:\/\/saifrance.com\/fr\/systeme-dechappement\/","title":{"rendered":"Syst\u00e8me d\u2019\u00e9chappement"},"content":{"rendered":"\n<blockquote class=\"wp-block-quote is-layout-flow wp-block-quote-is-layout-flow\">\n<p>Ce sont plus de 300 syst\u00e8mes complets d\u2019\u00e9chappement con\u00e7us, fabriqu\u00e9s et install\u00e9s par SAI, r\u00e9partis sur les 5 continents, qui donnent \u00e0 SAI une exp\u00e9rience in\u00e9gal\u00e9e dans ce domaine.<\/p>\n<\/blockquote>\n\n\n\n<p>SAI con\u00e7oit et fabrique des syst\u00e8mes d\u2019\u00e9chappement complets pour des installations \u00e9quip\u00e9es de turbines \u00e0 gaz ou de moteurs thermiques depuis plus de 20 ans. L\u2019\u00e9chappement des gaz dans l\u2019atmosph\u00e8re est source d\u2019une importante pollution sonore qu\u2019il faut diminuer. Le rejet des gaz est assujetti \u00e0 des r\u00e9glementations environnementales de plus en plus contraignantes.<\/p>\n\n\n\n<p>Les caract\u00e9ristiques des gaz \u00e9mis sont des param\u00e8tres importants dans le choix des mat\u00e9riaux utilis\u00e9s. Les conditions sont souvent s\u00e9v\u00e8res, avec des temp\u00e9ratures \u00e9lev\u00e9es, jusqu\u2019\u00e0 650\u00b0C, et des d\u00e9bits de gaz pouvant atteindre 3000 m3\/sec.<\/p>\n\n\n\n<p>SAI a fourni des syst\u00e8mes d\u2019\u00e9chappement pour des installations \u00e9quip\u00e9es de tous les principaux constructeurs mondiaux de turbines et de moteurs, et pour des applications tr\u00e8s diverses&nbsp;: des centrales \u00e9lectriques, des applications de production de p\u00e9trole et gaz, des stations de compression de gaz, des raffineries, papeteries, etc \u2026<\/p>\n\n\n\n<h2 class=\"wp-block-heading\">Les syst\u00e8mes d\u2019\u00e9chappement int\u00e8grent de nombreux composants soumis \u00e0 de tr\u00e8s fortes contraintes.<\/h2>\n\n\n\n<p class=\"has-text-align-right\">Les syst\u00e8mes d\u2019\u00e9chappement de SAI peuvent \u00eatre r\u00e9alis\u00e9s selon:<\/p>\n\n\n\n<div class=\"wp-block-media-text alignwide is-stacked-on-mobile is-image-fill\"><figure class=\"wp-block-media-text__media\" style=\"background-image:url(http:\/\/saifrance.com\/wp-content\/uploads\/2021\/01\/Vindecy-PS.jpg);background-position:50% 50%\"><img alt=\"\" loading=\"lazy\" decoding=\"async\" width=\"740\" height=\"987\" src=\"http:\/\/saifrance.com\/wp-content\/uploads\/2021\/01\/Vindecy-PS.jpg\" alt=\"\" class=\"wp-image-2941 size-full\" srcset=\"https:\/\/saifrance.com\/wp-content\/uploads\/2021\/01\/Vindecy-PS.jpg 740w, https:\/\/saifrance.com\/wp-content\/uploads\/2021\/01\/Vindecy-PS-450x600.jpg 450w\" sizes=\"auto, (max-width: 740px) 100vw, 740px\" \/><\/figure><div class=\"wp-block-media-text__content\">\n\n<ul class=\"wp-block-list\"><li>une forme cylindrique (g\u00e9n\u00e9ralement pour les moteurs thermiques) avec des solutions de r\u00e9duction de bruit passive et \/ ou r\u00e9active.<\/li><li>une forme rectangulaire avec des baffles parall\u00e8les (g\u00e9n\u00e9ralement pour les turbines \u00e0 gaz) avec une solution dissipative uniquement.<\/li><\/ul>\n\n\n<p>Le niveau de puissance acoustique pour la conception des \u00e9chappements est g\u00e9n\u00e9ralement li\u00e9 \u00e0 la puissance du moteur ou de la turbine. Un syst\u00e8me d\u2019\u00e9chappement peut comprendre les \u00e9l\u00e9ments suivants&nbsp;:<\/p>\n\n\n<ul class=\"wp-block-list\"><li>Un silencieux<\/li><li>un syst\u00e8me de gaines<\/li><li>Une chemin\u00e9e<\/li><li>une structure portante<\/li><li>un ou plusieurs compensateurs<\/li><li>une r\u00e9duction catalytique s\u00e9lective (SCR)<\/li><li>un catalyseur CO<\/li><li>des accessoires: plates-formes, \u00e9chelles, protection contre la foudre, feux de d\u00e9tresse des a\u00e9ronefs, prises d&rsquo;analyse, sondes de temp\u00e9rature, etc&#8230;<\/li><\/ul>\n\n<\/div><\/div>\n\n\n\n<p>La conception des silencieux d&rsquo;\u00e9chappement doit tenir compte des d\u00e9bits des gaz d&rsquo;\u00e9chappement issues de&nbsp; turbines tr\u00e8s turbulents (d\u00e9bit jusqu\u2019\u00e0 3000 m3\/s) avec \u00e0 des gradients de vitesse, de pressions et de temp\u00e9rature \u00e9lev\u00e9es (jusqu&rsquo;\u00e0 650\u00b0C (1200\u00b0F) ce qui induit des charges thermom\u00e9caniques extr\u00eamement s\u00e9v\u00e8res que SAI sait d\u00e9terminer.<\/p>\n\n\n<div class=\"wp-block-image\">\n<figure class=\"aligncenter size-medium is-resized\"><img alt=\"\" loading=\"lazy\" decoding=\"async\" width=\"800\" height=\"303\" src=\"http:\/\/saifrance.com\/wp-content\/uploads\/2020\/12\/20150310_150659-2-800x303.jpg\" alt=\"\" class=\"wp-image-2276\" style=\"width:996px;height:377px\" srcset=\"https:\/\/saifrance.com\/wp-content\/uploads\/2020\/12\/20150310_150659-2-800x303.jpg 800w, https:\/\/saifrance.com\/wp-content\/uploads\/2020\/12\/20150310_150659-2-1360x516.jpg 1360w, https:\/\/saifrance.com\/wp-content\/uploads\/2020\/12\/20150310_150659-2-768x291.jpg 768w, https:\/\/saifrance.com\/wp-content\/uploads\/2020\/12\/20150310_150659-2-1536x582.jpg 1536w, https:\/\/saifrance.com\/wp-content\/uploads\/2020\/12\/20150310_150659-2-2048x776.jpg 2048w\" sizes=\"auto, (max-width: 800px) 100vw, 800px\" \/><figcaption class=\"wp-element-caption\">Syst\u00e8mes d&rsquo;\u00e9chappement<\/figcaption><\/figure>\n<\/div>\n\n\n<hr class=\"wp-block-separator has-css-opacity\"\/>\n\n\n\n<h2 class=\"wp-block-heading\">Exemples de syst\u00e8mes d\u2019\u00e9chappement fournis et install\u00e9s par SAI<\/h2>\n\n\n\n<hr class=\"wp-block-separator has-css-opacity\"\/>\n\n\n\n<div class=\"wp-block-media-text alignwide has-media-on-the-right is-stacked-on-mobile is-image-fill-element\" style=\"grid-template-columns:auto 32%\"><div class=\"wp-block-media-text__content\">\n<p>SAI a fourni 20 chemin\u00e9es d\u2019\u00e9chappement pour les turbines \u00e0 gaz de 80 MW en Arabie Saoudite sur 5 sites diff\u00e9rents qui sont en exploitation par SEC (Saudi Electricity Company). Elles mesurent &nbsp;50 m\u00e8tres de hauteur et 5 m\u00e8tres de diam\u00e8tre. Elles p\u00e8sent 300 tonnes avec une paroi simple et une isolation interne ou paroi double ventil\u00e9e et sans isolation.<\/p>\n\n\n\n<p>Ces chemin\u00e9es sont \u00e9quip\u00e9es de silencieux \u00e0 baffles en acier inoxydable garantissant un niveau de bruit en limite de propri\u00e9t\u00e9.<\/p>\n<\/div><figure class=\"wp-block-media-text__media\"><img alt=\"\" loading=\"lazy\" decoding=\"async\" width=\"501\" height=\"375\" src=\"http:\/\/saifrance.com\/wp-content\/uploads\/2021\/02\/Hail-SEC-Saudi-Arabia-SGT-6-2000E.2.jpg\" alt=\"\" class=\"wp-image-3694 size-full\" style=\"object-position:50% 50%\"\/><\/figure><\/div>\n\n\n\n<div class=\"wp-block-media-text alignwide is-stacked-on-mobile is-image-fill-element\" style=\"grid-template-columns:30% auto\"><figure class=\"wp-block-media-text__media\"><img alt=\"\" loading=\"lazy\" decoding=\"async\" width=\"891\" height=\"1024\" src=\"http:\/\/saifrance.com\/wp-content\/uploads\/2021\/01\/IMG_3873-PS-891x1024.jpg\" alt=\"\" class=\"wp-image-2937 size-full\" style=\"object-position:50% 50%\" srcset=\"https:\/\/saifrance.com\/wp-content\/uploads\/2021\/01\/IMG_3873-PS-891x1024.jpg 891w, https:\/\/saifrance.com\/wp-content\/uploads\/2021\/01\/IMG_3873-PS-522x600.jpg 522w, https:\/\/saifrance.com\/wp-content\/uploads\/2021\/01\/IMG_3873-PS-768x882.jpg 768w, https:\/\/saifrance.com\/wp-content\/uploads\/2021\/01\/IMG_3873-PS.jpg 1000w\" sizes=\"auto, (max-width: 891px) 100vw, 891px\" \/><\/figure><div class=\"wp-block-media-text__content\">\n<p>SAI a fourni plus de 120 ensembles complets d\u2019\u00e9chappement pour des stations de compression en Europe et au Moyen-Orient. La puissance des turbines varient entre 6 et 15MW.<\/p>\n\n\n\n<p>Ces syst\u00e8mes d&rsquo;\u00e9chappement comprennent le conduit d\u2019entr\u00e9e des gaz,&nbsp; le silencieux, la structure portante et les compensateurs.<br>La chemin\u00e9e d&rsquo;\u00e9chappement et le silencieux peuvent \u00eatre&nbsp; enti\u00e8rement assembl\u00e9s en usine et mont\u00e9s sur site rapidement et en une seule pi\u00e8ce, y compris le bardage et les plates-formes.<\/p>\n<\/div><\/div>\n\n\n\n<p><\/p>\n","protected":false},"excerpt":{"rendered":"<p>Ce sont plus de 300 syst\u00e8mes complets d\u2019\u00e9chappement con\u00e7us, fabriqu\u00e9s et install\u00e9s par SAI, r\u00e9partis sur les 5 continents, qui donnent \u00e0 SAI une exp\u00e9rience in\u00e9gal\u00e9e dans ce domaine. SAI con\u00e7oit et fabrique des syst\u00e8mes d\u2019\u00e9chappement complets pour des installations \u00e9quip\u00e9es de turbines \u00e0 gaz ou de moteurs thermiques depuis plus de 20 ans. L\u2019\u00e9chappement [&hellip;]<\/p>\n","protected":false},"author":1,"featured_media":2948,"parent":0,"menu_order":0,"comment_status":"closed","ping_status":"closed","template":"","meta":{"_seopress_robots_primary_cat":"","_seopress_titles_title":"","_seopress_titles_desc":"","_seopress_robots_index":"","footnotes":""},"class_list":["post-3250","page","type-page","status-publish","has-post-thumbnail","hentry"],"meta_box":[],"_links":{"self":[{"href":"https:\/\/saifrance.com\/fr\/wp-json\/wp\/v2\/pages\/3250","targetHints":{"allow":["GET"]}}],"collection":[{"href":"https:\/\/saifrance.com\/fr\/wp-json\/wp\/v2\/pages"}],"about":[{"href":"https:\/\/saifrance.com\/fr\/wp-json\/wp\/v2\/types\/page"}],"author":[{"embeddable":true,"href":"https:\/\/saifrance.com\/fr\/wp-json\/wp\/v2\/users\/1"}],"replies":[{"embeddable":true,"href":"https:\/\/saifrance.com\/fr\/wp-json\/wp\/v2\/comments?post=3250"}],"version-history":[{"count":6,"href":"https:\/\/saifrance.com\/fr\/wp-json\/wp\/v2\/pages\/3250\/revisions"}],"predecessor-version":[{"id":4383,"href":"https:\/\/saifrance.com\/fr\/wp-json\/wp\/v2\/pages\/3250\/revisions\/4383"}],"wp:featuredmedia":[{"embeddable":true,"href":"https:\/\/saifrance.com\/fr\/wp-json\/wp\/v2\/media\/2948"}],"wp:attachment":[{"href":"https:\/\/saifrance.com\/fr\/wp-json\/wp\/v2\/media?parent=3250"}],"curies":[{"name":"wp","href":"https:\/\/api.w.org\/{rel}","templated":true}]}}