{"id":3247,"date":"2021-01-29T10:22:37","date_gmt":"2021-01-29T09:22:37","guid":{"rendered":"https:\/\/saifrance.com\/?page_id=3247"},"modified":"2021-07-05T09:35:05","modified_gmt":"2021-07-05T07:35:05","slug":"diffuseurs-en-ligne","status":"publish","type":"page","link":"https:\/\/saifrance.com\/fr\/diffuseurs-en-ligne\/","title":{"rendered":"Diffuseurs en Ligne"},"content":{"rendered":"\n<blockquote class=\"wp-block-quote is-layout-flow wp-block-quote-is-layout-flow\"><p><strong>Une optimisation de la perte de charge entre diffuseur et vanne tout en garantissant un haut niveau de performance acoustique \u2013 jusqu\u2019\u00e0 40dBA d\u2019att\u00e9nuation &#8211; dans les meilleures conditions de s\u00e9curit\u00e9.<\/strong><\/p><\/blockquote>\n\n\n\n<p>Les diffuseurs en ligne (LD) sont utilis\u00e9s pour r\u00e9duire les bruits de d\u00e9tente d\u2019un gaz au passage d\u2019une vanne et r\u00e9duire les bruits de rayonnement de la tuyauterie en aval de l\u2019ensemble. L\u2019association vanne et\u00a0 diffuseur permet de r\u00e9partir la perte de charge totale demand\u00e9e pour proposer un syst\u00e8me global plus performant. Les diffuseurs en ligne trouvent leur application dans les raffineries mais \u00e9galement dans les centres de traitement des d\u00e9chets ou les centrales \u00e0 biomasse.<\/p>\n\n\n\n<p>Un cas particulier de diffuseurs en ligne est constitu\u00e9 par les Dump Tube (type DT) qui d\u00e9compriment de la vapeur du contournement turbine en r\u00e9duisant le bruit avant l\u2019arriv\u00e9e dans un condenseur. Les Dump Tubes sont n\u00e9cessaires dans les centrales \u00e0 cycle combin\u00e9 ou les centrales \u00e0 cog\u00e9n\u00e9ration.<\/p>\n\n\n\n<div class=\"wp-block-media-text alignwide is-stacked-on-mobile is-vertically-aligned-bottom is-image-fill\" style=\"grid-template-columns:26% auto\"><figure class=\"wp-block-media-text__media\" style=\"background-image:url(https:\/\/saifrance.com\/wp-content\/uploads\/2020\/12\/Diffuseur-en-ligne-v2-Photoshop.png);background-position:50% 50%\"><img loading=\"lazy\" decoding=\"async\" width=\"1000\" height=\"773\" src=\"https:\/\/saifrance.com\/wp-content\/uploads\/2020\/12\/Diffuseur-en-ligne-v2-Photoshop.png\" alt=\"Silencieux diffuseur en ligne                       R\u00e9partition perte de charge vannes  Silencieux d\u00e9tente aval vanne Silencieux de d\u00e9tente gaz aval vanne Dump tube  Silencieux de d\u00e9surchauffe vapeur  CNIM  Masoneilan  Emerson  Samson Sart  von rohr\" class=\"wp-image-2660 size-full\" srcset=\"https:\/\/saifrance.com\/wp-content\/uploads\/2020\/12\/Diffuseur-en-ligne-v2-Photoshop.png 1000w, https:\/\/saifrance.com\/wp-content\/uploads\/2020\/12\/Diffuseur-en-ligne-v2-Photoshop-776x600.png 776w, https:\/\/saifrance.com\/wp-content\/uploads\/2020\/12\/Diffuseur-en-ligne-v2-Photoshop-768x594.png 768w\" sizes=\"auto, (max-width: 1000px) 100vw, 1000px\" \/><\/figure><div class=\"wp-block-media-text__content\">\n<p>Pr\u00e9sent dans cette activit\u00e9 depuis plusieurs d\u00e9cennies, avec une liste de r\u00e9f\u00e9rences dans tous les pays aupr\u00e8s des plus grands donneurs d\u2019ordre, SAI a d\u00e9velopp\u00e9 une expertise sans pareille dans ce domaine et a une maitrise compl\u00e8te de ce type de produits depuis leur conception, leur fabrication et jusqu\u2019\u00e0 l\u2019installation sur site.<\/p>\n\n\n\n<p>SAI est en mesure d\u2019optimiser le dimensionnement acoustique pour atteindre les performances requises avec une conception m\u00e9canique optimale r\u00e9pondant aux normes internationales pour fonctionner en totale s\u00e9curit\u00e9.<\/p>\n<\/div><\/div>\n\n\n\n<h2 class=\"wp-block-heading\">Une technologie \u00e9prouv\u00e9e et optimale<\/h2>\n\n\n\n<p>En g\u00e9n\u00e9ral, les diffuseurs en ligne et les Dump Tubes sont constitu\u00e9s de un \u00e0 trois \u00e9tages suivant l\u2019amplitude de la perte de charge et l\u2019objectif acoustique \u00e0 obtenir.<\/p>\n\n\n\n<p>Pour atteindre les performances requises, les silencieux de d\u00e9charge de SAI sont calcul\u00e9s et dimensionn\u00e9es en fonction de quelques param\u00e8tres li\u00e9s \u00e0 l\u2019exploitation. Parmi les principales informations n\u00e9cessaires, on trouve:<\/p>\n\n\n\n<ul class=\"wp-block-list\"><li>La nature du gaz : air, vapeur, gaz naturel, azote, \u2026<\/li><li>Le d\u00e9bit massique (t\/h, lb\/h \u2026)<\/li><li>La temp\u00e9rature (\u00b0C, \u00b0F \u2026)<\/li><li>La pression en entr\u00e9e ou perte de charge admissible (bg, psig\u2026)<\/li><li>La pression de sortie dans la tuyauterie (bg,psig..)<\/li><\/ul>\n\n\n\n<h2 class=\"wp-block-heading\">Une fabrication suivant les codes les plus contraignants<\/h2>\n\n\n\n<div class=\"wp-block-media-text alignwide has-media-on-the-right is-stacked-on-mobile\"><figure class=\"wp-block-media-text__media\"><img loading=\"lazy\" decoding=\"async\" width=\"1000\" height=\"773\" src=\"https:\/\/saifrance.com\/wp-content\/uploads\/2020\/12\/Diffuseur-coude-Photoshop.png\" alt=\"Silencieux diffuseur en ligne                       R\u00e9partition perte de charge vannes  Silencieux d\u00e9tente aval vanne Silencieux de d\u00e9tente gaz aval vanne                 Dump tube  Silencieux de d\u00e9surchauffe vapeur  CNIM  Masoneilan  Emerson  Samson Sart  von rohr\" class=\"wp-image-2663 size-full\" srcset=\"https:\/\/saifrance.com\/wp-content\/uploads\/2020\/12\/Diffuseur-coude-Photoshop.png 1000w, https:\/\/saifrance.com\/wp-content\/uploads\/2020\/12\/Diffuseur-coude-Photoshop-776x600.png 776w, https:\/\/saifrance.com\/wp-content\/uploads\/2020\/12\/Diffuseur-coude-Photoshop-768x594.png 768w\" sizes=\"auto, (max-width: 1000px) 100vw, 1000px\" \/><\/figure><div class=\"wp-block-media-text__content\">\n<p>Compte tenu des enjeux en terme de s\u00e9curit\u00e9 pour les biens et personnes, une attention tr\u00e8s forte est port\u00e9e par SAI \u00e0 la fabrication de ses silencieux. En particulier:<\/p>\n\n\n\n<ul class=\"wp-block-list\"><li>Un dimensionnement selon les sp\u00e9cifications clients et les codes de tenue en pression CODAP, ASMEVIII\u2026<\/li><li>La conformit\u00e9 \u00e0 la directive europ\u00e9enne 2014\/68\/UE, Cat\u00e9gorie I, II ou III.<\/li><\/ul>\n\n\n\n<p>Chaque silencieux est fournie avec un dossier constructeur complet qui comprend: le cahier de soudage, les certificats mati\u00e8re CCPU, le contr\u00f4le des soudures en pression par ressuage, le certificat peinture, etc &#8230;<\/p>\n<\/div><\/div>\n\n\n\n<h2 class=\"wp-block-heading\">Des options disponibles pour prendre en compte des besoins tr\u00e8s divers:<\/h2>\n\n\n\n<p>Les clients de SAI doivent souvent adresser des besoins tr\u00e8s sp\u00e9cifiques pour tenir compte de l\u2019application dans laquelle va \u00eatre install\u00e9 le silencieux de d\u00e9charge. Sur demande, de nombreuses options de fabrication ou de contr\u00f4le sont disponibles:<\/p>\n\n\n\n<ul class=\"wp-block-list\"><li>Entr\u00e9e \/ sortie par bride ou par embout \u00e0 souder Bw<\/li><li>Utilisation d\u2019aciers alli\u00e9s sp\u00e9ciaux tels SA335GrP11, SA335GrP22, inox 304L, inox 316L, inox 321\u2026<\/li><li>Epreuve hydraulique avant per\u00e7age du premier \u00e9tage du diffuseur<\/li><li>Note de calcul de reprise des efforts en entr\u00e9e selon WRC code<\/li><li>ITP ou plan qualit\u00e9 de fabrication en pr\u00e9sence client <\/li><li>Contr\u00f4les&nbsp; radio des soudures des parties en pression <\/li><li>PMI sur mati\u00e8re <\/li><li>Peintures sp\u00e9ciales<\/li><\/ul>\n","protected":false},"excerpt":{"rendered":"<p>Une optimisation de la perte de charge entre diffuseur et vanne tout en garantissant un haut niveau de performance acoustique \u2013 jusqu\u2019\u00e0 40dBA d\u2019att\u00e9nuation &#8211; dans les meilleures conditions de s\u00e9curit\u00e9. Les diffuseurs en ligne (LD) sont utilis\u00e9s pour r\u00e9duire les bruits de d\u00e9tente d\u2019un gaz au passage d\u2019une vanne et r\u00e9duire les bruits de [&hellip;]<\/p>\n","protected":false},"author":1,"featured_media":1369,"parent":0,"menu_order":0,"comment_status":"closed","ping_status":"closed","template":"","meta":{"_seopress_robots_primary_cat":"","_seopress_titles_title":"","_seopress_titles_desc":"","_seopress_robots_index":"","footnotes":""},"class_list":["post-3247","page","type-page","status-publish","has-post-thumbnail","hentry"],"meta_box":[],"_links":{"self":[{"href":"https:\/\/saifrance.com\/fr\/wp-json\/wp\/v2\/pages\/3247","targetHints":{"allow":["GET"]}}],"collection":[{"href":"https:\/\/saifrance.com\/fr\/wp-json\/wp\/v2\/pages"}],"about":[{"href":"https:\/\/saifrance.com\/fr\/wp-json\/wp\/v2\/types\/page"}],"author":[{"embeddable":true,"href":"https:\/\/saifrance.com\/fr\/wp-json\/wp\/v2\/users\/1"}],"replies":[{"embeddable":true,"href":"https:\/\/saifrance.com\/fr\/wp-json\/wp\/v2\/comments?post=3247"}],"version-history":[{"count":6,"href":"https:\/\/saifrance.com\/fr\/wp-json\/wp\/v2\/pages\/3247\/revisions"}],"predecessor-version":[{"id":3903,"href":"https:\/\/saifrance.com\/fr\/wp-json\/wp\/v2\/pages\/3247\/revisions\/3903"}],"wp:featuredmedia":[{"embeddable":true,"href":"https:\/\/saifrance.com\/fr\/wp-json\/wp\/v2\/media\/1369"}],"wp:attachment":[{"href":"https:\/\/saifrance.com\/fr\/wp-json\/wp\/v2\/media?parent=3247"}],"curies":[{"name":"wp","href":"https:\/\/api.w.org\/{rel}","templated":true}]}}