{"id":3245,"date":"2021-01-29T10:21:56","date_gmt":"2021-01-29T09:21:56","guid":{"rendered":"https:\/\/saifrance.com\/?page_id=3245"},"modified":"2021-01-29T10:21:57","modified_gmt":"2021-01-29T09:21:57","slug":"silencieux-reactifs","status":"publish","type":"page","link":"https:\/\/saifrance.com\/fr\/silencieux-reactifs\/","title":{"rendered":"Silencieux r\u00e9actifs"},"content":{"rendered":"\n<blockquote class=\"wp-block-quote is-layout-flow wp-block-quote-is-layout-flow\"><p><strong>Les silencieux r\u00e9actifs sont destin\u00e9s principalement \u00e0 att\u00e9nuer des bruits basses fr\u00e9quences \u2013 jusqu\u2019\u00e0 60dBA d\u2019att\u00e9nuation \u2013 \u00e0 l\u2019\u00e9chappement des machines tournantes telles que: moteurs diesel\/gaz, compresseurs, pompes, &#8230;.<\/strong><\/p><\/blockquote>\n\n\n\n<div class=\"wp-block-media-text alignwide is-stacked-on-mobile\"><figure class=\"wp-block-media-text__media\"><img alt=\"\" loading=\"lazy\" decoding=\"async\" width=\"1031\" height=\"680\" src=\"http:\/\/saifrance.com\/wp-content\/uploads\/2021\/01\/Hounde-Power-Station-1.jpg\" alt=\"\" class=\"wp-image-3079\" srcset=\"https:\/\/saifrance.com\/wp-content\/uploads\/2021\/01\/Hounde-Power-Station-1.jpg 1031w, https:\/\/saifrance.com\/wp-content\/uploads\/2021\/01\/Hounde-Power-Station-1-800x528.jpg 800w, https:\/\/saifrance.com\/wp-content\/uploads\/2021\/01\/Hounde-Power-Station-1-768x507.jpg 768w\" sizes=\"auto, (max-width: 1031px) 100vw, 1031px\" \/><\/figure><div class=\"wp-block-media-text__content\">\n<p>Les silencieux r\u00e9actifs sont destin\u00e9es principalement \u00e0 att\u00e9nuer des bruits basses fr\u00e9quences \u2013 jusqu\u2019\u00e0 60dBA d\u2019att\u00e9nuation \u2013 \u00e0 l\u2019\u00e9chappement des machines tournantes telles que: moteurs diesel\/gaz, compresseurs, pompes, \u2026.<\/p>\n\n\n\n<p>Les silencieux r\u00e9actifs diminuent les nuisances sonores des \u00e9chappements. On les rencontre sur des sites industriels tr\u00e8s vari\u00e9s.<\/p>\n<\/div><\/div>\n\n\n\n<p>Pr\u00e9sent dans cette activit\u00e9 depuis plusieurs d\u00e9cennies, avec une liste de r\u00e9f\u00e9rences dans tous les pays aupr\u00e8s des plus grands donneurs d\u2019ordre, SAI a d\u00e9velopp\u00e9 une expertise dans ce domaine et a une maitrise compl\u00e8te de ce type de produit depuis leur conception, leur fabrication et jusqu\u2019\u00e0 l\u2019installation sur site.<\/p>\n\n\n\n<p>SAI optimise le dimensionnement acoustique pour atteindre les performances requises avec une conception m\u00e9canique optimale r\u00e9pondant aux normes internationales pour fonctionner en totale s\u00e9curit\u00e9.<\/p>\n\n\n\n<h2 class=\"wp-block-heading\">Une technologie \u00e9prouv\u00e9e et optimale<\/h2>\n\n\n\n<div class=\"wp-block-media-text alignwide has-media-on-the-right is-stacked-on-mobile\" style=\"grid-template-columns:auto 43%\"><figure class=\"wp-block-media-text__media\"><img alt=\"\" loading=\"lazy\" decoding=\"async\" width=\"1024\" height=\"635\" src=\"http:\/\/saifrance.com\/wp-content\/uploads\/2021\/01\/noir.jpg\" alt=\"\" class=\"wp-image-3081\" srcset=\"https:\/\/saifrance.com\/wp-content\/uploads\/2021\/01\/noir.jpg 1024w, https:\/\/saifrance.com\/wp-content\/uploads\/2021\/01\/noir-800x496.jpg 800w, https:\/\/saifrance.com\/wp-content\/uploads\/2021\/01\/noir-768x476.jpg 768w\" sizes=\"auto, (max-width: 1024px) 100vw, 1024px\" \/><\/figure><div class=\"wp-block-media-text__content\">\n<p>Ces silencieux sont de section cylindrique et sont constitu\u00e9s d\u2019une succession de chambres de d\u00e9tente reli\u00e9es par des tubes d\u2019imp\u00e9dance.<\/p>\n\n\n\n<p>La longueur de ces tubes d\u00e9pend des fr\u00e9quences de rotation de la machine et de ses harmoniques.<\/p>\n\n\n\n<p>Les logiciels SAI permettent de calibrer ces tubes, d\u2019optimiser les diam\u00e8tres et le nombre de chambres d\u2019expansion n\u00e9cessaires.<\/p>\n<\/div><\/div>\n\n\n\n<p>Chaque singularit\u00e9 est mod\u00e9lis\u00e9e par une matrice transfert avec prise en compte des vitesses d\u2019\u00e9coulement et de la temp\u00e9rature du fluide .<\/p>\n\n\n\n<p>Pour couvrir la totalit\u00e9 du spectre d\u2019att\u00e9nuation requis, il est possible d\u2019ajouter un \u00e9tage absorbant .<\/p>\n\n\n\n<h2 class=\"wp-block-heading\">Un design optimis\u00e9 suivant les donn\u00e9es du proc\u00e9d\u00e9<\/h2>\n\n\n\n<div class=\"wp-block-media-text alignwide is-stacked-on-mobile is-image-fill\"><figure class=\"wp-block-media-text__media\" style=\"background-image:url(http:\/\/saifrance.com\/wp-content\/uploads\/2020\/11\/Kivu-chez-Skymont-2-scaled.jpg);background-position:16% 61%\"><img alt=\"\" loading=\"lazy\" decoding=\"async\" width=\"2560\" height=\"1920\" src=\"http:\/\/saifrance.com\/wp-content\/uploads\/2020\/11\/Kivu-chez-Skymont-2-scaled.jpg\" alt=\"Silencieux r\u00e9actif  Silencieux basses fr\u00e9quences   R\u00e9sonateur\nTraitement des \u00e9missions\nMAN \nW\u00e4rtsil\u00e4\nMTU\nCummins\nRolls Royce\nCaterpillar\nDeutz\nABC\nNiigata\nJenbacher\nMWM\nWaukesha\" class=\"wp-image-1838\" srcset=\"https:\/\/saifrance.com\/wp-content\/uploads\/2020\/11\/Kivu-chez-Skymont-2-scaled.jpg 2560w, https:\/\/saifrance.com\/wp-content\/uploads\/2020\/11\/Kivu-chez-Skymont-2-800x600.jpg 800w, https:\/\/saifrance.com\/wp-content\/uploads\/2020\/11\/Kivu-chez-Skymont-2-1360x1020.jpg 1360w, https:\/\/saifrance.com\/wp-content\/uploads\/2020\/11\/Kivu-chez-Skymont-2-768x576.jpg 768w, https:\/\/saifrance.com\/wp-content\/uploads\/2020\/11\/Kivu-chez-Skymont-2-1536x1152.jpg 1536w, https:\/\/saifrance.com\/wp-content\/uploads\/2020\/11\/Kivu-chez-Skymont-2-2048x1536.jpg 2048w\" sizes=\"auto, (max-width: 2560px) 100vw, 2560px\" \/><\/figure><div class=\"wp-block-media-text__content\">\n<p>Pour atteindre les performances requises, les silencieux r\u00e9actifs de SAI sont calcul\u00e9s et dimensionn\u00e9es en fonction de quelques param\u00e8tres li\u00e9s \u00e0 l\u2019exploitation. Parmi les principales informations n\u00e9cessaires, on trouve:<\/p>\n\n\n\n<ul class=\"wp-block-list\"><li>La nature du gaz : air, fum\u00e9es \u2026 <\/li><li>Le d\u00e9bit massique (Kg\/s\u2026) <\/li><li>La temp\u00e9rature (\u00b0c, \u00b0F \u2026) <\/li><li>Le r\u00e9gime de rotation (nb\/mn, rpm..) <\/li><li>Le nombre de cylindres ou de lobes de la machine <\/li><li>La performance acoustique Lp @1m sortie (dBA) <\/li><li>Le spectre d\u2019entr\u00e9e en dB par octave sans silencieux <\/li><li>La perte de charge maximum (Pa)<\/li><\/ul>\n<\/div><\/div>\n\n\n\n<h2 class=\"wp-block-heading\">Des options disponibles pour prendre en compte des besoins tr\u00e8s divers:<\/h2>\n\n\n\n<p>Les clients de SAI doivent souvent adresser des besoins tr\u00e8s sp\u00e9cifiques pour tenir compte de l\u2019application dans laquelle va \u00eatre install\u00e9 le silencieux r\u00e9actif. Sur demande, de nombreuses options de fabrication ou de contr\u00f4le sont disponibles:<\/p>\n\n\n\n<div class=\"wp-block-columns is-layout-flex wp-container-core-columns-is-layout-9d6595d7 wp-block-columns-is-layout-flex\">\n<div class=\"wp-block-column is-layout-flow wp-block-column-is-layout-flow\">\n<ul class=\"wp-block-list\"><li>Entr\u00e9e par bride ou par embout \u00e0 souder Bw <\/li><li>Position verticale ou horizontale <\/li><li>Corps en acier carbone S235JR, P265GH, Corten ou inox divers 304, 316, 321\u2026 <\/li><li>Montage sur pied ou pattes support <\/li><li>Chapeau pare pluie ou coude de sortie<\/li><\/ul>\n<\/div>\n\n\n\n<div class=\"wp-block-column is-layout-flow wp-block-column-is-layout-flow\">\n<ul class=\"wp-block-list\"><li>Grillage anti-volatile <\/li><li>Note de calcul pour tenue au vent ou s\u00e9isme <\/li><li>Tiroir pour cartouche catalytique <\/li><li>Sparks arrestor <\/li><li>ITP ou plan qualit\u00e9 de fabrication en pr\u00e9sence client <\/li><li>Peintures sp\u00e9ciales<\/li><\/ul>\n<\/div>\n<\/div>\n\n\n\n<p><\/p>\n","protected":false},"excerpt":{"rendered":"<p>Les silencieux r\u00e9actifs sont destin\u00e9s principalement \u00e0 att\u00e9nuer des bruits basses fr\u00e9quences \u2013 jusqu\u2019\u00e0 60dBA d\u2019att\u00e9nuation \u2013 \u00e0 l\u2019\u00e9chappement des machines tournantes telles que: moteurs diesel\/gaz, compresseurs, pompes, &#8230;. Les silencieux r\u00e9actifs sont destin\u00e9es principalement \u00e0 att\u00e9nuer des bruits basses fr\u00e9quences \u2013 jusqu\u2019\u00e0 60dBA d\u2019att\u00e9nuation \u2013 \u00e0 l\u2019\u00e9chappement des machines tournantes telles que: moteurs diesel\/gaz, [&hellip;]<\/p>\n","protected":false},"author":1,"featured_media":2067,"parent":0,"menu_order":0,"comment_status":"closed","ping_status":"closed","template":"","meta":{"_seopress_robots_primary_cat":"","_seopress_titles_title":"","_seopress_titles_desc":"","_seopress_robots_index":"","footnotes":""},"class_list":["post-3245","page","type-page","status-publish","has-post-thumbnail","hentry"],"meta_box":[],"_links":{"self":[{"href":"https:\/\/saifrance.com\/fr\/wp-json\/wp\/v2\/pages\/3245","targetHints":{"allow":["GET"]}}],"collection":[{"href":"https:\/\/saifrance.com\/fr\/wp-json\/wp\/v2\/pages"}],"about":[{"href":"https:\/\/saifrance.com\/fr\/wp-json\/wp\/v2\/types\/page"}],"author":[{"embeddable":true,"href":"https:\/\/saifrance.com\/fr\/wp-json\/wp\/v2\/users\/1"}],"replies":[{"embeddable":true,"href":"https:\/\/saifrance.com\/fr\/wp-json\/wp\/v2\/comments?post=3245"}],"version-history":[{"count":1,"href":"https:\/\/saifrance.com\/fr\/wp-json\/wp\/v2\/pages\/3245\/revisions"}],"predecessor-version":[{"id":3246,"href":"https:\/\/saifrance.com\/fr\/wp-json\/wp\/v2\/pages\/3245\/revisions\/3246"}],"wp:featuredmedia":[{"embeddable":true,"href":"https:\/\/saifrance.com\/fr\/wp-json\/wp\/v2\/media\/2067"}],"wp:attachment":[{"href":"https:\/\/saifrance.com\/fr\/wp-json\/wp\/v2\/media?parent=3245"}],"curies":[{"name":"wp","href":"https:\/\/api.w.org\/{rel}","templated":true}]}}