{"id":3243,"date":"2021-01-29T10:21:27","date_gmt":"2021-01-29T09:21:27","guid":{"rendered":"https:\/\/saifrance.com\/?page_id=3243"},"modified":"2021-01-29T10:21:28","modified_gmt":"2021-01-29T09:21:28","slug":"silencieux-dissipatif","status":"publish","type":"page","link":"https:\/\/saifrance.com\/fr\/silencieux-dissipatif\/","title":{"rendered":"Silencieux dissipatif"},"content":{"rendered":"\n<blockquote class=\"wp-block-quote is-layout-flow wp-block-quote-is-layout-flow\"><p><strong>Une optimisation acoustique et m\u00e9canique des \u00e9quipements pour garantir un haut niveau de performance \u2013 jusqu\u2019\u00e0 60dBA d\u2019att\u00e9nuation &#8211; dans les meilleures conditions de s\u00e9curit\u00e9.<\/strong><\/p><\/blockquote>\n\n\n\n<p>Les silencieux \u00e0 absorption ou silencieux dissipatifs sont destin\u00e9s principalement \u00e0 att\u00e9nuer des bruits en moyennes et hautes fr\u00e9quences \u00e0 l\u2019aspiration ou au refoulement de ventilateurs, moteurs diesel, compresseurs \u2026<\/p>\n\n\n\n<h2 class=\"wp-block-heading\">Technologie des silencieux \u00e0 baffle ou \u00e0 bulbe<\/h2>\n\n\n\n<p>Ces silencieux sont de section rectangulaire ou cylindrique. La partie absorbante est constitu\u00e9e de panneaux acoustiques appel\u00e9s baffles (type SBP) ou d\u2019un cylindre absorbant (type SCA).<\/p>\n\n\n\n<p>Les \u00e9paisseurs et longueurs du traitement acoustique sont calcul\u00e9es selon le spectre d\u2019octave \u00e0 att\u00e9nuer. La section utile de passage conditionne la vitesse du fluide et donc la perte de charge.<\/p>\n\n\n\n<p>Les logiciels de SAI et l\u2019exp\u00e9rience de ses experts permettent d\u2019optimiser la dimension de ces silencieux tout en respectant ces deux crit\u00e8res :<\/p>\n\n\n\n<ul class=\"wp-block-list\"><li>respect du spectre d\u2019octave \u00e0 att\u00e9nuer<\/li><li>respect de la perte de charge maxi fix\u00e9e par le client.<\/li><\/ul>\n\n\n\n<p><\/p>\n\n\n\n<div class=\"wp-block-image\"><figure class=\"aligncenter size-large is-resized\"><img loading=\"lazy\" decoding=\"async\" src=\"https:\/\/saifrance.com\/wp-content\/uploads\/2020\/12\/Silencieux-dissipatif-2-photoshop.png\" alt=\"Silencieux dissipatif \u00e0 absorption  Silencieux \u00e0 faible perte de charge  Noyau central\" class=\"wp-image-2668\" width=\"870\" height=\"673\" srcset=\"https:\/\/saifrance.com\/wp-content\/uploads\/2020\/12\/Silencieux-dissipatif-2-photoshop.png 1000w, https:\/\/saifrance.com\/wp-content\/uploads\/2020\/12\/Silencieux-dissipatif-2-photoshop-776x600.png 776w, https:\/\/saifrance.com\/wp-content\/uploads\/2020\/12\/Silencieux-dissipatif-2-photoshop-768x594.png 768w\" sizes=\"auto, (max-width: 870px) 100vw, 870px\" \/><\/figure><\/div>\n\n\n\n<h2 class=\"wp-block-heading\">Un design optimis\u00e9<\/h2>\n\n\n\n<p>Pour atteindre les performances requises, les silencieux \u00e0 baffle ou \u00e0 bulbe de SAI sont calcul\u00e9s et dimensionn\u00e9es en fonction de quelques param\u00e8tres li\u00e9s \u00e0 l\u2019exploitation. Parmi les principales informations n\u00e9cessaires:<\/p>\n\n\n\n<ul class=\"wp-block-list\"><li>La nature du gaz : air, vapeur, gaz naturel, azote, \u2026 <\/li><li>Le d\u00e9bit volumique (Nm3\/h, \u2026) <\/li><li>La temp\u00e9rature (\u00b0C, \u00b0F \u2026) <\/li><li>La performance acoustique Lp @1m sortie (dBA) <\/li><li>Spectre d\u2019entr\u00e9e en dB par octave sans silencieux <\/li><li>Perte de charge maximum (mmCE)<\/li><\/ul>\n\n\n\n<p>Des demandes sp\u00e9cifiques peuvent \u00eatre prises en compte par SAI pour s\u2019adapter parfaitement aux besoins:<\/p>\n\n\n\n<ul class=\"wp-block-list\"><li>Entr\u00e9e par bride ou embout \u00e0 souder Bw <\/li><li>Position verticale ou horizontale <\/li><li>Corps en acier carbone S235JR ou P265GH ou inox divers 304, 316, 321\u2026 <\/li><li>Montage sur pied ou pattes support <\/li><li>Chapeau pare pluie ou coude de sortie <\/li><li>Grillage anti-volatile <\/li><li>Note de calcul pour tenue au vent ou s\u00e9isme <\/li><li>ITP ou plan qualit\u00e9 de fabrication en pr\u00e9sence client <\/li><li>Peintures sp\u00e9ciales \u2026<\/li><\/ul>\n\n\n\n<h2 class=\"wp-block-heading\">Technologie des silencieux \u00e0 passage direct <\/h2>\n\n\n\n<p>Les silencieux \u00e0 passage direct (type ABD) sont des silencieux avec tr\u00e8s peu de perte de charge. Ils fonctionnent \u00e0 pression statique constante et peuvent \u00eatre utilis\u00e9s comme silencieux en ligne.<\/p>\n\n\n\n<p>SAI con\u00e7oit et fabrique ces silencieux permettant des att\u00e9nuations de 15 \u00e0 30 dBA sur les fr\u00e9quences moyennes.<\/p>\n\n\n\n<h2 class=\"wp-block-heading\">Des options disponibles pour prendre en compte des besoins tr\u00e8s divers:<\/h2>\n\n\n\n<p>Les clients de SAI doivent souvent tenir compte des situations sp\u00e9cifiques pour l\u2019application dans laquelle sont install\u00e9s les silencieux \u00e0 passage directe. Sur demande, de nombreuses options de fabrication ou de contr\u00f4le sont disponibles:<\/p>\n\n\n\n<ul class=\"wp-block-list\"><li>Possibilit\u00e9 de dimensionnement de silencieux en ligne \u00e0 pression constante jusqu\u2019\u00e0 200bar <\/li><li>Respect de la directive 2014\/68\/UE des appareils \u00e0 pression <\/li><li>Dimensionnement m\u00e9canique selon CODAP ou ASMEVIII <\/li><li>Fonds bomb\u00e9s en entr\u00e9e \/ sortie selon la pression statique d\u2019utilisation <\/li><li>Partie absorbante d\u00e9montable pour \u00e9preuve hydraulique<\/li><\/ul>\n","protected":false},"excerpt":{"rendered":"<p>Une optimisation acoustique et m\u00e9canique des \u00e9quipements pour garantir un haut niveau de performance \u2013 jusqu\u2019\u00e0 60dBA d\u2019att\u00e9nuation &#8211; dans les meilleures conditions de s\u00e9curit\u00e9. Les silencieux \u00e0 absorption ou silencieux dissipatifs sont destin\u00e9s principalement \u00e0 att\u00e9nuer des bruits en moyennes et hautes fr\u00e9quences \u00e0 l\u2019aspiration ou au refoulement de ventilateurs, moteurs diesel, compresseurs \u2026 [&hellip;]<\/p>\n","protected":false},"author":1,"featured_media":2463,"parent":0,"menu_order":0,"comment_status":"closed","ping_status":"closed","template":"","meta":{"_seopress_robots_primary_cat":"","_seopress_titles_title":"","_seopress_titles_desc":"","_seopress_robots_index":"","footnotes":""},"class_list":["post-3243","page","type-page","status-publish","has-post-thumbnail","hentry"],"meta_box":[],"_links":{"self":[{"href":"https:\/\/saifrance.com\/fr\/wp-json\/wp\/v2\/pages\/3243","targetHints":{"allow":["GET"]}}],"collection":[{"href":"https:\/\/saifrance.com\/fr\/wp-json\/wp\/v2\/pages"}],"about":[{"href":"https:\/\/saifrance.com\/fr\/wp-json\/wp\/v2\/types\/page"}],"author":[{"embeddable":true,"href":"https:\/\/saifrance.com\/fr\/wp-json\/wp\/v2\/users\/1"}],"replies":[{"embeddable":true,"href":"https:\/\/saifrance.com\/fr\/wp-json\/wp\/v2\/comments?post=3243"}],"version-history":[{"count":1,"href":"https:\/\/saifrance.com\/fr\/wp-json\/wp\/v2\/pages\/3243\/revisions"}],"predecessor-version":[{"id":3244,"href":"https:\/\/saifrance.com\/fr\/wp-json\/wp\/v2\/pages\/3243\/revisions\/3244"}],"wp:featuredmedia":[{"embeddable":true,"href":"https:\/\/saifrance.com\/fr\/wp-json\/wp\/v2\/media\/2463"}],"wp:attachment":[{"href":"https:\/\/saifrance.com\/fr\/wp-json\/wp\/v2\/media?parent=3243"}],"curies":[{"name":"wp","href":"https:\/\/api.w.org\/{rel}","templated":true}]}}