{"id":3241,"date":"2021-01-29T10:20:54","date_gmt":"2021-01-29T09:20:54","guid":{"rendered":"https:\/\/saifrance.com\/?page_id=3241"},"modified":"2021-01-29T10:20:55","modified_gmt":"2021-01-29T09:20:55","slug":"silencieux-de-decharge-haute-pression","status":"publish","type":"page","link":"https:\/\/saifrance.com\/fr\/silencieux-de-decharge-haute-pression\/","title":{"rendered":"Silencieux de d\u00e9charge haute pression"},"content":{"rendered":"\n<blockquote class=\"wp-block-quote is-layout-flow wp-block-quote-is-layout-flow\"><p>L<strong>es silencieux de d\u00e9charge haute pression (mod\u00e8le SHP) peuvent fonctionner pour des donn\u00e9es de service jusqu\u2019\u00e0 1000 bars de pression.<\/strong><\/p><\/blockquote>\n\n\n\n<h2 class=\"wp-block-heading\">Une technologie \u00e9prouv\u00e9e et brevet\u00e9e<\/h2>\n\n\n\n<p>SAI a d\u00e9velopp\u00e9 une gamme de silencieux haute pression en fonction des donn\u00e9es du proc\u00e9d\u00e9 et des performances acoustiques \u00e0 atteindre. Les principales caract\u00e9ristiques sont les suivantes:<\/p>\n\n\n\n<ul class=\"wp-block-list\"><li>Un d\u00e9bit d\u2019air variant de 10 \u00e0 400g\/s<\/li><li>Une tenue maximale \u00e0 85 bars \u00e0 une temp\u00e9rature de 530\u00b0C<\/li><li>Une fabrication tout inox<\/li><li>Pas de mat\u00e9riau organique ni de&nbsp; laine min\u00e9rale.<\/li><\/ul>\n\n\n\n<h2 class=\"wp-block-heading\">Un design optimis\u00e9 suivant les donn\u00e9es du proc\u00e9d\u00e9<\/h2>\n\n\n\n<p>Pour atteindre les performances requises, les silencieux de d\u00e9charge haute pression sont calcul\u00e9s et dimensionn\u00e9es en fonction de quelques param\u00e8tres li\u00e9s \u00e0 l\u2019exploitation. Parmi les principales informations n\u00e9cessaires, on trouve:<\/p>\n\n\n\n<ul class=\"wp-block-list\"><li>La nature du gaz : air, vapeur, gaz naturel, azote, hydrog\u00e8ne \u2026<\/li><li>Le d\u00e9bit massique (t\/h)<\/li><li>La temp\u00e9rature (\u00b0C)<\/li><li>La pression en entr\u00e9e ou perte de charge admissible(bg)<\/li><li>Les performances acoustiques \u00e0 garantir.<\/li><\/ul>\n\n\n\n<h2 class=\"wp-block-heading\">Des performances acoustiques garanties<\/h2>\n\n\n\n<p>SAI a con\u00e7u&nbsp; les silencieux de d\u00e9charge faible d\u00e9bit pour r\u00e9pondre aux exigences des fabricants de turbine \u00e0 gaz. La conception de ces produits fait l\u2019objet d\u2019un brevet international. Ces silencieux permettent des att\u00e9nuations de bruit de 20 \u00e0 50 dBA permettant d\u2019atteindre des niveau de puissance acoustique de l\u2019ordre de LW = 65dBA.<\/p>\n\n\n\n<h2 class=\"wp-block-heading\">Une fabrication suivant les codes les plus contraignants<\/h2>\n\n\n\n<p>Compte tenu des enjeux en terme de s\u00e9curit\u00e9 pour le fonctionnement des turbines \u00e0 gaz, une attention tr\u00e8s forte est port\u00e9e par SAI \u00e0 la fabrication de ses silencieux. En particulier:<\/p>\n\n\n\n<ul class=\"wp-block-list\"><li>Une entr\u00e9e standard&nbsp;DN32 (1\u201d1\/4)<\/li><li>Un dimensionnement selon &nbsp;les codes de tenue en pression CODAP, ASMEVIII\u2026<\/li><li>Les mati\u00e8res premi\u00e8res en inox<\/li><li>Hors application de la Directive 2014\/68\/UE<\/li><\/ul>\n","protected":false},"excerpt":{"rendered":"<p>Les silencieux de d\u00e9charge haute pression (mod\u00e8le SHP) peuvent fonctionner pour des donn\u00e9es de service jusqu\u2019\u00e0 1000 bars de pression. Une technologie \u00e9prouv\u00e9e et brevet\u00e9e SAI a d\u00e9velopp\u00e9 une gamme de silencieux haute pression en fonction des donn\u00e9es du proc\u00e9d\u00e9 et des performances acoustiques \u00e0 atteindre. Les principales caract\u00e9ristiques sont les suivantes: Un d\u00e9bit d\u2019air [&hellip;]<\/p>\n","protected":false},"author":1,"featured_media":2925,"parent":0,"menu_order":0,"comment_status":"closed","ping_status":"closed","template":"","meta":{"_seopress_robots_primary_cat":"","_seopress_titles_title":"","_seopress_titles_desc":"","_seopress_robots_index":"","footnotes":""},"class_list":["post-3241","page","type-page","status-publish","has-post-thumbnail","hentry"],"meta_box":[],"_links":{"self":[{"href":"https:\/\/saifrance.com\/fr\/wp-json\/wp\/v2\/pages\/3241","targetHints":{"allow":["GET"]}}],"collection":[{"href":"https:\/\/saifrance.com\/fr\/wp-json\/wp\/v2\/pages"}],"about":[{"href":"https:\/\/saifrance.com\/fr\/wp-json\/wp\/v2\/types\/page"}],"author":[{"embeddable":true,"href":"https:\/\/saifrance.com\/fr\/wp-json\/wp\/v2\/users\/1"}],"replies":[{"embeddable":true,"href":"https:\/\/saifrance.com\/fr\/wp-json\/wp\/v2\/comments?post=3241"}],"version-history":[{"count":1,"href":"https:\/\/saifrance.com\/fr\/wp-json\/wp\/v2\/pages\/3241\/revisions"}],"predecessor-version":[{"id":3242,"href":"https:\/\/saifrance.com\/fr\/wp-json\/wp\/v2\/pages\/3241\/revisions\/3242"}],"wp:featuredmedia":[{"embeddable":true,"href":"https:\/\/saifrance.com\/fr\/wp-json\/wp\/v2\/media\/2925"}],"wp:attachment":[{"href":"https:\/\/saifrance.com\/fr\/wp-json\/wp\/v2\/media?parent=3241"}],"curies":[{"name":"wp","href":"https:\/\/api.w.org\/{rel}","templated":true}]}}