{"id":3239,"date":"2021-01-29T10:19:55","date_gmt":"2021-01-29T09:19:55","guid":{"rendered":"https:\/\/saifrance.com\/?page_id=3239"},"modified":"2025-09-23T09:21:59","modified_gmt":"2025-09-23T07:21:59","slug":"silencieux-de-decharge","status":"publish","type":"page","link":"https:\/\/saifrance.com\/fr\/silencieux-de-decharge\/","title":{"rendered":"Silencieux de d\u00e9charge"},"content":{"rendered":"\n<blockquote class=\"wp-block-quote is-layout-flow wp-block-quote-is-layout-flow\">\n<p><strong>Une optimisation acoustique et m\u00e9canique des \u00e9quipements pour garantir un haut niveau de performance \u2013 jusqu\u2019\u00e0 70dBA d\u2019att\u00e9nuation &#8211; dans les meilleures conditions de s\u00e9curit\u00e9.<\/strong><\/p>\n<\/blockquote>\n\n\n\n<p>Les silencieux de d\u00e9charge \u00e0 l\u2019atmosph\u00e8re (type DAS) ou silencieux d\u2019\u00e9vent sont destin\u00e9s \u00e0 att\u00e9nuer le bruit produit par la mise \u00e0 l\u2019air libre d\u2019un gaz sous pression pouvant atteindre des niveaux de puissance acoustique jusqu\u2019\u00e0 LW = 160dBA.<\/p>\n\n\n\n<p>Ces silencieux sont positionn\u00e9s en aval d\u2019une vanne de d\u00e9charge ou d\u2019une soupape de s\u00e9curit\u00e9. On les trouve dans de nombreuses applications industrielles, en particulier dans les centrales thermiques, les chaudi\u00e8res, les usines de traitement de d\u00e9chets, les raffineries, etc \u2026<\/p>\n\n\n\n<p>Pr\u00e9sent dans cette activit\u00e9 depuis plusieurs d\u00e9cennies, avec une liste de r\u00e9f\u00e9rences dans tous les pays aupr\u00e8s des plus grands donneurs d\u2019ordre, SAI a d\u00e9velopp\u00e9 une expertise dans ce domaine et a une maitrise compl\u00e8te de ce type de produit depuis leur conception, leur fabrication et jusqu\u2019\u00e0 l\u2019installation sur site.<\/p>\n\n\n\n<p>C\u2019est ainsi que SAI est en mesure d\u2019optimiser le dimensionnement acoustique pour atteindre les performances requises avec une conception m\u00e9canique optimale r\u00e9pondant aux normes internationales pour fonctionner en totale s\u00e9curit\u00e9.<\/p>\n\n\n\n<h2 class=\"wp-block-heading\">Une technologie \u00e9prouv\u00e9e et optimale<\/h2>\n\n\n\n<div class=\"wp-block-media-text alignwide is-stacked-on-mobile is-image-fill\" style=\"grid-template-columns:44% auto\"><figure class=\"wp-block-media-text__media\" style=\"background-image:url(http:\/\/saifrance.com\/wp-content\/uploads\/2021\/01\/Silencieux-de-decharge-PS-3.png);background-position:50% 50%\"><img loading=\"lazy\" decoding=\"async\" width=\"1000\" height=\"773\" src=\"http:\/\/saifrance.com\/wp-content\/uploads\/2021\/01\/Silencieux-de-decharge-PS-3.png\" alt=\"Silencieux d\u00e9charge gaz sous pression  Silencieux vapeur  Silencieux de d\u00e9tente gaz  Mise \u00e0 l'atmosph\u00e8re de gaz  Vidange de r\u00e9servoir sous pression vidange de capacit\u00e9 GRTgaz Exxon  GE  CNIM BOREALIS  AIT Stein Stockage sous terrain\" class=\"wp-image-2909 size-full\" srcset=\"https:\/\/saifrance.com\/wp-content\/uploads\/2021\/01\/Silencieux-de-decharge-PS-3.png 1000w, https:\/\/saifrance.com\/wp-content\/uploads\/2021\/01\/Silencieux-de-decharge-PS-3-776x600.png 776w, https:\/\/saifrance.com\/wp-content\/uploads\/2021\/01\/Silencieux-de-decharge-PS-3-768x594.png 768w\" sizes=\"auto, (max-width: 1000px) 100vw, 1000px\" \/><\/figure><div class=\"wp-block-media-text__content\">\n\n<p>En g\u00e9n\u00e9ral, les silencieux de d\u00e9charge sont constitu\u00e9s de deux \u00e9tages :<\/p>\n\n\n<ul class=\"wp-block-list\"><li>Un premier \u00e9tage avec un diffuseur assurant la d\u00e9tente du gaz en pression jusqu\u2019\u00e0 la pression atmosph\u00e9rique. Cet \u00e9tage est dimensionn\u00e9 suivant les codes des appareils \u00e0 pression: CODAP, ASMEVIII,\u2026<\/li><li>Un deuxi\u00e8me \u00e9tage \u00e0 absorption acoustique vient compl\u00e9ter l\u2019att\u00e9nuation jusqu\u2019\u00e0 l\u2019objectif \u00e0 atteindre.<\/li><\/ul>\n\n\n<p> La technologie de SAI permet de traiter des conditions extr\u00eames de proc\u00e9d\u00e9. Par exemple: un d\u00e9bit de gaz\/vapeur jusqu\u2019\u00e0 500t\/h, une temp\u00e9rature jusqu\u2019\u00e0 500\u00b0C avec une pression d\u2019entr\u00e9e de 200bars.<\/p>\n\n<\/div><\/div>\n\n\n\n<h2 class=\"wp-block-heading\">Un design optimis\u00e9 suivant les donn\u00e9es du proc\u00e9d\u00e9<\/h2>\n\n\n\n<p>Pour atteindre les performances requises, les silencieux de d\u00e9charge de SAI sont calcul\u00e9s et dimensionn\u00e9es en fonction de quelques param\u00e8tres li\u00e9s \u00e0 l\u2019exploitation. Parmi les principales informations n\u00e9cessaires, on trouve:<\/p>\n\n\n\n<ul class=\"wp-block-list\">\n<li>La nature du gaz : air, vapeur, gaz naturel, azote, \u2026<\/li>\n\n\n\n<li>Le d\u00e9bit massique (t\/h, lb\/h \u2026)<\/li>\n\n\n\n<li>La temp\u00e9rature (\u00b0C, \u00b0F \u2026)<\/li>\n\n\n\n<li>La performance acoustique Lp @1m sortie (dBA)<\/li>\n\n\n\n<li>La pression en entr\u00e9e ou perte de charge admissible(bg, psig\u2026)<\/li>\n<\/ul>\n\n\n\n<h2 class=\"wp-block-heading\">Une fabrication suivant les codes les plus contraignants<\/h2>\n\n\n\n<div class=\"wp-block-media-text alignwide has-media-on-the-right is-stacked-on-mobile is-image-fill-element\" style=\"grid-template-columns:auto 42%\"><div class=\"wp-block-media-text__content\">\n<p>Compte tenu des enjeux en terme de s\u00e9curit\u00e9 pour les biens et personnes, une attention tr\u00e8s forte est port\u00e9e par SAI \u00e0 la fabrication de ses silencieux. En particulier:<\/p>\n\n\n\n<ul class=\"wp-block-list\">\n<li>Un dimensionnement selon les sp\u00e9cifications clients et les codes de construction CODAP, ASME VIII DIV.1 \u2026<\/li>\n\n\n\n<li>Les mati\u00e8res premi\u00e8res des parties en pression en acier carbone P265GH ou aciers alli\u00e9s<\/li>\n\n\n\n<li>La mati\u00e8re premi\u00e8re des viroles.<\/li>\n<\/ul>\n<\/div><figure class=\"wp-block-media-text__media\"><img alt=\"\" loading=\"lazy\" decoding=\"async\" width=\"1325\" height=\"1024\" src=\"http:\/\/saifrance.com\/wp-content\/uploads\/2020\/11\/Silencieux-de-decharge-10k-002-1325x1024.png\" alt=\"\" class=\"wp-image-2107 size-full\" style=\"object-position:50% 50%\" srcset=\"https:\/\/saifrance.com\/wp-content\/uploads\/2020\/11\/Silencieux-de-decharge-10k-002-1325x1024.png 1325w, https:\/\/saifrance.com\/wp-content\/uploads\/2020\/11\/Silencieux-de-decharge-10k-002-777x600.png 777w, https:\/\/saifrance.com\/wp-content\/uploads\/2020\/11\/Silencieux-de-decharge-10k-002-768x593.png 768w, https:\/\/saifrance.com\/wp-content\/uploads\/2020\/11\/Silencieux-de-decharge-10k-002.png 1500w\" sizes=\"auto, (max-width: 1325px) 100vw, 1325px\" \/><\/figure><\/div>\n\n\n\n<p>Chaque silencieux est fournie avec un dossier constructeur complet qui comprend: le cahier de soudage, les certificats mati\u00e8re CCPU, le contr\u00f4le des soudures en pression par ressuage, le certificat peinture, etc &#8230;<\/p>\n\n\n<div class=\"wp-block-image\">\n<figure class=\"aligncenter size-full is-resized\"><img alt=\"\" loading=\"lazy\" decoding=\"async\" width=\"1360\" height=\"729\" src=\"http:\/\/saifrance.com\/wp-content\/uploads\/2020\/12\/27.jpg\" alt=\"\" class=\"wp-image-2588\" style=\"object-fit:contain;width:669px;height:358px\" srcset=\"https:\/\/saifrance.com\/wp-content\/uploads\/2020\/12\/27.jpg 1360w, https:\/\/saifrance.com\/wp-content\/uploads\/2020\/12\/27-800x429.jpg 800w, https:\/\/saifrance.com\/wp-content\/uploads\/2020\/12\/27-768x412.jpg 768w\" sizes=\"auto, (max-width: 1360px) 100vw, 1360px\" \/><\/figure>\n<\/div>\n\n\n<h2 class=\"wp-block-heading\">Des options disponibles pour prendre en compte des besoins tr\u00e8s divers:<\/h2>\n\n\n\n<p>Les clients de SAI doivent souvent adresser des besoins tr\u00e8s sp\u00e9cifiques pour tenir compte de l\u2019application dans laquelle va \u00eatre install\u00e9 le silencieux de d\u00e9charge. Sur demande, de nombreuses options de fabrication ou de contr\u00f4le sont disponibles:<\/p>\n\n\n\n<div class=\"wp-block-columns is-layout-flex wp-container-core-columns-is-layout-9d6595d7 wp-block-columns-is-layout-flex\">\n<div class=\"wp-block-column is-layout-flow wp-block-column-is-layout-flow\">\n<ul class=\"wp-block-list\">\n<li>Entr\u00e9e par bride ou embout \u00e0 souder Bw <\/li>\n\n\n\n<li>Multi-conduites en entr\u00e9e <\/li>\n\n\n\n<li>Position verticale ou horizontale <\/li>\n\n\n\n<li>Montage sur pied ou pattes support <\/li>\n\n\n\n<li>Chapeau pare pluie ou coude de sortie <\/li>\n\n\n\n<li>Grillage anti-volatile <\/li>\n\n\n\n<li>Epreuve hydraulique avant per\u00e7age du diffuseur<\/li>\n<\/ul>\n<\/div>\n\n\n\n<div class=\"wp-block-column is-layout-flow wp-block-column-is-layout-flow\">\n<ul class=\"wp-block-list\">\n<li>Boite de reprise des dilatations en entr\u00e9e selon les 3 axes x,y et z <\/li>\n\n\n\n<li>Note de calcul pour tenue au vent ou s\u00e9isme <\/li>\n\n\n\n<li>Note de calcul de reprise des efforts sur piquage en entr\u00e9e selon WRC code <\/li>\n\n\n\n<li>ITP ou plan qualit\u00e9 de fabrication en pr\u00e9sence client <\/li>\n\n\n\n<li>Contr\u00f4le radio des soudures sur parties en pression <\/li>\n\n\n\n<li>PMI sur mati\u00e8re <\/li>\n\n\n\n<li>Peintures sp\u00e9ciales \u2026<\/li>\n<\/ul>\n<\/div>\n<\/div>\n","protected":false},"excerpt":{"rendered":"<p>Une optimisation acoustique et m\u00e9canique des \u00e9quipements pour garantir un haut niveau de performance \u2013 jusqu\u2019\u00e0 70dBA d\u2019att\u00e9nuation &#8211; dans les meilleures conditions de s\u00e9curit\u00e9. Les silencieux de d\u00e9charge \u00e0 l\u2019atmosph\u00e8re (type DAS) ou silencieux d\u2019\u00e9vent sont destin\u00e9s \u00e0 att\u00e9nuer le bruit produit par la mise \u00e0 l\u2019air libre d\u2019un gaz sous pression pouvant atteindre [&hellip;]<\/p>\n","protected":false},"author":1,"featured_media":2591,"parent":0,"menu_order":0,"comment_status":"closed","ping_status":"closed","template":"","meta":{"_seopress_robots_primary_cat":"","_seopress_titles_title":"","_seopress_titles_desc":"","_seopress_robots_index":"","footnotes":""},"class_list":["post-3239","page","type-page","status-publish","has-post-thumbnail","hentry"],"meta_box":[],"_links":{"self":[{"href":"https:\/\/saifrance.com\/fr\/wp-json\/wp\/v2\/pages\/3239","targetHints":{"allow":["GET"]}}],"collection":[{"href":"https:\/\/saifrance.com\/fr\/wp-json\/wp\/v2\/pages"}],"about":[{"href":"https:\/\/saifrance.com\/fr\/wp-json\/wp\/v2\/types\/page"}],"author":[{"embeddable":true,"href":"https:\/\/saifrance.com\/fr\/wp-json\/wp\/v2\/users\/1"}],"replies":[{"embeddable":true,"href":"https:\/\/saifrance.com\/fr\/wp-json\/wp\/v2\/comments?post=3239"}],"version-history":[{"count":6,"href":"https:\/\/saifrance.com\/fr\/wp-json\/wp\/v2\/pages\/3239\/revisions"}],"predecessor-version":[{"id":4382,"href":"https:\/\/saifrance.com\/fr\/wp-json\/wp\/v2\/pages\/3239\/revisions\/4382"}],"wp:featuredmedia":[{"embeddable":true,"href":"https:\/\/saifrance.com\/fr\/wp-json\/wp\/v2\/media\/2591"}],"wp:attachment":[{"href":"https:\/\/saifrance.com\/fr\/wp-json\/wp\/v2\/media?parent=3239"}],"curies":[{"name":"wp","href":"https:\/\/api.w.org\/{rel}","templated":true}]}}