{"id":3235,"date":"2020-10-09T15:07:58","date_gmt":"2020-10-09T13:07:58","guid":{"rendered":"https:\/\/saifrance.com\/mecanique\/"},"modified":"2021-01-29T10:18:34","modified_gmt":"2021-01-29T09:18:34","slug":"mecanique","status":"publish","type":"page","link":"https:\/\/saifrance.com\/fr\/mecanique\/","title":{"rendered":"M\u00e9canique"},"content":{"rendered":"\n<blockquote class=\"wp-block-quote is-layout-flow wp-block-quote-is-layout-flow\"><p>Un dimensionnement m\u00e9canique pr\u00e9cis contribue \u00e0 assurer la fiabilit\u00e9 et la robustesse recherch\u00e9e par nos clients \u00e0 des prix comp\u00e9titifs.<\/p><\/blockquote>\n\n\n\n<h2 class=\"wp-block-heading\">Mesures In Situ<\/h2>\n\n\n\n<p>SAI est \u00e0 m\u00eame de d\u00e9terminer les outils et la m\u00e9thodologie ad\u00e9quats pour solutionner les probl\u00e9matiques vibratoires et m\u00e9caniques que vous pouvez rencontrer. A titre pr\u00e9ventif, la d\u00e9termination et la caract\u00e9risation de la r\u00e9ponse vibratoire de votre \u00e9quipement (Ping Test) peut \u00eatre r\u00e9alis\u00e9e.<br>A titre curatif, des acc\u00e9l\u00e9rom\u00e8tres et des jauges en inox peuvent \u00eatre install\u00e9s afin de permettre le diagnostic vibratoire.<\/p>\n\n\n\n<h2 class=\"wp-block-heading\">Calcul de structure<\/h2>\n\n\n\n<p>Parties int\u00e9grantes des comp\u00e9tences techniques de SAI, la conception des charpentes m\u00e9talliques et leur mod\u00e9lisation 3D sont toujours propos\u00e9es \u00e0 nos clients. La structure est calcul\u00e9e sur la base des Eurocodes NV65, UBC, IBC et des codes de construction locaux. Des optimisations prenant en compte la valeur marchande actuelle des mat\u00e9riaux mais \u00e9galement les requis de dimensionnement assurent \u00e0 nos clients un design SAI comp\u00e9titif.<\/p>\n\n\n\n<figure class=\"wp-block-image size-large\"><img alt=\"\" loading=\"lazy\" decoding=\"async\" width=\"1059\" height=\"563\" src=\"https:\/\/saifrance.com\/wp-content\/uploads\/2020\/12\/Image2.png\" alt=\"\" class=\"wp-image-2615\" srcset=\"https:\/\/saifrance.com\/wp-content\/uploads\/2020\/12\/Image2.png 1059w, https:\/\/saifrance.com\/wp-content\/uploads\/2020\/12\/Image2-800x425.png 800w, https:\/\/saifrance.com\/wp-content\/uploads\/2020\/12\/Image2-768x408.png 768w\" sizes=\"auto, (max-width: 1059px) 100vw, 1059px\" \/><\/figure>\n\n\n\n<h2 class=\"wp-block-heading\">Simulation num\u00e9rique<\/h2>\n\n\n\n<p><br>SAI peut mod\u00e9liser \u00e0 partir d&rsquo;analyse FEA tout type de pi\u00e8ce m\u00e9canique sollicit\u00e9e par tout type de charge. A travers des centaines de projets, nous avons d\u00e9velopp\u00e9 une ma\u00eetrise des calculs statiques et dynamiques y compris le levage, la manutention et le transport. Nous pouvons concevoir des conduits d&rsquo;air chaud et des silencieux, conduire des \u00e9tudes thermiques et thermom\u00e9caniques ou m\u00eame mener \u00e0 bien des \u00e9valuations de fatigue (LCF, HCF) si n\u00e9cessaire.&nbsp;<\/p>\n","protected":false},"excerpt":{"rendered":"<p>Un dimensionnement m\u00e9canique pr\u00e9cis contribue \u00e0 assurer la fiabilit\u00e9 et la robustesse recherch\u00e9e par nos clients \u00e0 des prix comp\u00e9titifs. Mesures In Situ SAI est \u00e0 m\u00eame de d\u00e9terminer les outils et la m\u00e9thodologie ad\u00e9quats pour solutionner les probl\u00e9matiques vibratoires et m\u00e9caniques que vous pouvez rencontrer. A titre pr\u00e9ventif, la d\u00e9termination et la caract\u00e9risation de [&hellip;]<\/p>\n","protected":false},"author":2,"featured_media":2618,"parent":0,"menu_order":0,"comment_status":"closed","ping_status":"closed","template":"","meta":{"_seopress_robots_primary_cat":"","_seopress_titles_title":"","_seopress_titles_desc":"","_seopress_robots_index":"","footnotes":""},"class_list":["post-3235","page","type-page","status-publish","has-post-thumbnail","hentry"],"meta_box":[],"_links":{"self":[{"href":"https:\/\/saifrance.com\/fr\/wp-json\/wp\/v2\/pages\/3235","targetHints":{"allow":["GET"]}}],"collection":[{"href":"https:\/\/saifrance.com\/fr\/wp-json\/wp\/v2\/pages"}],"about":[{"href":"https:\/\/saifrance.com\/fr\/wp-json\/wp\/v2\/types\/page"}],"author":[{"embeddable":true,"href":"https:\/\/saifrance.com\/fr\/wp-json\/wp\/v2\/users\/2"}],"replies":[{"embeddable":true,"href":"https:\/\/saifrance.com\/fr\/wp-json\/wp\/v2\/comments?post=3235"}],"version-history":[{"count":1,"href":"https:\/\/saifrance.com\/fr\/wp-json\/wp\/v2\/pages\/3235\/revisions"}],"predecessor-version":[{"id":3236,"href":"https:\/\/saifrance.com\/fr\/wp-json\/wp\/v2\/pages\/3235\/revisions\/3236"}],"wp:featuredmedia":[{"embeddable":true,"href":"https:\/\/saifrance.com\/fr\/wp-json\/wp\/v2\/media\/2618"}],"wp:attachment":[{"href":"https:\/\/saifrance.com\/fr\/wp-json\/wp\/v2\/media?parent=3235"}],"curies":[{"name":"wp","href":"https:\/\/api.w.org\/{rel}","templated":true}]}}