{"id":3233,"date":"2021-01-29T10:17:13","date_gmt":"2021-01-29T09:17:13","guid":{"rendered":"https:\/\/saifrance.com\/?page_id=3233"},"modified":"2021-01-29T10:17:13","modified_gmt":"2021-01-29T09:17:13","slug":"aeraulique","status":"publish","type":"page","link":"https:\/\/saifrance.com\/fr\/aeraulique\/","title":{"rendered":"A\u00e9raulique"},"content":{"rendered":"\n<p><\/p>\n\n\n\n<blockquote class=\"wp-block-quote is-layout-flow wp-block-quote-is-layout-flow\"><p><strong>Tous nos projets s&rsquo;accompagnent d&rsquo;un d\u00e9fi d&rsquo;envergure : atteindre les performances de r\u00e9duction de bruit ou les performances requises de refroidissement et ventilation en minimisant l\u2019impact sur le processus industriel (par exemple&nbsp;: minimisation des pertes de charge et donc am\u00e9lioration de la performance op\u00e9rationnelle et le taux d\u2019efficacit\u00e9, minimisation de la surchauffe des composants par une ventilation optimis\u00e9e des locaux).<\/strong><\/p><\/blockquote>\n\n\n\n<h2 class=\"wp-block-heading\">&nbsp;Des \u00e9tudes a\u00e9rauliques avec des mod\u00e9lisations performantes et optimis\u00e9es<\/h2>\n\n\n\n<div class=\"wp-block-columns is-layout-flex wp-container-core-columns-is-layout-9d6595d7 wp-block-columns-is-layout-flex\">\n<div class=\"wp-block-column is-layout-flow wp-block-column-is-layout-flow\" style=\"flex-basis:66.66%\">\n<p>La ma\u00eetrise des mouvements de flux&nbsp; dans les \u00e9quipements garantit la justesse de la conception en optimisant la fiabilit\u00e9 et la disponibilit\u00e9 du syst\u00e8me.<\/p>\n\n\n\n<p>L\u2019atteinte des performances requises et l\u2019analyse des impacts sur la performance des installations n\u00e9cessitent des simulations qui font appel \u00e0 des mod\u00e9lisations complexes mais maitris\u00e9es par SAI.<\/p>\n\n\n\n<p>Les comp\u00e9tences principales de SAI incluent les analyses th\u00e9oriques, les calculs de perte de charge, les bilans thermiques, les calculs de d\u00e9bit et de vitesse, consommation \u00e9lectrique et rendement des syst\u00e8mes de ventilation.<\/p>\n\n\n\n<p>SAI peut aller plus loin dans l\u2019approche du dimensionnement et de l\u2019optimisation en mettant en \u0153uvre des calculs CFD. Ce savoir-faire est pr\u00e9cieux lors de:<\/p>\n\n\n\n<ul class=\"wp-block-list\"><li>La d\u00e9finition de r\u00e9seaux complexes de ventilation <\/li><li>La simulation des ph\u00e9nom\u00e8nes de transferts thermiques&nbsp; ainsi que la conception de conduits de flux chaud et froid (y compris d\u00e9flecteurs et diffuseurs)<\/li><li>L\u2019\u00e9tude de cas et sc\u00e9narios lors de d\u00e9faillance d\u2019un ou plusieurs syst\u00e8mes de ventilation <\/li><li>Les \u00e9tude de dilution de gaz conform\u00e9ment \u00e0 l\u2019 ISO21789<\/li><\/ul>\n<\/div>\n\n\n\n<div class=\"wp-block-column is-layout-flow wp-block-column-is-layout-flow\" style=\"flex-basis:33.33%\">\n<figure class=\"wp-block-image size-full\"><img alt=\"\" loading=\"lazy\" decoding=\"async\" width=\"822\" height=\"1376\" src=\"https:\/\/saifrance.com\/wp-content\/uploads\/2020\/12\/2-1.jpg\" alt=\"Dispersion gaz \nfuite gaz \npoche gaz \nsurpression\n\u00e9levation temperature\nchemin\u00e9e \nsilencieux \nvitesse \nperte de charge \ntemperature\" class=\"wp-image-2606\" srcset=\"https:\/\/saifrance.com\/wp-content\/uploads\/2020\/12\/2-1.jpg 822w, https:\/\/saifrance.com\/wp-content\/uploads\/2020\/12\/2-1-358x600.jpg 358w, https:\/\/saifrance.com\/wp-content\/uploads\/2020\/12\/2-1-612x1024.jpg 612w, https:\/\/saifrance.com\/wp-content\/uploads\/2020\/12\/2-1-768x1286.jpg 768w\" sizes=\"auto, (max-width: 822px) 100vw, 822px\" \/><\/figure>\n<\/div>\n<\/div>\n\n\n\n<p>La d\u00e9finition de dispositifs de filtration pour l&rsquo;arriv\u00e9e d&rsquo;air des turbines\/moteurs thermiques\/compresseur et l&rsquo;optimisation du refroidissement des \u00e9quipements font partie du savoir-faire de SAI tout comme la r\u00e9solution de probl\u00e8mes plus sp\u00e9cifiques tels que la r\u00e9solution de l&rsquo;instabilit\u00e9 li\u00e9es \u00e0 l&rsquo;excitation du vortex, les interactions entre fluide et structure et la dispersion des polluants.<\/p>\n\n\n\n<h2 class=\"wp-block-heading\">Mesures a\u00e9rauliques<\/h2>\n\n\n\n<p>Outre l\u2019\u00e9tude th\u00e9orique, SAI dispose d\u2019une grande vari\u00e9t\u00e9 d&rsquo;outils de mesure (an\u00e9mom\u00e8tres,&nbsp; thermocouples, fils chauds, tubes de Pitot et sondes \u00e0 trous multiples) pour effectuer des essais ou faire des relev\u00e9s sur site.&nbsp; Tout comme pour l\u2019acoustiques, les outils de mesure sont r\u00e9guli\u00e8rement v\u00e9rifi\u00e9s et \u00e9talonn\u00e9es dans les laboratoires certifi\u00e9s.<\/p>\n\n\n\n<div class=\"wp-block-image\"><figure class=\"aligncenter size-large is-resized\"><img loading=\"lazy\" decoding=\"async\" src=\"https:\/\/saifrance.com\/wp-content\/uploads\/2020\/12\/Image1-1.jpg\" alt=\"norme 15259\" class=\"wp-image-2600\" width=\"746\" height=\"462\" srcset=\"https:\/\/saifrance.com\/wp-content\/uploads\/2020\/12\/Image1-1.jpg 1076w, https:\/\/saifrance.com\/wp-content\/uploads\/2020\/12\/Image1-1-800x496.jpg 800w, https:\/\/saifrance.com\/wp-content\/uploads\/2020\/12\/Image1-1-768x476.jpg 768w\" sizes=\"auto, (max-width: 746px) 100vw, 746px\" \/><\/figure><\/div>\n","protected":false},"excerpt":{"rendered":"<p>Tous nos projets s&rsquo;accompagnent d&rsquo;un d\u00e9fi d&rsquo;envergure : atteindre les performances de r\u00e9duction de bruit ou les performances requises de refroidissement et ventilation en minimisant l\u2019impact sur le processus industriel (par exemple&nbsp;: minimisation des pertes de charge et donc am\u00e9lioration de la performance op\u00e9rationnelle et le taux d\u2019efficacit\u00e9, minimisation de la surchauffe des composants par [&hellip;]<\/p>\n","protected":false},"author":1,"featured_media":2840,"parent":0,"menu_order":0,"comment_status":"closed","ping_status":"closed","template":"","meta":{"_seopress_robots_primary_cat":"","_seopress_titles_title":"","_seopress_titles_desc":"","_seopress_robots_index":"","footnotes":""},"class_list":["post-3233","page","type-page","status-publish","has-post-thumbnail","hentry"],"meta_box":[],"_links":{"self":[{"href":"https:\/\/saifrance.com\/fr\/wp-json\/wp\/v2\/pages\/3233","targetHints":{"allow":["GET"]}}],"collection":[{"href":"https:\/\/saifrance.com\/fr\/wp-json\/wp\/v2\/pages"}],"about":[{"href":"https:\/\/saifrance.com\/fr\/wp-json\/wp\/v2\/types\/page"}],"author":[{"embeddable":true,"href":"https:\/\/saifrance.com\/fr\/wp-json\/wp\/v2\/users\/1"}],"replies":[{"embeddable":true,"href":"https:\/\/saifrance.com\/fr\/wp-json\/wp\/v2\/comments?post=3233"}],"version-history":[{"count":1,"href":"https:\/\/saifrance.com\/fr\/wp-json\/wp\/v2\/pages\/3233\/revisions"}],"predecessor-version":[{"id":3234,"href":"https:\/\/saifrance.com\/fr\/wp-json\/wp\/v2\/pages\/3233\/revisions\/3234"}],"wp:featuredmedia":[{"embeddable":true,"href":"https:\/\/saifrance.com\/fr\/wp-json\/wp\/v2\/media\/2840"}],"wp:attachment":[{"href":"https:\/\/saifrance.com\/fr\/wp-json\/wp\/v2\/media?parent=3233"}],"curies":[{"name":"wp","href":"https:\/\/api.w.org\/{rel}","templated":true}]}}