{"id":3225,"date":"2021-01-29T10:13:59","date_gmt":"2021-01-29T09:13:59","guid":{"rendered":"https:\/\/saifrance.com\/?page_id=3225"},"modified":"2021-01-29T10:14:00","modified_gmt":"2021-01-29T09:14:00","slug":"valeur-ajoutee","status":"publish","type":"page","link":"https:\/\/saifrance.com\/fr\/valeur-ajoutee\/","title":{"rendered":"Valeur Ajout\u00e9e"},"content":{"rendered":"\n<blockquote class=\"wp-block-quote is-layout-flow wp-block-quote-is-layout-flow\"><p><strong>Une&nbsp; grande exp\u00e9rience pour traduire les probl\u00e9matiques des clients en solutions performantes et fiables.<\/strong><\/p><\/blockquote>\n\n\n\n<p>Avec des milliers d\u2019\u00e9quipements install\u00e9s dans le monde et parfaitement op\u00e9rationnels apr\u00e8s des ann\u00e9es de fonctionnement, SAI poss\u00e8de non seulement une expertise th\u00e9orique n\u00e9cessaire \u00e0 la bonne compr\u00e9hension des ph\u00e9nom\u00e8nes acoustiques et a\u00e9rauliques mais \u00e9galement un retour d\u2019exp\u00e9rience consid\u00e9rable bas\u00e9 sur des observations et des mesures in situ.<\/p>\n\n\n\n<p>Cette exp\u00e9rience permet de dimensionner correctement les \u00e9quipements afin de garantir les performances demand\u00e9es tout en \u00e9vitant des surdimensionnements qui p\u00e9nalisent l\u2019exploitation par des installations inutilement volumineuses.<\/p>\n\n\n\n<p>Avec des r\u00e9f\u00e9rences dans des lieux g\u00e9ographiques tr\u00e8s vari\u00e9s et des conditions climatiques les plus extr\u00eames, SAI dispose de la bonne exp\u00e9rience dans le choix des mat\u00e9riaux afin de prolonger la dur\u00e9e de vie de fonctionnement des \u00e9quipements souvent soumis \u00e0 de tr\u00e8s fortes contraintes thermiques et m\u00e9caniques.<\/p>\n\n\n\n<h2 class=\"wp-block-heading\">Une grande souplesse dans l\u2019approche avec de grandes exigences dans l\u2019ex\u00e9cution<\/h2>\n\n\n\n<p>De par son organisation et l\u2019implication de l\u2019ensemble des collaborateurs qui y travaillent, SAI sait faire preuve de grande r\u00e9activit\u00e9 face aux demandes de ses clients. De plus en plus, les clients ont besoin d\u2019\u00e9quipes qui sachent s\u2019adapter \u00e0 des changements de situation et \u00e0 de nouvelles donn\u00e9es. C\u2019est l\u2019une des forces de SAI de prendre des d\u00e9cisions rapidement afin d\u2019agir dans les d\u00e9lais les plus courts. Cette souplesse et cette r\u00e9activit\u00e9, appr\u00e9ci\u00e9es des clients, vont de pair avec une grande exigence dans l\u2019ex\u00e9cution des projets pour respecter les engagements pris&nbsp;: respect des d\u00e9lais de livraison, atteinte des performances contractuelles, qualit\u00e9 sans compromis dans la fabrication des \u00e9quipements.<\/p>\n","protected":false},"excerpt":{"rendered":"<p>Une&nbsp; grande exp\u00e9rience pour traduire les probl\u00e9matiques des clients en solutions performantes et fiables. Avec des milliers d\u2019\u00e9quipements install\u00e9s dans le monde et parfaitement op\u00e9rationnels apr\u00e8s des ann\u00e9es de fonctionnement, SAI poss\u00e8de non seulement une expertise th\u00e9orique n\u00e9cessaire \u00e0 la bonne compr\u00e9hension des ph\u00e9nom\u00e8nes acoustiques et a\u00e9rauliques mais \u00e9galement un retour d\u2019exp\u00e9rience consid\u00e9rable bas\u00e9 sur [&hellip;]<\/p>\n","protected":false},"author":1,"featured_media":2411,"parent":0,"menu_order":0,"comment_status":"closed","ping_status":"closed","template":"","meta":{"_seopress_robots_primary_cat":"","_seopress_titles_title":"","_seopress_titles_desc":"","_seopress_robots_index":"","footnotes":""},"class_list":["post-3225","page","type-page","status-publish","has-post-thumbnail","hentry"],"meta_box":[],"_links":{"self":[{"href":"https:\/\/saifrance.com\/fr\/wp-json\/wp\/v2\/pages\/3225","targetHints":{"allow":["GET"]}}],"collection":[{"href":"https:\/\/saifrance.com\/fr\/wp-json\/wp\/v2\/pages"}],"about":[{"href":"https:\/\/saifrance.com\/fr\/wp-json\/wp\/v2\/types\/page"}],"author":[{"embeddable":true,"href":"https:\/\/saifrance.com\/fr\/wp-json\/wp\/v2\/users\/1"}],"replies":[{"embeddable":true,"href":"https:\/\/saifrance.com\/fr\/wp-json\/wp\/v2\/comments?post=3225"}],"version-history":[{"count":1,"href":"https:\/\/saifrance.com\/fr\/wp-json\/wp\/v2\/pages\/3225\/revisions"}],"predecessor-version":[{"id":3226,"href":"https:\/\/saifrance.com\/fr\/wp-json\/wp\/v2\/pages\/3225\/revisions\/3226"}],"wp:featuredmedia":[{"embeddable":true,"href":"https:\/\/saifrance.com\/fr\/wp-json\/wp\/v2\/media\/2411"}],"wp:attachment":[{"href":"https:\/\/saifrance.com\/fr\/wp-json\/wp\/v2\/media?parent=3225"}],"curies":[{"name":"wp","href":"https:\/\/api.w.org\/{rel}","templated":true}]}}