{"id":3223,"date":"2021-01-29T10:12:46","date_gmt":"2021-01-29T09:12:46","guid":{"rendered":"https:\/\/saifrance.com\/?page_id=3223"},"modified":"2021-01-29T10:12:47","modified_gmt":"2021-01-29T09:12:47","slug":"production-fabrication-assemblage","status":"publish","type":"page","link":"https:\/\/saifrance.com\/fr\/production-fabrication-assemblage\/","title":{"rendered":"Production"},"content":{"rendered":"\n<blockquote class=\"wp-block-quote is-layout-flow wp-block-quote-is-layout-flow\"><p>SAI dispose de son propre atelier de fabrication et d\u2019assemblage situ\u00e9 en r\u00e9gion parisienne. Cet atelier de chaudronnerie est \u00e9quip\u00e9 de machines de d\u00e9coupe plasma, de machines de pliage et de machines \u00e0 souder de diff\u00e9rents types (TIG, MIG, \u2026). Cet atelier peut fabriquer aussi bien des \u00e9quipements en acier carbone qu\u2019en acier inox avec un personnel ayant les qualifications requises. Il dispose \u00e9galement de trois cabines de peinture.<\/p><\/blockquote>\n\n\n\n<p>Sur ce site, SAI propose \u00e9galement d\u2019effectuer des tests en usine afin de v\u00e9rifier le bon fonctionnement des \u00e9quipements et leur performance avant exp\u00e9dition.<\/p>\n\n\n\n<p>Par ailleurs, SAI a qualifi\u00e9 un nombre tr\u00e8s limit\u00e9 de sous-traitants partenaires pour \u00eatre en mesure d\u2019avoir en permanence un outil de production disponible pour tenir les engagements pris par la soci\u00e9t\u00e9. Ce qui exigence une politique d\u2019inspection rigoureuse pour v\u00e9rifier la conformit\u00e9 des \u00e9quipements aux sp\u00e9cifications ainsi que la qualit\u00e9 d\u2019ex\u00e9cution.<\/p>\n\n\n\n<div class=\"wp-block-columns is-layout-flex wp-container-core-columns-is-layout-9d6595d7 wp-block-columns-is-layout-flex\">\n<div class=\"wp-block-column is-layout-flow wp-block-column-is-layout-flow\">\n<figure class=\"wp-block-image size-large\"><img alt=\"\" loading=\"lazy\" decoding=\"async\" width=\"1360\" height=\"901\" src=\"https:\/\/saifrance.com\/wp-content\/uploads\/2020\/12\/reportage-SAI-graffiti-7665-1360x901.jpg\" alt=\"Turbine \u00e0 gaz\nSolar Taurus 60\nEchappement\nBaffle acoustique\nSilencieux \" class=\"wp-image-2685\" srcset=\"https:\/\/saifrance.com\/wp-content\/uploads\/2020\/12\/reportage-SAI-graffiti-7665-1360x901.jpg 1360w, https:\/\/saifrance.com\/wp-content\/uploads\/2020\/12\/reportage-SAI-graffiti-7665-800x530.jpg 800w, https:\/\/saifrance.com\/wp-content\/uploads\/2020\/12\/reportage-SAI-graffiti-7665-768x509.jpg 768w, https:\/\/saifrance.com\/wp-content\/uploads\/2020\/12\/reportage-SAI-graffiti-7665-1536x1017.jpg 1536w, https:\/\/saifrance.com\/wp-content\/uploads\/2020\/12\/reportage-SAI-graffiti-7665-2048x1356.jpg 2048w\" sizes=\"auto, (max-width: 1360px) 100vw, 1360px\" \/><\/figure>\n<\/div>\n\n\n\n<div class=\"wp-block-column is-layout-flow wp-block-column-is-layout-flow\">\n<figure class=\"wp-block-image size-large\"><img alt=\"\" loading=\"lazy\" decoding=\"async\" width=\"1360\" height=\"903\" src=\"https:\/\/saifrance.com\/wp-content\/uploads\/2020\/12\/IMGP2750-1360x903.jpg\" alt=\"\" class=\"wp-image-2687\" srcset=\"https:\/\/saifrance.com\/wp-content\/uploads\/2020\/12\/IMGP2750-1360x903.jpg 1360w, https:\/\/saifrance.com\/wp-content\/uploads\/2020\/12\/IMGP2750-800x531.jpg 800w, https:\/\/saifrance.com\/wp-content\/uploads\/2020\/12\/IMGP2750-768x510.jpg 768w, https:\/\/saifrance.com\/wp-content\/uploads\/2020\/12\/IMGP2750-1536x1020.jpg 1536w, https:\/\/saifrance.com\/wp-content\/uploads\/2020\/12\/IMGP2750-2048x1360.jpg 2048w\" sizes=\"auto, (max-width: 1360px) 100vw, 1360px\" \/><\/figure>\n<\/div>\n<\/div>\n","protected":false},"excerpt":{"rendered":"<p>SAI dispose de son propre atelier de fabrication et d\u2019assemblage situ\u00e9 en r\u00e9gion parisienne. Cet atelier de chaudronnerie est \u00e9quip\u00e9 de machines de d\u00e9coupe plasma, de machines de pliage et de machines \u00e0 souder de diff\u00e9rents types (TIG, MIG, \u2026). Cet atelier peut fabriquer aussi bien des \u00e9quipements en acier carbone qu\u2019en acier inox avec [&hellip;]<\/p>\n","protected":false},"author":1,"featured_media":2473,"parent":0,"menu_order":0,"comment_status":"closed","ping_status":"closed","template":"","meta":{"_seopress_robots_primary_cat":"","_seopress_titles_title":"","_seopress_titles_desc":"","_seopress_robots_index":"","footnotes":""},"class_list":["post-3223","page","type-page","status-publish","has-post-thumbnail","hentry"],"meta_box":[],"_links":{"self":[{"href":"https:\/\/saifrance.com\/fr\/wp-json\/wp\/v2\/pages\/3223","targetHints":{"allow":["GET"]}}],"collection":[{"href":"https:\/\/saifrance.com\/fr\/wp-json\/wp\/v2\/pages"}],"about":[{"href":"https:\/\/saifrance.com\/fr\/wp-json\/wp\/v2\/types\/page"}],"author":[{"embeddable":true,"href":"https:\/\/saifrance.com\/fr\/wp-json\/wp\/v2\/users\/1"}],"replies":[{"embeddable":true,"href":"https:\/\/saifrance.com\/fr\/wp-json\/wp\/v2\/comments?post=3223"}],"version-history":[{"count":1,"href":"https:\/\/saifrance.com\/fr\/wp-json\/wp\/v2\/pages\/3223\/revisions"}],"predecessor-version":[{"id":3224,"href":"https:\/\/saifrance.com\/fr\/wp-json\/wp\/v2\/pages\/3223\/revisions\/3224"}],"wp:featuredmedia":[{"embeddable":true,"href":"https:\/\/saifrance.com\/fr\/wp-json\/wp\/v2\/media\/2473"}],"wp:attachment":[{"href":"https:\/\/saifrance.com\/fr\/wp-json\/wp\/v2\/media?parent=3223"}],"curies":[{"name":"wp","href":"https:\/\/api.w.org\/{rel}","templated":true}]}}