{"id":3221,"date":"2021-01-29T10:11:35","date_gmt":"2021-01-29T09:11:35","guid":{"rendered":"https:\/\/saifrance.com\/?page_id=3221"},"modified":"2021-01-29T10:11:36","modified_gmt":"2021-01-29T09:11:36","slug":"missions","status":"publish","type":"page","link":"https:\/\/saifrance.com\/fr\/missions\/","title":{"rendered":"Missions"},"content":{"rendered":"\n<blockquote class=\"wp-block-quote is-layout-flow wp-block-quote-is-layout-flow\"><p>Les missions de SAI : concevoir et fabriquer des syst\u00e8mes de traitement acoustique, de ventilation et de filtration dans le domaine de l\u2019\u00e9nergie. R\u00e9duire la pollution sonore et am\u00e9liorer la qualit\u00e9 de l\u2019air tout en prot\u00e9geant les machines, les personnes et l\u2019environnement.<\/p><\/blockquote>\n\n\n\n<p>Pour SAI, il s\u2019agit d\u2019am\u00e9liorer les rendements et l\u2019efficacit\u00e9 des turbines et moteurs des constructeurs en traitant les admissions d\u2019air et les \u00e9chappements ; de participer \u00e0 la r\u00e9duction de l\u2019empreinte environnementale g\u00e9n\u00e9r\u00e9e par les activit\u00e9s li\u00e9es \u00e0 l\u2019exploitation des \u00e9nergies fossiles en combinant des expertises en acoustique et a\u00e9raulique ; d\u2019optimiser la gestion de projet tant il est important de d\u00e9livrer des solutions performantes avec la qualit\u00e9 requise en respectant les engagements de d\u00e9lai de livraison.<\/p>\n\n\n\n<h2 class=\"wp-block-heading\">La satisfaction des clients est la priorit\u00e9 de tous les collaborateurs de SAI.<\/h2>\n\n\n\n<p>SAI cherche \u00e0 \u00e9tablir des relations durables avec ses clients et partenaires, bas\u00e9es sur des prestations de grande qualit\u00e9 et sur des relations humaines faites d\u2019exigence et de transparence.<\/p>\n","protected":false},"excerpt":{"rendered":"<p>Les missions de SAI : concevoir et fabriquer des syst\u00e8mes de traitement acoustique, de ventilation et de filtration dans le domaine de l\u2019\u00e9nergie. R\u00e9duire la pollution sonore et am\u00e9liorer la qualit\u00e9 de l\u2019air tout en prot\u00e9geant les machines, les personnes et l\u2019environnement. Pour SAI, il s\u2019agit d\u2019am\u00e9liorer les rendements et l\u2019efficacit\u00e9 des turbines et moteurs [&hellip;]<\/p>\n","protected":false},"author":1,"featured_media":2424,"parent":0,"menu_order":0,"comment_status":"closed","ping_status":"closed","template":"","meta":{"_seopress_robots_primary_cat":"","_seopress_titles_title":"","_seopress_titles_desc":"","_seopress_robots_index":"","footnotes":""},"class_list":["post-3221","page","type-page","status-publish","has-post-thumbnail","hentry"],"meta_box":[],"_links":{"self":[{"href":"https:\/\/saifrance.com\/fr\/wp-json\/wp\/v2\/pages\/3221","targetHints":{"allow":["GET"]}}],"collection":[{"href":"https:\/\/saifrance.com\/fr\/wp-json\/wp\/v2\/pages"}],"about":[{"href":"https:\/\/saifrance.com\/fr\/wp-json\/wp\/v2\/types\/page"}],"author":[{"embeddable":true,"href":"https:\/\/saifrance.com\/fr\/wp-json\/wp\/v2\/users\/1"}],"replies":[{"embeddable":true,"href":"https:\/\/saifrance.com\/fr\/wp-json\/wp\/v2\/comments?post=3221"}],"version-history":[{"count":1,"href":"https:\/\/saifrance.com\/fr\/wp-json\/wp\/v2\/pages\/3221\/revisions"}],"predecessor-version":[{"id":3222,"href":"https:\/\/saifrance.com\/fr\/wp-json\/wp\/v2\/pages\/3221\/revisions\/3222"}],"wp:featuredmedia":[{"embeddable":true,"href":"https:\/\/saifrance.com\/fr\/wp-json\/wp\/v2\/media\/2424"}],"wp:attachment":[{"href":"https:\/\/saifrance.com\/fr\/wp-json\/wp\/v2\/media?parent=3221"}],"curies":[{"name":"wp","href":"https:\/\/api.w.org\/{rel}","templated":true}]}}