{"id":3219,"date":"2021-01-29T10:07:05","date_gmt":"2021-01-29T09:07:05","guid":{"rendered":"https:\/\/saifrance.com\/?page_id=3219"},"modified":"2021-01-29T10:07:05","modified_gmt":"2021-01-29T09:07:05","slug":"gestion-de-la-qualite","status":"publish","type":"page","link":"https:\/\/saifrance.com\/fr\/gestion-de-la-qualite\/","title":{"rendered":"Gestion de la Qualit\u00e9"},"content":{"rendered":"\n<blockquote class=\"wp-block-quote is-layout-flow wp-block-quote-is-layout-flow\"><p>La politique Qualit\u00e9 chez SAI est bas\u00e9e sur l\u2019am\u00e9lioration continue des processus internes mais surtout sur une recherche permanente de l\u2019am\u00e9lioration de la satisfaction client.<\/p><\/blockquote>\n\n\n\n<p>Chez SAI, la satisfaction client tient au respect des engagements pris ainsi qu\u2019\u00e0 la recherche permanente d\u2019excellence dans la conception et la fabrication des \u00e9quipements, en prenant en compte la s\u00e9curit\u00e9 des biens et des personnes.<\/p>\n\n\n\n<p>C\u2019est pourquoi les processus internes font l\u2019objet d\u2019une revue r\u00e9guli\u00e8re afin de mieux prendre en compte les exigences des clients en constante \u00e9volution. De m\u00eame, une extr\u00eame attention est port\u00e9e \u00e0 la qualification de quelques partenaires qui contribuent de mani\u00e8re active \u00e0 l\u2019am\u00e9lioration des processus de fabrication.<\/p>\n\n\n\n<p>Cette attention particuli\u00e8re \u00e0 la qualit\u00e9 d\u2019ex\u00e9cution ainsi qu\u2019\u00e0 la s\u00e9curit\u00e9 des biens et des personnes permet \u00e0 SAI d\u2019\u00eatre un partenaire fiable aupr\u00e8s de grands comptes (constructeurs et ing\u00e9nierie) ayant une r\u00e9putation internationale et de travailler dans les secteurs d\u2019activit\u00e9 les plus exigeants en termes de s\u00e9curit\u00e9.<\/p>\n","protected":false},"excerpt":{"rendered":"<p>La politique Qualit\u00e9 chez SAI est bas\u00e9e sur l\u2019am\u00e9lioration continue des processus internes mais surtout sur une recherche permanente de l\u2019am\u00e9lioration de la satisfaction client. Chez SAI, la satisfaction client tient au respect des engagements pris ainsi qu\u2019\u00e0 la recherche permanente d\u2019excellence dans la conception et la fabrication des \u00e9quipements, en prenant en compte la [&hellip;]<\/p>\n","protected":false},"author":1,"featured_media":2491,"parent":0,"menu_order":0,"comment_status":"closed","ping_status":"closed","template":"","meta":{"_seopress_robots_primary_cat":"","_seopress_titles_title":"","_seopress_titles_desc":"","_seopress_robots_index":"","footnotes":""},"class_list":["post-3219","page","type-page","status-publish","has-post-thumbnail","hentry"],"meta_box":[],"_links":{"self":[{"href":"https:\/\/saifrance.com\/fr\/wp-json\/wp\/v2\/pages\/3219","targetHints":{"allow":["GET"]}}],"collection":[{"href":"https:\/\/saifrance.com\/fr\/wp-json\/wp\/v2\/pages"}],"about":[{"href":"https:\/\/saifrance.com\/fr\/wp-json\/wp\/v2\/types\/page"}],"author":[{"embeddable":true,"href":"https:\/\/saifrance.com\/fr\/wp-json\/wp\/v2\/users\/1"}],"replies":[{"embeddable":true,"href":"https:\/\/saifrance.com\/fr\/wp-json\/wp\/v2\/comments?post=3219"}],"version-history":[{"count":1,"href":"https:\/\/saifrance.com\/fr\/wp-json\/wp\/v2\/pages\/3219\/revisions"}],"predecessor-version":[{"id":3220,"href":"https:\/\/saifrance.com\/fr\/wp-json\/wp\/v2\/pages\/3219\/revisions\/3220"}],"wp:featuredmedia":[{"embeddable":true,"href":"https:\/\/saifrance.com\/fr\/wp-json\/wp\/v2\/media\/2491"}],"wp:attachment":[{"href":"https:\/\/saifrance.com\/fr\/wp-json\/wp\/v2\/media?parent=3219"}],"curies":[{"name":"wp","href":"https:\/\/api.w.org\/{rel}","templated":true}]}}