{"id":3216,"date":"2021-01-29T10:03:51","date_gmt":"2021-01-29T09:03:51","guid":{"rendered":"https:\/\/saifrance.com\/?page_id=3216"},"modified":"2021-02-08T15:15:48","modified_gmt":"2021-02-08T14:15:48","slug":"gestion-de-projets","status":"publish","type":"page","link":"https:\/\/saifrance.com\/fr\/gestion-de-projets\/","title":{"rendered":"Gestion de Projets"},"content":{"rendered":"\n<blockquote class=\"wp-block-quote is-layout-flow wp-block-quote-is-layout-flow\"><p>SAI accompagne ses clients pour concevoir et mettre en \u0153uvre des solutions qui r\u00e9pondent \u00e0 des besoins op\u00e9rationnels les plus standards comme les plus personnalis\u00e9s en s\u2019adaptant aux r\u00e9glementations aussi bien internationales que locales.<\/p><\/blockquote>\n\n\n\n<p>SAI est en mesure de fournir des projets cl\u00e9 en main depuis une phase de pr\u00e9-\u00e9tudes qui peut inclure des mesures sur site avant travaux jusqu\u2019\u00e0 la supervision de l\u2019installation des \u00e9quipements sur site mais \u00e9galement la prise en charge des travaux de montage. Les prestations que SAI peut offrir sont les suivantes&nbsp;:<\/p>\n\n\n\n<ul class=\"wp-block-list\"><li>Gestion de projet<\/li><li><a href=\"https:\/\/saifrance.com\/fr\/aeraulique\/\">Etudes a\u00e9rauliques<\/a> (CFD)<\/li><li><a href=\"https:\/\/saifrance.com\/fr\/acoustique\/\">Etudes acoustiques<\/a> y compris mesures sur site<\/li><li><a href=\"https:\/\/saifrance.com\/fr\/mecanique\/\">Calculs m\u00e9caniques<\/a> de structure<\/li><li>Conception sur mesure et fabrication des \u00e9quipements<\/li><li>Essais usines<\/li><li>Services de logistique (transport des \u00e9quipements vers le site d&rsquo;exploitation)<\/li><li><a href=\"https:\/\/saifrance.com\/fr\/services-sur-site\/\">Supervision des travaux sur site<\/a> ou montage des \u00e9quipements.<\/li><\/ul>\n\n\n\n<p><\/p>\n\n\n\n<p>SAI dispose d\u2019une liste de r\u00e9f\u00e9rences tr\u00e8s importante qui est le reflet d\u2019une exp\u00e9rience in\u00e9gal\u00e9e avec des \u00e9quipements install\u00e9s dans le monde entier dans les conditions d\u2019exploitation les plus vari\u00e9es et les plus extr\u00eames. La gestion de projet est au c\u0153ur de l\u2019activit\u00e9 de SAI qui a d\u00e9velopp\u00e9 de fortes comp\u00e9tences pour maitriser les temps d\u2019ex\u00e9cution et les risques durant les phases de conception, de fabrication, de transport et de montage sur site et pour garantir des \u00e9quipements \u00e0 la qualit\u00e9 irr\u00e9prochable<em>.<\/em> <\/p>\n\n\n\n<h2 class=\"wp-block-heading\">Le respect de ses engagements est une r\u00e8gle absolue chez SAI.<\/h2>\n\n\n\n<p><\/p>\n","protected":false},"excerpt":{"rendered":"<p>SAI accompagne ses clients pour concevoir et mettre en \u0153uvre des solutions qui r\u00e9pondent \u00e0 des besoins op\u00e9rationnels les plus standards comme les plus personnalis\u00e9s en s\u2019adaptant aux r\u00e9glementations aussi bien internationales que locales. SAI est en mesure de fournir des projets cl\u00e9 en main depuis une phase de pr\u00e9-\u00e9tudes qui peut inclure des mesures [&hellip;]<\/p>\n","protected":false},"author":1,"featured_media":2951,"parent":0,"menu_order":0,"comment_status":"closed","ping_status":"closed","template":"","meta":{"_seopress_robots_primary_cat":"","_seopress_titles_title":"","_seopress_titles_desc":"","_seopress_robots_index":"","footnotes":""},"class_list":["post-3216","page","type-page","status-publish","has-post-thumbnail","hentry"],"meta_box":[],"_links":{"self":[{"href":"https:\/\/saifrance.com\/fr\/wp-json\/wp\/v2\/pages\/3216","targetHints":{"allow":["GET"]}}],"collection":[{"href":"https:\/\/saifrance.com\/fr\/wp-json\/wp\/v2\/pages"}],"about":[{"href":"https:\/\/saifrance.com\/fr\/wp-json\/wp\/v2\/types\/page"}],"author":[{"embeddable":true,"href":"https:\/\/saifrance.com\/fr\/wp-json\/wp\/v2\/users\/1"}],"replies":[{"embeddable":true,"href":"https:\/\/saifrance.com\/fr\/wp-json\/wp\/v2\/comments?post=3216"}],"version-history":[{"count":3,"href":"https:\/\/saifrance.com\/fr\/wp-json\/wp\/v2\/pages\/3216\/revisions"}],"predecessor-version":[{"id":3630,"href":"https:\/\/saifrance.com\/fr\/wp-json\/wp\/v2\/pages\/3216\/revisions\/3630"}],"wp:featuredmedia":[{"embeddable":true,"href":"https:\/\/saifrance.com\/fr\/wp-json\/wp\/v2\/media\/2951"}],"wp:attachment":[{"href":"https:\/\/saifrance.com\/fr\/wp-json\/wp\/v2\/media?parent=3216"}],"curies":[{"name":"wp","href":"https:\/\/api.w.org\/{rel}","templated":true}]}}