{"id":3213,"date":"2020-09-10T11:51:41","date_gmt":"2020-09-10T09:51:41","guid":{"rendered":"https:\/\/saifrance.com\/ingenierie\/"},"modified":"2025-09-23T09:20:57","modified_gmt":"2025-09-23T07:20:57","slug":"acoustique","status":"publish","type":"page","link":"https:\/\/saifrance.com\/fr\/acoustique\/","title":{"rendered":"Acoustique"},"content":{"rendered":"\n<blockquote class=\"wp-block-quote is-layout-flow wp-block-quote-is-layout-flow\">\n<p><strong><strong><strong>Par son exp\u00e9rience tr\u00e8s riche acquise aupr\u00e8s d\u2019exploitants sur tous les continents, par la multitude des situations rencontr\u00e9es lors des phases d\u2019\u00e9tude des projets, SAI est en mesure de fournir des services d\u2019\u00e9tudes pour d\u00e9finir et pr\u00e9-dimensionner des solutions afin de valider des concepts en phase amont des projets.<\/strong><\/strong><\/strong><\/p>\n<\/blockquote>\n\n\n\n<p>Depuis plus de 40 ans, SAI a acquis une base de connaissances unique gr\u00e2ce \u00e0 de nombreuses r\u00e9alisations&nbsp; aussi bien dans le traitement du bruit que dans celui de l\u2019air. Ses ing\u00e9nieurs peuvent donc appr\u00e9hender et maitriser des probl\u00e9matiques complexes.<\/p>\n\n\n\n<p>Que ce soit \u00e0 travers une action curative ou pr\u00e9ventive, SAI offre des solutions personnalis\u00e9es avec garantie de performance en acoustique, a\u00e9raulique, m\u00e9canique\u2026<\/p>\n\n\n\n<p>La phase ing\u00e9nierie et conception \u00e9tablit la base d\u2019une bonne ex\u00e9cution de projet. Les mesures, la simulation, les calculs ou l&rsquo;analogie \u00e0 des cas pr\u00e9c\u00e9dents sont les outils de nos sp\u00e9cialistes pour d\u00e9finir la quantit\u00e9 de donn\u00e9es d&rsquo;entr\u00e9es n\u00e9cessaire \u00e0 la conception du projet. Leur objectif est d&rsquo;optimiser les performances tout en se conformant aux diff\u00e9rents requis et standards. Les designs de SAI int\u00e8grent toujours les contraintes relatives aux co\u00fbts de fabrication, d&#8217;emballage, de transport, de montage, d&rsquo;acc\u00e8s maintenance, de s\u00e9curit\u00e9, etc.<\/p>\n\n\n\n<p>L&rsquo;analyse sonore et l\u2018Acoustique sont essentiels lorsque la conformit\u00e9 \u00e0 des normes telles que ANSI, DIN, IEC, ISO mais aussi les Directives environnementales, sanitaires et s\u00e9curitaires (EHS) est contraignante pour la d\u00e9finition des \u00e9quipements.<\/p>\n\n\n\n<p>Elle est \u00e9galement n\u00e9cessaire en cas de classement ICPE (Installation Class\u00e9 pour la Protection de l\u2019Environnement).<\/p>\n\n\n\n<h2 class=\"wp-block-heading\"><strong>Diagnostic et mesures acoustiques<\/strong><\/h2>\n\n\n\n<p>Dans le cas d\u2019une expertise sur site, SAI utilise plusieurs outils de mesures:<\/p>\n\n\n\n<div class=\"wp-block-media-text alignwide has-media-on-the-right is-stacked-on-mobile\"><div class=\"wp-block-media-text__content\">\n<ul class=\"wp-block-list\">\n<li>Les sondes intensim\u00e9triques utilis\u00e9es pour mesurer la puissance sonore d&rsquo;un \u00e9quipement dans son environnement, conform\u00e9ment \u00e0 la norme ISO 9614<\/li>\n\n\n\n<li>Les cam\u00e9ras acoustiques utilisant les derni\u00e8res technologies de beamforming. Elles permettent d\u2019isoler les sources et bandes de fr\u00e9quences pr\u00e9dominantes, d\u00e8s lors l\u2019identification de faiblesses acoustiques ou de fuites s\u2019av\u00e8rent \u00eatre compliqu\u00e9es en pr\u00e9sence d\u2019un nombre \u00e9lev\u00e9 de sources<\/li>\n\n\n\n<li>Les sonom\u00e8tres, de classe 1, permettant d\u2019effectuer des relev\u00e9s de pression acoustique. Ces mesures sont g\u00e9n\u00e9ralement utilis\u00e9es pour caract\u00e9riser le bruit d\u2019un \u00e9quipement industriel, statuer sur la conformit\u00e9 r\u00e9glementaire des sites industriels et servent comme donn\u00e9es d\u2019entr\u00e9e afin de mener \u00e0 bien des \u00e9tudes d&rsquo;impact acoustique environnemental ou tout type d\u2019\u00e9tude acoustique en phase amont d\u2019un projet.<\/li>\n<\/ul>\n<\/div><figure class=\"wp-block-media-text__media\"><img alt=\"\" loading=\"lazy\" decoding=\"async\" width=\"868\" height=\"1024\" src=\"http:\/\/saifrance.com\/wp-content\/uploads\/2020\/12\/MJ-1-868x1024.jpg\" alt=\"\" class=\"wp-image-2565 size-full\" srcset=\"https:\/\/saifrance.com\/wp-content\/uploads\/2020\/12\/MJ-1-868x1024.jpg 868w, https:\/\/saifrance.com\/wp-content\/uploads\/2020\/12\/MJ-1-509x600.jpg 509w, https:\/\/saifrance.com\/wp-content\/uploads\/2020\/12\/MJ-1-768x906.jpg 768w, https:\/\/saifrance.com\/wp-content\/uploads\/2020\/12\/MJ-1.jpg 1200w\" sizes=\"auto, (max-width: 868px) 100vw, 868px\" \/><\/figure><\/div>\n\n\n\n<p><\/p>\n\n\n\n<p>Les outils de mesures sont r\u00e9guli\u00e8rement \u00e9talonn\u00e9s et subissent des v\u00e9rifications r\u00e9glementaires annuelles afin de s\u2019assurer de leurs conformit\u00e9 vis-\u00e0-vis de l\u2019ISO 9001. Dans le cadre d\u2019une pr\u00e9-\u00e9tude de conception, SAI va utiliser l\u2019exp\u00e9rience de ses nombreuses r\u00e9f\u00e9rences et de sa tr\u00e8s riche base de donn\u00e9es pour aller au-del\u00e0&nbsp; des donn\u00e9es indiqu\u00e9es dans les cahiers des charges client<\/p>\n\n\n\n<h2 class=\"wp-block-heading\"><strong>Etudes acoustiques<\/strong><\/h2>\n\n\n\n<p>SAI maitrise des logiciels puissants pouvant pr\u00e9dire le niveau de pression acoustique relatif \u00e0 la source, le lieu et l&rsquo;environnement.<\/p>\n\n\n\n<p>Ils servent \u00e0 dimensionner les \u00e9quipements acoustiques n\u00e9cessaires pour garantir le niveau acoustique requis.<\/p>\n\n\n\n<p>La cartographie acoustique, conforme \u00e0 l\u2019ISO 9613, et les r\u00e9sultats d&rsquo;analyse conduisent \u00e0 l&rsquo;identification de la source de bruit pr\u00e9dominantes parmi d\u2019autres et permettent ainsi d\u2019apporter les solutions les plus justes et \u00e0 co\u00fbt r\u00e9duit.<\/p>\n\n\n\n<p>La cartographie acoustique tient compte de l\u2019ensemble de sources se trouvant sur les sites industriels. Cela peut concerner les:<\/p>\n\n\n\n<ul class=\"wp-block-list\">\n<li>Moteurs diesel, turbines \u00e0 gaz<\/li>\n\n\n\n<li><a href=\"https:\/\/saifrance.com\/fr\/cheminees-dechappement\/\">Echappements,<\/a><\/li>\n\n\n\n<li>Admissions d\u2019air comburant,<\/li>\n\n\n\n<li>Compresseurs<\/li>\n\n\n\n<li>Syst\u00e8me de ventilation<\/li>\n\n\n\n<li>Autor\u00e9frig\u00e9rants<\/li>\n\n\n\n<li>Gas heaters, piping<\/li>\n\n\n\n<li>Transformateurs etc<\/li>\n<\/ul>\n\n\n\n<p>Le rayonnement acoustique des fa\u00e7ades, toits, portes du b\u00e2timent sont \u00e9galement pris en compte dans la mod\u00e9lisation, \u00e9tant des sources non n\u00e9gligeables de bruit. Les enjeux&nbsp; pouvant changer d\u2019un projet \u00e0 l\u2019autre, SAI est en mesure de s\u2019adapter au besoin du client et peut lui apporter les conseils visant \u00e0 respecter les crit\u00e8res acoustiques communs ou sp\u00e9cifiques au projet. <\/p>\n\n\n\n<p>On compte parmi ces crit\u00e8res, le respect de niveaux acoustiques comme:<\/p>\n\n\n\n<ul class=\"wp-block-list\">\n<li>Lp &lt; 55 dB(A) en limite de propri\u00e9t\u00e9 en p\u00e9riode jour (7h-22h) pour les zones r\u00e9sidentielles, et Lp &lt; 45 dB(A) en p\u00e9riode nuit (22h-7h)<\/li>\n\n\n\n<li>L\u2019\u00e9mergence acoustique (diff\u00e9rence entre le bruit r\u00e9siduel sans \u00e9quipements et le bruit ambiant en pr\u00e9sence des \u00e9quipements) \u00e0 ne pas d\u00e9passer : +3dB(A).)<\/li>\n<\/ul>\n\n\n\n<p>SAI fournit ensuite les \u00e9tudes avec solutions \u00e0 mettre en \u0153uvre afin de respecter les objectifs et l\u00e9gislations acoustiques en vigueur. SAI conseille sur les niveaux de bruits \u00e0 ne pas d\u00e9passer, les protecteurs auditifs \u00e0 mettre \u00e0 disposition \u00e0 l\u2019int\u00e9rieur des centrales et guide le client sur les mat\u00e9riaux (bardages, silencieux) \u00e0 utiliser..&nbsp; SAI est dot\u00e9e des derniers outils de calculs d\u00e9velopp\u00e9s en externe ou en interne et permettant de dimensionner l\u2019ensemble des traitements acoustiques tels que : les capots, enceintes acoustiques, \u00e9crans, murs anti-bruit, silencieux acoustiques dissipatifs ou r\u00e9actifs etc.<\/p>\n\n\n\n<p>Le dimensionnement des \u00e9quipements pour atteindre les objectifs acoustiques peuvent concerner: les caissons de filtration d\u2019air comburant, les syst\u00e8mes d\u2019\u00e9chappements, les unit\u00e9s de ventilations etc.<\/p>\n\n\n\n<div class=\"wp-block-columns is-layout-flex wp-container-core-columns-is-layout-9d6595d7 wp-block-columns-is-layout-flex\">\n<div class=\"wp-block-column is-layout-flow wp-block-column-is-layout-flow\">\n<figure class=\"wp-block-image size-medium\"><img alt=\"\" loading=\"lazy\" decoding=\"async\" width=\"800\" height=\"550\" src=\"http:\/\/saifrance.com\/wp-content\/uploads\/2020\/12\/test_carto_paint-2-Photoshop-1-800x550.png\" alt=\"3D noise \nNoise mapping \n9614 \nCadnaA \nIMMI\nmaximum allowed sound pressure level \nacoustic camera\nAcoustic consultant\" class=\"wp-image-2579\" style=\"aspect-ratio:4\/3;object-fit:cover\" srcset=\"https:\/\/saifrance.com\/wp-content\/uploads\/2020\/12\/test_carto_paint-2-Photoshop-1-800x550.png 800w, https:\/\/saifrance.com\/wp-content\/uploads\/2020\/12\/test_carto_paint-2-Photoshop-1-768x528.png 768w, https:\/\/saifrance.com\/wp-content\/uploads\/2020\/12\/test_carto_paint-2-Photoshop-1.png 1000w\" sizes=\"auto, (max-width: 800px) 100vw, 800px\" \/><\/figure>\n<\/div>\n\n\n\n<div class=\"wp-block-column is-layout-flow wp-block-column-is-layout-flow\">\n<figure class=\"wp-block-image size-medium\"><img alt=\"\" loading=\"lazy\" decoding=\"async\" width=\"800\" height=\"550\" src=\"http:\/\/saifrance.com\/wp-content\/uploads\/2020\/12\/res1_vue_du_dessus-2-800x550.png\" alt=\"Acoustic camera \nAcoustic enclosure \" class=\"wp-image-2571\" style=\"aspect-ratio:4\/3;object-fit:cover\" srcset=\"https:\/\/saifrance.com\/wp-content\/uploads\/2020\/12\/res1_vue_du_dessus-2-800x550.png 800w, https:\/\/saifrance.com\/wp-content\/uploads\/2020\/12\/res1_vue_du_dessus-2-768x528.png 768w, https:\/\/saifrance.com\/wp-content\/uploads\/2020\/12\/res1_vue_du_dessus-2.png 1000w\" sizes=\"auto, (max-width: 800px) 100vw, 800px\" \/><\/figure>\n<\/div>\n<\/div>\n\n\n\n<h2 class=\"wp-block-heading\"><strong><strong>Essais acoustiques<\/strong><\/strong><\/h2>\n\n\n\n<p>SAI effectues des montages \u00e0 blanc et met en place des prototypes qui permettent de tester les performances acoustiques r\u00e9elles des solutions, mat\u00e9riaux acoustiques et syst\u00e8mes de ventilation propos\u00e9es etc.<\/p>\n\n\n\n<p>SAI fournit \u00e9galement des rapports d\u2018expertise avec, \u00e9ventuellement, des actions correctives et des recommandations de mise en conformit\u00e9 par rapport aux normes et l\u00e9gislations environnementales.<\/p>\n\n\n\n<p>Des certificats de conformit\u00e9 peuvent \u00eatre d\u00e9livr\u00e9s,&nbsp; et les essais s\u2019effectuent en pr\u00e9sence ou non d\u2019organismes tiers.<\/p>\n","protected":false},"excerpt":{"rendered":"<p>Par son exp\u00e9rience tr\u00e8s riche acquise aupr\u00e8s d\u2019exploitants sur tous les continents, par la multitude des situations rencontr\u00e9es lors des phases d\u2019\u00e9tude des projets, SAI est en mesure de fournir des services d\u2019\u00e9tudes pour d\u00e9finir et pr\u00e9-dimensionner des solutions afin de valider des concepts en phase amont des projets. Depuis plus de 40 ans, SAI [&hellip;]<\/p>\n","protected":false},"author":2,"featured_media":2553,"parent":0,"menu_order":0,"comment_status":"closed","ping_status":"closed","template":"","meta":{"_seopress_robots_primary_cat":"","_seopress_titles_title":"","_seopress_titles_desc":"","_seopress_robots_index":"","footnotes":""},"class_list":["post-3213","page","type-page","status-publish","has-post-thumbnail","hentry"],"meta_box":[],"_links":{"self":[{"href":"https:\/\/saifrance.com\/fr\/wp-json\/wp\/v2\/pages\/3213","targetHints":{"allow":["GET"]}}],"collection":[{"href":"https:\/\/saifrance.com\/fr\/wp-json\/wp\/v2\/pages"}],"about":[{"href":"https:\/\/saifrance.com\/fr\/wp-json\/wp\/v2\/types\/page"}],"author":[{"embeddable":true,"href":"https:\/\/saifrance.com\/fr\/wp-json\/wp\/v2\/users\/2"}],"replies":[{"embeddable":true,"href":"https:\/\/saifrance.com\/fr\/wp-json\/wp\/v2\/comments?post=3213"}],"version-history":[{"count":12,"href":"https:\/\/saifrance.com\/fr\/wp-json\/wp\/v2\/pages\/3213\/revisions"}],"predecessor-version":[{"id":4381,"href":"https:\/\/saifrance.com\/fr\/wp-json\/wp\/v2\/pages\/3213\/revisions\/4381"}],"wp:featuredmedia":[{"embeddable":true,"href":"https:\/\/saifrance.com\/fr\/wp-json\/wp\/v2\/media\/2553"}],"wp:attachment":[{"href":"https:\/\/saifrance.com\/fr\/wp-json\/wp\/v2\/media?parent=3213"}],"curies":[{"name":"wp","href":"https:\/\/api.w.org\/{rel}","templated":true}]}}