{"id":3210,"date":"2020-07-06T15:41:43","date_gmt":"2020-07-06T13:41:43","guid":{"rendered":"https:\/\/saifrance.com\/qui-sommes-nous\/"},"modified":"2021-04-20T16:55:05","modified_gmt":"2021-04-20T14:55:05","slug":"qui-sommes-nous","status":"publish","type":"page","link":"https:\/\/saifrance.com\/fr\/qui-sommes-nous\/","title":{"rendered":"Qui sommes nous ?"},"content":{"rendered":"\n<blockquote class=\"wp-block-quote is-layout-flow wp-block-quote-is-layout-flow\"><p>SAI \u2013 Soci\u00e9t\u00e9 d\u2019Acoustique Industrielle \u2013\u00a0 fournit des solutions compl\u00e8tes de traitement acoustique et de traitement d\u2019air pour des applications\u00a0 industrielles dans le domaine de l\u2019\u00e9nergie mais aussi dans les domaines du p\u00e9trole et gaz, de la chimie, de l\u2019a\u00e9ronautique, des mines, du transport et du nucl\u00e9aire. Outre une expertise technique aujourd\u2019hui internationalement reconnue, SAI a d\u00e9velopp\u00e9 des comp\u00e9tences in\u00e9gal\u00e9es en \u00e9tudes acoustiques et en gestion de projet comme attest\u00e9 par ses r\u00e9f\u00e9rences aupr\u00e8s des grands donneurs d\u2019ordre du domaine de l\u2019\u00e9nergie.<\/p><\/blockquote>\n\n\n\n<p>SAI a \u00e9t\u00e9 cr\u00e9\u00e9e en 1975 en r\u00e9gion parisienne pour traiter les nuisances sonores des machines tournantes.\u00a0 Elle y a con\u00e7u une gamme de silencieux d\u2019\u00e9chappement, puis des solutions de capotage acoustique avec une offre de d\u00e9shuileurs destin\u00e9es aux constructeurs de turbines.<\/p>\n\n\n\n<h2 class=\"wp-block-heading\"><strong>Une \u00e9quipe d\u2019experts en acoustique et vibrations<\/strong><\/h2>\n\n\n\n<p>Les ing\u00e9nieurs de SAI avec des outils de mod\u00e9lisation performants proposent des \u00e9tudes d\u2019impacts environnementaux caus\u00e9s par le bruit g\u00e9n\u00e9r\u00e9 par les \u00e9quipements pour toutes les applications industrielles\u00a0: production d\u2019\u00e9nergie et chaufferie, production et transport de gaz, raffineries, mines, \u00a0industries de transformation \u2026 \u00a0Les mesures sur site et la mod\u00e9lisation permettent de proposer des traitements appropri\u00e9s avec leur mise en \u0153uvre pour r\u00e9duire les g\u00eanes sonores ou vibratoires et se conformer aux exigences r\u00e9glementaires.<\/p>\n\n\n\n<h2 class=\"wp-block-heading\">Une solide exp\u00e9rience dans le traitement de l\u2019air<\/h2>\n\n\n\n<p>Depuis une dizaine d\u2019ann\u00e9es, SAI a \u00e9galement acquis une solide exp\u00e9rience dans le traitement de l\u2019air et a d\u00e9velopp\u00e9 des solutions techniques pour,<\/p>\n\n\n\n<ul class=\"wp-block-list\"><li>Am\u00e9liorer les performances des \u00e9quipements industriels fournis par les fabricants de moteurs et de turbines avec des syst\u00e8mes de filtration et de ventilation performants<\/li><li>R\u00e9pondre aux \u00e9volutions des r\u00e9glementations environnementales concernant la qualit\u00e9 de l\u2019air et la limitation des nuisances sonores.<\/li><\/ul>\n\n\n\n<h2 class=\"wp-block-heading\">Plus de 5000 projets \u00e0 travers 60 pays<\/h2>\n\n\n\n<p>En accompagnant les fabricants d\u2019\u00e9quipement d\u2019origine (OEMs) \u00e0 travers le monde, SAI s\u2019est forg\u00e9 une expertise unique et a \u00e9tabli une importante base install\u00e9e dans plus de 60 pays avec l\u2019ex\u00e9cution de plus de 5000 projets.<\/p>\n\n\n\n<p>Le p\u00f4le ing\u00e9nierie de SAI couvre des expertises \u00e9troitement li\u00e9es tels que l\u2019acoustique, l\u2019a\u00e9raulique, la m\u00e9canique, la thermom\u00e9canique et l\u2019analyse vibratoire. SAI con\u00e7oit des solutions innovantes et sur mesures dans le but d\u2019apporter une solution compl\u00e8te \u00e0 ses clients.<\/p>\n","protected":false},"excerpt":{"rendered":"<p>SAI \u2013 Soci\u00e9t\u00e9 d\u2019Acoustique Industrielle \u2013\u00a0 fournit des solutions compl\u00e8tes de traitement acoustique et de traitement d\u2019air pour des applications\u00a0 industrielles dans le domaine de l\u2019\u00e9nergie mais aussi dans les domaines du p\u00e9trole et gaz, de la chimie, de l\u2019a\u00e9ronautique, des mines, du transport et du nucl\u00e9aire. Outre une expertise technique aujourd\u2019hui internationalement reconnue, SAI [&hellip;]<\/p>\n","protected":false},"author":1,"featured_media":2398,"parent":0,"menu_order":0,"comment_status":"closed","ping_status":"closed","template":"","meta":{"_seopress_robots_primary_cat":"","_seopress_titles_title":"","_seopress_titles_desc":"","_seopress_robots_index":"","footnotes":""},"class_list":["post-3210","page","type-page","status-publish","has-post-thumbnail","hentry"],"meta_box":[],"_links":{"self":[{"href":"https:\/\/saifrance.com\/fr\/wp-json\/wp\/v2\/pages\/3210","targetHints":{"allow":["GET"]}}],"collection":[{"href":"https:\/\/saifrance.com\/fr\/wp-json\/wp\/v2\/pages"}],"about":[{"href":"https:\/\/saifrance.com\/fr\/wp-json\/wp\/v2\/types\/page"}],"author":[{"embeddable":true,"href":"https:\/\/saifrance.com\/fr\/wp-json\/wp\/v2\/users\/1"}],"replies":[{"embeddable":true,"href":"https:\/\/saifrance.com\/fr\/wp-json\/wp\/v2\/comments?post=3210"}],"version-history":[{"count":4,"href":"https:\/\/saifrance.com\/fr\/wp-json\/wp\/v2\/pages\/3210\/revisions"}],"predecessor-version":[{"id":3822,"href":"https:\/\/saifrance.com\/fr\/wp-json\/wp\/v2\/pages\/3210\/revisions\/3822"}],"wp:featuredmedia":[{"embeddable":true,"href":"https:\/\/saifrance.com\/fr\/wp-json\/wp\/v2\/media\/2398"}],"wp:attachment":[{"href":"https:\/\/saifrance.com\/fr\/wp-json\/wp\/v2\/media?parent=3210"}],"curies":[{"name":"wp","href":"https:\/\/api.w.org\/{rel}","templated":true}]}}