{"id":3209,"date":"2020-07-02T14:36:21","date_gmt":"2020-07-02T12:36:21","guid":{"rendered":"https:\/\/saifrance.com\/home\/"},"modified":"2021-02-09T15:31:32","modified_gmt":"2021-02-09T14:31:32","slug":"home","status":"publish","type":"page","link":"https:\/\/saifrance.com\/fr\/","title":{"rendered":"La r\u00e9duction de la pollution sonore et atmosph\u00e9rique contribue \u00e0 rendre notre plan\u00e8te plus durable."},"content":{"rendered":"<div class=\"lazyblock-slider-sai-1b2PG9 wp-block-lazyblock-slider-sai\"><div class=\"slider-top-home\">\r\n  <div class=\"slider-container\">\r\n    <div class=\"slider\">\r\n      <div class=\"slide\">\r\n        <h2 class=\"h2-slider\">La r\u00e9duction de la pollution sonore et atmosph\u00e9rique contribue \u00e0 rendre notre plan\u00e8te plus durable<\/h2>\r\n        <div class=\"slide-image\" style=\"background-image: url(https:\/\/saifrance.com\/wp-content\/uploads\/2020\/12\/P1010004-Photoshop.jpg);\">\r\n        <\/div>\r\n      <\/div>\r\n      <div class=\"slide\">\r\n        <h2 class=\"h2-slider\">Des \u00e9quipements performants pour prot\u00e9ger l&rsquo;environnement<\/h2>\r\n        <div class=\"slide-image\" style=\"background-image: url(https:\/\/saifrance.com\/wp-content\/uploads\/2020\/12\/GBS-Bulgaria-Ithiman-CS-Solar-Mars-90-aerial-view-scaled.jpg);\">\r\n        <\/div>\r\n      <\/div>\r\n      <div class=\"slide\">\r\n        <h2 class=\"h2-slider\">L&rsquo;exigence dans l&rsquo;ex\u00e9cution pour  une performance optimale<\/h2>\r\n        <div class=\"slide-image\" style=\"background-image: url(https:\/\/saifrance.com\/wp-content\/uploads\/2020\/12\/shutterstock_1558761257-scaled.jpg);\">\r\n        <\/div>\r\n      <\/div>\r\n      <div class=\"slide\">\r\n        <h2 class=\"h2-slider\">Un air de qualit\u00e9 pour la s\u00e9curit\u00e9 des machines et le confort des hommes<\/h2>\r\n        <div class=\"slide-image\" style=\"background-image: url(https:\/\/saifrance.com\/wp-content\/uploads\/2020\/12\/Filtres-statiques-Solar3.png);\">\r\n        <\/div>\r\n      <\/div>\r\n      <div class=\"slide\">\r\n        <h2 class=\"h2-slider\">Nous fabriquons un bien pr\u00e9cieux : le silence\n<\/h2>\r\n        <div class=\"slide-image\" style=\"background-image: url(https:\/\/saifrance.com\/wp-content\/uploads\/2020\/12\/reportage-SAI-graffiti-7403-scaled.jpg);\">\r\n        <\/div>\r\n      <\/div>\r\n    <\/div>\r\n   \r\n   \r\n  <\/div>\r\n<div class=\"puces-slider\">\r\n   <ul class=\"slider-puces\">\r\n<li><\/li>\r\n<li><\/li>\r\n<li><\/li>\r\n<li><\/li>\r\n<li><\/li>\r\n    <\/ul>\r\n    <\/div>\r\n   <span class=\"btn-slide-left\"><\/span>\r\n    <span class=\"btn-slide-right\"><\/span>\r\n<\/div><\/div>\n\n\n<h2 class=\"wp-block-heading\">Produits et Services<\/h2>\n\n\n<div class=\"lazyblock-produits-et-services-JNFLK wp-block-lazyblock-produits-et-services\"><div class=\"produits-services\">\n  <div class=\"bloc-service bloc-dim-4\" style=\"background-image: url(https:\/\/saifrance.com\/wp-content\/uploads\/2020\/07\/consultancy-services.jpg);\">\n      <div class=\"fond-blanc-opaque\"><\/div>\n      <div class=\"conteneur-bouton\">\n        <div class=\"textes\">\n          <h3>Ing\u00e9nierie<\/h3>\n      <a href=\"https:\/\/saifrance.com\/fr\/ingenierie-2\/\" title=\"Ing\u00e9nierie\">Voir plus +<\/a>\n        <\/div>\n    <\/div>\n  <\/div>\n  <div class=\"bloc-service bloc-dim-4\" style=\"background-image: url(https:\/\/saifrance.com\/wp-content\/uploads\/2020\/12\/Vignette-1.jpg);\">\n      <div class=\"fond-blanc-opaque\"><\/div>\n      <div class=\"conteneur-bouton\">\n        <div class=\"textes\">\n          <h3>Filtration et Ventilation<\/h3>\n      <a href=\"https:\/\/saifrance.com\/fr\/les-solutions-de-filtration\/\" title=\"Filtration et Ventilation\">Voir plus +<\/a>\n        <\/div>\n    <\/div>\n  <\/div>\n  <div class=\"bloc-service bloc-dim-4\" style=\"background-image: url(https:\/\/saifrance.com\/wp-content\/uploads\/2020\/12\/Beynes-Station-de-compression-scaled.jpg);\">\n      <div class=\"fond-blanc-opaque\"><\/div>\n      <div class=\"conteneur-bouton\">\n        <div class=\"textes\">\n          <h3>Syst\u00e8mes d&rsquo;\u00e9chappement<\/h3>\n      <a href=\"https:\/\/saifrance.com\/fr\/systeme-dechappement\/\" title=\"Syst\u00e8mes d'\u00e9chappement\">Voir plus +<\/a>\n        <\/div>\n    <\/div>\n  <\/div>\n  <div class=\"bloc-service bloc-dim-4\" style=\"background-image: url(https:\/\/saifrance.com\/wp-content\/uploads\/2020\/12\/silencieux-decharge-Vitry-scaled.jpg);\">\n      <div class=\"fond-blanc-opaque\"><\/div>\n      <div class=\"conteneur-bouton\">\n        <div class=\"textes\">\n          <h3>Silencieux<\/h3>\n      <a href=\"https:\/\/saifrance.com\/fr\/les-silencieux\/\" title=\"Silencieux\">voir plus +<\/a>\n        <\/div>\n    <\/div>\n  <\/div>\n  <div class=\"bloc-service bloc-dim-4\" style=\"background-image: url(https:\/\/saifrance.com\/wp-content\/uploads\/2020\/12\/enceinte-acoustique-PAge-dacceuil-2.png);\">\n      <div class=\"fond-blanc-opaque\"><\/div>\n      <div class=\"conteneur-bouton\">\n        <div class=\"textes\">\n          <h3>Capots Acoustiques<\/h3>\n      <a href=\"https:\/\/saifrance.com\/fr\/enceintes-acoustiques\/\" title=\"Capots Acoustiques\">voir plus +<\/a>\n        <\/div>\n    <\/div>\n  <\/div>\n  <div class=\"bloc-service bloc-dim-4\" style=\"background-image: url(https:\/\/saifrance.com\/wp-content\/uploads\/2020\/12\/accueil.jpg);\">\n      <div class=\"fond-blanc-opaque\"><\/div>\n      <div class=\"conteneur-bouton\">\n        <div class=\"textes\">\n          <h3>D\u00e9shuileur<\/h3>\n      <a href=\"https:\/\/saifrance.com\/fr\/deshuileur\/\" title=\"D\u00e9shuileur\">voir plus +<\/a>\n        <\/div>\n    <\/div>\n  <\/div>\n  <div class=\"bloc-service bloc-dim-4\" style=\"background-image: url(https:\/\/saifrance.com\/wp-content\/uploads\/2020\/12\/Bleed-heating-manifold-with-nozzles.jpg);\">\n      <div class=\"fond-blanc-opaque\"><\/div>\n      <div class=\"conteneur-bouton\">\n        <div class=\"textes\">\n          <h3>Antigivrage<\/h3>\n      <a href=\"https:\/\/saifrance.com\/fr\/antigivrage-infrarouge\/\" title=\"Antigivrage\">voir plus +<\/a>\n        <\/div>\n    <\/div>\n  <\/div>\n  <div class=\"bloc-service bloc-dim-4\" style=\"background-image: url(https:\/\/saifrance.com\/wp-content\/uploads\/2020\/12\/Tecmon-Sonabel-Generator-Side-Ventilation-Unit-Axial-fans-.jpg);\">\n      <div class=\"fond-blanc-opaque\"><\/div>\n      <div class=\"conteneur-bouton\">\n        <div class=\"textes\">\n          <h3>Apr\u00e8s-Vente<\/h3>\n      <a href=\"https:\/\/saifrance.com\/fr\/pieces-de-rechange\/\" title=\"Apr\u00e8s-Vente\">voir plus +<\/a>\n        <\/div>\n    <\/div>\n  <\/div>\n<\/div><\/div>\n\n<div class=\"lazyblock-chiffres-clefs-Z234s3b wp-block-lazyblock-chiffres-clefs\"><div class=\"chiffres-clefs\">\n  <div class=\"conteneur-chiffres\">\n    <div class=\"bloc-chiffre bloc-dim-chiff-4\">\n      <img decoding=\"async\" src=\"https:\/\/saifrance.com\/wp-content\/uploads\/2020\/11\/picto-terre.png\" alt=\"Clients\">\n      <span>1200<\/span>\n      <p>CLIENTS DANS LE MONDE<\/p>\n    <\/div>\n    <div class=\"bloc-chiffre bloc-dim-chiff-4\">\n      <img decoding=\"async\" src=\"https:\/\/saifrance.com\/wp-content\/uploads\/2021\/01\/picto-enceinte-accoustique.png\" alt=\"Enceinte acoustique\">\n      <span>9000<\/span>\n      <p>ENCEINTES ACOUSTIQUES POUR CENTRALES ELECTRIQUES<\/p>\n    <\/div>\n    <div class=\"bloc-chiffre bloc-dim-chiff-4\">\n      <img decoding=\"async\" src=\"https:\/\/saifrance.com\/wp-content\/uploads\/2020\/11\/picto-usine.png\" alt=\"Syst\u00e8me d'\u00e9chappement\">\n      <span>350<\/span>\n      <p>SYSTEMES D&rsquo;ECHAPPEMENT POUR TURBINES A GAZ<\/p>\n    <\/div>\n    <div class=\"bloc-chiffre bloc-dim-chiff-4\">\n      <img decoding=\"async\" src=\"https:\/\/saifrance.com\/wp-content\/uploads\/2020\/11\/picto-main.png\" alt=\"\">\n      <span>45<\/span>\n      <p>ANS D&rsquo;EXPERIENCE <\/p>\n    <\/div>\n  <\/div>\n  \n<\/div><\/div>\n\n\n<h2 class=\"wp-block-heading\">Domaines d&rsquo;activit\u00e9<\/h2>\n\n\n<div class=\"lazyblock-domaines-activite-ZNsdYF wp-block-lazyblock-domaines-activite\"><div class=\"big-slider\">\r\n  \r\n  \r\n  <div class=\"big-slider-flex\">\r\n            <div class=\"bloc-flex\" style=\"background-image:url(https:\/\/saifrance.com\/wp-content\/uploads\/2020\/07\/consultancy-and-services.jpg)\">\r\n    <div class=\"bloc-flex-noir bloc-noir\">\r\n      <h4 class=\"alignfull\">Energie<\/h4>\r\n      <div class=\"bloc-flex-texte\">\r\n      <a href=\"https:\/\/saifrance.com\/fr\/production-delectricite\/\" title=\"Energie\">VOIR PLUS +<\/a>\r\n      <\/div>\r\n  <\/div>\r\n    <\/div>\r\n          <div class=\"bloc-flex\" style=\"background-image:url(https:\/\/saifrance.com\/wp-content\/uploads\/2020\/11\/industrie.jpg)\">\r\n    <div class=\"bloc-flex-noir bloc-noir\">\r\n      <h4 class=\"alignfull\">Industrie<\/h4>\r\n      <div class=\"bloc-flex-texte\">\r\n      <a href=\"https:\/\/saifrance.com\/fr\/solutions-pour-lindustrie\/\" title=\"Industrie\">voir plus +<\/a>\r\n      <\/div>\r\n  <\/div>\r\n    <\/div>\r\n          <div class=\"bloc-flex\" style=\"background-image:url(https:\/\/saifrance.com\/wp-content\/uploads\/2020\/11\/petrole-et-gaz.jpg)\">\r\n    <div class=\"bloc-flex-noir bloc-noir\">\r\n      <h4 class=\"alignfull\">P\u00e9trole &#038; GAZ<\/h4>\r\n      <div class=\"bloc-flex-texte\">\r\n      <a href=\"https:\/\/saifrance.com\/fr\/petrole-et-gaz\/\" title=\"P\u00e9trole &#038; GAZ\">VOIR Plus + <\/a>\r\n      <\/div>\r\n  <\/div>\r\n    <\/div>\r\n          <div class=\"bloc-flex\" style=\"background-image:url(https:\/\/saifrance.com\/wp-content\/uploads\/2020\/11\/bancs-essais.jpg)\">\r\n    <div class=\"bloc-flex-noir bloc-noir\">\r\n      <h4 class=\"alignfull\">Bancs d&rsquo;essai<\/h4>\r\n      <div class=\"bloc-flex-texte\">\r\n      <a href=\"https:\/\/saifrance.com\/fr\/bancs-dessai\/\" title=\"Bancs d'essai\">VOIR PLUS + <\/a>\r\n      <\/div>\r\n  <\/div>\r\n    <\/div>\r\n        <\/div>\r\n  \r\n<\/div><\/div>\n\n<div class=\"lazyblock-actualites-sai-Z2iyEAe wp-block-lazyblock-actualites-sai\">  <div class=\"titre-actualites\">\n  <h2>Actualit\u00e9s<\/h2>\n  <a href=\"https:\/\/saifrance.com\/fr\/actualites\/\" title=\"Actualit\u00e9s\">Tout voir +<\/a>\n  <\/div>\n  <div class=\"actualites\">\n    <div class=\"actus\">\n  <a href=\"https:\/\/saifrance.com\/fr\/regardez-cette-video\/\" title=\"Regardez cette vid\u00e9o !\" class=\"image-actu\" style=\"background-image:url(https:\/\/saifrance.com\/wp-content\/uploads\/2021\/06\/20210615_104757-2.jpg)\"><\/a>\n <div class=\"infos\"><span>30 juin 2021&nbsp;&#8211;&nbsp; <\/span><ul class=\"post-categories\">\n\t<li><a href=\"https:\/\/saifrance.com\/fr\/category\/actualites-fr\/\" rel=\"category tag\">Actualit\u00e9s<\/a><\/li><\/ul><\/div>\n  <h5><a href=\"https:\/\/saifrance.com\/fr\/regardez-cette-video\/\" title=\"Regardez cette vid\u00e9o !\">Regardez cette vid\u00e9o !<\/a><\/h5>\n  <\/div>\n  \n    <div class=\"actus\">\n  <a href=\"https:\/\/saifrance.com\/fr\/2021-un-vent-dair-frais-chez-sai\/\" title=\"2021, un vent d&rsquo;air frais chez SAI !\" class=\"image-actu\" style=\"background-image:url(https:\/\/saifrance.com\/wp-content\/uploads\/2020\/09\/IMG_5225.jpg)\"><\/a>\n <div class=\"infos\"><span>28 janvier 2021&nbsp;&#8211;&nbsp; <\/span><ul class=\"post-categories\">\n\t<li><a href=\"https:\/\/saifrance.com\/fr\/category\/actualites-fr\/\" rel=\"category tag\">Actualit\u00e9s<\/a><\/li><\/ul><\/div>\n  <h5><a href=\"https:\/\/saifrance.com\/fr\/2021-un-vent-dair-frais-chez-sai\/\" title=\"2021, un vent d&rsquo;air frais chez SAI !\">2021, un vent d&rsquo;air frais chez SAI !<\/a><\/h5>\n  <\/div>\n  \n    <div class=\"actus\">\n  <a href=\"https:\/\/saifrance.com\/fr\/caissons-de-filtration-jet-pulse-pour-turbines-a-gaz-sur-une-station-de-compression\/\" title=\"Caissons de filtration Jet-Pulse pour turbines \u00e0 gaz sur une station de compression\" class=\"image-actu\" style=\"background-image:url(https:\/\/saifrance.com\/wp-content\/uploads\/2020\/12\/News-snow-copie.jpg)\"><\/a>\n <div class=\"infos\"><span>10 d\u00e9cembre 2020&nbsp;&#8211;&nbsp; <\/span><ul class=\"post-categories\">\n\t<li><a href=\"https:\/\/saifrance.com\/fr\/category\/actualites-fr\/\" rel=\"category tag\">Actualit\u00e9s<\/a><\/li><\/ul><\/div>\n  <h5><a href=\"https:\/\/saifrance.com\/fr\/caissons-de-filtration-jet-pulse-pour-turbines-a-gaz-sur-une-station-de-compression\/\" title=\"Caissons de filtration Jet-Pulse pour turbines \u00e0 gaz sur une station de compression\">Caissons de filtration Jet-Pulse pour turbines \u00e0 gaz sur une station de compression<\/a><\/h5>\n  <\/div>\n  \n  <\/div><\/div>\n\n\n<p><\/p>\n","protected":false},"excerpt":{"rendered":"<p>Produits et Services Domaines d&rsquo;activit\u00e9<\/p>\n","protected":false},"author":1,"featured_media":0,"parent":0,"menu_order":0,"comment_status":"closed","ping_status":"closed","template":"","meta":{"_seopress_robots_primary_cat":"","_seopress_titles_title":"","_seopress_titles_desc":"","_seopress_robots_index":"","footnotes":""},"class_list":["post-3209","page","type-page","status-publish","hentry"],"meta_box":[],"_links":{"self":[{"href":"https:\/\/saifrance.com\/fr\/wp-json\/wp\/v2\/pages\/3209","targetHints":{"allow":["GET"]}}],"collection":[{"href":"https:\/\/saifrance.com\/fr\/wp-json\/wp\/v2\/pages"}],"about":[{"href":"https:\/\/saifrance.com\/fr\/wp-json\/wp\/v2\/types\/page"}],"author":[{"embeddable":true,"href":"https:\/\/saifrance.com\/fr\/wp-json\/wp\/v2\/users\/1"}],"replies":[{"embeddable":true,"href":"https:\/\/saifrance.com\/fr\/wp-json\/wp\/v2\/comments?post=3209"}],"version-history":[{"count":8,"href":"https:\/\/saifrance.com\/fr\/wp-json\/wp\/v2\/pages\/3209\/revisions"}],"predecessor-version":[{"id":3674,"href":"https:\/\/saifrance.com\/fr\/wp-json\/wp\/v2\/pages\/3209\/revisions\/3674"}],"wp:attachment":[{"href":"https:\/\/saifrance.com\/fr\/wp-json\/wp\/v2\/media?parent=3209"}],"curies":[{"name":"wp","href":"https:\/\/api.w.org\/{rel}","templated":true}]}}